{"id":18903,"date":"2025-04-01T14:10:50","date_gmt":"2025-04-01T14:10:50","guid":{"rendered":"https:\/\/helloschool.be\/?page_id=18903"},"modified":"2025-10-02T08:52:26","modified_gmt":"2025-10-02T08:52:26","slug":"demande-devis-agenda","status":"publish","type":"page","link":"https:\/\/helloschool.be\/fr\/demande-devis-agenda\/","title":{"rendered":"Demande de devis Agenda"},"content":{"rendered":"\t\t<div data-elementor-type=\"wp-page\" data-elementor-id=\"18903\" class=\"elementor elementor-18903 elementor-16958\" data-elementor-post-type=\"page\">\n\t\t\t\t<div class=\"wd-negative-gap elementor-element elementor-element-9ce44fc e-flex e-con-boxed e-con e-parent\" data-id=\"9ce44fc\" data-element_type=\"container\" data-e-type=\"container\">\n\t\t\t\t\t<div class=\"e-con-inner\">\n\t\t\t\t<div class=\"elementor-element elementor-element-89b84be color-scheme-inherit text-left elementor-widget elementor-widget-text-editor\" data-id=\"89b84be\" data-element_type=\"widget\" data-e-type=\"widget\" data-widget_type=\"text-editor.default\">\n\t\t\t\t<div class=\"elementor-widget-container\">\n\t\t\t\t\t\t\t\t\t<div class=\"wd-negative-gap elementor-element elementor-element-e60047d e-flex e-con-boxed e-con e-parent e-lazyloaded\" data-id=\"e60047d\" data-element_type=\"container\">\n<div class=\"e-con-inner\">\n<div class=\"elementor-element elementor-element-21c4a6d color-scheme-inherit text-left elementor-widget elementor-widget-text-editor\" data-id=\"21c4a6d\" data-element_type=\"widget\" data-widget_type=\"text-editor.default\">\n<div class=\"elementor-widget-container\">\n<p style=\"text-align: center;\">Chez Helloschool, nous faisons du sur-mesure. Envoyez-nous votre demande ci-dessous ou contactez-nous par t\u00e9l\u00e9phone afin de voir ensemble ce que nous pouvons r\u00e9aliser pour vous. &nbsp;<\/p><\/div><\/div><\/div><\/div>\t\t\t\t\t\t\t\t<\/div>\n\t\t\t\t<\/div>\n\t\t\t\t\t<\/div>\n\t\t\t\t<\/div>\n\t\t<div class=\"wd-negative-gap elementor-element elementor-element-31a5fb7 e-flex e-con-boxed e-con e-parent\" data-id=\"31a5fb7\" data-element_type=\"container\" data-e-type=\"container\">\n\t\t\t\t\t<div class=\"e-con-inner\">\n\t\t\t\t<div class=\"elementor-element elementor-element-1d89f0a elementor-widget elementor-widget-spacer\" data-id=\"1d89f0a\" data-element_type=\"widget\" data-e-type=\"widget\" data-widget_type=\"spacer.default\">\n\t\t\t\t<div class=\"elementor-widget-container\">\n\t\t\t\t\t\t\t<div class=\"elementor-spacer\">\n\t\t\t<div class=\"elementor-spacer-inner\"><\/div>\n\t\t<\/div>\n\t\t\t\t\t\t<\/div>\n\t\t\t\t<\/div>\n\t\t\t\t\t<\/div>\n\t\t\t\t<\/div>\n\t\t<div class=\"elementor-element elementor-element-909c22e e-con-full e-flex e-con e-child\" data-id=\"909c22e\" data-element_type=\"container\" data-e-type=\"container\">\n\t\t\t\t<div class=\"elementor-element elementor-element-aa5f1a8 elementor-button-align-start elementor-widget elementor-widget-form\" data-id=\"aa5f1a8\" data-element_type=\"widget\" data-e-type=\"widget\" data-settings=\"{&quot;step_next_label&quot;:&quot;Suivant&quot;,&quot;step_previous_label&quot;:&quot;Pr\\u00e9c\\u00e9dent&quot;,&quot;button_width&quot;:&quot;100&quot;,&quot;step_type&quot;:&quot;number_text&quot;,&quot;step_icon_shape&quot;:&quot;circle&quot;}\" data-widget_type=\"form.default\">\n\t\t\t\t<div class=\"elementor-widget-container\">\n\t\t\t\t\t\t\t<form class=\"elementor-form\" method=\"post\" name=\"Demande de devis\" aria-label=\"Demande de devis\">\n\t\t\t<input type=\"hidden\" name=\"post_id\" value=\"18903\"\/>\n\t\t\t<input type=\"hidden\" name=\"form_id\" value=\"aa5f1a8\"\/>\n\t\t\t<input type=\"hidden\" name=\"referer_title\" value=\"Demande de devis Agenda - Helloschool\" \/>\n\n\t\t\t\t\t\t\t<input type=\"hidden\" name=\"queried_id\" value=\"18903\"\/>\n\t\t\t\n\t\t\t<div class=\"elementor-form-fields-wrapper elementor-labels-above\">\n\t\t\t\t\t\t\t\t<div class=\"elementor-field-type-text elementor-field-group elementor-column elementor-field-group-school_name elementor-col-50 elementor-field-required\">\n\t\t\t\t\t\t\t\t\t\t\t\t<label for=\"form-field-school_name\" class=\"elementor-field-label\">\n\t\t\t\t\t\t\t\tNom de l'\u00e9tablissement\t\t\t\t\t\t\t<\/label>\n\t\t\t\t\t\t\t\t\t\t\t\t\t\t<input size=\"1\" type=\"text\" name=\"form_fields[school_name]\" id=\"form-field-school_name\" class=\"elementor-field elementor-size-sm  elementor-field-textual\" required=\"required\">\n\t\t\t\t\t\t\t\t\t\t\t<\/div>\n\t\t\t\t\t\t\t\t<div class=\"elementor-field-type-text elementor-field-group elementor-column elementor-field-group-contact_person elementor-col-50 elementor-field-required\">\n\t\t\t\t\t\t\t\t\t\t\t\t<label for=\"form-field-contact_person\" class=\"elementor-field-label\">\n\t\t\t\t\t\t\t\tPersonne de contact\t\t\t\t\t\t\t<\/label>\n\t\t\t\t\t\t\t\t\t\t\t\t\t\t<input size=\"1\" type=\"text\" name=\"form_fields[contact_person]\" id=\"form-field-contact_person\" class=\"elementor-field elementor-size-sm  elementor-field-textual\" required=\"required\">\n\t\t\t\t\t\t\t\t\t\t\t<\/div>\n\t\t\t\t\t\t\t\t<div class=\"elementor-field-type-email elementor-field-group elementor-column elementor-field-group-email elementor-col-50 elementor-field-required\">\n\t\t\t\t\t\t\t\t\t\t\t\t<label for=\"form-field-email\" class=\"elementor-field-label\">\n\t\t\t\t\t\t\t\tAdresse e-mail\t\t\t\t\t\t\t<\/label>\n\t\t\t\t\t\t\t\t\t\t\t\t\t\t<input size=\"1\" type=\"email\" name=\"form_fields[email]\" id=\"form-field-email\" class=\"elementor-field elementor-size-sm  elementor-field-textual\" required=\"required\">\n\t\t\t\t\t\t\t\t\t\t\t<\/div>\n\t\t\t\t\t\t\t\t<div class=\"elementor-field-type-tel elementor-field-group elementor-column elementor-field-group-phone elementor-col-50 elementor-field-required\">\n\t\t\t\t\t\t\t\t\t\t\t\t<label for=\"form-field-phone\" class=\"elementor-field-label\">\n\t\t\t\t\t\t\t\tT\u00e9l\u00e9phone\t\t\t\t\t\t\t<\/label>\n\t\t\t\t\t\t\t\t<input size=\"1\" type=\"tel\" name=\"form_fields[phone]\" id=\"form-field-phone\" class=\"elementor-field elementor-size-sm  elementor-field-textual\" required=\"required\" pattern=\"[0-9()#&amp;+*-=.]+\" title=\"Seuls les caract\u00e8res de num\u00e9ros de t\u00e9l\u00e9phone (#, -, *, etc.) sont accept\u00e9s.\">\n\n\t\t\t\t\t\t<\/div>\n\t\t\t\t\t\t\t\t<div class=\"elementor-field-type-text elementor-field-group elementor-column elementor-field-group-field_c43045f elementor-col-50 elementor-field-required\">\n\t\t\t\t\t\t\t\t\t\t\t\t<label for=\"form-field-field_c43045f\" class=\"elementor-field-label\">\n\t\t\t\t\t\t\t\tAddresse\t\t\t\t\t\t\t<\/label>\n\t\t\t\t\t\t\t\t\t\t\t\t\t\t<input size=\"1\" type=\"text\" name=\"form_fields[field_c43045f]\" id=\"form-field-field_c43045f\" class=\"elementor-field elementor-size-sm  elementor-field-textual\" required=\"required\">\n\t\t\t\t\t\t\t\t\t\t\t<\/div>\n\t\t\t\t\t\t\t\t<div class=\"elementor-field-type-text elementor-field-group elementor-column elementor-field-group-field_35c25b6 elementor-col-50 elementor-field-required\">\n\t\t\t\t\t\t\t\t\t\t\t\t<label for=\"form-field-field_35c25b6\" class=\"elementor-field-label\">\n\t\t\t\t\t\t\t\tVille\t\t\t\t\t\t\t<\/label>\n\t\t\t\t\t\t\t\t\t\t\t\t\t\t<input size=\"1\" type=\"text\" name=\"form_fields[field_35c25b6]\" id=\"form-field-field_35c25b6\" class=\"elementor-field elementor-size-sm  elementor-field-textual\" required=\"required\">\n\t\t\t\t\t\t\t\t\t\t\t<\/div>\n\t\t\t\t\t\t\t\t<div class=\"elementor-field-type-select elementor-field-group elementor-column elementor-field-group-field_7f712f1 elementor-col-50 elementor-field-required\">\n\t\t\t\t\t\t\t\t\t\t\t\t<label for=\"form-field-field_7f712f1\" class=\"elementor-field-label\">\n\t\t\t\t\t\t\t\tFormat\t\t\t\t\t\t\t<\/label>\n\t\t\t\t\t\t\t\t<div class=\"elementor-field elementor-select-wrapper remove-before \">\n\t\t\t<div class=\"select-caret-down-wrapper\">\n\t\t\t\t<i aria-hidden=\"true\" class=\"eicon-caret-down\"><\/i>\t\t\t<\/div>\n\t\t\t<select name=\"form_fields[field_7f712f1]\" id=\"form-field-field_7f712f1\" class=\"elementor-field-textual elementor-size-sm\" required=\"required\">\n\t\t\t\t\t\t\t\t\t<option value=\"A4 \">A4 <\/option>\n\t\t\t\t\t\t\t\t\t<option value=\"16x24\">16x24<\/option>\n\t\t\t\t\t\t\t\t\t<option value=\"A5\">A5<\/option>\n\t\t\t\t\t\t\t\t\t<option value=\"Format de cahier 16x21 cm\">Format de cahier 16x21 cm<\/option>\n\t\t\t\t\t\t\t\t\t<option value=\"Format personnalis\u00e9\">Format personnalis\u00e9<\/option>\n\t\t\t\t\t\t\t<\/select>\n\t\t<\/div>\n\t\t\t\t\t\t<\/div>\n\t\t\t\t\t\t\t\t<div class=\"elementor-field-type-select elementor-field-group elementor-column elementor-field-group-field_1b3674f elementor-col-50\">\n\t\t\t\t\t\t\t\t\t\t\t\t<label for=\"form-field-field_1b3674f\" class=\"elementor-field-label\">\n\t\t\t\t\t\t\t\tMod\u00e8le\t\t\t\t\t\t\t<\/label>\n\t\t\t\t\t\t\t\t<div class=\"elementor-field elementor-select-wrapper remove-before \">\n\t\t\t<div class=\"select-caret-down-wrapper\">\n\t\t\t\t<i aria-hidden=\"true\" class=\"eicon-caret-down\"><\/i>\t\t\t<\/div>\n\t\t\t<select name=\"form_fields[field_1b3674f]\" id=\"form-field-field_1b3674f\" class=\"elementor-field-textual elementor-size-sm\">\n\t\t\t\t\t\t\t\t\t<option value=\"\">Mod\u00e8le 1 <\/option>\n\t\t\t\t\t\t\t\t\t<option value=\"\">Mod\u00e8le K <\/option>\n\t\t\t\t\t\t\t\t\t<option value=\" Mod\u00e8le KSD \">Mod\u00e8le W <\/option>\n\t\t\t\t\t\t\t\t\t<option value=\" Mod\u00e8le A \">Mod\u00e8le GOG <\/option>\n\t\t\t\t\t\t\t\t\t<option value=\" \">Mod\u00e8le A niet gedateerd <\/option>\n\t\t\t\t\t\t\t\t\t<option value=\"\">Mod\u00e8le D3 <\/option>\n\t\t\t\t\t\t\t\t\t<option value=\"\">Mod\u00e8le D14 <\/option>\n\t\t\t\t\t\t\t\t\t<option value=\"\">Mod\u00e8le L <\/option>\n\t\t\t\t\t\t\t\t\t<option value=\"\">Mod\u00e8le H <\/option>\n\t\t\t\t\t\t\t\t\t<option value=\" \">Mod\u00e8le T1 <\/option>\n\t\t\t\t\t\t\t\t\t<option value=\"\">Mod\u00e8le T2 <\/option>\n\t\t\t\t\t\t\t\t\t<option value=\"Mod\u00e8le personnalis\u00e9\">Mod\u00e8le personnalis\u00e9<\/option>\n\t\t\t\t\t\t\t<\/select>\n\t\t<\/div>\n\t\t\t\t\t\t<\/div>\n\t\t\t\t\t\t\t\t<div class=\"elementor-field-type-number elementor-field-group elementor-column elementor-field-group-field_71cb4f3 elementor-col-50 elementor-field-required\">\n\t\t\t\t\t\t\t\t\t\t\t\t<label for=\"form-field-field_71cb4f3\" class=\"elementor-field-label\">\n\t\t\t\t\t\t\t\tQuantit\u00e9\t\t\t\t\t\t\t<\/label>\n\t\t\t\t\t\t\t\t\t<input type=\"number\" name=\"form_fields[field_71cb4f3]\" id=\"form-field-field_71cb4f3\" class=\"elementor-field elementor-size-sm  elementor-field-textual\" required=\"required\" min=\"\" max=\"\" >\n\t\t\t\t\t\t<\/div>\n\t\t\t\t\t\t\t\t<div class=\"elementor-field-type-select elementor-field-group elementor-column elementor-field-group-field_c618961 elementor-col-50\">\n\t\t\t\t\t\t\t\t\t\t\t\t<label for=\"form-field-field_c618961\" class=\"elementor-field-label\">\n\t\t\t\t\t\t\t\tCouverture\t\t\t\t\t\t\t<\/label>\n\t\t\t\t\t\t\t\t<div class=\"elementor-field elementor-select-wrapper remove-before \">\n\t\t\t<div class=\"select-caret-down-wrapper\">\n\t\t\t\t<i aria-hidden=\"true\" class=\"eicon-caret-down\"><\/i>\t\t\t<\/div>\n\t\t\t<select name=\"form_fields[field_c618961]\" id=\"form-field-field_c618961\" class=\"elementor-field-textual elementor-size-sm\">\n\t\t\t\t\t\t\t\t\t<option value=\"\">Propre mise en page <\/option>\n\t\t\t\t\t\t\t\t\t<option value=\"Nous nous occupons de la mise en page (sans co\u00fbt suppl\u00e9mentaire)\">Nous nous occupons de la mise en page (sans co\u00fbt suppl\u00e9mentaire)<\/option>\n\t\t\t\t\t\t\t<\/select>\n\t\t<\/div>\n\t\t\t\t\t\t<\/div>\n\t\t\t\t\t\t\t\t<div class=\"elementor-field-type-radio elementor-field-group elementor-column elementor-field-group-field_0956f36 elementor-col-100 elementor-field-required\">\n\t\t\t\t\t\t\t\t\t\t\t\t<label for=\"form-field-field_0956f36\" class=\"elementor-field-label\">\n\t\t\t\t\t\t\t\tExtra: prot\u00e8ges-cahier (livr\u00e9s s\u00e9par\u00e9ment)\t\t\t\t\t\t\t<\/label>\n\t\t\t\t\t\t<div class=\"elementor-field-subgroup  \"><span class=\"elementor-field-option\"><input type=\"radio\" value=\"OUI\" id=\"form-field-field_0956f36-0\" name=\"form_fields[field_0956f36]\" required=\"required\"> <label for=\"form-field-field_0956f36-0\">OUI<\/label><\/span><span class=\"elementor-field-option\"><input type=\"radio\" value=\"NON\" id=\"form-field-field_0956f36-1\" name=\"form_fields[field_0956f36]\" required=\"required\"> <label for=\"form-field-field_0956f36-1\">NON<\/label><\/span><\/div>\t\t\t\t<\/div>\n\t\t\t\t\t\t\t\t<div class=\"elementor-field-type-upload elementor-field-group elementor-column elementor-field-group-file_upload elementor-col-100\">\n\t\t\t\t\t\t\t\t\t\t\t\t<label for=\"form-field-file_upload\" class=\"elementor-field-label\">\n\t\t\t\t\t\t\t\tFichier (si pas en notre possession, un scan est aussi possible) \t\t\t\t\t\t\t<\/label>\n\t\t\t\t\t\t\t\t<input type=\"file\" name=\"form_fields[file_upload]\" id=\"form-field-file_upload\" class=\"elementor-field elementor-size-sm  elementor-upload-field\">\n\n\t\t\t\t\t\t<\/div>\n\t\t\t\t\t\t\t\t<div class=\"elementor-field-type-textarea elementor-field-group elementor-column elementor-field-group-message elementor-col-100 elementor-field-required\">\n\t\t\t\t\t\t\t\t\t\t\t\t<label for=\"form-field-message\" class=\"elementor-field-label\">\n\t\t\t\t\t\t\t\tRemarques \/ Sp\u00e9cifications\t\t\t\t\t\t\t<\/label>\n\t\t\t\t\t\t<textarea class=\"elementor-field-textual elementor-field  elementor-size-sm\" name=\"form_fields[message]\" id=\"form-field-message\" rows=\"10\" required=\"required\"><\/textarea>\t\t\t\t<\/div>\n\t\t\t\t\t\t\t\t<div class=\"elementor-field-group elementor-column elementor-field-type-submit elementor-col-100 e-form__buttons\">\n\t\t\t\t\t<button class=\"elementor-button elementor-size-sm\" type=\"submit\">\n\t\t\t\t\t\t<span class=\"elementor-button-content-wrapper\">\n\t\t\t\t\t\t\t\t\t\t\t\t\t\t\t\t\t\t\t\t\t\t<span class=\"elementor-button-text\">Envoyer<\/span>\n\t\t\t\t\t\t\t\t\t\t\t\t\t<\/span>\n\t\t\t\t\t<\/button>\n\t\t\t\t<\/div>\n\t\t\t<\/div>\n\t\t<\/form>\n\t\t\t\t\t\t<\/div>\n\t\t\t\t<\/div>\n\t\t\t\t<\/div>\n\t\t\t\t<\/div>\n\t\t","protected":false},"excerpt":{"rendered":"<p>Chez Helloschool, nous faisons du sur-mesure. Envoyez-nous votre demande ci-dessous ou contactez-nous par t\u00e9l\u00e9phone afin de voir ensemble ce que<\/p>\n","protected":false},"author":5,"featured_media":0,"parent":0,"menu_order":0,"comment_status":"closed","ping_status":"closed","template":"","meta":{"_acf_changed":false,"brand_hub_restriction":[],"brand_hub_id":null,"footnotes":""},"class_list":["post-18903","page","type-page","status-publish","hentry"],"acf":[],"yoast_head":"<!-- This site is optimized with the Yoast SEO plugin v26.7 - https:\/\/yoast.com\/wordpress\/plugins\/seo\/ -->\n<title>Demande de devis Agenda - Helloschool<\/title>\n<meta name=\"robots\" content=\"index, follow, max-snippet:-1, max-image-preview:large, max-video-preview:-1\" \/>\n<link rel=\"canonical\" href=\"https:\/\/helloschool.be\/offerte-aanvragen-offerte-aanvragen-schoolagenda-planner\/\" \/>\n<meta property=\"og:locale\" content=\"fr_FR\" \/>\n<meta property=\"og:type\" content=\"article\" \/>\n<meta property=\"og:title\" content=\"Demande de devis Agenda - Helloschool\" \/>\n<meta property=\"og:description\" content=\"Chez Helloschool, nous faisons du sur-mesure. Envoyez-nous votre demande ci-dessous ou contactez-nous par t\u00e9l\u00e9phone afin de voir ensemble ce que\" \/>\n<meta property=\"og:url\" content=\"https:\/\/helloschool.be\/offerte-aanvragen-offerte-aanvragen-schoolagenda-planner\/\" \/>\n<meta property=\"og:site_name\" content=\"Helloschool\" \/>\n<meta property=\"article:modified_time\" content=\"2025-10-02T08:52:26+00:00\" \/>\n<meta name=\"twitter:card\" content=\"summary_large_image\" \/>\n<script type=\"application\/ld+json\" class=\"yoast-schema-graph\">{\"@context\":\"https:\/\/schema.org\",\"@graph\":[{\"@type\":\"WebPage\",\"@id\":\"https:\/\/helloschool.be\/offerte-aanvragen-offerte-aanvragen-schoolagenda-planner\/\",\"url\":\"https:\/\/helloschool.be\/offerte-aanvragen-offerte-aanvragen-schoolagenda-planner\/\",\"name\":\"Demande de devis Agenda - Helloschool\",\"isPartOf\":{\"@id\":\"https:\/\/helloschool.be\/#website\"},\"datePublished\":\"2025-04-01T14:10:50+00:00\",\"dateModified\":\"2025-10-02T08:52:26+00:00\",\"breadcrumb\":{\"@id\":\"https:\/\/helloschool.be\/offerte-aanvragen-offerte-aanvragen-schoolagenda-planner\/#breadcrumb\"},\"inLanguage\":\"fr-FR\",\"potentialAction\":[{\"@type\":\"ReadAction\",\"target\":[\"https:\/\/helloschool.be\/offerte-aanvragen-offerte-aanvragen-schoolagenda-planner\/\"]}]},{\"@type\":\"BreadcrumbList\",\"@id\":\"https:\/\/helloschool.be\/offerte-aanvragen-offerte-aanvragen-schoolagenda-planner\/#breadcrumb\",\"itemListElement\":[{\"@type\":\"ListItem\",\"position\":1,\"name\":\"Home\",\"item\":\"https:\/\/helloschool.be\/fr\/\"},{\"@type\":\"ListItem\",\"position\":2,\"name\":\"Demande de devis Agenda\"}]},{\"@type\":\"WebSite\",\"@id\":\"https:\/\/helloschool.be\/#website\",\"url\":\"https:\/\/helloschool.be\/\",\"name\":\"Helloschool\",\"description\":\"Concentrez-vous sur l\u2019enseignement, nous nous occupons du reste.\",\"potentialAction\":[{\"@type\":\"SearchAction\",\"target\":{\"@type\":\"EntryPoint\",\"urlTemplate\":\"https:\/\/helloschool.be\/?s={search_term_string}\"},\"query-input\":{\"@type\":\"PropertyValueSpecification\",\"valueRequired\":true,\"valueName\":\"search_term_string\"}}],\"inLanguage\":\"fr-FR\"}]}<\/script>\n<!-- \/ Yoast SEO plugin. -->","yoast_head_json":{"title":"Demande de devis Agenda - Helloschool","robots":{"index":"index","follow":"follow","max-snippet":"max-snippet:-1","max-image-preview":"max-image-preview:large","max-video-preview":"max-video-preview:-1"},"canonical":"https:\/\/helloschool.be\/offerte-aanvragen-offerte-aanvragen-schoolagenda-planner\/","og_locale":"fr_FR","og_type":"article","og_title":"Demande de devis Agenda - Helloschool","og_description":"Chez Helloschool, nous faisons du sur-mesure. Envoyez-nous votre demande ci-dessous ou contactez-nous par t\u00e9l\u00e9phone afin de voir ensemble ce que","og_url":"https:\/\/helloschool.be\/offerte-aanvragen-offerte-aanvragen-schoolagenda-planner\/","og_site_name":"Helloschool","article_modified_time":"2025-10-02T08:52:26+00:00","twitter_card":"summary_large_image","schema":{"@context":"https:\/\/schema.org","@graph":[{"@type":"WebPage","@id":"https:\/\/helloschool.be\/offerte-aanvragen-offerte-aanvragen-schoolagenda-planner\/","url":"https:\/\/helloschool.be\/offerte-aanvragen-offerte-aanvragen-schoolagenda-planner\/","name":"Demande de devis Agenda - Helloschool","isPartOf":{"@id":"https:\/\/helloschool.be\/#website"},"datePublished":"2025-04-01T14:10:50+00:00","dateModified":"2025-10-02T08:52:26+00:00","breadcrumb":{"@id":"https:\/\/helloschool.be\/offerte-aanvragen-offerte-aanvragen-schoolagenda-planner\/#breadcrumb"},"inLanguage":"fr-FR","potentialAction":[{"@type":"ReadAction","target":["https:\/\/helloschool.be\/offerte-aanvragen-offerte-aanvragen-schoolagenda-planner\/"]}]},{"@type":"BreadcrumbList","@id":"https:\/\/helloschool.be\/offerte-aanvragen-offerte-aanvragen-schoolagenda-planner\/#breadcrumb","itemListElement":[{"@type":"ListItem","position":1,"name":"Home","item":"https:\/\/helloschool.be\/fr\/"},{"@type":"ListItem","position":2,"name":"Demande de devis Agenda"}]},{"@type":"WebSite","@id":"https:\/\/helloschool.be\/#website","url":"https:\/\/helloschool.be\/","name":"Helloschool","description":"Concentrez-vous sur l\u2019enseignement, nous nous occupons du reste.","potentialAction":[{"@type":"SearchAction","target":{"@type":"EntryPoint","urlTemplate":"https:\/\/helloschool.be\/?s={search_term_string}"},"query-input":{"@type":"PropertyValueSpecification","valueRequired":true,"valueName":"search_term_string"}}],"inLanguage":"fr-FR"}]}},"_links":{"self":[{"href":"https:\/\/helloschool.be\/fr\/wp-json\/wp\/v2\/pages\/18903","targetHints":{"allow":["GET"]}}],"collection":[{"href":"https:\/\/helloschool.be\/fr\/wp-json\/wp\/v2\/pages"}],"about":[{"href":"https:\/\/helloschool.be\/fr\/wp-json\/wp\/v2\/types\/page"}],"author":[{"embeddable":true,"href":"https:\/\/helloschool.be\/fr\/wp-json\/wp\/v2\/users\/5"}],"replies":[{"embeddable":true,"href":"https:\/\/helloschool.be\/fr\/wp-json\/wp\/v2\/comments?post=18903"}],"version-history":[{"count":11,"href":"https:\/\/helloschool.be\/fr\/wp-json\/wp\/v2\/pages\/18903\/revisions"}],"predecessor-version":[{"id":20737,"href":"https:\/\/helloschool.be\/fr\/wp-json\/wp\/v2\/pages\/18903\/revisions\/20737"}],"wp:attachment":[{"href":"https:\/\/helloschool.be\/fr\/wp-json\/wp\/v2\/media?parent=18903"}],"curies":[{"name":"wp","href":"https:\/\/api.w.org\/{rel}","templated":true}]}}