{"id":18910,"date":"2025-04-14T14:07:35","date_gmt":"2025-04-14T14:07:35","guid":{"rendered":"https:\/\/helloschool.be\/?page_id=18910"},"modified":"2025-05-13T12:16:59","modified_gmt":"2025-05-13T12:16:59","slug":"format-a5","status":"publish","type":"page","link":"https:\/\/helloschool.be\/fr\/format-a5\/","title":{"rendered":"Format A5"},"content":{"rendered":"\t\t<div data-elementor-type=\"wp-page\" data-elementor-id=\"18910\" class=\"elementor elementor-18910 elementor-18171\" data-elementor-post-type=\"page\">\n\t\t\t\t<div class=\"wd-negative-gap elementor-element elementor-element-f27a8a0 e-flex e-con-boxed e-con e-parent\" data-id=\"f27a8a0\" data-element_type=\"container\" data-e-type=\"container\">\n\t\t\t\t\t<div class=\"e-con-inner\">\n\t\t\t\t<div class=\"elementor-element elementor-element-6a31a82 color-scheme-inherit text-left elementor-widget elementor-widget-text-editor\" data-id=\"6a31a82\" data-element_type=\"widget\" data-e-type=\"widget\" data-widget_type=\"text-editor.default\">\n\t\t\t\t<div class=\"elementor-widget-container\">\n\t\t\t\t\t\t\t\t\t<p>Un agenda scolaire classique, le mod\u00e8le 1 en format A5 avec une couverture souple.<\/p>\t\t\t\t\t\t\t\t<\/div>\n\t\t\t\t<\/div>\n\t\t\t\t\t<\/div>\n\t\t\t\t<\/div>\n\t\t<div class=\"wd-negative-gap elementor-element elementor-element-7e8e5c9 e-flex e-con-boxed e-con e-parent\" data-id=\"7e8e5c9\" data-element_type=\"container\" data-e-type=\"container\">\n\t\t\t\t\t<div class=\"e-con-inner\">\n\t\t<div class=\"elementor-element elementor-element-ec20210 e-con-full e-flex e-con e-child\" data-id=\"ec20210\" data-element_type=\"container\" data-e-type=\"container\">\n\t\t\t\t<div class=\"elementor-element elementor-element-fad86e6 elementor-widget elementor-widget-heading\" data-id=\"fad86e6\" data-element_type=\"widget\" data-e-type=\"widget\" data-widget_type=\"heading.default\">\n\t\t\t\t<div class=\"elementor-widget-container\">\n\t\t\t\t\t<h2 class=\"elementor-heading-title elementor-size-default\">Mod\u00e8le 1<\/h2>\t\t\t\t<\/div>\n\t\t\t\t<\/div>\n\t\t\t\t<div class=\"elementor-element elementor-element-3b0c732 color-scheme-inherit text-left elementor-widget elementor-widget-text-editor\" data-id=\"3b0c732\" data-element_type=\"widget\" data-e-type=\"widget\" data-widget_type=\"text-editor.default\">\n\t\t\t\t<div class=\"elementor-widget-container\">\n\t\t\t\t\t\t\t\t\t<p>Un agenda compact en format A5 avec une premi\u00e8re section personnalis\u00e9e, un semainier hebdomadaire. Les vacances scolaires sont incluses mais r\u00e9duites en une journ\u00e9e (au lieu d &lsquo;une semaine). La premi\u00e8re section contient 16 pages en version standard, mais reste personnalisable. Vous pouvez aussi y inclure vos propres textes, images et peut contenir plus de pages sur demande.   <\/p><h3><strong>D\u00e9tails<\/strong><\/h3><ul class=\"defaultList\"><li>Une page = un jour<\/li><li>Version dat\u00e9e et non dat\u00e9e<\/li><li>9 heures de cours par jour dont mercredi 5 heures de cours<\/li><li>Section d\u2019informations hebdomadaires, commentaires, signatures et notes obtenues<\/li><li>2x emploi du temps<\/li><li>Page de retard en classe<\/li><li>Page de correspondance<\/li><li>Plan annuel<\/li><li>4 billets d&rsquo;absences<\/li><li>Plan semainier sur page double<\/li><li>Vacances scolaires incluses<\/li><li>+\/- 320 pages (dont la premi\u00e8re section personnalisable de 16 pages)<\/li><\/ul><h3><strong>Finition<\/strong><\/h3><ul class=\"defaultList\"><li>Impression int\u00e9rieure bleu fonc\u00e9<\/li><li>Perfobind<\/li><li>Impression sur couverture souple en carton selon accord pr\u00e9alable et en concertation, sans co\u00fbt suppl\u00e9mentaire.<\/li><\/ul>\t\t\t\t\t\t\t\t<\/div>\n\t\t\t\t<\/div>\n\t\t\t\t<div class=\"elementor-element elementor-element-bb52890 elementor-widget elementor-widget-button\" data-id=\"bb52890\" data-element_type=\"widget\" data-e-type=\"widget\" data-widget_type=\"button.default\">\n\t\t\t\t<div class=\"elementor-widget-container\">\n\t\t\t\t\t\t\t\t\t<div class=\"elementor-button-wrapper\">\n\t\t\t\t\t<a class=\"elementor-button elementor-button-link elementor-size-sm\" href=\"https:\/\/helloschool.be\/fr\/product\/agenda-neutre-a5\/\">\n\t\t\t\t\t\t<span class=\"elementor-button-content-wrapper\">\n\t\t\t\t\t\t\t\t\t<span class=\"elementor-button-text\">COMMANDER<\/span>\n\t\t\t\t\t<\/span>\n\t\t\t\t\t<\/a>\n\t\t\t\t<\/div>\n\t\t\t\t\t\t\t\t<\/div>\n\t\t\t\t<\/div>\n\t\t\t\t<\/div>\n\t\t<div class=\"elementor-element elementor-element-9e4d522 e-con-full e-flex e-con e-child\" data-id=\"9e4d522\" data-element_type=\"container\" data-e-type=\"container\">\n\t\t\t\t<div class=\"elementor-element elementor-element-cdf466c elementor-widget elementor-widget-image\" data-id=\"cdf466c\" data-element_type=\"widget\" data-e-type=\"widget\" data-widget_type=\"image.default\">\n\t\t\t\t<div class=\"elementor-widget-container\">\n\t\t\t\t\t\t\t\t\t\t\t\t\t\t\t<img loading=\"lazy\" decoding=\"async\" width=\"1536\" height=\"1536\" src=\"https:\/\/helloschool.be\/wp-content\/uploads\/sites\/2\/2025\/04\/A5-paperback-vol2-1536x1536.jpg\" class=\"attachment-1536x1536 size-1536x1536 wp-image-18515\" alt=\"\" srcset=\"https:\/\/helloschool.be\/wp-content\/uploads\/sites\/2\/2025\/04\/A5-paperback-vol2-1536x1536.jpg 1536w, https:\/\/helloschool.be\/wp-content\/uploads\/sites\/2\/2025\/04\/A5-paperback-vol2-300x300.jpg 300w, https:\/\/helloschool.be\/wp-content\/uploads\/sites\/2\/2025\/04\/A5-paperback-vol2-800x800.jpg 800w, https:\/\/helloschool.be\/wp-content\/uploads\/sites\/2\/2025\/04\/A5-paperback-vol2-150x150.jpg 150w, https:\/\/helloschool.be\/wp-content\/uploads\/sites\/2\/2025\/04\/A5-paperback-vol2-768x768.jpg 768w, https:\/\/helloschool.be\/wp-content\/uploads\/sites\/2\/2025\/04\/A5-paperback-vol2-430x430.jpg 430w, https:\/\/helloschool.be\/wp-content\/uploads\/sites\/2\/2025\/04\/A5-paperback-vol2-700x700.jpg 700w, https:\/\/helloschool.be\/wp-content\/uploads\/sites\/2\/2025\/04\/A5-paperback-vol2.jpg 2000w\" sizes=\"auto, (max-width: 1536px) 100vw, 1536px\" \/>\t\t\t\t\t\t\t\t\t\t\t\t\t\t\t<\/div>\n\t\t\t\t<\/div>\n\t\t\t\t<div class=\"elementor-element elementor-element-70f0a07 elementor-widget elementor-widget-image\" data-id=\"70f0a07\" data-element_type=\"widget\" data-e-type=\"widget\" data-widget_type=\"image.default\">\n\t\t\t\t<div class=\"elementor-widget-container\">\n\t\t\t\t\t\t\t\t\t\t\t\t\t\t\t<img loading=\"lazy\" decoding=\"async\" width=\"1536\" height=\"1536\" src=\"https:\/\/helloschool.be\/wp-content\/uploads\/sites\/2\/2025\/04\/A5-paperback-1-1536x1536.jpg\" class=\"attachment-1536x1536 size-1536x1536 wp-image-18511\" alt=\"\" srcset=\"https:\/\/helloschool.be\/wp-content\/uploads\/sites\/2\/2025\/04\/A5-paperback-1-1536x1536.jpg 1536w, https:\/\/helloschool.be\/wp-content\/uploads\/sites\/2\/2025\/04\/A5-paperback-1-300x300.jpg 300w, https:\/\/helloschool.be\/wp-content\/uploads\/sites\/2\/2025\/04\/A5-paperback-1-800x800.jpg 800w, https:\/\/helloschool.be\/wp-content\/uploads\/sites\/2\/2025\/04\/A5-paperback-1-150x150.jpg 150w, https:\/\/helloschool.be\/wp-content\/uploads\/sites\/2\/2025\/04\/A5-paperback-1-768x768.jpg 768w, https:\/\/helloschool.be\/wp-content\/uploads\/sites\/2\/2025\/04\/A5-paperback-1-430x430.jpg 430w, https:\/\/helloschool.be\/wp-content\/uploads\/sites\/2\/2025\/04\/A5-paperback-1-700x700.jpg 700w, https:\/\/helloschool.be\/wp-content\/uploads\/sites\/2\/2025\/04\/A5-paperback-1.jpg 2000w\" sizes=\"auto, (max-width: 1536px) 100vw, 1536px\" \/>\t\t\t\t\t\t\t\t\t\t\t\t\t\t\t<\/div>\n\t\t\t\t<\/div>\n\t\t\t\t<\/div>\n\t\t\t\t\t<\/div>\n\t\t\t\t<\/div>\n\t\t<div class=\"wd-negative-gap elementor-element elementor-element-b51447b wd-section-stretch e-flex e-con-boxed e-con e-parent\" data-id=\"b51447b\" data-element_type=\"container\" data-e-type=\"container\" data-settings=\"{&quot;background_background&quot;:&quot;classic&quot;}\">\n\t\t\t\t\t<div class=\"e-con-inner\">\n\t\t<div class=\"elementor-element elementor-element-bb988cf e-con-full e-flex e-con e-child\" data-id=\"bb988cf\" data-element_type=\"container\" data-e-type=\"container\">\n\t\t\t\t<div class=\"elementor-element elementor-element-8cc6881 wd-width-100 elementor-widget elementor-widget-wd_title\" data-id=\"8cc6881\" data-element_type=\"widget\" data-e-type=\"widget\" data-widget_type=\"wd_title.default\">\n\t\t\t\t<div class=\"elementor-widget-container\">\n\t\t\t\t\t\t\t<div class=\"title-wrapper wd-set-mb reset-last-child wd-title-color-primary wd-title-style-default wd-title-size-large text-center\">\n\n\t\t\t\n\t\t\t<div class=\"liner-continer\">\n\t\t\t\t<h4 class=\"woodmart-title-container title wd-fontsize-xxl\">Partenaire des \u00e9tablissements d\u2019enseignement depuis pr\u00e8s de 80 ans.<\/h4> \n\t\t\t\t\t\t\t<\/div>\n\n\t\t\t\t\t<\/div>\n\t\t\t\t\t\t<\/div>\n\t\t\t\t<\/div>\n\t\t\t\t<\/div>\n\t\t<div class=\"elementor-element elementor-element-4ffdf00 wd-section-stretch e-grid e-con-full e-con e-child\" data-id=\"4ffdf00\" data-element_type=\"container\" data-e-type=\"container\" data-settings=\"{&quot;background_background&quot;:&quot;classic&quot;}\">\n\t\t<div class=\"elementor-element elementor-element-d4aa955 e-con-full e-flex e-con e-child\" data-id=\"d4aa955\" data-element_type=\"container\" data-e-type=\"container\">\n\t\t\t\t<div class=\"elementor-element elementor-element-b5d3fec elementor-widget elementor-widget-wd_infobox\" data-id=\"b5d3fec\" data-element_type=\"widget\" data-e-type=\"widget\" data-widget_type=\"wd_infobox.default\">\n\t\t\t\t<div class=\"elementor-widget-container\">\n\t\t\t\t\t\t\t<div class=\"info-box-wrapper\">\n\t\t\t<div class=\"wd-info-box text-center box-icon-align-top box-style-base color-scheme-\">\n\t\t\t\t\t\t\t\t\t<div class=\"box-icon-wrapper  box-with-icon box-icon-simple\">\n\t\t\t\t\t\t<div class=\"info-box-icon\">\n\t\t\t\t\t\t\t\t\t\t\t\t\t\t\t<div class=\"info-svg-wrapper\" style=\"width:100px; height:100px;\"><img decoding=\"async\"  src=\"https:\/\/helloschool.be\/wp-content\/uploads\/sites\/2\/2025\/03\/ontwerp2.svg\" title=\"ontwerp2.svg\" loading=\"lazy\" width=\"100\" height=\"100\"><\/div>\t\t\t\t\t\t\t\t\t\t\t\t\t<\/div>\n\t\t\t\t\t<\/div>\n\t\t\t\t\n\t\t\t\t<div class=\"info-box-content\">\n\t\t\t\t\t\n\t\t\t\t\t\t\t\t\t\t\t<h4\t\t\t\t\t\tclass=\"info-box-title title box-title-style-default wd-fontsize-m\" data-elementor-setting-key=\"title\">\n\t\t\t\t\t\t\t\t<strong>Conception<\/strong>\t\t\t\t\t\t<\/h4>\n\t\t\t\t\t\n\t\t\t\t\t<div class=\"info-box-inner reset-last-child\"data-elementor-setting-key=\"content\"><p>Tout ce que nous proposons est fait sur mesure. De la d\u00e9finition de l'identit\u00e9 visuelle de votre \u00e9tablissement, aux articles promotionnels, en passant par les agendas, jusqu'aux feuilles de tests. <\/p>\n<\/div>\n\n\t\t\t\t\t\t\t\t\t<\/div>\n\n\t\t\t\t\t\t\t<\/div>\n\t\t<\/div>\n\t\t\t\t\t\t<\/div>\n\t\t\t\t<\/div>\n\t\t\t\t<\/div>\n\t\t<div class=\"elementor-element elementor-element-347bc46 e-con-full e-flex e-con e-child\" data-id=\"347bc46\" data-element_type=\"container\" data-e-type=\"container\">\n\t\t\t\t<div class=\"elementor-element elementor-element-23d487a elementor-widget elementor-widget-wd_infobox\" data-id=\"23d487a\" data-element_type=\"widget\" data-e-type=\"widget\" data-widget_type=\"wd_infobox.default\">\n\t\t\t\t<div class=\"elementor-widget-container\">\n\t\t\t\t\t\t\t<div class=\"info-box-wrapper\">\n\t\t\t<div class=\"wd-info-box text-center box-icon-align-top box-style-base color-scheme-\">\n\t\t\t\t\t\t\t\t\t<div class=\"box-icon-wrapper  box-with-icon box-icon-simple\">\n\t\t\t\t\t\t<div class=\"info-box-icon\">\n\t\t\t\t\t\t\t\t\t\t\t\t\t\t\t<div class=\"info-svg-wrapper\" style=\"width:100px; height:100px;\"><img decoding=\"async\"  src=\"https:\/\/helloschool.be\/wp-content\/uploads\/sites\/2\/2025\/03\/advies.svg\" title=\"advies.svg\" loading=\"lazy\" width=\"100\" height=\"100\"><\/div>\t\t\t\t\t\t\t\t\t\t\t\t\t<\/div>\n\t\t\t\t\t<\/div>\n\t\t\t\t\n\t\t\t\t<div class=\"info-box-content\">\n\t\t\t\t\t\n\t\t\t\t\t\t\t\t\t\t\t<h4\t\t\t\t\t\tclass=\"info-box-title title box-title-style-default wd-fontsize-m\" data-elementor-setting-key=\"title\">\n\t\t\t\t\t\t\t\t<strong>Conseils<\/strong>\t\t\t\t\t\t<\/h4>\n\t\t\t\t\t\n\t\t\t\t\t<div class=\"info-box-inner reset-last-child\"data-elementor-setting-key=\"content\"><p>Plus que des fournisseurs, nous sommes votre partenaire. Penser avec vous, c\u2019est dans nos g\u00e8nes. Ensemble, on pousse chaque projet \u00e0 son maximum.  <\/p>\n<\/div>\n\n\t\t\t\t\t\t\t\t\t<\/div>\n\n\t\t\t\t\t\t\t<\/div>\n\t\t<\/div>\n\t\t\t\t\t\t<\/div>\n\t\t\t\t<\/div>\n\t\t\t\t<\/div>\n\t\t<div class=\"elementor-element elementor-element-43e1aaf e-con-full e-flex e-con e-child\" data-id=\"43e1aaf\" data-element_type=\"container\" data-e-type=\"container\">\n\t\t\t\t<div class=\"elementor-element elementor-element-a39963b elementor-widget elementor-widget-wd_infobox\" data-id=\"a39963b\" data-element_type=\"widget\" data-e-type=\"widget\" data-widget_type=\"wd_infobox.default\">\n\t\t\t\t<div class=\"elementor-widget-container\">\n\t\t\t\t\t\t\t<div class=\"info-box-wrapper\">\n\t\t\t<div class=\"wd-info-box text-center box-icon-align-top box-style-base color-scheme-\">\n\t\t\t\t\t\t\t\t\t<div class=\"box-icon-wrapper  box-with-icon box-icon-simple\">\n\t\t\t\t\t\t<div class=\"info-box-icon\">\n\t\t\t\t\t\t\t\t\t\t\t\t\t\t\t<div class=\"info-svg-wrapper\" style=\"width:100px; height:100px;\"><img decoding=\"async\"  src=\"https:\/\/helloschool.be\/wp-content\/uploads\/sites\/2\/2025\/03\/productie.svg\" title=\"productie.svg\" loading=\"lazy\" width=\"100\" height=\"100\"><\/div>\t\t\t\t\t\t\t\t\t\t\t\t\t<\/div>\n\t\t\t\t\t<\/div>\n\t\t\t\t\n\t\t\t\t<div class=\"info-box-content\">\n\t\t\t\t\t\n\t\t\t\t\t\t\t\t\t\t\t<h4\t\t\t\t\t\tclass=\"info-box-title title box-title-style-default wd-fontsize-m\" data-elementor-setting-key=\"title\">\n\t\t\t\t\t\t\t\t<strong>Production<\/strong>\t\t\t\t\t\t<\/h4>\n\t\t\t\t\t\n\t\t\t\t\t<div class=\"info-box-inner reset-last-child\"data-elementor-setting-key=\"content\"><div>Nous nous occupons de la production et de tout ce qui s\u2019y rapporte.<\/div>\n<div>De A \u00e0 Z.<\/div>\n<\/div>\n\n\t\t\t\t\t\t\t\t\t<\/div>\n\n\t\t\t\t\t\t\t<\/div>\n\t\t<\/div>\n\t\t\t\t\t\t<\/div>\n\t\t\t\t<\/div>\n\t\t\t\t<\/div>\n\t\t<div class=\"elementor-element elementor-element-f672629 e-con-full e-flex e-con e-child\" data-id=\"f672629\" data-element_type=\"container\" data-e-type=\"container\">\n\t\t\t\t<div class=\"elementor-element elementor-element-6aac607 elementor-widget elementor-widget-wd_infobox\" data-id=\"6aac607\" data-element_type=\"widget\" data-e-type=\"widget\" data-widget_type=\"wd_infobox.default\">\n\t\t\t\t<div class=\"elementor-widget-container\">\n\t\t\t\t\t\t\t<div class=\"info-box-wrapper\">\n\t\t\t<div class=\"wd-info-box text-center box-icon-align-top box-style-base color-scheme-\">\n\t\t\t\t\t\t\t\t\t<div class=\"box-icon-wrapper  box-with-icon box-icon-simple\">\n\t\t\t\t\t\t<div class=\"info-box-icon\">\n\t\t\t\t\t\t\t\t\t\t\t\t\t\t\t<div class=\"info-svg-wrapper\" style=\"width:100px; height:100px;\"><img decoding=\"async\"  src=\"https:\/\/helloschool.be\/wp-content\/uploads\/sites\/2\/2025\/03\/onderwijs-1.svg\" title=\"onderwijs-1.svg\" loading=\"lazy\" width=\"100\" height=\"100\"><\/div>\t\t\t\t\t\t\t\t\t\t\t\t\t<\/div>\n\t\t\t\t\t<\/div>\n\t\t\t\t\n\t\t\t\t<div class=\"info-box-content\">\n\t\t\t\t\t\n\t\t\t\t\t\t\t\t\t\t\t<h4\t\t\t\t\t\tclass=\"info-box-title title box-title-style-default wd-fontsize-m\" data-elementor-setting-key=\"title\">\n\t\t\t\t\t\t\t\t<strong>Enseignement scolaire<\/strong>\t\t\t\t\t\t<\/h4>\n\t\t\t\t\t\n\t\t\t\t\t<div class=\"info-box-inner reset-last-child\"data-elementor-setting-key=\"content\"><p>Comme notre nom l'indique, nous fournissons exclusivement les \u00e9tablissements d'enseignement, en Belgique et aux Pays-Bas.<\/p>\n<\/div>\n\n\t\t\t\t\t\t\t\t\t<\/div>\n\n\t\t\t\t\t\t\t<\/div>\n\t\t<\/div>\n\t\t\t\t\t\t<\/div>\n\t\t\t\t<\/div>\n\t\t\t\t<\/div>\n\t\t\t\t<\/div>\n\t\t\t\t\t<\/div>\n\t\t\t\t<\/div>\n\t\t\t\t<\/div>\n\t\t","protected":false},"excerpt":{"rendered":"<p>Un agenda scolaire classique, le mod\u00e8le 1 en format A5 avec une couverture souple. Mod\u00e8le 1 Un agenda compact en<\/p>\n","protected":false},"author":5,"featured_media":0,"parent":0,"menu_order":0,"comment_status":"closed","ping_status":"closed","template":"","meta":{"_acf_changed":false,"brand_hub_restriction":[],"brand_hub_id":null,"footnotes":""},"class_list":["post-18910","page","type-page","status-publish","hentry"],"acf":[],"yoast_head":"<!-- This site is optimized with the Yoast SEO plugin v26.7 - https:\/\/yoast.com\/wordpress\/plugins\/seo\/ -->\n<title>Format A5 - Helloschool<\/title>\n<meta name=\"robots\" content=\"index, follow, max-snippet:-1, max-image-preview:large, max-video-preview:-1\" \/>\n<link rel=\"canonical\" href=\"https:\/\/helloschool.be\/a5-formaat\/\" \/>\n<meta property=\"og:locale\" content=\"fr_FR\" \/>\n<meta property=\"og:type\" content=\"article\" \/>\n<meta property=\"og:title\" content=\"Format A5 - Helloschool\" \/>\n<meta property=\"og:description\" content=\"Un agenda scolaire classique, le mod\u00e8le 1 en format A5 avec une couverture souple. Mod\u00e8le 1 Un agenda compact en\" \/>\n<meta property=\"og:url\" content=\"https:\/\/helloschool.be\/a5-formaat\/\" \/>\n<meta property=\"og:site_name\" content=\"Helloschool\" \/>\n<meta property=\"article:modified_time\" content=\"2025-05-13T12:16:59+00:00\" \/>\n<meta property=\"og:image\" content=\"https:\/\/helloschool.be\/wp-content\/uploads\/sites\/2\/2025\/04\/A5-paperback-vol2.jpg\" \/>\n\t<meta property=\"og:image:width\" content=\"2000\" \/>\n\t<meta property=\"og:image:height\" content=\"1999\" \/>\n\t<meta property=\"og:image:type\" content=\"image\/jpeg\" \/>\n<meta name=\"twitter:card\" content=\"summary_large_image\" \/>\n<meta name=\"twitter:label1\" content=\"Dur\u00e9e de lecture estim\u00e9e\" \/>\n\t<meta name=\"twitter:data1\" content=\"1 minute\" \/>\n<script type=\"application\/ld+json\" class=\"yoast-schema-graph\">{\"@context\":\"https:\/\/schema.org\",\"@graph\":[{\"@type\":\"WebPage\",\"@id\":\"https:\/\/helloschool.be\/a5-formaat\/\",\"url\":\"https:\/\/helloschool.be\/a5-formaat\/\",\"name\":\"Format A5 - Helloschool\",\"isPartOf\":{\"@id\":\"https:\/\/helloschool.be\/#website\"},\"primaryImageOfPage\":{\"@id\":\"https:\/\/helloschool.be\/a5-formaat\/#primaryimage\"},\"image\":{\"@id\":\"https:\/\/helloschool.be\/a5-formaat\/#primaryimage\"},\"thumbnailUrl\":\"https:\/\/helloschool.be\/wp-content\/uploads\/sites\/2\/2025\/04\/A5-paperback-vol2-1536x1536.jpg\",\"datePublished\":\"2025-04-14T14:07:35+00:00\",\"dateModified\":\"2025-05-13T12:16:59+00:00\",\"breadcrumb\":{\"@id\":\"https:\/\/helloschool.be\/a5-formaat\/#breadcrumb\"},\"inLanguage\":\"fr-FR\",\"potentialAction\":[{\"@type\":\"ReadAction\",\"target\":[\"https:\/\/helloschool.be\/a5-formaat\/\"]}]},{\"@type\":\"ImageObject\",\"inLanguage\":\"fr-FR\",\"@id\":\"https:\/\/helloschool.be\/a5-formaat\/#primaryimage\",\"url\":\"https:\/\/helloschool.be\/wp-content\/uploads\/sites\/2\/2025\/04\/A5-paperback-vol2-1536x1536.jpg\",\"contentUrl\":\"https:\/\/helloschool.be\/wp-content\/uploads\/sites\/2\/2025\/04\/A5-paperback-vol2-1536x1536.jpg\"},{\"@type\":\"BreadcrumbList\",\"@id\":\"https:\/\/helloschool.be\/a5-formaat\/#breadcrumb\",\"itemListElement\":[{\"@type\":\"ListItem\",\"position\":1,\"name\":\"Home\",\"item\":\"https:\/\/helloschool.be\/fr\/\"},{\"@type\":\"ListItem\",\"position\":2,\"name\":\"Format A5\"}]},{\"@type\":\"WebSite\",\"@id\":\"https:\/\/helloschool.be\/#website\",\"url\":\"https:\/\/helloschool.be\/\",\"name\":\"Helloschool\",\"description\":\"Concentrez-vous sur l\u2019enseignement, nous nous occupons du reste.\",\"potentialAction\":[{\"@type\":\"SearchAction\",\"target\":{\"@type\":\"EntryPoint\",\"urlTemplate\":\"https:\/\/helloschool.be\/?s={search_term_string}\"},\"query-input\":{\"@type\":\"PropertyValueSpecification\",\"valueRequired\":true,\"valueName\":\"search_term_string\"}}],\"inLanguage\":\"fr-FR\"}]}<\/script>\n<!-- \/ Yoast SEO plugin. -->","yoast_head_json":{"title":"Format A5 - Helloschool","robots":{"index":"index","follow":"follow","max-snippet":"max-snippet:-1","max-image-preview":"max-image-preview:large","max-video-preview":"max-video-preview:-1"},"canonical":"https:\/\/helloschool.be\/a5-formaat\/","og_locale":"fr_FR","og_type":"article","og_title":"Format A5 - Helloschool","og_description":"Un agenda scolaire classique, le mod\u00e8le 1 en format A5 avec une couverture souple. Mod\u00e8le 1 Un agenda compact en","og_url":"https:\/\/helloschool.be\/a5-formaat\/","og_site_name":"Helloschool","article_modified_time":"2025-05-13T12:16:59+00:00","og_image":[{"width":2000,"height":1999,"url":"https:\/\/helloschool.be\/wp-content\/uploads\/sites\/2\/2025\/04\/A5-paperback-vol2.jpg","type":"image\/jpeg"}],"twitter_card":"summary_large_image","twitter_misc":{"Dur\u00e9e de lecture estim\u00e9e":"1 minute"},"schema":{"@context":"https:\/\/schema.org","@graph":[{"@type":"WebPage","@id":"https:\/\/helloschool.be\/a5-formaat\/","url":"https:\/\/helloschool.be\/a5-formaat\/","name":"Format A5 - Helloschool","isPartOf":{"@id":"https:\/\/helloschool.be\/#website"},"primaryImageOfPage":{"@id":"https:\/\/helloschool.be\/a5-formaat\/#primaryimage"},"image":{"@id":"https:\/\/helloschool.be\/a5-formaat\/#primaryimage"},"thumbnailUrl":"https:\/\/helloschool.be\/wp-content\/uploads\/sites\/2\/2025\/04\/A5-paperback-vol2-1536x1536.jpg","datePublished":"2025-04-14T14:07:35+00:00","dateModified":"2025-05-13T12:16:59+00:00","breadcrumb":{"@id":"https:\/\/helloschool.be\/a5-formaat\/#breadcrumb"},"inLanguage":"fr-FR","potentialAction":[{"@type":"ReadAction","target":["https:\/\/helloschool.be\/a5-formaat\/"]}]},{"@type":"ImageObject","inLanguage":"fr-FR","@id":"https:\/\/helloschool.be\/a5-formaat\/#primaryimage","url":"https:\/\/helloschool.be\/wp-content\/uploads\/sites\/2\/2025\/04\/A5-paperback-vol2-1536x1536.jpg","contentUrl":"https:\/\/helloschool.be\/wp-content\/uploads\/sites\/2\/2025\/04\/A5-paperback-vol2-1536x1536.jpg"},{"@type":"BreadcrumbList","@id":"https:\/\/helloschool.be\/a5-formaat\/#breadcrumb","itemListElement":[{"@type":"ListItem","position":1,"name":"Home","item":"https:\/\/helloschool.be\/fr\/"},{"@type":"ListItem","position":2,"name":"Format A5"}]},{"@type":"WebSite","@id":"https:\/\/helloschool.be\/#website","url":"https:\/\/helloschool.be\/","name":"Helloschool","description":"Concentrez-vous sur l\u2019enseignement, nous nous occupons du reste.","potentialAction":[{"@type":"SearchAction","target":{"@type":"EntryPoint","urlTemplate":"https:\/\/helloschool.be\/?s={search_term_string}"},"query-input":{"@type":"PropertyValueSpecification","valueRequired":true,"valueName":"search_term_string"}}],"inLanguage":"fr-FR"}]}},"_links":{"self":[{"href":"https:\/\/helloschool.be\/fr\/wp-json\/wp\/v2\/pages\/18910","targetHints":{"allow":["GET"]}}],"collection":[{"href":"https:\/\/helloschool.be\/fr\/wp-json\/wp\/v2\/pages"}],"about":[{"href":"https:\/\/helloschool.be\/fr\/wp-json\/wp\/v2\/types\/page"}],"author":[{"embeddable":true,"href":"https:\/\/helloschool.be\/fr\/wp-json\/wp\/v2\/users\/5"}],"replies":[{"embeddable":true,"href":"https:\/\/helloschool.be\/fr\/wp-json\/wp\/v2\/comments?post=18910"}],"version-history":[{"count":9,"href":"https:\/\/helloschool.be\/fr\/wp-json\/wp\/v2\/pages\/18910\/revisions"}],"predecessor-version":[{"id":20098,"href":"https:\/\/helloschool.be\/fr\/wp-json\/wp\/v2\/pages\/18910\/revisions\/20098"}],"wp:attachment":[{"href":"https:\/\/helloschool.be\/fr\/wp-json\/wp\/v2\/media?parent=18910"}],"curies":[{"name":"wp","href":"https:\/\/api.w.org\/{rel}","templated":true}]}}