{"id":18917,"date":"2025-04-03T14:13:13","date_gmt":"2025-04-03T14:13:13","guid":{"rendered":"https:\/\/helloschool.be\/?page_id=18917"},"modified":"2025-04-24T13:46:49","modified_gmt":"2025-04-24T13:46:49","slug":"interieur","status":"publish","type":"page","link":"https:\/\/helloschool.be\/fr\/interieur\/","title":{"rendered":"Int\u00e9rieur"},"content":{"rendered":"\t\t<div data-elementor-type=\"wp-page\" data-elementor-id=\"18917\" class=\"elementor elementor-18917 elementor-17349\" data-elementor-post-type=\"page\">\n\t\t\t\t<div class=\"wd-negative-gap elementor-element elementor-element-a619ad8 e-flex e-con-boxed e-con e-parent\" data-id=\"a619ad8\" data-element_type=\"container\" data-e-type=\"container\">\n\t\t\t\t\t<div class=\"e-con-inner\">\n\t\t\t\t<div class=\"elementor-element elementor-element-b5f09e6 color-scheme-inherit text-left elementor-widget elementor-widget-text-editor\" data-id=\"b5f09e6\" data-element_type=\"widget\" data-e-type=\"widget\" data-widget_type=\"text-editor.default\">\n\t\t\t\t<div class=\"elementor-widget-container\">\n\t\t\t\t\t\t\t\t\t<p>D\u00e9couvrez ci-dessous notre assortiment de produits d&rsquo;int\u00e9rieurs. Vous pouvez configurer d\u00e8s maintenant votre produit ou l\u2019ajouter \u00e0 vos favoris pour le consulter plus tard.  <\/p>\n<p>Vous avez des questions ou vous ne trouvez pas ce que vous recherchez ? Demandez un devis ! Exclusivement pour les \u00e9tablissements d&rsquo;enseignement.  <\/p>\n\t\t\t\t\t\t\t\t<\/div>\n\t\t\t\t<\/div>\n\t\t\t\t\t<\/div>\n\t\t\t\t<\/div>\n\t\t<div class=\"wd-negative-gap elementor-element elementor-element-56567e1 e-flex e-con-boxed e-con e-parent\" data-id=\"56567e1\" data-element_type=\"container\" data-e-type=\"container\">\n\t\t\t\t\t<div class=\"e-con-inner\">\n\t\t\t\t<div class=\"elementor-element elementor-element-a0bc162 elementor-widget elementor-widget-spacer\" data-id=\"a0bc162\" data-element_type=\"widget\" data-e-type=\"widget\" data-widget_type=\"spacer.default\">\n\t\t\t\t<div class=\"elementor-widget-container\">\n\t\t\t\t\t\t\t<div class=\"elementor-spacer\">\n\t\t\t<div class=\"elementor-spacer-inner\"><\/div>\n\t\t<\/div>\n\t\t\t\t\t\t<\/div>\n\t\t\t\t<\/div>\n\t\t\t\t\t<\/div>\n\t\t\t\t<\/div>\n\t\t<div class=\"wd-negative-gap elementor-element elementor-element-59365c9 e-flex e-con-boxed e-con e-parent\" data-id=\"59365c9\" data-element_type=\"container\" data-e-type=\"container\">\n\t\t\t\t\t<div class=\"e-con-inner\">\n\t\t\t\t\t<\/div>\n\t\t\t\t<\/div>\n\t\t\t\t<\/div>\n\t\t","protected":false},"excerpt":{"rendered":"<p>D\u00e9couvrez ci-dessous notre assortiment de produits d&rsquo;int\u00e9rieurs. Vous pouvez configurer d\u00e8s maintenant votre produit ou l\u2019ajouter \u00e0 vos favoris pour<\/p>\n","protected":false},"author":5,"featured_media":0,"parent":0,"menu_order":0,"comment_status":"closed","ping_status":"closed","template":"","meta":{"_acf_changed":false,"brand_hub_restriction":[],"brand_hub_id":null,"footnotes":""},"class_list":["post-18917","page","type-page","status-publish","hentry"],"acf":[],"yoast_head":"<!-- This site is optimized with the Yoast SEO plugin v26.7 - https:\/\/yoast.com\/wordpress\/plugins\/seo\/ -->\n<title>Int\u00e9rieur - Helloschool<\/title>\n<meta name=\"robots\" content=\"index, follow, max-snippet:-1, max-image-preview:large, max-video-preview:-1\" \/>\n<link rel=\"canonical\" href=\"https:\/\/helloschool.be\/binnen\/\" \/>\n<meta property=\"og:locale\" content=\"fr_FR\" \/>\n<meta property=\"og:type\" content=\"article\" \/>\n<meta property=\"og:title\" content=\"Int\u00e9rieur - Helloschool\" \/>\n<meta property=\"og:description\" content=\"D\u00e9couvrez ci-dessous notre assortiment de produits d&rsquo;int\u00e9rieurs. Vous pouvez configurer d\u00e8s maintenant votre produit ou l\u2019ajouter \u00e0 vos favoris pour\" \/>\n<meta property=\"og:url\" content=\"https:\/\/helloschool.be\/binnen\/\" \/>\n<meta property=\"og:site_name\" content=\"Helloschool\" \/>\n<meta property=\"article:modified_time\" content=\"2025-04-24T13:46:49+00:00\" \/>\n<meta name=\"twitter:card\" content=\"summary_large_image\" \/>\n<script type=\"application\/ld+json\" class=\"yoast-schema-graph\">{\"@context\":\"https:\/\/schema.org\",\"@graph\":[{\"@type\":\"WebPage\",\"@id\":\"https:\/\/helloschool.be\/binnen\/\",\"url\":\"https:\/\/helloschool.be\/binnen\/\",\"name\":\"Int\u00e9rieur - Helloschool\",\"isPartOf\":{\"@id\":\"https:\/\/helloschool.be\/#website\"},\"datePublished\":\"2025-04-03T14:13:13+00:00\",\"dateModified\":\"2025-04-24T13:46:49+00:00\",\"breadcrumb\":{\"@id\":\"https:\/\/helloschool.be\/binnen\/#breadcrumb\"},\"inLanguage\":\"fr-FR\",\"potentialAction\":[{\"@type\":\"ReadAction\",\"target\":[\"https:\/\/helloschool.be\/binnen\/\"]}]},{\"@type\":\"BreadcrumbList\",\"@id\":\"https:\/\/helloschool.be\/binnen\/#breadcrumb\",\"itemListElement\":[{\"@type\":\"ListItem\",\"position\":1,\"name\":\"Home\",\"item\":\"https:\/\/helloschool.be\/fr\/\"},{\"@type\":\"ListItem\",\"position\":2,\"name\":\"Int\u00e9rieur\"}]},{\"@type\":\"WebSite\",\"@id\":\"https:\/\/helloschool.be\/#website\",\"url\":\"https:\/\/helloschool.be\/\",\"name\":\"Helloschool\",\"description\":\"Concentrez-vous sur l\u2019enseignement, nous nous occupons du reste.\",\"potentialAction\":[{\"@type\":\"SearchAction\",\"target\":{\"@type\":\"EntryPoint\",\"urlTemplate\":\"https:\/\/helloschool.be\/?s={search_term_string}\"},\"query-input\":{\"@type\":\"PropertyValueSpecification\",\"valueRequired\":true,\"valueName\":\"search_term_string\"}}],\"inLanguage\":\"fr-FR\"}]}<\/script>\n<!-- \/ Yoast SEO plugin. -->","yoast_head_json":{"title":"Int\u00e9rieur - Helloschool","robots":{"index":"index","follow":"follow","max-snippet":"max-snippet:-1","max-image-preview":"max-image-preview:large","max-video-preview":"max-video-preview:-1"},"canonical":"https:\/\/helloschool.be\/binnen\/","og_locale":"fr_FR","og_type":"article","og_title":"Int\u00e9rieur - Helloschool","og_description":"D\u00e9couvrez ci-dessous notre assortiment de produits d&rsquo;int\u00e9rieurs. Vous pouvez configurer d\u00e8s maintenant votre produit ou l\u2019ajouter \u00e0 vos favoris pour","og_url":"https:\/\/helloschool.be\/binnen\/","og_site_name":"Helloschool","article_modified_time":"2025-04-24T13:46:49+00:00","twitter_card":"summary_large_image","schema":{"@context":"https:\/\/schema.org","@graph":[{"@type":"WebPage","@id":"https:\/\/helloschool.be\/binnen\/","url":"https:\/\/helloschool.be\/binnen\/","name":"Int\u00e9rieur - Helloschool","isPartOf":{"@id":"https:\/\/helloschool.be\/#website"},"datePublished":"2025-04-03T14:13:13+00:00","dateModified":"2025-04-24T13:46:49+00:00","breadcrumb":{"@id":"https:\/\/helloschool.be\/binnen\/#breadcrumb"},"inLanguage":"fr-FR","potentialAction":[{"@type":"ReadAction","target":["https:\/\/helloschool.be\/binnen\/"]}]},{"@type":"BreadcrumbList","@id":"https:\/\/helloschool.be\/binnen\/#breadcrumb","itemListElement":[{"@type":"ListItem","position":1,"name":"Home","item":"https:\/\/helloschool.be\/fr\/"},{"@type":"ListItem","position":2,"name":"Int\u00e9rieur"}]},{"@type":"WebSite","@id":"https:\/\/helloschool.be\/#website","url":"https:\/\/helloschool.be\/","name":"Helloschool","description":"Concentrez-vous sur l\u2019enseignement, nous nous occupons du reste.","potentialAction":[{"@type":"SearchAction","target":{"@type":"EntryPoint","urlTemplate":"https:\/\/helloschool.be\/?s={search_term_string}"},"query-input":{"@type":"PropertyValueSpecification","valueRequired":true,"valueName":"search_term_string"}}],"inLanguage":"fr-FR"}]}},"_links":{"self":[{"href":"https:\/\/helloschool.be\/fr\/wp-json\/wp\/v2\/pages\/18917","targetHints":{"allow":["GET"]}}],"collection":[{"href":"https:\/\/helloschool.be\/fr\/wp-json\/wp\/v2\/pages"}],"about":[{"href":"https:\/\/helloschool.be\/fr\/wp-json\/wp\/v2\/types\/page"}],"author":[{"embeddable":true,"href":"https:\/\/helloschool.be\/fr\/wp-json\/wp\/v2\/users\/5"}],"replies":[{"embeddable":true,"href":"https:\/\/helloschool.be\/fr\/wp-json\/wp\/v2\/comments?post=18917"}],"version-history":[{"count":2,"href":"https:\/\/helloschool.be\/fr\/wp-json\/wp\/v2\/pages\/18917\/revisions"}],"predecessor-version":[{"id":19118,"href":"https:\/\/helloschool.be\/fr\/wp-json\/wp\/v2\/pages\/18917\/revisions\/19118"}],"wp:attachment":[{"href":"https:\/\/helloschool.be\/fr\/wp-json\/wp\/v2\/media?parent=18917"}],"curies":[{"name":"wp","href":"https:\/\/api.w.org\/{rel}","templated":true}]}}