{"id":18923,"date":"2025-04-03T14:10:28","date_gmt":"2025-04-03T14:10:28","guid":{"rendered":"https:\/\/helloschool.be\/?page_id=18923"},"modified":"2025-04-24T13:42:57","modified_gmt":"2025-04-24T13:42:57","slug":"exterieur","status":"publish","type":"page","link":"https:\/\/helloschool.be\/fr\/exterieur\/","title":{"rendered":"Ext\u00e9rieur"},"content":{"rendered":"\t\t<div data-elementor-type=\"wp-page\" data-elementor-id=\"18923\" class=\"elementor elementor-18923 elementor-17337\" data-elementor-post-type=\"page\">\n\t\t\t\t<div class=\"wd-negative-gap elementor-element elementor-element-0d6a10e e-flex e-con-boxed e-con e-parent\" data-id=\"0d6a10e\" data-element_type=\"container\" data-e-type=\"container\">\n\t\t\t\t\t<div class=\"e-con-inner\">\n\t\t\t\t<div class=\"elementor-element elementor-element-50acb46 color-scheme-inherit text-left elementor-widget elementor-widget-text-editor\" data-id=\"50acb46\" data-element_type=\"widget\" data-e-type=\"widget\" data-widget_type=\"text-editor.default\">\n\t\t\t\t<div class=\"elementor-widget-container\">\n\t\t\t\t\t\t\t\t\t<p data-pm-slice=\"1 1 []\">D\u00e9couvrez ci-dessous notre assortiment de produits ext\u00e9rieurs. Concevez une affiches personnalis\u00e9e, cr\u00e9ez un logo avec le nom de votre \u00e9tablissement et votre logo. Vous pouvez configurer d\u00e8s maintenant votre produit ou l\u2019ajouter \u00e0 vos favoris pour le consulter plus tard.   <\/p>\n<p>Vous avez des questions ou vous ne trouvez pas ce que vous recherchez ? Demandez un devis ! Exclusivement pour les \u00e9tablissements d&rsquo;enseignement.  <\/p>\n\t\t\t\t\t\t\t\t<\/div>\n\t\t\t\t<\/div>\n\t\t\t\t\t<\/div>\n\t\t\t\t<\/div>\n\t\t<div class=\"wd-negative-gap elementor-element elementor-element-b0cbe87 e-flex e-con-boxed e-con e-parent\" data-id=\"b0cbe87\" data-element_type=\"container\" data-e-type=\"container\">\n\t\t\t\t\t<div class=\"e-con-inner\">\n\t\t\t\t<div class=\"elementor-element elementor-element-c9a550d elementor-widget elementor-widget-spacer\" data-id=\"c9a550d\" data-element_type=\"widget\" data-e-type=\"widget\" data-widget_type=\"spacer.default\">\n\t\t\t\t<div class=\"elementor-widget-container\">\n\t\t\t\t\t\t\t<div class=\"elementor-spacer\">\n\t\t\t<div class=\"elementor-spacer-inner\"><\/div>\n\t\t<\/div>\n\t\t\t\t\t\t<\/div>\n\t\t\t\t<\/div>\n\t\t\t\t\t<\/div>\n\t\t\t\t<\/div>\n\t\t<div class=\"wd-negative-gap elementor-element elementor-element-c5cf6e2 e-flex e-con-boxed e-con e-parent\" data-id=\"c5cf6e2\" data-element_type=\"container\" data-e-type=\"container\">\n\t\t\t\t\t<div class=\"e-con-inner\">\n\t\t\t\t\t<\/div>\n\t\t\t\t<\/div>\n\t\t\t\t<\/div>\n\t\t","protected":false},"excerpt":{"rendered":"<p>D\u00e9couvrez ci-dessous notre assortiment de produits ext\u00e9rieurs. Concevez une affiches personnalis\u00e9e, cr\u00e9ez un logo avec le nom de votre \u00e9tablissement<\/p>\n","protected":false},"author":5,"featured_media":0,"parent":0,"menu_order":0,"comment_status":"closed","ping_status":"closed","template":"","meta":{"_acf_changed":false,"brand_hub_restriction":[],"brand_hub_id":null,"footnotes":""},"class_list":["post-18923","page","type-page","status-publish","hentry"],"acf":[],"yoast_head":"<!-- This site is optimized with the Yoast SEO plugin v26.7 - https:\/\/yoast.com\/wordpress\/plugins\/seo\/ -->\n<title>Ext\u00e9rieur - Helloschool<\/title>\n<meta name=\"robots\" content=\"index, follow, max-snippet:-1, max-image-preview:large, max-video-preview:-1\" \/>\n<link rel=\"canonical\" href=\"https:\/\/helloschool.be\/buiten\/\" \/>\n<meta property=\"og:locale\" content=\"fr_FR\" \/>\n<meta property=\"og:type\" content=\"article\" \/>\n<meta property=\"og:title\" content=\"Ext\u00e9rieur - Helloschool\" \/>\n<meta property=\"og:description\" content=\"D\u00e9couvrez ci-dessous notre assortiment de produits ext\u00e9rieurs. Concevez une affiches personnalis\u00e9e, cr\u00e9ez un logo avec le nom de votre \u00e9tablissement\" \/>\n<meta property=\"og:url\" content=\"https:\/\/helloschool.be\/buiten\/\" \/>\n<meta property=\"og:site_name\" content=\"Helloschool\" \/>\n<meta property=\"article:modified_time\" content=\"2025-04-24T13:42:57+00:00\" \/>\n<meta name=\"twitter:card\" content=\"summary_large_image\" \/>\n<script type=\"application\/ld+json\" class=\"yoast-schema-graph\">{\"@context\":\"https:\/\/schema.org\",\"@graph\":[{\"@type\":\"WebPage\",\"@id\":\"https:\/\/helloschool.be\/buiten\/\",\"url\":\"https:\/\/helloschool.be\/buiten\/\",\"name\":\"Ext\u00e9rieur - Helloschool\",\"isPartOf\":{\"@id\":\"https:\/\/helloschool.be\/#website\"},\"datePublished\":\"2025-04-03T14:10:28+00:00\",\"dateModified\":\"2025-04-24T13:42:57+00:00\",\"breadcrumb\":{\"@id\":\"https:\/\/helloschool.be\/buiten\/#breadcrumb\"},\"inLanguage\":\"fr-FR\",\"potentialAction\":[{\"@type\":\"ReadAction\",\"target\":[\"https:\/\/helloschool.be\/buiten\/\"]}]},{\"@type\":\"BreadcrumbList\",\"@id\":\"https:\/\/helloschool.be\/buiten\/#breadcrumb\",\"itemListElement\":[{\"@type\":\"ListItem\",\"position\":1,\"name\":\"Home\",\"item\":\"https:\/\/helloschool.be\/fr\/\"},{\"@type\":\"ListItem\",\"position\":2,\"name\":\"Ext\u00e9rieur\"}]},{\"@type\":\"WebSite\",\"@id\":\"https:\/\/helloschool.be\/#website\",\"url\":\"https:\/\/helloschool.be\/\",\"name\":\"Helloschool\",\"description\":\"Concentrez-vous sur l\u2019enseignement, nous nous occupons du reste.\",\"potentialAction\":[{\"@type\":\"SearchAction\",\"target\":{\"@type\":\"EntryPoint\",\"urlTemplate\":\"https:\/\/helloschool.be\/?s={search_term_string}\"},\"query-input\":{\"@type\":\"PropertyValueSpecification\",\"valueRequired\":true,\"valueName\":\"search_term_string\"}}],\"inLanguage\":\"fr-FR\"}]}<\/script>\n<!-- \/ Yoast SEO plugin. -->","yoast_head_json":{"title":"Ext\u00e9rieur - Helloschool","robots":{"index":"index","follow":"follow","max-snippet":"max-snippet:-1","max-image-preview":"max-image-preview:large","max-video-preview":"max-video-preview:-1"},"canonical":"https:\/\/helloschool.be\/buiten\/","og_locale":"fr_FR","og_type":"article","og_title":"Ext\u00e9rieur - Helloschool","og_description":"D\u00e9couvrez ci-dessous notre assortiment de produits ext\u00e9rieurs. Concevez une affiches personnalis\u00e9e, cr\u00e9ez un logo avec le nom de votre \u00e9tablissement","og_url":"https:\/\/helloschool.be\/buiten\/","og_site_name":"Helloschool","article_modified_time":"2025-04-24T13:42:57+00:00","twitter_card":"summary_large_image","schema":{"@context":"https:\/\/schema.org","@graph":[{"@type":"WebPage","@id":"https:\/\/helloschool.be\/buiten\/","url":"https:\/\/helloschool.be\/buiten\/","name":"Ext\u00e9rieur - Helloschool","isPartOf":{"@id":"https:\/\/helloschool.be\/#website"},"datePublished":"2025-04-03T14:10:28+00:00","dateModified":"2025-04-24T13:42:57+00:00","breadcrumb":{"@id":"https:\/\/helloschool.be\/buiten\/#breadcrumb"},"inLanguage":"fr-FR","potentialAction":[{"@type":"ReadAction","target":["https:\/\/helloschool.be\/buiten\/"]}]},{"@type":"BreadcrumbList","@id":"https:\/\/helloschool.be\/buiten\/#breadcrumb","itemListElement":[{"@type":"ListItem","position":1,"name":"Home","item":"https:\/\/helloschool.be\/fr\/"},{"@type":"ListItem","position":2,"name":"Ext\u00e9rieur"}]},{"@type":"WebSite","@id":"https:\/\/helloschool.be\/#website","url":"https:\/\/helloschool.be\/","name":"Helloschool","description":"Concentrez-vous sur l\u2019enseignement, nous nous occupons du reste.","potentialAction":[{"@type":"SearchAction","target":{"@type":"EntryPoint","urlTemplate":"https:\/\/helloschool.be\/?s={search_term_string}"},"query-input":{"@type":"PropertyValueSpecification","valueRequired":true,"valueName":"search_term_string"}}],"inLanguage":"fr-FR"}]}},"_links":{"self":[{"href":"https:\/\/helloschool.be\/fr\/wp-json\/wp\/v2\/pages\/18923","targetHints":{"allow":["GET"]}}],"collection":[{"href":"https:\/\/helloschool.be\/fr\/wp-json\/wp\/v2\/pages"}],"about":[{"href":"https:\/\/helloschool.be\/fr\/wp-json\/wp\/v2\/types\/page"}],"author":[{"embeddable":true,"href":"https:\/\/helloschool.be\/fr\/wp-json\/wp\/v2\/users\/5"}],"replies":[{"embeddable":true,"href":"https:\/\/helloschool.be\/fr\/wp-json\/wp\/v2\/comments?post=18923"}],"version-history":[{"count":2,"href":"https:\/\/helloschool.be\/fr\/wp-json\/wp\/v2\/pages\/18923\/revisions"}],"predecessor-version":[{"id":19116,"href":"https:\/\/helloschool.be\/fr\/wp-json\/wp\/v2\/pages\/18923\/revisions\/19116"}],"wp:attachment":[{"href":"https:\/\/helloschool.be\/fr\/wp-json\/wp\/v2\/media?parent=18923"}],"curies":[{"name":"wp","href":"https:\/\/api.w.org\/{rel}","templated":true}]}}