{"id":19000,"date":"2025-04-03T14:14:36","date_gmt":"2025-04-03T14:14:36","guid":{"rendered":"https:\/\/helloschool.be\/?page_id=19000"},"modified":"2025-04-24T13:29:17","modified_gmt":"2025-04-24T13:29:17","slug":"presentation","status":"publish","type":"page","link":"https:\/\/helloschool.be\/fr\/presentation\/","title":{"rendered":"Pr\u00e9sentation"},"content":{"rendered":"\t\t<div data-elementor-type=\"wp-page\" data-elementor-id=\"19000\" class=\"elementor elementor-19000 elementor-17355\" data-elementor-post-type=\"page\">\n\t\t\t\t<div class=\"wd-negative-gap elementor-element elementor-element-e91ce40 e-flex e-con-boxed e-con e-parent\" data-id=\"e91ce40\" data-element_type=\"container\" data-e-type=\"container\">\n\t\t\t\t\t<div class=\"e-con-inner\">\n\t\t\t\t<div class=\"elementor-element elementor-element-769917c color-scheme-inherit text-left elementor-widget elementor-widget-text-editor\" data-id=\"769917c\" data-element_type=\"widget\" data-e-type=\"widget\" data-widget_type=\"text-editor.default\">\n\t\t\t\t<div class=\"elementor-widget-container\">\n\t\t\t\t\t\t\t\t\t<p>D\u00e9couvrez ci-dessous notre assortiment de produits pour pr\u00e9sentation. Un espace de r\u00e9ception personnalis\u00e9 ou bien des supports publicitaires pour vos journ\u00e9es portes ouvertes, nous avons tout ce que vous recherchez. Vous pouvez configurer d\u00e8s maintenant votre produit ou l&rsquo;ajouter \u00e0 vos favoris pour le consulter plus tard.    <\/p>\n<p>Vous avez des questions ou vous ne trouvez pas ce que vous recherchez ? Demandez un devis ! Exclusivement pour les \u00e9tablissements d&rsquo;enseignement.  <\/p>\n\t\t\t\t\t\t\t\t<\/div>\n\t\t\t\t<\/div>\n\t\t\t\t\t<\/div>\n\t\t\t\t<\/div>\n\t\t<div class=\"wd-negative-gap elementor-element elementor-element-a4c3700 e-flex e-con-boxed e-con e-parent\" data-id=\"a4c3700\" data-element_type=\"container\" data-e-type=\"container\">\n\t\t\t\t\t<div class=\"e-con-inner\">\n\t\t\t\t<div class=\"elementor-element elementor-element-064f105 elementor-widget elementor-widget-spacer\" data-id=\"064f105\" data-element_type=\"widget\" data-e-type=\"widget\" data-widget_type=\"spacer.default\">\n\t\t\t\t<div class=\"elementor-widget-container\">\n\t\t\t\t\t\t\t<div class=\"elementor-spacer\">\n\t\t\t<div class=\"elementor-spacer-inner\"><\/div>\n\t\t<\/div>\n\t\t\t\t\t\t<\/div>\n\t\t\t\t<\/div>\n\t\t\t\t\t<\/div>\n\t\t\t\t<\/div>\n\t\t<div class=\"wd-negative-gap elementor-element elementor-element-49a6ab7 e-flex e-con-boxed e-con e-parent\" data-id=\"49a6ab7\" data-element_type=\"container\" data-e-type=\"container\">\n\t\t\t\t\t<div class=\"e-con-inner\">\n\t\t\t\t\t<\/div>\n\t\t\t\t<\/div>\n\t\t\t\t<\/div>\n\t\t","protected":false},"excerpt":{"rendered":"<p>D\u00e9couvrez ci-dessous notre assortiment de produits pour pr\u00e9sentation. Un espace de r\u00e9ception personnalis\u00e9 ou bien des supports publicitaires pour vos<\/p>\n","protected":false},"author":5,"featured_media":0,"parent":0,"menu_order":0,"comment_status":"closed","ping_status":"closed","template":"","meta":{"_acf_changed":false,"brand_hub_restriction":[],"brand_hub_id":null,"footnotes":""},"class_list":["post-19000","page","type-page","status-publish","hentry"],"acf":[],"yoast_head":"<!-- This site is optimized with the Yoast SEO plugin v26.7 - https:\/\/yoast.com\/wordpress\/plugins\/seo\/ -->\n<title>Pr\u00e9sentation - Helloschool<\/title>\n<meta name=\"robots\" content=\"index, follow, max-snippet:-1, max-image-preview:large, max-video-preview:-1\" \/>\n<link rel=\"canonical\" href=\"https:\/\/helloschool.be\/fr\/presentation\/\" \/>\n<meta property=\"og:locale\" content=\"fr_FR\" \/>\n<meta property=\"og:type\" content=\"article\" \/>\n<meta property=\"og:title\" content=\"Pr\u00e9sentation - Helloschool\" \/>\n<meta property=\"og:description\" content=\"D\u00e9couvrez ci-dessous notre assortiment de produits pour pr\u00e9sentation. Un espace de r\u00e9ception personnalis\u00e9 ou bien des supports publicitaires pour vos\" \/>\n<meta property=\"og:url\" content=\"https:\/\/helloschool.be\/fr\/presentation\/\" \/>\n<meta property=\"og:site_name\" content=\"Helloschool\" \/>\n<meta property=\"article:modified_time\" content=\"2025-04-24T13:29:17+00:00\" \/>\n<meta name=\"twitter:card\" content=\"summary_large_image\" \/>\n<script type=\"application\/ld+json\" class=\"yoast-schema-graph\">{\"@context\":\"https:\/\/schema.org\",\"@graph\":[{\"@type\":\"WebPage\",\"@id\":\"https:\/\/helloschool.be\/fr\/presentation\/\",\"url\":\"https:\/\/helloschool.be\/fr\/presentation\/\",\"name\":\"Pr\u00e9sentation - Helloschool\",\"isPartOf\":{\"@id\":\"https:\/\/helloschool.be\/#website\"},\"datePublished\":\"2025-04-03T14:14:36+00:00\",\"dateModified\":\"2025-04-24T13:29:17+00:00\",\"breadcrumb\":{\"@id\":\"https:\/\/helloschool.be\/fr\/presentation\/#breadcrumb\"},\"inLanguage\":\"fr-FR\",\"potentialAction\":[{\"@type\":\"ReadAction\",\"target\":[\"https:\/\/helloschool.be\/fr\/presentation\/\"]}]},{\"@type\":\"BreadcrumbList\",\"@id\":\"https:\/\/helloschool.be\/fr\/presentation\/#breadcrumb\",\"itemListElement\":[{\"@type\":\"ListItem\",\"position\":1,\"name\":\"Home\",\"item\":\"https:\/\/helloschool.be\/fr\/\"},{\"@type\":\"ListItem\",\"position\":2,\"name\":\"Pr\u00e9sentation\"}]},{\"@type\":\"WebSite\",\"@id\":\"https:\/\/helloschool.be\/#website\",\"url\":\"https:\/\/helloschool.be\/\",\"name\":\"Helloschool\",\"description\":\"Concentrez-vous sur l\u2019enseignement, nous nous occupons du reste.\",\"potentialAction\":[{\"@type\":\"SearchAction\",\"target\":{\"@type\":\"EntryPoint\",\"urlTemplate\":\"https:\/\/helloschool.be\/?s={search_term_string}\"},\"query-input\":{\"@type\":\"PropertyValueSpecification\",\"valueRequired\":true,\"valueName\":\"search_term_string\"}}],\"inLanguage\":\"fr-FR\"}]}<\/script>\n<!-- \/ Yoast SEO plugin. -->","yoast_head_json":{"title":"Pr\u00e9sentation - Helloschool","robots":{"index":"index","follow":"follow","max-snippet":"max-snippet:-1","max-image-preview":"max-image-preview:large","max-video-preview":"max-video-preview:-1"},"canonical":"https:\/\/helloschool.be\/fr\/presentation\/","og_locale":"fr_FR","og_type":"article","og_title":"Pr\u00e9sentation - Helloschool","og_description":"D\u00e9couvrez ci-dessous notre assortiment de produits pour pr\u00e9sentation. Un espace de r\u00e9ception personnalis\u00e9 ou bien des supports publicitaires pour vos","og_url":"https:\/\/helloschool.be\/fr\/presentation\/","og_site_name":"Helloschool","article_modified_time":"2025-04-24T13:29:17+00:00","twitter_card":"summary_large_image","schema":{"@context":"https:\/\/schema.org","@graph":[{"@type":"WebPage","@id":"https:\/\/helloschool.be\/fr\/presentation\/","url":"https:\/\/helloschool.be\/fr\/presentation\/","name":"Pr\u00e9sentation - Helloschool","isPartOf":{"@id":"https:\/\/helloschool.be\/#website"},"datePublished":"2025-04-03T14:14:36+00:00","dateModified":"2025-04-24T13:29:17+00:00","breadcrumb":{"@id":"https:\/\/helloschool.be\/fr\/presentation\/#breadcrumb"},"inLanguage":"fr-FR","potentialAction":[{"@type":"ReadAction","target":["https:\/\/helloschool.be\/fr\/presentation\/"]}]},{"@type":"BreadcrumbList","@id":"https:\/\/helloschool.be\/fr\/presentation\/#breadcrumb","itemListElement":[{"@type":"ListItem","position":1,"name":"Home","item":"https:\/\/helloschool.be\/fr\/"},{"@type":"ListItem","position":2,"name":"Pr\u00e9sentation"}]},{"@type":"WebSite","@id":"https:\/\/helloschool.be\/#website","url":"https:\/\/helloschool.be\/","name":"Helloschool","description":"Concentrez-vous sur l\u2019enseignement, nous nous occupons du reste.","potentialAction":[{"@type":"SearchAction","target":{"@type":"EntryPoint","urlTemplate":"https:\/\/helloschool.be\/?s={search_term_string}"},"query-input":{"@type":"PropertyValueSpecification","valueRequired":true,"valueName":"search_term_string"}}],"inLanguage":"fr-FR"}]}},"_links":{"self":[{"href":"https:\/\/helloschool.be\/fr\/wp-json\/wp\/v2\/pages\/19000","targetHints":{"allow":["GET"]}}],"collection":[{"href":"https:\/\/helloschool.be\/fr\/wp-json\/wp\/v2\/pages"}],"about":[{"href":"https:\/\/helloschool.be\/fr\/wp-json\/wp\/v2\/types\/page"}],"author":[{"embeddable":true,"href":"https:\/\/helloschool.be\/fr\/wp-json\/wp\/v2\/users\/5"}],"replies":[{"embeddable":true,"href":"https:\/\/helloschool.be\/fr\/wp-json\/wp\/v2\/comments?post=19000"}],"version-history":[{"count":4,"href":"https:\/\/helloschool.be\/fr\/wp-json\/wp\/v2\/pages\/19000\/revisions"}],"predecessor-version":[{"id":19096,"href":"https:\/\/helloschool.be\/fr\/wp-json\/wp\/v2\/pages\/19000\/revisions\/19096"}],"wp:attachment":[{"href":"https:\/\/helloschool.be\/fr\/wp-json\/wp\/v2\/media?parent=19000"}],"curies":[{"name":"wp","href":"https:\/\/api.w.org\/{rel}","templated":true}]}}