{"id":19013,"date":"2025-04-03T14:01:18","date_gmt":"2025-04-03T14:01:18","guid":{"rendered":"https:\/\/helloschool.be\/?page_id=19013"},"modified":"2025-04-29T14:49:57","modified_gmt":"2025-04-29T14:49:57","slug":"feuilles-de-test","status":"publish","type":"page","link":"https:\/\/helloschool.be\/fr\/feuilles-de-test\/","title":{"rendered":"Feuilles de test"},"content":{"rendered":"\t\t<div data-elementor-type=\"wp-page\" data-elementor-id=\"19013\" class=\"elementor elementor-19013 elementor-17299\" data-elementor-post-type=\"page\">\n\t\t\t\t<div class=\"wd-negative-gap elementor-element elementor-element-5ffbbb1 e-flex e-con-boxed e-con e-parent\" data-id=\"5ffbbb1\" data-element_type=\"container\" data-e-type=\"container\">\n\t\t\t\t\t<div class=\"e-con-inner\">\n\t\t\t\t<div class=\"elementor-element elementor-element-b6d6ac5 color-scheme-inherit text-left elementor-widget elementor-widget-text-editor\" data-id=\"b6d6ac5\" data-element_type=\"widget\" data-e-type=\"widget\" data-widget_type=\"text-editor.default\">\n\t\t\t\t<div class=\"elementor-widget-container\">\n\t\t\t\t\t\t\t\t\t<p>D\u00e9couvrez ci-dessous notre large gamme de papier de test et de blocs de contr\u00f4le. Le papier de test est disponible dans les formats A3 (double), A4 et A5, avec une impression recto-verso en gris. Les blocs sont \u00e9quip\u00e9s d&rsquo;une couverture neutre ou imprim\u00e9e et sont coll\u00e9s sur le dessus. Vous pouvez configurer d\u00e8s maintenant votre produit ou l&rsquo;ajouter \u00e0 vos favoris pour le consulter plus tard.    <\/p><p>Vous avez des questions ou vous ne trouvez pas ce que vous recherchez ? Demandez un devis ! Exclusivement pour les \u00e9tablissements d&rsquo;enseignement.  <\/p>\t\t\t\t\t\t\t\t<\/div>\n\t\t\t\t<\/div>\n\t\t\t\t\t<\/div>\n\t\t\t\t<\/div>\n\t\t<div class=\"wd-negative-gap elementor-element elementor-element-e2ec307 e-flex e-con-boxed e-con e-parent\" data-id=\"e2ec307\" data-element_type=\"container\" data-e-type=\"container\">\n\t\t\t\t\t<div class=\"e-con-inner\">\n\t\t\t\t<div class=\"elementor-element elementor-element-46486a7 elementor-widget elementor-widget-spacer\" data-id=\"46486a7\" data-element_type=\"widget\" data-e-type=\"widget\" data-widget_type=\"spacer.default\">\n\t\t\t\t<div class=\"elementor-widget-container\">\n\t\t\t\t\t\t\t<div class=\"elementor-spacer\">\n\t\t\t<div class=\"elementor-spacer-inner\"><\/div>\n\t\t<\/div>\n\t\t\t\t\t\t<\/div>\n\t\t\t\t<\/div>\n\t\t\t\t\t<\/div>\n\t\t\t\t<\/div>\n\t\t<div class=\"wd-negative-gap elementor-element elementor-element-7eddbb3 e-flex e-con-boxed e-con e-parent\" data-id=\"7eddbb3\" data-element_type=\"container\" data-e-type=\"container\">\n\t\t\t\t\t<div class=\"e-con-inner\">\n\t\t\t\t\t<\/div>\n\t\t\t\t<\/div>\n\t\t\t\t<\/div>\n\t\t","protected":false},"excerpt":{"rendered":"<p>D\u00e9couvrez ci-dessous notre large gamme de papier de test et de blocs de contr\u00f4le. Le papier de test est disponible<\/p>\n","protected":false},"author":5,"featured_media":0,"parent":0,"menu_order":0,"comment_status":"closed","ping_status":"closed","template":"","meta":{"_acf_changed":false,"brand_hub_restriction":[],"brand_hub_id":null,"footnotes":""},"class_list":["post-19013","page","type-page","status-publish","hentry"],"acf":[],"yoast_head":"<!-- This site is optimized with the Yoast SEO plugin v26.7 - https:\/\/yoast.com\/wordpress\/plugins\/seo\/ -->\n<title>Feuilles de test - Helloschool<\/title>\n<meta name=\"robots\" content=\"index, follow, max-snippet:-1, max-image-preview:large, max-video-preview:-1\" \/>\n<link rel=\"canonical\" href=\"https:\/\/helloschool.be\/toetspapier\/\" \/>\n<meta property=\"og:locale\" content=\"fr_FR\" \/>\n<meta property=\"og:type\" content=\"article\" \/>\n<meta property=\"og:title\" content=\"Feuilles de test - Helloschool\" \/>\n<meta property=\"og:description\" content=\"D\u00e9couvrez ci-dessous notre large gamme de papier de test et de blocs de contr\u00f4le. Le papier de test est disponible\" \/>\n<meta property=\"og:url\" content=\"https:\/\/helloschool.be\/toetspapier\/\" \/>\n<meta property=\"og:site_name\" content=\"Helloschool\" \/>\n<meta property=\"article:modified_time\" content=\"2025-04-29T14:49:57+00:00\" \/>\n<meta name=\"twitter:card\" content=\"summary_large_image\" \/>\n<script type=\"application\/ld+json\" class=\"yoast-schema-graph\">{\"@context\":\"https:\/\/schema.org\",\"@graph\":[{\"@type\":\"WebPage\",\"@id\":\"https:\/\/helloschool.be\/toetspapier\/\",\"url\":\"https:\/\/helloschool.be\/toetspapier\/\",\"name\":\"Feuilles de test - Helloschool\",\"isPartOf\":{\"@id\":\"https:\/\/helloschool.be\/#website\"},\"datePublished\":\"2025-04-03T14:01:18+00:00\",\"dateModified\":\"2025-04-29T14:49:57+00:00\",\"breadcrumb\":{\"@id\":\"https:\/\/helloschool.be\/toetspapier\/#breadcrumb\"},\"inLanguage\":\"fr-FR\",\"potentialAction\":[{\"@type\":\"ReadAction\",\"target\":[\"https:\/\/helloschool.be\/toetspapier\/\"]}]},{\"@type\":\"BreadcrumbList\",\"@id\":\"https:\/\/helloschool.be\/toetspapier\/#breadcrumb\",\"itemListElement\":[{\"@type\":\"ListItem\",\"position\":1,\"name\":\"Home\",\"item\":\"https:\/\/helloschool.be\/fr\/\"},{\"@type\":\"ListItem\",\"position\":2,\"name\":\"Feuilles de test\"}]},{\"@type\":\"WebSite\",\"@id\":\"https:\/\/helloschool.be\/#website\",\"url\":\"https:\/\/helloschool.be\/\",\"name\":\"Helloschool\",\"description\":\"Concentrez-vous sur l\u2019enseignement, nous nous occupons du reste.\",\"potentialAction\":[{\"@type\":\"SearchAction\",\"target\":{\"@type\":\"EntryPoint\",\"urlTemplate\":\"https:\/\/helloschool.be\/?s={search_term_string}\"},\"query-input\":{\"@type\":\"PropertyValueSpecification\",\"valueRequired\":true,\"valueName\":\"search_term_string\"}}],\"inLanguage\":\"fr-FR\"}]}<\/script>\n<!-- \/ Yoast SEO plugin. -->","yoast_head_json":{"title":"Feuilles de test - Helloschool","robots":{"index":"index","follow":"follow","max-snippet":"max-snippet:-1","max-image-preview":"max-image-preview:large","max-video-preview":"max-video-preview:-1"},"canonical":"https:\/\/helloschool.be\/toetspapier\/","og_locale":"fr_FR","og_type":"article","og_title":"Feuilles de test - Helloschool","og_description":"D\u00e9couvrez ci-dessous notre large gamme de papier de test et de blocs de contr\u00f4le. Le papier de test est disponible","og_url":"https:\/\/helloschool.be\/toetspapier\/","og_site_name":"Helloschool","article_modified_time":"2025-04-29T14:49:57+00:00","twitter_card":"summary_large_image","schema":{"@context":"https:\/\/schema.org","@graph":[{"@type":"WebPage","@id":"https:\/\/helloschool.be\/toetspapier\/","url":"https:\/\/helloschool.be\/toetspapier\/","name":"Feuilles de test - Helloschool","isPartOf":{"@id":"https:\/\/helloschool.be\/#website"},"datePublished":"2025-04-03T14:01:18+00:00","dateModified":"2025-04-29T14:49:57+00:00","breadcrumb":{"@id":"https:\/\/helloschool.be\/toetspapier\/#breadcrumb"},"inLanguage":"fr-FR","potentialAction":[{"@type":"ReadAction","target":["https:\/\/helloschool.be\/toetspapier\/"]}]},{"@type":"BreadcrumbList","@id":"https:\/\/helloschool.be\/toetspapier\/#breadcrumb","itemListElement":[{"@type":"ListItem","position":1,"name":"Home","item":"https:\/\/helloschool.be\/fr\/"},{"@type":"ListItem","position":2,"name":"Feuilles de test"}]},{"@type":"WebSite","@id":"https:\/\/helloschool.be\/#website","url":"https:\/\/helloschool.be\/","name":"Helloschool","description":"Concentrez-vous sur l\u2019enseignement, nous nous occupons du reste.","potentialAction":[{"@type":"SearchAction","target":{"@type":"EntryPoint","urlTemplate":"https:\/\/helloschool.be\/?s={search_term_string}"},"query-input":{"@type":"PropertyValueSpecification","valueRequired":true,"valueName":"search_term_string"}}],"inLanguage":"fr-FR"}]}},"_links":{"self":[{"href":"https:\/\/helloschool.be\/fr\/wp-json\/wp\/v2\/pages\/19013","targetHints":{"allow":["GET"]}}],"collection":[{"href":"https:\/\/helloschool.be\/fr\/wp-json\/wp\/v2\/pages"}],"about":[{"href":"https:\/\/helloschool.be\/fr\/wp-json\/wp\/v2\/types\/page"}],"author":[{"embeddable":true,"href":"https:\/\/helloschool.be\/fr\/wp-json\/wp\/v2\/users\/5"}],"replies":[{"embeddable":true,"href":"https:\/\/helloschool.be\/fr\/wp-json\/wp\/v2\/comments?post=19013"}],"version-history":[{"count":7,"href":"https:\/\/helloschool.be\/fr\/wp-json\/wp\/v2\/pages\/19013\/revisions"}],"predecessor-version":[{"id":19547,"href":"https:\/\/helloschool.be\/fr\/wp-json\/wp\/v2\/pages\/19013\/revisions\/19547"}],"wp:attachment":[{"href":"https:\/\/helloschool.be\/fr\/wp-json\/wp\/v2\/media?parent=19013"}],"curies":[{"name":"wp","href":"https:\/\/api.w.org\/{rel}","templated":true}]}}