{"id":19824,"date":"2021-10-12T15:51:09","date_gmt":"2021-10-12T15:51:09","guid":{"rendered":"https:\/\/helloschool.be\/a-propos\/"},"modified":"2026-01-15T13:58:43","modified_gmt":"2026-01-15T13:58:43","slug":"a-propos","status":"publish","type":"page","link":"https:\/\/helloschool.be\/fr\/a-propos\/","title":{"rendered":"\u00c0 propos"},"content":{"rendered":"\t\t<div data-elementor-type=\"wp-page\" data-elementor-id=\"19824\" class=\"elementor elementor-19824 elementor-4400\" data-elementor-post-type=\"page\">\n\t\t\t\t<div class=\"wd-negative-gap elementor-element elementor-element-08e32b1 wd-section-stretch e-flex e-con-boxed e-con e-parent\" data-id=\"08e32b1\" data-element_type=\"container\" data-e-type=\"container\" data-settings=\"{&quot;background_background&quot;:&quot;classic&quot;}\">\n\t\t\t\t\t<div class=\"e-con-inner\">\n\t\t<div class=\"wd-negative-gap elementor-element elementor-element-7474aaf wd-section-stretch e-grid e-con-boxed e-con e-child\" data-id=\"7474aaf\" data-element_type=\"container\" data-e-type=\"container\" data-settings=\"{&quot;background_background&quot;:&quot;classic&quot;}\">\n\t\t\t\t\t<div class=\"e-con-inner\">\n\t\t<div class=\"elementor-element elementor-element-e81a5b0 e-con-full e-flex e-con e-child\" data-id=\"e81a5b0\" data-element_type=\"container\" data-e-type=\"container\">\n\t\t<div class=\"elementor-element elementor-element-c420ec3 e-con-full e-flex e-con e-child\" data-id=\"c420ec3\" data-element_type=\"container\" data-e-type=\"container\">\n\t\t\t\t<div class=\"elementor-element elementor-element-2b80222 elementor-widget elementor-widget-wd_infobox\" data-id=\"2b80222\" data-element_type=\"widget\" data-e-type=\"widget\" data-widget_type=\"wd_infobox.default\">\n\t\t\t\t<div class=\"elementor-widget-container\">\n\t\t\t\t\t\t\t<div class=\"info-box-wrapper\">\n\t\t\t<div class=\"wd-info-box text-center box-icon-align-top box-style-base color-scheme-\">\n\t\t\t\t\n\t\t\t\t<div class=\"info-box-content\">\n\t\t\t\t\t\n\t\t\t\t\t\t\t\t\t\t\t<h4\t\t\t\t\t\tclass=\"info-box-title title box-title-style-default wd-fontsize-xl\" data-elementor-setting-key=\"title\">\n\t\t\t\t\t\t\t\t<strong>Partenaire des \u00e9tablissements d\u2019enseignement depuis pr\u00e8s de 80 ans<\/strong>\t\t\t\t\t\t<\/h4>\n\t\t\t\t\t\n\t\t\t\t\t<div class=\"info-box-inner reset-last-child\"data-elementor-setting-key=\"content\"><\/div>\n\n\t\t\t\t\t\t\t\t\t<\/div>\n\n\t\t\t\t\t\t\t<\/div>\n\t\t<\/div>\n\t\t\t\t\t\t<\/div>\n\t\t\t\t<\/div>\n\t\t\t\t<\/div>\n\t\t\t\t<\/div>\n\t\t<div class=\"elementor-element elementor-element-7deba04 e-con-full e-flex e-con e-child\" data-id=\"7deba04\" data-element_type=\"container\" data-e-type=\"container\">\n\t\t\t\t<div class=\"elementor-element elementor-element-a1c4157 elementor-widget elementor-widget-wd_infobox\" data-id=\"a1c4157\" data-element_type=\"widget\" data-e-type=\"widget\" data-widget_type=\"wd_infobox.default\">\n\t\t\t\t<div class=\"elementor-widget-container\">\n\t\t\t\t\t\t\t<div class=\"info-box-wrapper\">\n\t\t\t<div class=\"wd-info-box text-center box-icon-align-top box-style-base color-scheme-\">\n\t\t\t\t\t\t\t\t\t<div class=\"box-icon-wrapper  box-with-icon box-icon-simple\">\n\t\t\t\t\t\t<div class=\"info-box-icon\">\n\t\t\t\t\t\t\t\t\t\t\t\t\t\t\t<div class=\"info-svg-wrapper\" style=\"width:100px; height:100px;\"><img decoding=\"async\"  src=\"https:\/\/helloschool.be\/wp-content\/uploads\/sites\/2\/2025\/03\/ontwerp2.svg\" title=\"ontwerp2.svg\" loading=\"lazy\" width=\"100\" height=\"100\"><\/div>\t\t\t\t\t\t\t\t\t\t\t\t\t<\/div>\n\t\t\t\t\t<\/div>\n\t\t\t\t\n\t\t\t\t<div class=\"info-box-content\">\n\t\t\t\t\t\n\t\t\t\t\t\t\t\t\t\t\t<h4\t\t\t\t\t\tclass=\"info-box-title title box-title-style-default wd-fontsize-m\" data-elementor-setting-key=\"title\">\n\t\t\t\t\t\t\t\t<strong>Conception<\/strong>\t\t\t\t\t\t<\/h4>\n\t\t\t\t\t\n\t\t\t\t\t<div class=\"info-box-inner reset-last-child\"data-elementor-setting-key=\"content\"><p>Chaque produit que nous livrons est con\u00e7u sur mesure. Que ce soit une charte graphique, un article promotionnel, un guide scolaire ou une feuille d'examen. <\/p>\n<\/div>\n\n\t\t\t\t\t\t\t\t\t<\/div>\n\n\t\t\t\t\t\t\t<\/div>\n\t\t<\/div>\n\t\t\t\t\t\t<\/div>\n\t\t\t\t<\/div>\n\t\t\t\t<\/div>\n\t\t<div class=\"elementor-element elementor-element-7ebdf12 e-con-full e-flex e-con e-child\" data-id=\"7ebdf12\" data-element_type=\"container\" data-e-type=\"container\">\n\t\t\t\t<div class=\"elementor-element elementor-element-5eb75f8 elementor-widget elementor-widget-wd_infobox\" data-id=\"5eb75f8\" data-element_type=\"widget\" data-e-type=\"widget\" data-widget_type=\"wd_infobox.default\">\n\t\t\t\t<div class=\"elementor-widget-container\">\n\t\t\t\t\t\t\t<div class=\"info-box-wrapper\">\n\t\t\t<div class=\"wd-info-box text-center box-icon-align-top box-style-base color-scheme-\">\n\t\t\t\t\t\t\t\t\t<div class=\"box-icon-wrapper  box-with-icon box-icon-simple\">\n\t\t\t\t\t\t<div class=\"info-box-icon\">\n\t\t\t\t\t\t\t\t\t\t\t\t\t\t\t<div class=\"info-svg-wrapper\" style=\"width:100px; height:100px;\"><img decoding=\"async\"  src=\"https:\/\/helloschool.be\/wp-content\/uploads\/sites\/2\/2025\/03\/onderwijs-1.svg\" title=\"onderwijs-1.svg\" loading=\"lazy\" width=\"100\" height=\"100\"><\/div>\t\t\t\t\t\t\t\t\t\t\t\t\t<\/div>\n\t\t\t\t\t<\/div>\n\t\t\t\t\n\t\t\t\t<div class=\"info-box-content\">\n\t\t\t\t\t\n\t\t\t\t\t\t\t\t\t\t\t<h4\t\t\t\t\t\tclass=\"info-box-title title box-title-style-default wd-fontsize-m\" data-elementor-setting-key=\"title\">\n\t\t\t\t\t\t\t\t<strong>Enseignement scolaire<\/strong>\t\t\t\t\t\t<\/h4>\n\t\t\t\t\t\n\t\t\t\t\t<div class=\"info-box-inner reset-last-child\"data-elementor-setting-key=\"content\"><p>Comme notre nom l'indique, nous fournissons exclusivement les \u00e9tablissements d'enseignement, en Belgique et aux Pays-Bas.<\/p>\n<\/div>\n\n\t\t\t\t\t\t\t\t\t<\/div>\n\n\t\t\t\t\t\t\t<\/div>\n\t\t<\/div>\n\t\t\t\t\t\t<\/div>\n\t\t\t\t<\/div>\n\t\t\t\t<\/div>\n\t\t\t\t\t<\/div>\n\t\t\t\t<\/div>\n\t\t\t\t\t<\/div>\n\t\t\t\t<\/div>\n\t\t<div class=\"wd-negative-gap elementor-element elementor-element-f3f553c e-flex e-con-boxed e-con e-parent\" data-id=\"f3f553c\" data-element_type=\"container\" data-e-type=\"container\">\n\t\t\t\t\t<div class=\"e-con-inner\">\n\t\t<div class=\"elementor-element elementor-element-c7013ef e-con-full e-flex e-con e-child\" data-id=\"c7013ef\" data-element_type=\"container\" data-e-type=\"container\">\n\t\t\t\t<div class=\"elementor-element elementor-element-84b750f elementor-widget elementor-widget-wd_image_or_svg\" data-id=\"84b750f\" data-element_type=\"widget\" data-e-type=\"widget\" data-widget_type=\"wd_image_or_svg.default\">\n\t\t\t\t<div class=\"elementor-widget-container\">\n\t\t\t\t\t\n\t\t<div class=\"wd-image text-left\">\n\t\t\t\t\t\t\t\t<img decoding=\"async\"  src=\"https:\/\/helloschool.be\/wp-content\/uploads\/sites\/2\/2025\/04\/Helloschool-logo-KHGT.svg\" title=\"Helloschool-logo-KH+GT\" loading=\"lazy\" width=\"3000\" height=\"3000\">\t\t\t\t\t<\/div>\n\n\t\t\t\t\t\t<\/div>\n\t\t\t\t<\/div>\n\t\t\t\t<\/div>\n\t\t<div class=\"elementor-element elementor-element-887226c e-con-full e-flex e-con e-child\" data-id=\"887226c\" data-element_type=\"container\" data-e-type=\"container\">\n\t\t\t\t<div class=\"elementor-element elementor-element-831ec27 wd-width-100 elementor-widget elementor-widget-wd_title\" data-id=\"831ec27\" data-element_type=\"widget\" data-e-type=\"widget\" data-widget_type=\"wd_title.default\">\n\t\t\t\t<div class=\"elementor-widget-container\">\n\t\t\t\t\t\t\t<div class=\"title-wrapper wd-set-mb reset-last-child wd-title-color-primary wd-title-style-default wd-title-size-large text-left\">\n\n\t\t\t\n\t\t\t<div class=\"liner-continer\">\n\t\t\t\t<h4 class=\"woodmart-title-container title wd-fontsize-xxl\">\u00c0 propos de Helloschool<\/h4> \n\t\t\t\t\t\t\t<\/div>\n\n\t\t\t\t\t<\/div>\n\t\t\t\t\t\t<\/div>\n\t\t\t\t<\/div>\n\t\t\t\t<div class=\"elementor-element elementor-element-2cb0afb elementor-widget elementor-widget-wd_text_block\" data-id=\"2cb0afb\" data-element_type=\"widget\" data-e-type=\"widget\" data-widget_type=\"wd_text_block.default\">\n\t\t\t\t<div class=\"elementor-widget-container\">\n\t\t\t\t\t\t\t<div class=\"wd-text-block reset-last-child text-left\">\n\t\t\t\n\t\t\t<p class=\"text-align-left\"><span class=\"\">Nous concevons et fournissons des impressions de toutes sortes et formats. Impressions commerciales, publicitaires et promotionnelles, impressions sp\u00e9ciales, et tout ce qui peut \u00eatre imprim\u00e9. <\/span><\/p><p class=\"text-align-left\">Nous proposons \u00e9galement de la publicit\u00e9 ext\u00e9rieure, comme des drapeaux, des banderoles, des banni\u00e8res, des articles promotionnels personnalis\u00e9s ou des supports num\u00e9riques tels que des sites web ou des pr\u00e9sentations.<\/p><p class=\"text-align-left\"><strong>En bref, un service complet, de la conception \u00e0 la livraison.<\/strong><\/p>\n\t\t\t\t\t<\/div>\n\t\t\t\t\t\t<\/div>\n\t\t\t\t<\/div>\n\t\t\t\t<\/div>\n\t\t\t\t\t<\/div>\n\t\t\t\t<\/div>\n\t\t<div class=\"wd-negative-gap elementor-element elementor-element-09d6629 wd-section-stretch e-flex e-con-boxed e-con e-parent\" data-id=\"09d6629\" data-element_type=\"container\" data-e-type=\"container\" data-settings=\"{&quot;background_background&quot;:&quot;classic&quot;}\">\n\t\t\t\t\t<div class=\"e-con-inner\">\n\t\t<div class=\"elementor-element elementor-element-8cf1323 e-con-full e-flex e-con e-child\" data-id=\"8cf1323\" data-element_type=\"container\" data-e-type=\"container\">\n\t\t\t\t<div class=\"elementor-element elementor-element-a763704 wd-width-100 elementor-widget elementor-widget-wd_title\" data-id=\"a763704\" data-element_type=\"widget\" data-e-type=\"widget\" data-widget_type=\"wd_title.default\">\n\t\t\t\t<div class=\"elementor-widget-container\">\n\t\t\t\t\t\t\t<div class=\"title-wrapper wd-set-mb reset-last-child wd-title-color-primary wd-title-style-default wd-title-size-large text-center\">\n\n\t\t\t\n\t\t\t<div class=\"liner-continer\">\n\t\t\t\t<h4 class=\"woodmart-title-container title wd-fontsize-xxl\">Ce que nos clients pensent<\/h4> \n\t\t\t\t\t\t\t<\/div>\n\n\t\t\t\t\t<\/div>\n\t\t\t\t\t\t<\/div>\n\t\t\t\t<\/div>\n\t\t\t\t<div class=\"elementor-element elementor-element-4441d7e elementor-widget elementor-widget-wd_testimonials\" data-id=\"4441d7e\" data-element_type=\"widget\" data-e-type=\"widget\" data-widget_type=\"wd_testimonials.default\">\n\t\t\t\t<div class=\"elementor-widget-container\">\n\t\t\t\t\t\t\t<div class=\"testimonials testimon-style-standard  color-scheme- testimon-with-rating testimon-align-center\" id=\"carousel-3967\">\n\t\t\t\n\t\t\t<div class=\"wd-grid-g\" style=\"--wd-col-lg:3;--wd-col-md:3;--wd-col-sm:1;--wd-gap-lg:30px;--wd-gap-sm:10px;\" >\n\t\t\t\t\n\t\t\t\t\t\t\t\t\t\n<div class=\"testimonial wd-col\">\n\t<div class=\"testimonial-inner\">\n\t\t\n\t\t<div class=\"testimonial-content\">\n\t\t\t<div class=\"testimonial-rating\">\n\t\t\t\t<span class=\"star-rating\">\n\t\t\t\t\t<span style=\"width:100%\"><\/span>\n\t\t\t\t<\/span>\n\t\t\t<\/div>\n\n\t\t\t<p>Je commande depuis des ann\u00e9es avec Helloschool. Excellent contact, bon suivi et livraison rapide <\/p>\n\t\t\t<footer>\n\t\t\t\t\n\t\t\t\t\t\t\t<\/footer>\n\t\t<\/div>\n\t<\/div>\n<\/div>\t\t\t\t\t\t\t\t\t\n<div class=\"testimonial wd-col\">\n\t<div class=\"testimonial-inner\">\n\t\t\n\t\t<div class=\"testimonial-content\">\n\t\t\t<div class=\"testimonial-rating\">\n\t\t\t\t<span class=\"star-rating\">\n\t\t\t\t\t<span style=\"width:100%\"><\/span>\n\t\t\t\t<\/span>\n\t\t\t<\/div>\n\n\t\t\t<p>Nous avons entrepris la r\u00e9alisation de notre logo et de l\u2019identit\u00e9 visuelle de notre site internet. Apr\u00e8s plusieurs \u00e9changes et s\u00e9ances de r\u00e9flexion, une pr\u00e9sentation nous a \u00e9t\u00e9 soumise avec plusieurs propositions. Nous avons pu s\u00e9lectionner un design et demander quelques ajustements. Nous sommes tr\u00e8s satisfaits du r\u00e9sultat.   <\/p>\n\t\t\t<footer>\n\t\t\t\t\n\t\t\t\t\t\t\t<\/footer>\n\t\t<\/div>\n\t<\/div>\n<\/div>\t\t\t\t\t\t\t\t\t\n<div class=\"testimonial wd-col\">\n\t<div class=\"testimonial-inner\">\n\t\t\n\t\t<div class=\"testimonial-content\">\n\t\t\t<div class=\"testimonial-rating\">\n\t\t\t\t<span class=\"star-rating\">\n\t\t\t\t\t<span style=\"width:100%\"><\/span>\n\t\t\t\t<\/span>\n\t\t\t<\/div>\n\n\t\t\t<p>Commande de feuilles d'examens avec logo de notre \u00e9cole. Nous avons rapidement re\u00e7u l'\u00e9preuve d'impression et valid\u00e9 la commande. <\/p>\n\t\t\t<footer>\n\t\t\t\t\n\t\t\t\t\t\t\t<\/footer>\n\t\t<\/div>\n\t<\/div>\n<\/div>\t\t\t\t\n\t\t\t\t\t\t\t<\/div>\n\t\t\t\t\t<\/div>\n\t\t\t\t\t\t<\/div>\n\t\t\t\t<\/div>\n\t\t\t\t<\/div>\n\t\t\t\t\t<\/div>\n\t\t\t\t<\/div>\n\t\t\t\t<\/div>\n\t\t","protected":false},"excerpt":{"rendered":"<p>Partenaire des \u00e9tablissements d\u2019enseignement depuis pr\u00e8s de 80 ans Conception Chaque produit que nous livrons est con\u00e7u sur mesure. Que<\/p>\n","protected":false},"author":1,"featured_media":0,"parent":0,"menu_order":0,"comment_status":"closed","ping_status":"closed","template":"","meta":{"_acf_changed":false,"brand_hub_restriction":[],"brand_hub_id":null,"footnotes":""},"class_list":["post-19824","page","type-page","status-publish","hentry"],"acf":[],"yoast_head":"<!-- This site is optimized with the Yoast SEO plugin v26.7 - https:\/\/yoast.com\/wordpress\/plugins\/seo\/ -->\n<title>\u00c0 propos - Helloschool<\/title>\n<meta name=\"robots\" content=\"index, follow, max-snippet:-1, max-image-preview:large, max-video-preview:-1\" \/>\n<link rel=\"canonical\" href=\"https:\/\/helloschool.be\/fr\/a-propos\/\" \/>\n<meta property=\"og:locale\" content=\"fr_FR\" \/>\n<meta property=\"og:type\" content=\"article\" \/>\n<meta property=\"og:title\" content=\"\u00c0 propos - Helloschool\" \/>\n<meta property=\"og:description\" content=\"Partenaire des \u00e9tablissements d\u2019enseignement depuis pr\u00e8s de 80 ans Conception Chaque produit que nous livrons est con\u00e7u sur mesure. Que\" \/>\n<meta property=\"og:url\" content=\"https:\/\/helloschool.be\/fr\/a-propos\/\" \/>\n<meta property=\"og:site_name\" content=\"Helloschool\" \/>\n<meta property=\"article:modified_time\" content=\"2026-01-15T13:58:43+00:00\" \/>\n<meta property=\"og:image\" content=\"https:\/\/helloschool.be\/wp-content\/uploads\/sites\/2\/2025\/03\/ontwerp2.svg\" \/>\n<meta name=\"twitter:card\" content=\"summary_large_image\" \/>\n<meta name=\"twitter:label1\" content=\"Dur\u00e9e de lecture estim\u00e9e\" \/>\n\t<meta name=\"twitter:data1\" content=\"1 minute\" \/>\n<script type=\"application\/ld+json\" class=\"yoast-schema-graph\">{\"@context\":\"https:\/\/schema.org\",\"@graph\":[{\"@type\":\"WebPage\",\"@id\":\"https:\/\/helloschool.be\/fr\/a-propos\/\",\"url\":\"https:\/\/helloschool.be\/fr\/a-propos\/\",\"name\":\"\u00c0 propos - Helloschool\",\"isPartOf\":{\"@id\":\"https:\/\/helloschool.be\/#website\"},\"primaryImageOfPage\":{\"@id\":\"https:\/\/helloschool.be\/fr\/a-propos\/#primaryimage\"},\"image\":{\"@id\":\"https:\/\/helloschool.be\/fr\/a-propos\/#primaryimage\"},\"thumbnailUrl\":\"https:\/\/helloschool.be\/wp-content\/uploads\/sites\/2\/2025\/03\/ontwerp2.svg\",\"datePublished\":\"2021-10-12T15:51:09+00:00\",\"dateModified\":\"2026-01-15T13:58:43+00:00\",\"breadcrumb\":{\"@id\":\"https:\/\/helloschool.be\/fr\/a-propos\/#breadcrumb\"},\"inLanguage\":\"fr-FR\",\"potentialAction\":[{\"@type\":\"ReadAction\",\"target\":[\"https:\/\/helloschool.be\/fr\/a-propos\/\"]}]},{\"@type\":\"ImageObject\",\"inLanguage\":\"fr-FR\",\"@id\":\"https:\/\/helloschool.be\/fr\/a-propos\/#primaryimage\",\"url\":\"https:\/\/helloschool.be\/wp-content\/uploads\/sites\/2\/2025\/03\/ontwerp2.svg\",\"contentUrl\":\"https:\/\/helloschool.be\/wp-content\/uploads\/sites\/2\/2025\/03\/ontwerp2.svg\"},{\"@type\":\"BreadcrumbList\",\"@id\":\"https:\/\/helloschool.be\/fr\/a-propos\/#breadcrumb\",\"itemListElement\":[{\"@type\":\"ListItem\",\"position\":1,\"name\":\"Home\",\"item\":\"https:\/\/helloschool.be\/fr\/\"},{\"@type\":\"ListItem\",\"position\":2,\"name\":\"\u00c0 propos\"}]},{\"@type\":\"WebSite\",\"@id\":\"https:\/\/helloschool.be\/#website\",\"url\":\"https:\/\/helloschool.be\/\",\"name\":\"Helloschool\",\"description\":\"Concentrez-vous sur l\u2019enseignement, nous nous occupons du reste.\",\"potentialAction\":[{\"@type\":\"SearchAction\",\"target\":{\"@type\":\"EntryPoint\",\"urlTemplate\":\"https:\/\/helloschool.be\/?s={search_term_string}\"},\"query-input\":{\"@type\":\"PropertyValueSpecification\",\"valueRequired\":true,\"valueName\":\"search_term_string\"}}],\"inLanguage\":\"fr-FR\"}]}<\/script>\n<!-- \/ Yoast SEO plugin. -->","yoast_head_json":{"title":"\u00c0 propos - Helloschool","robots":{"index":"index","follow":"follow","max-snippet":"max-snippet:-1","max-image-preview":"max-image-preview:large","max-video-preview":"max-video-preview:-1"},"canonical":"https:\/\/helloschool.be\/fr\/a-propos\/","og_locale":"fr_FR","og_type":"article","og_title":"\u00c0 propos - Helloschool","og_description":"Partenaire des \u00e9tablissements d\u2019enseignement depuis pr\u00e8s de 80 ans Conception Chaque produit que nous livrons est con\u00e7u sur mesure. Que","og_url":"https:\/\/helloschool.be\/fr\/a-propos\/","og_site_name":"Helloschool","article_modified_time":"2026-01-15T13:58:43+00:00","og_image":[{"url":"https:\/\/helloschool.be\/wp-content\/uploads\/sites\/2\/2025\/03\/ontwerp2.svg","type":"","width":"","height":""}],"twitter_card":"summary_large_image","twitter_misc":{"Dur\u00e9e de lecture estim\u00e9e":"1 minute"},"schema":{"@context":"https:\/\/schema.org","@graph":[{"@type":"WebPage","@id":"https:\/\/helloschool.be\/fr\/a-propos\/","url":"https:\/\/helloschool.be\/fr\/a-propos\/","name":"\u00c0 propos - Helloschool","isPartOf":{"@id":"https:\/\/helloschool.be\/#website"},"primaryImageOfPage":{"@id":"https:\/\/helloschool.be\/fr\/a-propos\/#primaryimage"},"image":{"@id":"https:\/\/helloschool.be\/fr\/a-propos\/#primaryimage"},"thumbnailUrl":"https:\/\/helloschool.be\/wp-content\/uploads\/sites\/2\/2025\/03\/ontwerp2.svg","datePublished":"2021-10-12T15:51:09+00:00","dateModified":"2026-01-15T13:58:43+00:00","breadcrumb":{"@id":"https:\/\/helloschool.be\/fr\/a-propos\/#breadcrumb"},"inLanguage":"fr-FR","potentialAction":[{"@type":"ReadAction","target":["https:\/\/helloschool.be\/fr\/a-propos\/"]}]},{"@type":"ImageObject","inLanguage":"fr-FR","@id":"https:\/\/helloschool.be\/fr\/a-propos\/#primaryimage","url":"https:\/\/helloschool.be\/wp-content\/uploads\/sites\/2\/2025\/03\/ontwerp2.svg","contentUrl":"https:\/\/helloschool.be\/wp-content\/uploads\/sites\/2\/2025\/03\/ontwerp2.svg"},{"@type":"BreadcrumbList","@id":"https:\/\/helloschool.be\/fr\/a-propos\/#breadcrumb","itemListElement":[{"@type":"ListItem","position":1,"name":"Home","item":"https:\/\/helloschool.be\/fr\/"},{"@type":"ListItem","position":2,"name":"\u00c0 propos"}]},{"@type":"WebSite","@id":"https:\/\/helloschool.be\/#website","url":"https:\/\/helloschool.be\/","name":"Helloschool","description":"Concentrez-vous sur l\u2019enseignement, nous nous occupons du reste.","potentialAction":[{"@type":"SearchAction","target":{"@type":"EntryPoint","urlTemplate":"https:\/\/helloschool.be\/?s={search_term_string}"},"query-input":{"@type":"PropertyValueSpecification","valueRequired":true,"valueName":"search_term_string"}}],"inLanguage":"fr-FR"}]}},"_links":{"self":[{"href":"https:\/\/helloschool.be\/fr\/wp-json\/wp\/v2\/pages\/19824","targetHints":{"allow":["GET"]}}],"collection":[{"href":"https:\/\/helloschool.be\/fr\/wp-json\/wp\/v2\/pages"}],"about":[{"href":"https:\/\/helloschool.be\/fr\/wp-json\/wp\/v2\/types\/page"}],"author":[{"embeddable":true,"href":"https:\/\/helloschool.be\/fr\/wp-json\/wp\/v2\/users\/1"}],"replies":[{"embeddable":true,"href":"https:\/\/helloschool.be\/fr\/wp-json\/wp\/v2\/comments?post=19824"}],"version-history":[{"count":2,"href":"https:\/\/helloschool.be\/fr\/wp-json\/wp\/v2\/pages\/19824\/revisions"}],"predecessor-version":[{"id":23466,"href":"https:\/\/helloschool.be\/fr\/wp-json\/wp\/v2\/pages\/19824\/revisions\/23466"}],"wp:attachment":[{"href":"https:\/\/helloschool.be\/fr\/wp-json\/wp\/v2\/media?parent=19824"}],"curies":[{"name":"wp","href":"https:\/\/api.w.org\/{rel}","templated":true}]}}