{"id":19265,"date":"2025-04-07T13:13:52","date_gmt":"2025-04-07T13:13:52","guid":{"rendered":"https:\/\/helloschool.be\/product\/bande-dexamen\/"},"modified":"2025-05-13T12:32:21","modified_gmt":"2025-05-13T12:32:21","slug":"bande-dexamen","status":"publish","type":"product","link":"https:\/\/helloschool.be\/fr\/product\/bande-dexamen\/","title":{"rendered":"Bandes d&rsquo;examen"},"content":{"rendered":"","protected":false},"excerpt":{"rendered":"<p><strong>Bandes d&rsquo;examen \/ Bandes de stockage ou l&rsquo;archivage des examens, tests, etc.<\/p>\n<p><\/strong>\u00c9quip\u00e9s du logo de l&rsquo;\u00e9cole et de champs \u00e0 remplir. Enti\u00e8rement personnalisables avec diff\u00e9rentes couleurs de fond pour diff\u00e9rencier les classes \/ ann\u00e9es.<\/p>\n<p>Format 610&#215;143 (standard), 1 mod\u00e8le, couleur au choix et mise en page personnalis\u00e9e.<\/p>\n","protected":false},"featured_media":17850,"template":"","meta":{"_acf_changed":false,"brand_hub_restriction":[],"brand_hub_id":null},"product_brand":[],"product_cat":[115],"product_tag":[],"class_list":{"0":"post-19265","1":"product","2":"type-product","3":"status-publish","4":"has-post-thumbnail","6":"product_cat-impression-fr","8":"first","9":"instock","10":"taxable","11":"shipping-taxable","12":"purchasable","13":"product-type-variable","14":"has-default-attributes"},"acf":[],"yoast_head":"<!-- This site is optimized with the Yoast SEO plugin v26.7 - https:\/\/yoast.com\/wordpress\/plugins\/seo\/ -->\n<title>Bandes d&#039;examen - Helloschool<\/title>\n<meta name=\"robots\" content=\"index, follow, max-snippet:-1, max-image-preview:large, max-video-preview:-1\" \/>\n<link rel=\"canonical\" href=\"https:\/\/helloschool.be\/product\/examenbanden\/\" \/>\n<meta property=\"og:locale\" content=\"fr_FR\" \/>\n<meta property=\"og:type\" content=\"article\" \/>\n<meta property=\"og:title\" content=\"Bandes d&#039;examen - Helloschool\" \/>\n<meta property=\"og:description\" content=\"Bandes d&#039;examen \/ Bandes de stockage ou l&#039;archivage des examens, tests, etc.  \u00c9quip\u00e9s du logo de l&#039;\u00e9cole et de champs \u00e0 remplir. Enti\u00e8rement personnalisables avec diff\u00e9rentes couleurs de fond pour diff\u00e9rencier les classes \/ ann\u00e9es.  Format 610x143 (standard), 1 mod\u00e8le, couleur au choix et mise en page personnalis\u00e9e.\" \/>\n<meta property=\"og:url\" content=\"https:\/\/helloschool.be\/product\/examenbanden\/\" \/>\n<meta property=\"og:site_name\" content=\"Helloschool\" \/>\n<meta property=\"article:modified_time\" content=\"2025-05-13T12:32:21+00:00\" \/>\n<meta property=\"og:image\" content=\"https:\/\/helloschool.be\/wp-content\/uploads\/sites\/2\/2025\/04\/Banden610x143.jpg\" \/>\n\t<meta property=\"og:image:width\" content=\"1577\" \/>\n\t<meta property=\"og:image:height\" content=\"1577\" \/>\n\t<meta property=\"og:image:type\" content=\"image\/jpeg\" \/>\n<meta name=\"twitter:card\" content=\"summary_large_image\" \/>\n<script type=\"application\/ld+json\" class=\"yoast-schema-graph\">{\"@context\":\"https:\/\/schema.org\",\"@graph\":[{\"@type\":\"WebPage\",\"@id\":\"https:\/\/helloschool.be\/product\/examenbanden\/\",\"url\":\"https:\/\/helloschool.be\/product\/examenbanden\/\",\"name\":\"Bandes d'examen - Helloschool\",\"isPartOf\":{\"@id\":\"https:\/\/helloschool.be\/#website\"},\"primaryImageOfPage\":{\"@id\":\"https:\/\/helloschool.be\/product\/examenbanden\/#primaryimage\"},\"image\":{\"@id\":\"https:\/\/helloschool.be\/product\/examenbanden\/#primaryimage\"},\"thumbnailUrl\":\"https:\/\/helloschool.be\/wp-content\/uploads\/sites\/2\/2025\/04\/Banden610x143.jpg\",\"datePublished\":\"2025-04-07T13:13:52+00:00\",\"dateModified\":\"2025-05-13T12:32:21+00:00\",\"breadcrumb\":{\"@id\":\"https:\/\/helloschool.be\/product\/examenbanden\/#breadcrumb\"},\"inLanguage\":\"fr-FR\",\"potentialAction\":[{\"@type\":\"ReadAction\",\"target\":[\"https:\/\/helloschool.be\/product\/examenbanden\/\"]}]},{\"@type\":\"ImageObject\",\"inLanguage\":\"fr-FR\",\"@id\":\"https:\/\/helloschool.be\/product\/examenbanden\/#primaryimage\",\"url\":\"https:\/\/helloschool.be\/wp-content\/uploads\/sites\/2\/2025\/04\/Banden610x143.jpg\",\"contentUrl\":\"https:\/\/helloschool.be\/wp-content\/uploads\/sites\/2\/2025\/04\/Banden610x143.jpg\",\"width\":1577,\"height\":1577},{\"@type\":\"BreadcrumbList\",\"@id\":\"https:\/\/helloschool.be\/product\/examenbanden\/#breadcrumb\",\"itemListElement\":[{\"@type\":\"ListItem\",\"position\":1,\"name\":\"Home\",\"item\":\"https:\/\/helloschool.be\/fr\/\"},{\"@type\":\"ListItem\",\"position\":2,\"name\":\"Produits\",\"item\":\"https:\/\/helloschool.be\/producten\/\"},{\"@type\":\"ListItem\",\"position\":3,\"name\":\"Bandes d&#8217;examen\"}]},{\"@type\":\"WebSite\",\"@id\":\"https:\/\/helloschool.be\/#website\",\"url\":\"https:\/\/helloschool.be\/\",\"name\":\"Helloschool\",\"description\":\"Concentrez-vous sur l\u2019enseignement, nous nous occupons du reste.\",\"potentialAction\":[{\"@type\":\"SearchAction\",\"target\":{\"@type\":\"EntryPoint\",\"urlTemplate\":\"https:\/\/helloschool.be\/?s={search_term_string}\"},\"query-input\":{\"@type\":\"PropertyValueSpecification\",\"valueRequired\":true,\"valueName\":\"search_term_string\"}}],\"inLanguage\":\"fr-FR\"}]}<\/script>\n<!-- \/ Yoast SEO plugin. -->","yoast_head_json":{"title":"Bandes d'examen - Helloschool","robots":{"index":"index","follow":"follow","max-snippet":"max-snippet:-1","max-image-preview":"max-image-preview:large","max-video-preview":"max-video-preview:-1"},"canonical":"https:\/\/helloschool.be\/product\/examenbanden\/","og_locale":"fr_FR","og_type":"article","og_title":"Bandes d'examen - Helloschool","og_description":"Bandes d'examen \/ Bandes de stockage ou l'archivage des examens, tests, etc.  \u00c9quip\u00e9s du logo de l'\u00e9cole et de champs \u00e0 remplir. Enti\u00e8rement personnalisables avec diff\u00e9rentes couleurs de fond pour diff\u00e9rencier les classes \/ ann\u00e9es.  Format 610x143 (standard), 1 mod\u00e8le, couleur au choix et mise en page personnalis\u00e9e.","og_url":"https:\/\/helloschool.be\/product\/examenbanden\/","og_site_name":"Helloschool","article_modified_time":"2025-05-13T12:32:21+00:00","og_image":[{"width":1577,"height":1577,"url":"https:\/\/helloschool.be\/wp-content\/uploads\/sites\/2\/2025\/04\/Banden610x143.jpg","type":"image\/jpeg"}],"twitter_card":"summary_large_image","schema":{"@context":"https:\/\/schema.org","@graph":[{"@type":"WebPage","@id":"https:\/\/helloschool.be\/product\/examenbanden\/","url":"https:\/\/helloschool.be\/product\/examenbanden\/","name":"Bandes d'examen - Helloschool","isPartOf":{"@id":"https:\/\/helloschool.be\/#website"},"primaryImageOfPage":{"@id":"https:\/\/helloschool.be\/product\/examenbanden\/#primaryimage"},"image":{"@id":"https:\/\/helloschool.be\/product\/examenbanden\/#primaryimage"},"thumbnailUrl":"https:\/\/helloschool.be\/wp-content\/uploads\/sites\/2\/2025\/04\/Banden610x143.jpg","datePublished":"2025-04-07T13:13:52+00:00","dateModified":"2025-05-13T12:32:21+00:00","breadcrumb":{"@id":"https:\/\/helloschool.be\/product\/examenbanden\/#breadcrumb"},"inLanguage":"fr-FR","potentialAction":[{"@type":"ReadAction","target":["https:\/\/helloschool.be\/product\/examenbanden\/"]}]},{"@type":"ImageObject","inLanguage":"fr-FR","@id":"https:\/\/helloschool.be\/product\/examenbanden\/#primaryimage","url":"https:\/\/helloschool.be\/wp-content\/uploads\/sites\/2\/2025\/04\/Banden610x143.jpg","contentUrl":"https:\/\/helloschool.be\/wp-content\/uploads\/sites\/2\/2025\/04\/Banden610x143.jpg","width":1577,"height":1577},{"@type":"BreadcrumbList","@id":"https:\/\/helloschool.be\/product\/examenbanden\/#breadcrumb","itemListElement":[{"@type":"ListItem","position":1,"name":"Home","item":"https:\/\/helloschool.be\/fr\/"},{"@type":"ListItem","position":2,"name":"Produits","item":"https:\/\/helloschool.be\/producten\/"},{"@type":"ListItem","position":3,"name":"Bandes d&#8217;examen"}]},{"@type":"WebSite","@id":"https:\/\/helloschool.be\/#website","url":"https:\/\/helloschool.be\/","name":"Helloschool","description":"Concentrez-vous sur l\u2019enseignement, nous nous occupons du reste.","potentialAction":[{"@type":"SearchAction","target":{"@type":"EntryPoint","urlTemplate":"https:\/\/helloschool.be\/?s={search_term_string}"},"query-input":{"@type":"PropertyValueSpecification","valueRequired":true,"valueName":"search_term_string"}}],"inLanguage":"fr-FR"}]}},"_links":{"self":[{"href":"https:\/\/helloschool.be\/fr\/wp-json\/wp\/v2\/product\/19265","targetHints":{"allow":["GET"]}}],"collection":[{"href":"https:\/\/helloschool.be\/fr\/wp-json\/wp\/v2\/product"}],"about":[{"href":"https:\/\/helloschool.be\/fr\/wp-json\/wp\/v2\/types\/product"}],"version-history":[{"count":3,"href":"https:\/\/helloschool.be\/fr\/wp-json\/wp\/v2\/product\/19265\/revisions"}],"predecessor-version":[{"id":19278,"href":"https:\/\/helloschool.be\/fr\/wp-json\/wp\/v2\/product\/19265\/revisions\/19278"}],"wp:featuredmedia":[{"embeddable":true,"href":"https:\/\/helloschool.be\/fr\/wp-json\/wp\/v2\/media\/17850"}],"wp:attachment":[{"href":"https:\/\/helloschool.be\/fr\/wp-json\/wp\/v2\/media?parent=19265"}],"wp:term":[{"taxonomy":"product_brand","embeddable":true,"href":"https:\/\/helloschool.be\/fr\/wp-json\/wp\/v2\/product_brand?post=19265"},{"taxonomy":"product_cat","embeddable":true,"href":"https:\/\/helloschool.be\/fr\/wp-json\/wp\/v2\/product_cat?post=19265"},{"taxonomy":"product_tag","embeddable":true,"href":"https:\/\/helloschool.be\/fr\/wp-json\/wp\/v2\/product_tag?post=19265"}],"curies":[{"name":"wp","href":"https:\/\/api.w.org\/{rel}","templated":true}]}}