{"id":19280,"date":"2025-04-07T12:59:59","date_gmt":"2025-04-07T12:59:59","guid":{"rendered":"https:\/\/helloschool.be\/product\/papier-brouillon-65-g-m%c2%b2\/"},"modified":"2026-01-12T14:18:20","modified_gmt":"2026-01-12T14:18:20","slug":"papier-brouillon-65-g-m%c2%b2","status":"publish","type":"product","link":"https:\/\/helloschool.be\/fr\/product\/papier-brouillon-65-g-m%c2%b2\/","title":{"rendered":"Papier brouillon 65 g\/m\u00b2"},"content":{"rendered":"","protected":false},"excerpt":{"rendered":"<p><strong>Papier brouillon A4 : robuste et adapt\u00e9 \u00e0 une utilisation quotidienne en classe<\/strong><\/p>\n<p>Papier brouillon en format A4, 65 g\/m\u00b2, id\u00e9al pour une utilisation quotidienne dans le milieu \u00e9ducatif.<br \/>Ce papier robuste offre une \u00e9paisseur suffisante pour une exp\u00e9rience d\u2019\u00e9criture agr\u00e9able, sans risque de travers\u00e9e, ce qui le rend parfait pour les prises de notes, les exercices ou les croquis.<br \/>Il est compatible avec diff\u00e9rents types d\u2019instruments d\u2019\u00e9criture et convient parfaitement aux \u00e9l\u00e8ves, enseignants et environnements scolaires o\u00f9 l\u2019on prend beaucoup de notes.   <\/p>\n","protected":false},"featured_media":17462,"template":"","meta":{"_acf_changed":false,"brand_hub_restriction":[],"brand_hub_id":null},"product_brand":[],"product_cat":[126],"product_tag":[],"class_list":{"0":"post-19280","1":"product","2":"type-product","3":"status-publish","4":"has-post-thumbnail","6":"product_cat-sans-impression","8":"first","9":"instock","10":"taxable","11":"shipping-taxable","12":"purchasable","13":"product-type-variable","14":"has-default-attributes"},"acf":[],"yoast_head":"<!-- This site is optimized with the Yoast SEO plugin v26.7 - https:\/\/yoast.com\/wordpress\/plugins\/seo\/ -->\n<title>Papier brouillon 65 g\/m\u00b2 - Helloschool<\/title>\n<meta name=\"robots\" content=\"index, follow, max-snippet:-1, max-image-preview:large, max-video-preview:-1\" \/>\n<link rel=\"canonical\" href=\"https:\/\/helloschool.be\/fr\/product\/papier-brouillon-65-g-m\u00b2\/\" \/>\n<meta property=\"og:locale\" content=\"fr_FR\" \/>\n<meta property=\"og:type\" content=\"article\" \/>\n<meta property=\"og:title\" content=\"Papier brouillon 65 g\/m\u00b2 - Helloschool\" \/>\n<meta property=\"og:description\" content=\"Papier brouillon A4 : robuste et adapt\u00e9 \u00e0 une utilisation quotidienne en classe Papier brouillon en format A4, 65 g\/m\u00b2, id\u00e9al pour une utilisation quotidienne dans le milieu \u00e9ducatif.Ce papier robuste offre une \u00e9paisseur suffisante pour une exp\u00e9rience d\u2019\u00e9criture agr\u00e9able, sans risque de travers\u00e9e, ce qui le rend parfait pour les prises de notes, les exercices ou les croquis.Il est compatible avec diff\u00e9rents types d\u2019instruments d\u2019\u00e9criture et convient parfaitement aux \u00e9l\u00e8ves, enseignants et environnements scolaires o\u00f9 l\u2019on prend beaucoup de notes.\" \/>\n<meta property=\"og:url\" content=\"https:\/\/helloschool.be\/fr\/product\/papier-brouillon-65-g-m\u00b2\/\" \/>\n<meta property=\"og:site_name\" content=\"Helloschool\" \/>\n<meta property=\"article:modified_time\" content=\"2026-01-12T14:18:20+00:00\" \/>\n<meta property=\"og:image\" content=\"https:\/\/helloschool.be\/wp-content\/uploads\/sites\/2\/2025\/04\/Klad65-2.jpg\" \/>\n\t<meta property=\"og:image:width\" content=\"1024\" \/>\n\t<meta property=\"og:image:height\" content=\"1024\" \/>\n\t<meta property=\"og:image:type\" content=\"image\/jpeg\" \/>\n<meta name=\"twitter:card\" content=\"summary_large_image\" \/>\n<script type=\"application\/ld+json\" class=\"yoast-schema-graph\">{\"@context\":\"https:\/\/schema.org\",\"@graph\":[{\"@type\":\"WebPage\",\"@id\":\"https:\/\/helloschool.be\/fr\/product\/papier-brouillon-65-g-m%c2%b2\/\",\"url\":\"https:\/\/helloschool.be\/fr\/product\/papier-brouillon-65-g-m%c2%b2\/\",\"name\":\"Papier brouillon 65 g\/m\u00b2 - Helloschool\",\"isPartOf\":{\"@id\":\"https:\/\/helloschool.be\/#website\"},\"primaryImageOfPage\":{\"@id\":\"https:\/\/helloschool.be\/fr\/product\/papier-brouillon-65-g-m%c2%b2\/#primaryimage\"},\"image\":{\"@id\":\"https:\/\/helloschool.be\/fr\/product\/papier-brouillon-65-g-m%c2%b2\/#primaryimage\"},\"thumbnailUrl\":\"https:\/\/helloschool.be\/wp-content\/uploads\/sites\/2\/2025\/04\/Klad65-2.jpg\",\"datePublished\":\"2025-04-07T12:59:59+00:00\",\"dateModified\":\"2026-01-12T14:18:20+00:00\",\"breadcrumb\":{\"@id\":\"https:\/\/helloschool.be\/fr\/product\/papier-brouillon-65-g-m%c2%b2\/#breadcrumb\"},\"inLanguage\":\"fr-FR\",\"potentialAction\":[{\"@type\":\"ReadAction\",\"target\":[\"https:\/\/helloschool.be\/fr\/product\/papier-brouillon-65-g-m%c2%b2\/\"]}]},{\"@type\":\"ImageObject\",\"inLanguage\":\"fr-FR\",\"@id\":\"https:\/\/helloschool.be\/fr\/product\/papier-brouillon-65-g-m%c2%b2\/#primaryimage\",\"url\":\"https:\/\/helloschool.be\/wp-content\/uploads\/sites\/2\/2025\/04\/Klad65-2.jpg\",\"contentUrl\":\"https:\/\/helloschool.be\/wp-content\/uploads\/sites\/2\/2025\/04\/Klad65-2.jpg\",\"width\":1024,\"height\":1024},{\"@type\":\"BreadcrumbList\",\"@id\":\"https:\/\/helloschool.be\/fr\/product\/papier-brouillon-65-g-m%c2%b2\/#breadcrumb\",\"itemListElement\":[{\"@type\":\"ListItem\",\"position\":1,\"name\":\"Home\",\"item\":\"https:\/\/helloschool.be\/fr\/\"},{\"@type\":\"ListItem\",\"position\":2,\"name\":\"Produits\",\"item\":\"https:\/\/helloschool.be\/producten\/\"},{\"@type\":\"ListItem\",\"position\":3,\"name\":\"Papier brouillon 65 g\/m\u00b2\"}]},{\"@type\":\"WebSite\",\"@id\":\"https:\/\/helloschool.be\/#website\",\"url\":\"https:\/\/helloschool.be\/\",\"name\":\"Helloschool\",\"description\":\"Concentrez-vous sur l\u2019enseignement, nous nous occupons du reste.\",\"potentialAction\":[{\"@type\":\"SearchAction\",\"target\":{\"@type\":\"EntryPoint\",\"urlTemplate\":\"https:\/\/helloschool.be\/?s={search_term_string}\"},\"query-input\":{\"@type\":\"PropertyValueSpecification\",\"valueRequired\":true,\"valueName\":\"search_term_string\"}}],\"inLanguage\":\"fr-FR\"}]}<\/script>\n<!-- \/ Yoast SEO plugin. -->","yoast_head_json":{"title":"Papier brouillon 65 g\/m\u00b2 - Helloschool","robots":{"index":"index","follow":"follow","max-snippet":"max-snippet:-1","max-image-preview":"max-image-preview:large","max-video-preview":"max-video-preview:-1"},"canonical":"https:\/\/helloschool.be\/fr\/product\/papier-brouillon-65-g-m\u00b2\/","og_locale":"fr_FR","og_type":"article","og_title":"Papier brouillon 65 g\/m\u00b2 - Helloschool","og_description":"Papier brouillon A4 : robuste et adapt\u00e9 \u00e0 une utilisation quotidienne en classe Papier brouillon en format A4, 65 g\/m\u00b2, id\u00e9al pour une utilisation quotidienne dans le milieu \u00e9ducatif.Ce papier robuste offre une \u00e9paisseur suffisante pour une exp\u00e9rience d\u2019\u00e9criture agr\u00e9able, sans risque de travers\u00e9e, ce qui le rend parfait pour les prises de notes, les exercices ou les croquis.Il est compatible avec diff\u00e9rents types d\u2019instruments d\u2019\u00e9criture et convient parfaitement aux \u00e9l\u00e8ves, enseignants et environnements scolaires o\u00f9 l\u2019on prend beaucoup de notes.","og_url":"https:\/\/helloschool.be\/fr\/product\/papier-brouillon-65-g-m\u00b2\/","og_site_name":"Helloschool","article_modified_time":"2026-01-12T14:18:20+00:00","og_image":[{"width":1024,"height":1024,"url":"https:\/\/helloschool.be\/wp-content\/uploads\/sites\/2\/2025\/04\/Klad65-2.jpg","type":"image\/jpeg"}],"twitter_card":"summary_large_image","schema":{"@context":"https:\/\/schema.org","@graph":[{"@type":"WebPage","@id":"https:\/\/helloschool.be\/fr\/product\/papier-brouillon-65-g-m%c2%b2\/","url":"https:\/\/helloschool.be\/fr\/product\/papier-brouillon-65-g-m%c2%b2\/","name":"Papier brouillon 65 g\/m\u00b2 - Helloschool","isPartOf":{"@id":"https:\/\/helloschool.be\/#website"},"primaryImageOfPage":{"@id":"https:\/\/helloschool.be\/fr\/product\/papier-brouillon-65-g-m%c2%b2\/#primaryimage"},"image":{"@id":"https:\/\/helloschool.be\/fr\/product\/papier-brouillon-65-g-m%c2%b2\/#primaryimage"},"thumbnailUrl":"https:\/\/helloschool.be\/wp-content\/uploads\/sites\/2\/2025\/04\/Klad65-2.jpg","datePublished":"2025-04-07T12:59:59+00:00","dateModified":"2026-01-12T14:18:20+00:00","breadcrumb":{"@id":"https:\/\/helloschool.be\/fr\/product\/papier-brouillon-65-g-m%c2%b2\/#breadcrumb"},"inLanguage":"fr-FR","potentialAction":[{"@type":"ReadAction","target":["https:\/\/helloschool.be\/fr\/product\/papier-brouillon-65-g-m%c2%b2\/"]}]},{"@type":"ImageObject","inLanguage":"fr-FR","@id":"https:\/\/helloschool.be\/fr\/product\/papier-brouillon-65-g-m%c2%b2\/#primaryimage","url":"https:\/\/helloschool.be\/wp-content\/uploads\/sites\/2\/2025\/04\/Klad65-2.jpg","contentUrl":"https:\/\/helloschool.be\/wp-content\/uploads\/sites\/2\/2025\/04\/Klad65-2.jpg","width":1024,"height":1024},{"@type":"BreadcrumbList","@id":"https:\/\/helloschool.be\/fr\/product\/papier-brouillon-65-g-m%c2%b2\/#breadcrumb","itemListElement":[{"@type":"ListItem","position":1,"name":"Home","item":"https:\/\/helloschool.be\/fr\/"},{"@type":"ListItem","position":2,"name":"Produits","item":"https:\/\/helloschool.be\/producten\/"},{"@type":"ListItem","position":3,"name":"Papier brouillon 65 g\/m\u00b2"}]},{"@type":"WebSite","@id":"https:\/\/helloschool.be\/#website","url":"https:\/\/helloschool.be\/","name":"Helloschool","description":"Concentrez-vous sur l\u2019enseignement, nous nous occupons du reste.","potentialAction":[{"@type":"SearchAction","target":{"@type":"EntryPoint","urlTemplate":"https:\/\/helloschool.be\/?s={search_term_string}"},"query-input":{"@type":"PropertyValueSpecification","valueRequired":true,"valueName":"search_term_string"}}],"inLanguage":"fr-FR"}]}},"_links":{"self":[{"href":"https:\/\/helloschool.be\/fr\/wp-json\/wp\/v2\/product\/19280","targetHints":{"allow":["GET"]}}],"collection":[{"href":"https:\/\/helloschool.be\/fr\/wp-json\/wp\/v2\/product"}],"about":[{"href":"https:\/\/helloschool.be\/fr\/wp-json\/wp\/v2\/types\/product"}],"version-history":[{"count":3,"href":"https:\/\/helloschool.be\/fr\/wp-json\/wp\/v2\/product\/19280\/revisions"}],"predecessor-version":[{"id":23457,"href":"https:\/\/helloschool.be\/fr\/wp-json\/wp\/v2\/product\/19280\/revisions\/23457"}],"wp:featuredmedia":[{"embeddable":true,"href":"https:\/\/helloschool.be\/fr\/wp-json\/wp\/v2\/media\/17462"}],"wp:attachment":[{"href":"https:\/\/helloschool.be\/fr\/wp-json\/wp\/v2\/media?parent=19280"}],"wp:term":[{"taxonomy":"product_brand","embeddable":true,"href":"https:\/\/helloschool.be\/fr\/wp-json\/wp\/v2\/product_brand?post=19280"},{"taxonomy":"product_cat","embeddable":true,"href":"https:\/\/helloschool.be\/fr\/wp-json\/wp\/v2\/product_cat?post=19280"},{"taxonomy":"product_tag","embeddable":true,"href":"https:\/\/helloschool.be\/fr\/wp-json\/wp\/v2\/product_tag?post=19280"}],"curies":[{"name":"wp","href":"https:\/\/api.w.org\/{rel}","templated":true}]}}