{"id":19360,"date":"2025-04-07T13:13:40","date_gmt":"2025-04-07T13:13:40","guid":{"rendered":"https:\/\/helloschool.be\/product\/feuilles-de-test-a5\/"},"modified":"2026-01-12T14:16:55","modified_gmt":"2026-01-12T14:16:55","slug":"feuilles-de-test-a5","status":"publish","type":"product","link":"https:\/\/helloschool.be\/fr\/product\/feuilles-de-test-a5\/","title":{"rendered":"Feuilles de test A5"},"content":{"rendered":"","protected":false},"excerpt":{"rendered":"<p><strong>Papier d\u2019examen A5 avec logo scolaire, enti\u00e8rement personnalisable : id\u00e9al pour les tests, \u00e9valuations et travaux cr\u00e9atifs.<\/strong><\/p>\n<p>Papier d\u2019examen compact et pratique au format A5, parfait pour une utilisation dans le milieu \u00e9ducatif.<br \/>Id\u00e9al pour les tests courts, les quiz ou les exercices n\u00e9cessitant moins d\u2019espace d\u2019\u00e9criture.<br \/>Fabriqu\u00e9 avec un papier de qualit\u00e9 offrant une \u00e9criture agr\u00e9able, il est parfaitement adapt\u00e9 \u00e0 un usage quotidien en classe.<br \/>Son format pratique convient aussi bien aux \u00e9l\u00e8ves qu\u2019aux enseignants !   <\/p>\n","protected":false},"featured_media":17779,"template":"","meta":{"_acf_changed":false,"brand_hub_restriction":[],"brand_hub_id":null},"product_brand":[],"product_cat":[125],"product_tag":[134],"class_list":{"0":"post-19360","1":"product","2":"type-product","3":"status-publish","4":"has-post-thumbnail","6":"product_cat-feuilles-de-test","7":"product_tag-demande-devis","9":"first","10":"instock","11":"taxable","12":"shipping-taxable","13":"purchasable","14":"product-type-variable","15":"has-default-attributes"},"acf":[],"yoast_head":"<!-- This site is optimized with the Yoast SEO plugin v26.7 - https:\/\/yoast.com\/wordpress\/plugins\/seo\/ -->\n<title>Feuilles de test A5 - Helloschool<\/title>\n<meta name=\"robots\" content=\"index, follow, max-snippet:-1, max-image-preview:large, max-video-preview:-1\" \/>\n<link rel=\"canonical\" href=\"https:\/\/helloschool.be\/fr\/product\/feuilles-de-test-a5\/\" \/>\n<meta property=\"og:locale\" content=\"fr_FR\" \/>\n<meta property=\"og:type\" content=\"article\" \/>\n<meta property=\"og:title\" content=\"Feuilles de test A5 - Helloschool\" \/>\n<meta property=\"og:description\" content=\"Papier d\u2019examen A5 avec logo scolaire, enti\u00e8rement personnalisable : id\u00e9al pour les tests, \u00e9valuations et travaux cr\u00e9atifs. Papier d\u2019examen compact et pratique au format A5, parfait pour une utilisation dans le milieu \u00e9ducatif.Id\u00e9al pour les tests courts, les quiz ou les exercices n\u00e9cessitant moins d\u2019espace d\u2019\u00e9criture.Fabriqu\u00e9 avec un papier de qualit\u00e9 offrant une \u00e9criture agr\u00e9able, il est parfaitement adapt\u00e9 \u00e0 un usage quotidien en classe.Son format pratique convient aussi bien aux \u00e9l\u00e8ves qu\u2019aux enseignants !\" \/>\n<meta property=\"og:url\" content=\"https:\/\/helloschool.be\/fr\/product\/feuilles-de-test-a5\/\" \/>\n<meta property=\"og:site_name\" content=\"Helloschool\" \/>\n<meta property=\"article:modified_time\" content=\"2026-01-12T14:16:55+00:00\" \/>\n<meta property=\"og:image\" content=\"https:\/\/helloschool.be\/wp-content\/uploads\/sites\/2\/2025\/04\/ProefwerkpapierA5-2.jpg\" \/>\n\t<meta property=\"og:image:width\" content=\"2000\" \/>\n\t<meta property=\"og:image:height\" content=\"2000\" \/>\n\t<meta property=\"og:image:type\" content=\"image\/jpeg\" \/>\n<meta name=\"twitter:card\" content=\"summary_large_image\" \/>\n<script type=\"application\/ld+json\" class=\"yoast-schema-graph\">{\"@context\":\"https:\/\/schema.org\",\"@graph\":[{\"@type\":\"WebPage\",\"@id\":\"https:\/\/helloschool.be\/fr\/product\/feuilles-de-test-a5\/\",\"url\":\"https:\/\/helloschool.be\/fr\/product\/feuilles-de-test-a5\/\",\"name\":\"Feuilles de test A5 - Helloschool\",\"isPartOf\":{\"@id\":\"https:\/\/helloschool.be\/#website\"},\"primaryImageOfPage\":{\"@id\":\"https:\/\/helloschool.be\/fr\/product\/feuilles-de-test-a5\/#primaryimage\"},\"image\":{\"@id\":\"https:\/\/helloschool.be\/fr\/product\/feuilles-de-test-a5\/#primaryimage\"},\"thumbnailUrl\":\"https:\/\/helloschool.be\/wp-content\/uploads\/sites\/2\/2025\/04\/ProefwerkpapierA5-2.jpg\",\"datePublished\":\"2025-04-07T13:13:40+00:00\",\"dateModified\":\"2026-01-12T14:16:55+00:00\",\"breadcrumb\":{\"@id\":\"https:\/\/helloschool.be\/fr\/product\/feuilles-de-test-a5\/#breadcrumb\"},\"inLanguage\":\"fr-FR\",\"potentialAction\":[{\"@type\":\"ReadAction\",\"target\":[\"https:\/\/helloschool.be\/fr\/product\/feuilles-de-test-a5\/\"]}]},{\"@type\":\"ImageObject\",\"inLanguage\":\"fr-FR\",\"@id\":\"https:\/\/helloschool.be\/fr\/product\/feuilles-de-test-a5\/#primaryimage\",\"url\":\"https:\/\/helloschool.be\/wp-content\/uploads\/sites\/2\/2025\/04\/ProefwerkpapierA5-2.jpg\",\"contentUrl\":\"https:\/\/helloschool.be\/wp-content\/uploads\/sites\/2\/2025\/04\/ProefwerkpapierA5-2.jpg\",\"width\":2000,\"height\":2000},{\"@type\":\"BreadcrumbList\",\"@id\":\"https:\/\/helloschool.be\/fr\/product\/feuilles-de-test-a5\/#breadcrumb\",\"itemListElement\":[{\"@type\":\"ListItem\",\"position\":1,\"name\":\"Home\",\"item\":\"https:\/\/helloschool.be\/fr\/\"},{\"@type\":\"ListItem\",\"position\":2,\"name\":\"Produits\",\"item\":\"https:\/\/helloschool.be\/producten\/\"},{\"@type\":\"ListItem\",\"position\":3,\"name\":\"Feuilles de test A5\"}]},{\"@type\":\"WebSite\",\"@id\":\"https:\/\/helloschool.be\/#website\",\"url\":\"https:\/\/helloschool.be\/\",\"name\":\"Helloschool\",\"description\":\"Concentrez-vous sur l\u2019enseignement, nous nous occupons du reste.\",\"potentialAction\":[{\"@type\":\"SearchAction\",\"target\":{\"@type\":\"EntryPoint\",\"urlTemplate\":\"https:\/\/helloschool.be\/?s={search_term_string}\"},\"query-input\":{\"@type\":\"PropertyValueSpecification\",\"valueRequired\":true,\"valueName\":\"search_term_string\"}}],\"inLanguage\":\"fr-FR\"}]}<\/script>\n<!-- \/ Yoast SEO plugin. -->","yoast_head_json":{"title":"Feuilles de test A5 - Helloschool","robots":{"index":"index","follow":"follow","max-snippet":"max-snippet:-1","max-image-preview":"max-image-preview:large","max-video-preview":"max-video-preview:-1"},"canonical":"https:\/\/helloschool.be\/fr\/product\/feuilles-de-test-a5\/","og_locale":"fr_FR","og_type":"article","og_title":"Feuilles de test A5 - Helloschool","og_description":"Papier d\u2019examen A5 avec logo scolaire, enti\u00e8rement personnalisable : id\u00e9al pour les tests, \u00e9valuations et travaux cr\u00e9atifs. Papier d\u2019examen compact et pratique au format A5, parfait pour une utilisation dans le milieu \u00e9ducatif.Id\u00e9al pour les tests courts, les quiz ou les exercices n\u00e9cessitant moins d\u2019espace d\u2019\u00e9criture.Fabriqu\u00e9 avec un papier de qualit\u00e9 offrant une \u00e9criture agr\u00e9able, il est parfaitement adapt\u00e9 \u00e0 un usage quotidien en classe.Son format pratique convient aussi bien aux \u00e9l\u00e8ves qu\u2019aux enseignants !","og_url":"https:\/\/helloschool.be\/fr\/product\/feuilles-de-test-a5\/","og_site_name":"Helloschool","article_modified_time":"2026-01-12T14:16:55+00:00","og_image":[{"width":2000,"height":2000,"url":"https:\/\/helloschool.be\/wp-content\/uploads\/sites\/2\/2025\/04\/ProefwerkpapierA5-2.jpg","type":"image\/jpeg"}],"twitter_card":"summary_large_image","schema":{"@context":"https:\/\/schema.org","@graph":[{"@type":"WebPage","@id":"https:\/\/helloschool.be\/fr\/product\/feuilles-de-test-a5\/","url":"https:\/\/helloschool.be\/fr\/product\/feuilles-de-test-a5\/","name":"Feuilles de test A5 - Helloschool","isPartOf":{"@id":"https:\/\/helloschool.be\/#website"},"primaryImageOfPage":{"@id":"https:\/\/helloschool.be\/fr\/product\/feuilles-de-test-a5\/#primaryimage"},"image":{"@id":"https:\/\/helloschool.be\/fr\/product\/feuilles-de-test-a5\/#primaryimage"},"thumbnailUrl":"https:\/\/helloschool.be\/wp-content\/uploads\/sites\/2\/2025\/04\/ProefwerkpapierA5-2.jpg","datePublished":"2025-04-07T13:13:40+00:00","dateModified":"2026-01-12T14:16:55+00:00","breadcrumb":{"@id":"https:\/\/helloschool.be\/fr\/product\/feuilles-de-test-a5\/#breadcrumb"},"inLanguage":"fr-FR","potentialAction":[{"@type":"ReadAction","target":["https:\/\/helloschool.be\/fr\/product\/feuilles-de-test-a5\/"]}]},{"@type":"ImageObject","inLanguage":"fr-FR","@id":"https:\/\/helloschool.be\/fr\/product\/feuilles-de-test-a5\/#primaryimage","url":"https:\/\/helloschool.be\/wp-content\/uploads\/sites\/2\/2025\/04\/ProefwerkpapierA5-2.jpg","contentUrl":"https:\/\/helloschool.be\/wp-content\/uploads\/sites\/2\/2025\/04\/ProefwerkpapierA5-2.jpg","width":2000,"height":2000},{"@type":"BreadcrumbList","@id":"https:\/\/helloschool.be\/fr\/product\/feuilles-de-test-a5\/#breadcrumb","itemListElement":[{"@type":"ListItem","position":1,"name":"Home","item":"https:\/\/helloschool.be\/fr\/"},{"@type":"ListItem","position":2,"name":"Produits","item":"https:\/\/helloschool.be\/producten\/"},{"@type":"ListItem","position":3,"name":"Feuilles de test A5"}]},{"@type":"WebSite","@id":"https:\/\/helloschool.be\/#website","url":"https:\/\/helloschool.be\/","name":"Helloschool","description":"Concentrez-vous sur l\u2019enseignement, nous nous occupons du reste.","potentialAction":[{"@type":"SearchAction","target":{"@type":"EntryPoint","urlTemplate":"https:\/\/helloschool.be\/?s={search_term_string}"},"query-input":{"@type":"PropertyValueSpecification","valueRequired":true,"valueName":"search_term_string"}}],"inLanguage":"fr-FR"}]}},"_links":{"self":[{"href":"https:\/\/helloschool.be\/fr\/wp-json\/wp\/v2\/product\/19360","targetHints":{"allow":["GET"]}}],"collection":[{"href":"https:\/\/helloschool.be\/fr\/wp-json\/wp\/v2\/product"}],"about":[{"href":"https:\/\/helloschool.be\/fr\/wp-json\/wp\/v2\/types\/product"}],"version-history":[{"count":3,"href":"https:\/\/helloschool.be\/fr\/wp-json\/wp\/v2\/product\/19360\/revisions"}],"predecessor-version":[{"id":19549,"href":"https:\/\/helloschool.be\/fr\/wp-json\/wp\/v2\/product\/19360\/revisions\/19549"}],"wp:featuredmedia":[{"embeddable":true,"href":"https:\/\/helloschool.be\/fr\/wp-json\/wp\/v2\/media\/17779"}],"wp:attachment":[{"href":"https:\/\/helloschool.be\/fr\/wp-json\/wp\/v2\/media?parent=19360"}],"wp:term":[{"taxonomy":"product_brand","embeddable":true,"href":"https:\/\/helloschool.be\/fr\/wp-json\/wp\/v2\/product_brand?post=19360"},{"taxonomy":"product_cat","embeddable":true,"href":"https:\/\/helloschool.be\/fr\/wp-json\/wp\/v2\/product_cat?post=19360"},{"taxonomy":"product_tag","embeddable":true,"href":"https:\/\/helloschool.be\/fr\/wp-json\/wp\/v2\/product_tag?post=19360"}],"curies":[{"name":"wp","href":"https:\/\/api.w.org\/{rel}","templated":true}]}}