{"id":19555,"date":"2025-04-17T14:43:27","date_gmt":"2025-04-17T14:43:27","guid":{"rendered":"https:\/\/helloschool.be\/product\/proteges-cahier\/"},"modified":"2025-04-29T14:57:19","modified_gmt":"2025-04-29T14:57:19","slug":"proteges-cahier","status":"publish","type":"product","link":"https:\/\/helloschool.be\/fr\/product\/proteges-cahier\/","title":{"rendered":"Prot\u00e8ges-cahier"},"content":{"rendered":"","protected":false},"excerpt":{"rendered":"<p><strong data-start=\"138\" data-end=\"185\">Prot\u00e8ges-cahier transparent \u2013 Mod\u00e8le A4, A5, 16&#215;24 &amp; 16&#215;21 (format d&rsquo;\u00e9criture, agenda \u00e9cole fondamentale)<\/strong><\/p>\n<p>Disponible en formats A4, A5, format cahier 16&#215;21 (agenda pour l&rsquo;\u00e9cole fondamentale) et 16&#215;24. Parfait pour une utilisation quotidienne \u00e0 l&rsquo;\u00e9cole.<\/p>\n","protected":false},"featured_media":18522,"template":"","meta":{"_acf_changed":false,"brand_hub_restriction":[],"brand_hub_id":null},"product_brand":[],"product_cat":[126],"product_tag":[],"class_list":{"0":"post-19555","1":"product","2":"type-product","3":"status-publish","4":"has-post-thumbnail","6":"product_cat-sans-impression","8":"first","9":"instock","10":"taxable","11":"shipping-taxable","12":"purchasable","13":"product-type-variable"},"acf":[],"yoast_head":"<!-- This site is optimized with the Yoast SEO plugin v27.6 - https:\/\/yoast.com\/product\/yoast-seo-wordpress\/ -->\n<title>Prot\u00e8ges-cahier - Helloschool<\/title>\n<meta name=\"robots\" content=\"index, follow, max-snippet:-1, max-image-preview:large, max-video-preview:-1\" \/>\n<link rel=\"canonical\" href=\"https:\/\/helloschool.be\/product\/transparante-etuis\/\" \/>\n<meta property=\"og:locale\" content=\"fr_FR\" \/>\n<meta property=\"og:type\" content=\"article\" \/>\n<meta property=\"og:title\" content=\"Prot\u00e8ges-cahier - Helloschool\" \/>\n<meta property=\"og:description\" content=\"Prot\u00e8ges-cahier transparent \u2013 Mod\u00e8le A4, A5, 16x24 &amp; 16x21 (format d&#039;\u00e9criture, agenda \u00e9cole fondamentale)  Disponible en formats A4, A5, format cahier 16x21 (agenda pour l&#039;\u00e9cole fondamentale) et 16x24. Parfait pour une utilisation quotidienne \u00e0 l&#039;\u00e9cole.\" \/>\n<meta property=\"og:url\" content=\"https:\/\/helloschool.be\/product\/transparante-etuis\/\" \/>\n<meta property=\"og:site_name\" content=\"Helloschool\" \/>\n<meta property=\"article:modified_time\" content=\"2025-04-29T14:57:19+00:00\" \/>\n<meta property=\"og:image\" content=\"https:\/\/helloschool.be\/wp-content\/uploads\/sites\/2\/2025\/04\/pvc-etuis.jpg\" \/>\n\t<meta property=\"og:image:width\" content=\"2000\" \/>\n\t<meta property=\"og:image:height\" content=\"2000\" \/>\n\t<meta property=\"og:image:type\" content=\"image\/jpeg\" \/>\n<meta name=\"twitter:card\" content=\"summary_large_image\" \/>\n<script type=\"application\/ld+json\" class=\"yoast-schema-graph\">{\"@context\":\"https:\\\/\\\/schema.org\",\"@graph\":[{\"@type\":\"WebPage\",\"@id\":\"https:\\\/\\\/helloschool.be\\\/product\\\/transparante-etuis\\\/\",\"url\":\"https:\\\/\\\/helloschool.be\\\/product\\\/transparante-etuis\\\/\",\"name\":\"Prot\u00e8ges-cahier - Helloschool\",\"isPartOf\":{\"@id\":\"https:\\\/\\\/helloschool.be\\\/#website\"},\"primaryImageOfPage\":{\"@id\":\"https:\\\/\\\/helloschool.be\\\/product\\\/transparante-etuis\\\/#primaryimage\"},\"image\":{\"@id\":\"https:\\\/\\\/helloschool.be\\\/product\\\/transparante-etuis\\\/#primaryimage\"},\"thumbnailUrl\":\"https:\\\/\\\/helloschool.be\\\/wp-content\\\/uploads\\\/sites\\\/2\\\/2025\\\/04\\\/pvc-etuis.jpg\",\"datePublished\":\"2025-04-17T14:43:27+00:00\",\"dateModified\":\"2025-04-29T14:57:19+00:00\",\"breadcrumb\":{\"@id\":\"https:\\\/\\\/helloschool.be\\\/product\\\/transparante-etuis\\\/#breadcrumb\"},\"inLanguage\":\"fr-FR\",\"potentialAction\":[{\"@type\":\"ReadAction\",\"target\":[\"https:\\\/\\\/helloschool.be\\\/product\\\/transparante-etuis\\\/\"]}]},{\"@type\":\"ImageObject\",\"inLanguage\":\"fr-FR\",\"@id\":\"https:\\\/\\\/helloschool.be\\\/product\\\/transparante-etuis\\\/#primaryimage\",\"url\":\"https:\\\/\\\/helloschool.be\\\/wp-content\\\/uploads\\\/sites\\\/2\\\/2025\\\/04\\\/pvc-etuis.jpg\",\"contentUrl\":\"https:\\\/\\\/helloschool.be\\\/wp-content\\\/uploads\\\/sites\\\/2\\\/2025\\\/04\\\/pvc-etuis.jpg\",\"width\":2000,\"height\":2000},{\"@type\":\"BreadcrumbList\",\"@id\":\"https:\\\/\\\/helloschool.be\\\/product\\\/transparante-etuis\\\/#breadcrumb\",\"itemListElement\":[{\"@type\":\"ListItem\",\"position\":1,\"name\":\"Home\",\"item\":\"https:\\\/\\\/helloschool.be\\\/fr\\\/\"},{\"@type\":\"ListItem\",\"position\":2,\"name\":\"Produits\",\"item\":\"https:\\\/\\\/helloschool.be\\\/producten\\\/\"},{\"@type\":\"ListItem\",\"position\":3,\"name\":\"Prot\u00e8ges-cahier\"}]},{\"@type\":\"WebSite\",\"@id\":\"https:\\\/\\\/helloschool.be\\\/#website\",\"url\":\"https:\\\/\\\/helloschool.be\\\/\",\"name\":\"Helloschool\",\"description\":\"Concentrez-vous sur l\u2019enseignement, nous nous occupons du reste.\",\"potentialAction\":[{\"@type\":\"SearchAction\",\"target\":{\"@type\":\"EntryPoint\",\"urlTemplate\":\"https:\\\/\\\/helloschool.be\\\/?s={search_term_string}\"},\"query-input\":{\"@type\":\"PropertyValueSpecification\",\"valueRequired\":true,\"valueName\":\"search_term_string\"}}],\"inLanguage\":\"fr-FR\"}]}<\/script>\n<!-- \/ Yoast SEO plugin. -->","yoast_head_json":{"title":"Prot\u00e8ges-cahier - Helloschool","robots":{"index":"index","follow":"follow","max-snippet":"max-snippet:-1","max-image-preview":"max-image-preview:large","max-video-preview":"max-video-preview:-1"},"canonical":"https:\/\/helloschool.be\/product\/transparante-etuis\/","og_locale":"fr_FR","og_type":"article","og_title":"Prot\u00e8ges-cahier - Helloschool","og_description":"Prot\u00e8ges-cahier transparent \u2013 Mod\u00e8le A4, A5, 16x24 &amp; 16x21 (format d'\u00e9criture, agenda \u00e9cole fondamentale)  Disponible en formats A4, A5, format cahier 16x21 (agenda pour l'\u00e9cole fondamentale) et 16x24. Parfait pour une utilisation quotidienne \u00e0 l'\u00e9cole.","og_url":"https:\/\/helloschool.be\/product\/transparante-etuis\/","og_site_name":"Helloschool","article_modified_time":"2025-04-29T14:57:19+00:00","og_image":[{"width":2000,"height":2000,"url":"https:\/\/helloschool.be\/wp-content\/uploads\/sites\/2\/2025\/04\/pvc-etuis.jpg","type":"image\/jpeg"}],"twitter_card":"summary_large_image","schema":{"@context":"https:\/\/schema.org","@graph":[{"@type":"WebPage","@id":"https:\/\/helloschool.be\/product\/transparante-etuis\/","url":"https:\/\/helloschool.be\/product\/transparante-etuis\/","name":"Prot\u00e8ges-cahier - Helloschool","isPartOf":{"@id":"https:\/\/helloschool.be\/#website"},"primaryImageOfPage":{"@id":"https:\/\/helloschool.be\/product\/transparante-etuis\/#primaryimage"},"image":{"@id":"https:\/\/helloschool.be\/product\/transparante-etuis\/#primaryimage"},"thumbnailUrl":"https:\/\/helloschool.be\/wp-content\/uploads\/sites\/2\/2025\/04\/pvc-etuis.jpg","datePublished":"2025-04-17T14:43:27+00:00","dateModified":"2025-04-29T14:57:19+00:00","breadcrumb":{"@id":"https:\/\/helloschool.be\/product\/transparante-etuis\/#breadcrumb"},"inLanguage":"fr-FR","potentialAction":[{"@type":"ReadAction","target":["https:\/\/helloschool.be\/product\/transparante-etuis\/"]}]},{"@type":"ImageObject","inLanguage":"fr-FR","@id":"https:\/\/helloschool.be\/product\/transparante-etuis\/#primaryimage","url":"https:\/\/helloschool.be\/wp-content\/uploads\/sites\/2\/2025\/04\/pvc-etuis.jpg","contentUrl":"https:\/\/helloschool.be\/wp-content\/uploads\/sites\/2\/2025\/04\/pvc-etuis.jpg","width":2000,"height":2000},{"@type":"BreadcrumbList","@id":"https:\/\/helloschool.be\/product\/transparante-etuis\/#breadcrumb","itemListElement":[{"@type":"ListItem","position":1,"name":"Home","item":"https:\/\/helloschool.be\/fr\/"},{"@type":"ListItem","position":2,"name":"Produits","item":"https:\/\/helloschool.be\/producten\/"},{"@type":"ListItem","position":3,"name":"Prot\u00e8ges-cahier"}]},{"@type":"WebSite","@id":"https:\/\/helloschool.be\/#website","url":"https:\/\/helloschool.be\/","name":"Helloschool","description":"Concentrez-vous sur l\u2019enseignement, nous nous occupons du reste.","potentialAction":[{"@type":"SearchAction","target":{"@type":"EntryPoint","urlTemplate":"https:\/\/helloschool.be\/?s={search_term_string}"},"query-input":{"@type":"PropertyValueSpecification","valueRequired":true,"valueName":"search_term_string"}}],"inLanguage":"fr-FR"}]}},"_links":{"self":[{"href":"https:\/\/helloschool.be\/fr\/wp-json\/wp\/v2\/product\/19555","targetHints":{"allow":["GET"]}}],"collection":[{"href":"https:\/\/helloschool.be\/fr\/wp-json\/wp\/v2\/product"}],"about":[{"href":"https:\/\/helloschool.be\/fr\/wp-json\/wp\/v2\/types\/product"}],"version-history":[{"count":1,"href":"https:\/\/helloschool.be\/fr\/wp-json\/wp\/v2\/product\/19555\/revisions"}],"predecessor-version":[{"id":19586,"href":"https:\/\/helloschool.be\/fr\/wp-json\/wp\/v2\/product\/19555\/revisions\/19586"}],"wp:featuredmedia":[{"embeddable":true,"href":"https:\/\/helloschool.be\/fr\/wp-json\/wp\/v2\/media\/18522"}],"wp:attachment":[{"href":"https:\/\/helloschool.be\/fr\/wp-json\/wp\/v2\/media?parent=19555"}],"wp:term":[{"taxonomy":"product_brand","embeddable":true,"href":"https:\/\/helloschool.be\/fr\/wp-json\/wp\/v2\/product_brand?post=19555"},{"taxonomy":"product_cat","embeddable":true,"href":"https:\/\/helloschool.be\/fr\/wp-json\/wp\/v2\/product_cat?post=19555"},{"taxonomy":"product_tag","embeddable":true,"href":"https:\/\/helloschool.be\/fr\/wp-json\/wp\/v2\/product_tag?post=19555"}],"curies":[{"name":"wp","href":"https:\/\/api.w.org\/{rel}","templated":true}]}}