{"id":19641,"date":"2025-04-07T13:13:47","date_gmt":"2025-04-07T13:13:47","guid":{"rendered":"https:\/\/helloschool.be\/product\/feuilles-dexamen-a4\/"},"modified":"2026-01-12T13:52:42","modified_gmt":"2026-01-12T13:52:42","slug":"feuilles-dexamen-a4","status":"publish","type":"product","link":"https:\/\/helloschool.be\/fr\/product\/feuilles-dexamen-a4\/","title":{"rendered":"Feuilles d&rsquo;examen A4"},"content":{"rendered":"","protected":false},"excerpt":{"rendered":"<div class=\"woocommerce-product-details__short-description\">\n<p data-start=\"0\" data-end=\"63\"><strong data-start=\"0\" data-end=\"61\">Feuilles d&rsquo;examen de haute qualit\u00e9 pour un d\u00e9roulement impeccable des \u00e9preuves\u202f!<\/strong><\/p>\n<p data-start=\"65\" data-end=\"479\">Cr\u00e9ez un environnement d&rsquo;examen professionnel et structur\u00e9 gr\u00e2ce \u00e0 nos feuilles d&rsquo;examen A4.<br \/>Sp\u00e9cialement con\u00e7u pour les \u00e9coles et \u00e9tablissements d&rsquo;enseignement, ce papier \u00e9pais offre une exp\u00e9rience d&rsquo;\u00e9criture agr\u00e9able et suffisamment d\u2019espace pour des r\u00e9ponses d\u00e9velopp\u00e9es et une mise en page claire.<br \/>Id\u00e9al pour les examens, les \u00e9preuves et les tests importants.<br \/>Avec ce papier de haute qualit\u00e9, chaque \u00e9valuation se d\u00e9roule de mani\u00e8re fluide et bien organis\u00e9e\u202f!   <\/p>\n<\/div>\n","protected":false},"featured_media":17817,"template":"","meta":{"_acf_changed":false,"brand_hub_restriction":[],"brand_hub_id":null},"product_brand":[],"product_cat":[116],"product_tag":[134],"class_list":{"0":"post-19641","1":"product","2":"type-product","3":"status-publish","4":"has-post-thumbnail","6":"product_cat-feuille-examen-fr","7":"product_tag-demande-devis","9":"first","10":"instock","11":"taxable","12":"shipping-taxable","13":"purchasable","14":"product-type-variable","15":"has-default-attributes"},"acf":[],"yoast_head":"<!-- This site is optimized with the Yoast SEO plugin v26.7 - https:\/\/yoast.com\/wordpress\/plugins\/seo\/ -->\n<title>Feuilles d&#039;examen A4 - Helloschool<\/title>\n<meta name=\"robots\" content=\"index, follow, max-snippet:-1, max-image-preview:large, max-video-preview:-1\" \/>\n<link rel=\"canonical\" href=\"https:\/\/helloschool.be\/fr\/product\/feuilles-dexamen-a4\/\" \/>\n<meta property=\"og:locale\" content=\"fr_FR\" \/>\n<meta property=\"og:type\" content=\"article\" \/>\n<meta property=\"og:title\" content=\"Feuilles d&#039;examen A4 - Helloschool\" \/>\n<meta property=\"og:description\" content=\"Feuilles d&#039;examen de haute qualit\u00e9 pour un d\u00e9roulement impeccable des \u00e9preuves\u202f! Cr\u00e9ez un environnement d&#039;examen professionnel et structur\u00e9 gr\u00e2ce \u00e0 nos feuilles d&#039;examen A4.Sp\u00e9cialement con\u00e7u pour les \u00e9coles et \u00e9tablissements d&#039;enseignement, ce papier \u00e9pais offre une exp\u00e9rience d&#039;\u00e9criture agr\u00e9able et suffisamment d\u2019espace pour des r\u00e9ponses d\u00e9velopp\u00e9es et une mise en page claire.Id\u00e9al pour les examens, les \u00e9preuves et les tests importants.Avec ce papier de haute qualit\u00e9, chaque \u00e9valuation se d\u00e9roule de mani\u00e8re fluide et bien organis\u00e9e\u202f!\" \/>\n<meta property=\"og:url\" content=\"https:\/\/helloschool.be\/fr\/product\/feuilles-dexamen-a4\/\" \/>\n<meta property=\"og:site_name\" content=\"Helloschool\" \/>\n<meta property=\"article:modified_time\" content=\"2026-01-12T13:52:42+00:00\" \/>\n<meta property=\"og:image\" content=\"https:\/\/helloschool.be\/wp-content\/uploads\/sites\/2\/2025\/04\/ExamenpapierA4-2.jpg\" \/>\n\t<meta property=\"og:image:width\" content=\"2000\" \/>\n\t<meta property=\"og:image:height\" content=\"2000\" \/>\n\t<meta property=\"og:image:type\" content=\"image\/jpeg\" \/>\n<meta name=\"twitter:card\" content=\"summary_large_image\" \/>\n<script type=\"application\/ld+json\" class=\"yoast-schema-graph\">{\"@context\":\"https:\/\/schema.org\",\"@graph\":[{\"@type\":\"WebPage\",\"@id\":\"https:\/\/helloschool.be\/fr\/product\/feuilles-dexamen-a4\/\",\"url\":\"https:\/\/helloschool.be\/fr\/product\/feuilles-dexamen-a4\/\",\"name\":\"Feuilles d'examen A4 - Helloschool\",\"isPartOf\":{\"@id\":\"https:\/\/helloschool.be\/#website\"},\"primaryImageOfPage\":{\"@id\":\"https:\/\/helloschool.be\/fr\/product\/feuilles-dexamen-a4\/#primaryimage\"},\"image\":{\"@id\":\"https:\/\/helloschool.be\/fr\/product\/feuilles-dexamen-a4\/#primaryimage\"},\"thumbnailUrl\":\"https:\/\/helloschool.be\/wp-content\/uploads\/sites\/2\/2025\/04\/ExamenpapierA4-2.jpg\",\"datePublished\":\"2025-04-07T13:13:47+00:00\",\"dateModified\":\"2026-01-12T13:52:42+00:00\",\"breadcrumb\":{\"@id\":\"https:\/\/helloschool.be\/fr\/product\/feuilles-dexamen-a4\/#breadcrumb\"},\"inLanguage\":\"fr-FR\",\"potentialAction\":[{\"@type\":\"ReadAction\",\"target\":[\"https:\/\/helloschool.be\/fr\/product\/feuilles-dexamen-a4\/\"]}]},{\"@type\":\"ImageObject\",\"inLanguage\":\"fr-FR\",\"@id\":\"https:\/\/helloschool.be\/fr\/product\/feuilles-dexamen-a4\/#primaryimage\",\"url\":\"https:\/\/helloschool.be\/wp-content\/uploads\/sites\/2\/2025\/04\/ExamenpapierA4-2.jpg\",\"contentUrl\":\"https:\/\/helloschool.be\/wp-content\/uploads\/sites\/2\/2025\/04\/ExamenpapierA4-2.jpg\",\"width\":2000,\"height\":2000},{\"@type\":\"BreadcrumbList\",\"@id\":\"https:\/\/helloschool.be\/fr\/product\/feuilles-dexamen-a4\/#breadcrumb\",\"itemListElement\":[{\"@type\":\"ListItem\",\"position\":1,\"name\":\"Home\",\"item\":\"https:\/\/helloschool.be\/fr\/\"},{\"@type\":\"ListItem\",\"position\":2,\"name\":\"Produits\",\"item\":\"https:\/\/helloschool.be\/producten\/\"},{\"@type\":\"ListItem\",\"position\":3,\"name\":\"Feuilles d&rsquo;examen A4\"}]},{\"@type\":\"WebSite\",\"@id\":\"https:\/\/helloschool.be\/#website\",\"url\":\"https:\/\/helloschool.be\/\",\"name\":\"Helloschool\",\"description\":\"Concentrez-vous sur l\u2019enseignement, nous nous occupons du reste.\",\"potentialAction\":[{\"@type\":\"SearchAction\",\"target\":{\"@type\":\"EntryPoint\",\"urlTemplate\":\"https:\/\/helloschool.be\/?s={search_term_string}\"},\"query-input\":{\"@type\":\"PropertyValueSpecification\",\"valueRequired\":true,\"valueName\":\"search_term_string\"}}],\"inLanguage\":\"fr-FR\"}]}<\/script>\n<!-- \/ Yoast SEO plugin. -->","yoast_head_json":{"title":"Feuilles d'examen A4 - Helloschool","robots":{"index":"index","follow":"follow","max-snippet":"max-snippet:-1","max-image-preview":"max-image-preview:large","max-video-preview":"max-video-preview:-1"},"canonical":"https:\/\/helloschool.be\/fr\/product\/feuilles-dexamen-a4\/","og_locale":"fr_FR","og_type":"article","og_title":"Feuilles d'examen A4 - Helloschool","og_description":"Feuilles d'examen de haute qualit\u00e9 pour un d\u00e9roulement impeccable des \u00e9preuves\u202f! Cr\u00e9ez un environnement d'examen professionnel et structur\u00e9 gr\u00e2ce \u00e0 nos feuilles d'examen A4.Sp\u00e9cialement con\u00e7u pour les \u00e9coles et \u00e9tablissements d'enseignement, ce papier \u00e9pais offre une exp\u00e9rience d'\u00e9criture agr\u00e9able et suffisamment d\u2019espace pour des r\u00e9ponses d\u00e9velopp\u00e9es et une mise en page claire.Id\u00e9al pour les examens, les \u00e9preuves et les tests importants.Avec ce papier de haute qualit\u00e9, chaque \u00e9valuation se d\u00e9roule de mani\u00e8re fluide et bien organis\u00e9e\u202f!","og_url":"https:\/\/helloschool.be\/fr\/product\/feuilles-dexamen-a4\/","og_site_name":"Helloschool","article_modified_time":"2026-01-12T13:52:42+00:00","og_image":[{"width":2000,"height":2000,"url":"https:\/\/helloschool.be\/wp-content\/uploads\/sites\/2\/2025\/04\/ExamenpapierA4-2.jpg","type":"image\/jpeg"}],"twitter_card":"summary_large_image","schema":{"@context":"https:\/\/schema.org","@graph":[{"@type":"WebPage","@id":"https:\/\/helloschool.be\/fr\/product\/feuilles-dexamen-a4\/","url":"https:\/\/helloschool.be\/fr\/product\/feuilles-dexamen-a4\/","name":"Feuilles d'examen A4 - Helloschool","isPartOf":{"@id":"https:\/\/helloschool.be\/#website"},"primaryImageOfPage":{"@id":"https:\/\/helloschool.be\/fr\/product\/feuilles-dexamen-a4\/#primaryimage"},"image":{"@id":"https:\/\/helloschool.be\/fr\/product\/feuilles-dexamen-a4\/#primaryimage"},"thumbnailUrl":"https:\/\/helloschool.be\/wp-content\/uploads\/sites\/2\/2025\/04\/ExamenpapierA4-2.jpg","datePublished":"2025-04-07T13:13:47+00:00","dateModified":"2026-01-12T13:52:42+00:00","breadcrumb":{"@id":"https:\/\/helloschool.be\/fr\/product\/feuilles-dexamen-a4\/#breadcrumb"},"inLanguage":"fr-FR","potentialAction":[{"@type":"ReadAction","target":["https:\/\/helloschool.be\/fr\/product\/feuilles-dexamen-a4\/"]}]},{"@type":"ImageObject","inLanguage":"fr-FR","@id":"https:\/\/helloschool.be\/fr\/product\/feuilles-dexamen-a4\/#primaryimage","url":"https:\/\/helloschool.be\/wp-content\/uploads\/sites\/2\/2025\/04\/ExamenpapierA4-2.jpg","contentUrl":"https:\/\/helloschool.be\/wp-content\/uploads\/sites\/2\/2025\/04\/ExamenpapierA4-2.jpg","width":2000,"height":2000},{"@type":"BreadcrumbList","@id":"https:\/\/helloschool.be\/fr\/product\/feuilles-dexamen-a4\/#breadcrumb","itemListElement":[{"@type":"ListItem","position":1,"name":"Home","item":"https:\/\/helloschool.be\/fr\/"},{"@type":"ListItem","position":2,"name":"Produits","item":"https:\/\/helloschool.be\/producten\/"},{"@type":"ListItem","position":3,"name":"Feuilles d&rsquo;examen A4"}]},{"@type":"WebSite","@id":"https:\/\/helloschool.be\/#website","url":"https:\/\/helloschool.be\/","name":"Helloschool","description":"Concentrez-vous sur l\u2019enseignement, nous nous occupons du reste.","potentialAction":[{"@type":"SearchAction","target":{"@type":"EntryPoint","urlTemplate":"https:\/\/helloschool.be\/?s={search_term_string}"},"query-input":{"@type":"PropertyValueSpecification","valueRequired":true,"valueName":"search_term_string"}}],"inLanguage":"fr-FR"}]}},"_links":{"self":[{"href":"https:\/\/helloschool.be\/fr\/wp-json\/wp\/v2\/product\/19641","targetHints":{"allow":["GET"]}}],"collection":[{"href":"https:\/\/helloschool.be\/fr\/wp-json\/wp\/v2\/product"}],"about":[{"href":"https:\/\/helloschool.be\/fr\/wp-json\/wp\/v2\/types\/product"}],"version-history":[{"count":3,"href":"https:\/\/helloschool.be\/fr\/wp-json\/wp\/v2\/product\/19641\/revisions"}],"predecessor-version":[{"id":23453,"href":"https:\/\/helloschool.be\/fr\/wp-json\/wp\/v2\/product\/19641\/revisions\/23453"}],"wp:featuredmedia":[{"embeddable":true,"href":"https:\/\/helloschool.be\/fr\/wp-json\/wp\/v2\/media\/17817"}],"wp:attachment":[{"href":"https:\/\/helloschool.be\/fr\/wp-json\/wp\/v2\/media?parent=19641"}],"wp:term":[{"taxonomy":"product_brand","embeddable":true,"href":"https:\/\/helloschool.be\/fr\/wp-json\/wp\/v2\/product_brand?post=19641"},{"taxonomy":"product_cat","embeddable":true,"href":"https:\/\/helloschool.be\/fr\/wp-json\/wp\/v2\/product_cat?post=19641"},{"taxonomy":"product_tag","embeddable":true,"href":"https:\/\/helloschool.be\/fr\/wp-json\/wp\/v2\/product_tag?post=19641"}],"curies":[{"name":"wp","href":"https:\/\/api.w.org\/{rel}","templated":true}]}}