{"id":19698,"date":"2025-04-17T13:45:48","date_gmt":"2025-04-17T13:45:48","guid":{"rendered":"https:\/\/helloschool.be\/product\/agenda-ecole-fondamentale\/"},"modified":"2025-05-01T08:52:20","modified_gmt":"2025-05-01T08:52:20","slug":"agenda-ecole-fondamentale","status":"publish","type":"product","link":"https:\/\/helloschool.be\/fr\/product\/agenda-ecole-fondamentale\/","title":{"rendered":"Agenda \u00e9cole fondamentale"},"content":{"rendered":"","protected":false},"excerpt":{"rendered":"<div class=\"elementor-element elementor-element-678f647 elementor-widget elementor-widget-heading\" data-id=\"678f647\" data-element_type=\"widget\" data-widget_type=\"heading.default\">\n<div class=\"elementor-widget-container\">\n<p class=\"elementor-heading-title elementor-size-default\">Agenda pour les \u00e9coles fondamentales<\/p>\n<\/div>\n<\/div>\n<div class=\"elementor-element elementor-element-91a9c4f color-scheme-inherit text-left elementor-widget elementor-widget-text-editor\" data-id=\"91a9c4f\" data-element_type=\"widget\" data-widget_type=\"text-editor.default\">\n<div class=\"elementor-widget-container\">\n<p>Non dat\u00e9e vue hebdomadaire sur deux pages<br \/>\n2 emplois du temps &#8211; 1 pages avec 4 billets d&rsquo;absences<\/p>\n<p><strong>D\u00e9tails<\/strong><\/p>\n<ul class=\"defaultList\">\n<li>Une page double = une semaine &#8211; 12 lignes par jour<\/li>\n<li>Version non dat\u00e9e<\/li>\n<li>Composition: \u00ab\u00a0le\u00e7ons \/ t\u00e2ches \/ \u00e0 emmener\u00a0\u00bb<\/li>\n<li>Section d\u2019informations hebdomadaires et signatures<\/li>\n<li>96 pages (premi\u00e8re partie contenant 2 emplois du temps, derni\u00e8re partie 1 pages avec 4 billets d&rsquo;absences)<\/li>\n<\/ul>\n<p><strong>Finition<\/strong><\/p>\n<ul>\n<li>Impression int\u00e9rieure bleu fonc\u00e9<\/li>\n<li>2 x agrafes au dos<\/li>\n<li>Une couverture souple cartonn\u00e9e, 300 gr.<\/li>\n<li><span class=\"\">Couverture imprim\u00e9e en couleur<\/span><\/li>\n<\/ul>\n<\/div>\n<\/div>\n","protected":false},"featured_media":18494,"template":"","meta":{"_acf_changed":false,"brand_hub_restriction":[],"brand_hub_id":null},"product_brand":[],"product_cat":[111,115],"product_tag":[],"class_list":{"0":"post-19698","1":"product","2":"type-product","3":"status-publish","4":"has-post-thumbnail","6":"product_cat-agenda-fr","7":"product_cat-impression-fr","9":"first","10":"instock","11":"taxable","12":"shipping-taxable","13":"purchasable","14":"product-type-variable","15":"has-default-attributes"},"acf":[],"yoast_head":"<!-- This site is optimized with the Yoast SEO plugin v26.7 - https:\/\/yoast.com\/wordpress\/plugins\/seo\/ -->\n<title>Agenda \u00e9cole fondamentale - Helloschool<\/title>\n<meta name=\"robots\" content=\"index, follow, max-snippet:-1, max-image-preview:large, max-video-preview:-1\" \/>\n<link rel=\"canonical\" href=\"https:\/\/helloschool.be\/product\/neutrale-lager-onderwijs\/\" \/>\n<meta property=\"og:locale\" content=\"fr_FR\" \/>\n<meta property=\"og:type\" content=\"article\" \/>\n<meta property=\"og:title\" content=\"Agenda \u00e9cole fondamentale - Helloschool\" \/>\n<meta property=\"og:description\" content=\"Agenda pour les \u00e9coles fondamentales       Non dat\u00e9e vue hebdomadaire sur deux pages 2 emplois du temps - 1 pages avec 4 billets d&#039;absences  D\u00e9tails   Une page double = une semaine - 12 lignes par jour  Version non dat\u00e9e  Composition: &quot;le\u00e7ons \/ t\u00e2ches \/ \u00e0 emmener&quot;  Section d\u2019informations hebdomadaires et signatures  96 pages (premi\u00e8re partie contenant 2 emplois du temps, derni\u00e8re partie 1 pages avec 4 billets d&#039;absences)  Finition   Impression int\u00e9rieure bleu fonc\u00e9  2 x agrafes au dos  Une couverture souple cartonn\u00e9e, 300 gr.  Couverture imprim\u00e9e en couleur\" \/>\n<meta property=\"og:url\" content=\"https:\/\/helloschool.be\/product\/neutrale-lager-onderwijs\/\" \/>\n<meta property=\"og:site_name\" content=\"Helloschool\" \/>\n<meta property=\"article:modified_time\" content=\"2025-05-01T08:52:20+00:00\" \/>\n<meta property=\"og:image\" content=\"https:\/\/helloschool.be\/wp-content\/uploads\/sites\/2\/2025\/04\/AgendaBS_Mockup6_geniet.jpg\" \/>\n\t<meta property=\"og:image:width\" content=\"1500\" \/>\n\t<meta property=\"og:image:height\" content=\"1500\" \/>\n\t<meta property=\"og:image:type\" content=\"image\/jpeg\" \/>\n<meta name=\"twitter:card\" content=\"summary_large_image\" \/>\n<script type=\"application\/ld+json\" class=\"yoast-schema-graph\">{\"@context\":\"https:\/\/schema.org\",\"@graph\":[{\"@type\":\"WebPage\",\"@id\":\"https:\/\/helloschool.be\/product\/neutrale-lager-onderwijs\/\",\"url\":\"https:\/\/helloschool.be\/product\/neutrale-lager-onderwijs\/\",\"name\":\"Agenda \u00e9cole fondamentale - Helloschool\",\"isPartOf\":{\"@id\":\"https:\/\/helloschool.be\/#website\"},\"primaryImageOfPage\":{\"@id\":\"https:\/\/helloschool.be\/product\/neutrale-lager-onderwijs\/#primaryimage\"},\"image\":{\"@id\":\"https:\/\/helloschool.be\/product\/neutrale-lager-onderwijs\/#primaryimage\"},\"thumbnailUrl\":\"https:\/\/helloschool.be\/wp-content\/uploads\/sites\/2\/2025\/04\/AgendaBS_Mockup6_geniet.jpg\",\"datePublished\":\"2025-04-17T13:45:48+00:00\",\"dateModified\":\"2025-05-01T08:52:20+00:00\",\"breadcrumb\":{\"@id\":\"https:\/\/helloschool.be\/product\/neutrale-lager-onderwijs\/#breadcrumb\"},\"inLanguage\":\"fr-FR\",\"potentialAction\":[{\"@type\":\"ReadAction\",\"target\":[\"https:\/\/helloschool.be\/product\/neutrale-lager-onderwijs\/\"]}]},{\"@type\":\"ImageObject\",\"inLanguage\":\"fr-FR\",\"@id\":\"https:\/\/helloschool.be\/product\/neutrale-lager-onderwijs\/#primaryimage\",\"url\":\"https:\/\/helloschool.be\/wp-content\/uploads\/sites\/2\/2025\/04\/AgendaBS_Mockup6_geniet.jpg\",\"contentUrl\":\"https:\/\/helloschool.be\/wp-content\/uploads\/sites\/2\/2025\/04\/AgendaBS_Mockup6_geniet.jpg\",\"width\":1500,\"height\":1500},{\"@type\":\"BreadcrumbList\",\"@id\":\"https:\/\/helloschool.be\/product\/neutrale-lager-onderwijs\/#breadcrumb\",\"itemListElement\":[{\"@type\":\"ListItem\",\"position\":1,\"name\":\"Home\",\"item\":\"https:\/\/helloschool.be\/fr\/\"},{\"@type\":\"ListItem\",\"position\":2,\"name\":\"Produits\",\"item\":\"https:\/\/helloschool.be\/producten\/\"},{\"@type\":\"ListItem\",\"position\":3,\"name\":\"Agenda \u00e9cole fondamentale\"}]},{\"@type\":\"WebSite\",\"@id\":\"https:\/\/helloschool.be\/#website\",\"url\":\"https:\/\/helloschool.be\/\",\"name\":\"Helloschool\",\"description\":\"Concentrez-vous sur l\u2019enseignement, nous nous occupons du reste.\",\"potentialAction\":[{\"@type\":\"SearchAction\",\"target\":{\"@type\":\"EntryPoint\",\"urlTemplate\":\"https:\/\/helloschool.be\/?s={search_term_string}\"},\"query-input\":{\"@type\":\"PropertyValueSpecification\",\"valueRequired\":true,\"valueName\":\"search_term_string\"}}],\"inLanguage\":\"fr-FR\"}]}<\/script>\n<!-- \/ Yoast SEO plugin. -->","yoast_head_json":{"title":"Agenda \u00e9cole fondamentale - Helloschool","robots":{"index":"index","follow":"follow","max-snippet":"max-snippet:-1","max-image-preview":"max-image-preview:large","max-video-preview":"max-video-preview:-1"},"canonical":"https:\/\/helloschool.be\/product\/neutrale-lager-onderwijs\/","og_locale":"fr_FR","og_type":"article","og_title":"Agenda \u00e9cole fondamentale - Helloschool","og_description":"Agenda pour les \u00e9coles fondamentales       Non dat\u00e9e vue hebdomadaire sur deux pages 2 emplois du temps - 1 pages avec 4 billets d'absences  D\u00e9tails   Une page double = une semaine - 12 lignes par jour  Version non dat\u00e9e  Composition: \"le\u00e7ons \/ t\u00e2ches \/ \u00e0 emmener\"  Section d\u2019informations hebdomadaires et signatures  96 pages (premi\u00e8re partie contenant 2 emplois du temps, derni\u00e8re partie 1 pages avec 4 billets d'absences)  Finition   Impression int\u00e9rieure bleu fonc\u00e9  2 x agrafes au dos  Une couverture souple cartonn\u00e9e, 300 gr.  Couverture imprim\u00e9e en couleur","og_url":"https:\/\/helloschool.be\/product\/neutrale-lager-onderwijs\/","og_site_name":"Helloschool","article_modified_time":"2025-05-01T08:52:20+00:00","og_image":[{"width":1500,"height":1500,"url":"https:\/\/helloschool.be\/wp-content\/uploads\/sites\/2\/2025\/04\/AgendaBS_Mockup6_geniet.jpg","type":"image\/jpeg"}],"twitter_card":"summary_large_image","schema":{"@context":"https:\/\/schema.org","@graph":[{"@type":"WebPage","@id":"https:\/\/helloschool.be\/product\/neutrale-lager-onderwijs\/","url":"https:\/\/helloschool.be\/product\/neutrale-lager-onderwijs\/","name":"Agenda \u00e9cole fondamentale - Helloschool","isPartOf":{"@id":"https:\/\/helloschool.be\/#website"},"primaryImageOfPage":{"@id":"https:\/\/helloschool.be\/product\/neutrale-lager-onderwijs\/#primaryimage"},"image":{"@id":"https:\/\/helloschool.be\/product\/neutrale-lager-onderwijs\/#primaryimage"},"thumbnailUrl":"https:\/\/helloschool.be\/wp-content\/uploads\/sites\/2\/2025\/04\/AgendaBS_Mockup6_geniet.jpg","datePublished":"2025-04-17T13:45:48+00:00","dateModified":"2025-05-01T08:52:20+00:00","breadcrumb":{"@id":"https:\/\/helloschool.be\/product\/neutrale-lager-onderwijs\/#breadcrumb"},"inLanguage":"fr-FR","potentialAction":[{"@type":"ReadAction","target":["https:\/\/helloschool.be\/product\/neutrale-lager-onderwijs\/"]}]},{"@type":"ImageObject","inLanguage":"fr-FR","@id":"https:\/\/helloschool.be\/product\/neutrale-lager-onderwijs\/#primaryimage","url":"https:\/\/helloschool.be\/wp-content\/uploads\/sites\/2\/2025\/04\/AgendaBS_Mockup6_geniet.jpg","contentUrl":"https:\/\/helloschool.be\/wp-content\/uploads\/sites\/2\/2025\/04\/AgendaBS_Mockup6_geniet.jpg","width":1500,"height":1500},{"@type":"BreadcrumbList","@id":"https:\/\/helloschool.be\/product\/neutrale-lager-onderwijs\/#breadcrumb","itemListElement":[{"@type":"ListItem","position":1,"name":"Home","item":"https:\/\/helloschool.be\/fr\/"},{"@type":"ListItem","position":2,"name":"Produits","item":"https:\/\/helloschool.be\/producten\/"},{"@type":"ListItem","position":3,"name":"Agenda \u00e9cole fondamentale"}]},{"@type":"WebSite","@id":"https:\/\/helloschool.be\/#website","url":"https:\/\/helloschool.be\/","name":"Helloschool","description":"Concentrez-vous sur l\u2019enseignement, nous nous occupons du reste.","potentialAction":[{"@type":"SearchAction","target":{"@type":"EntryPoint","urlTemplate":"https:\/\/helloschool.be\/?s={search_term_string}"},"query-input":{"@type":"PropertyValueSpecification","valueRequired":true,"valueName":"search_term_string"}}],"inLanguage":"fr-FR"}]}},"_links":{"self":[{"href":"https:\/\/helloschool.be\/fr\/wp-json\/wp\/v2\/product\/19698","targetHints":{"allow":["GET"]}}],"collection":[{"href":"https:\/\/helloschool.be\/fr\/wp-json\/wp\/v2\/product"}],"about":[{"href":"https:\/\/helloschool.be\/fr\/wp-json\/wp\/v2\/types\/product"}],"version-history":[{"count":1,"href":"https:\/\/helloschool.be\/fr\/wp-json\/wp\/v2\/product\/19698\/revisions"}],"predecessor-version":[{"id":19717,"href":"https:\/\/helloschool.be\/fr\/wp-json\/wp\/v2\/product\/19698\/revisions\/19717"}],"wp:featuredmedia":[{"embeddable":true,"href":"https:\/\/helloschool.be\/fr\/wp-json\/wp\/v2\/media\/18494"}],"wp:attachment":[{"href":"https:\/\/helloschool.be\/fr\/wp-json\/wp\/v2\/media?parent=19698"}],"wp:term":[{"taxonomy":"product_brand","embeddable":true,"href":"https:\/\/helloschool.be\/fr\/wp-json\/wp\/v2\/product_brand?post=19698"},{"taxonomy":"product_cat","embeddable":true,"href":"https:\/\/helloschool.be\/fr\/wp-json\/wp\/v2\/product_cat?post=19698"},{"taxonomy":"product_tag","embeddable":true,"href":"https:\/\/helloschool.be\/fr\/wp-json\/wp\/v2\/product_tag?post=19698"}],"curies":[{"name":"wp","href":"https:\/\/api.w.org\/{rel}","templated":true}]}}