{"id":19719,"date":"2025-04-17T13:14:18","date_gmt":"2025-04-17T13:14:18","guid":{"rendered":"https:\/\/helloschool.be\/product\/agenda-neutre-a4\/"},"modified":"2025-05-01T09:09:38","modified_gmt":"2025-05-01T09:09:38","slug":"agenda-neutre-a4","status":"publish","type":"product","link":"https:\/\/helloschool.be\/fr\/product\/agenda-neutre-a4\/","title":{"rendered":"Agenda neutre A4"},"content":{"rendered":"","protected":false},"excerpt":{"rendered":"<p>Un agenda en format A4 avec une premi\u00e8re section standard de 8 pages et un semainier, non dat\u00e9.<\/p>\n<p><strong>D\u00e9tails<\/strong><\/p>\n<ul class=\"defaultList\">\n<li>Une page double = une semaine<\/li>\n<li>Version non-dat\u00e9e<\/li>\n<li>9 heures de cours par jour dont mercredi 5 heures de cours<\/li>\n<li>Division en \u00ab\u00a0le\u00e7ons ou t\u00e2ches\u00a0\u00bb et \u00ab\u00a0sujet de le\u00e7ons\u00a0\u00bb<\/li>\n<li>2x emploi du temps<\/li>\n<li>Page de retard en classe<\/li>\n<li>Page de correspondance<\/li>\n<li>Plan annuel<\/li>\n<li>4 billets d&rsquo;absences<\/li>\n<li>Section d&rsquo;informations hebdomadaires, commentaires, signatures et notes obtenues<\/li>\n<li>88 pages (dont 8 pages incluses dans la premi\u00e8re section)<\/li>\n<\/ul>\n<p><strong>Finition<\/strong><\/p>\n<ul class=\"defaultList\">\n<li>Impression int\u00e9rieure bleu fonc\u00e9<\/li>\n<li>Perfobind<\/li>\n<li>Impression avec couverture cartonn\u00e9e lamin\u00e9e brillante souple (300gr)<\/li>\n<li>Couverture en couleur avec couche de protection lamin\u00e9e<\/li>\n<\/ul>\n","protected":false},"featured_media":0,"template":"","meta":{"_acf_changed":false,"brand_hub_restriction":[],"brand_hub_id":null},"product_brand":[],"product_cat":[111,115],"product_tag":[],"class_list":{"0":"post-19719","1":"product","2":"type-product","3":"status-publish","5":"product_cat-agenda-fr","6":"product_cat-impression-fr","8":"first","9":"instock","10":"taxable","11":"shipping-taxable","12":"purchasable","13":"product-type-variable","14":"has-default-attributes"},"acf":[],"yoast_head":"<!-- This site is optimized with the Yoast SEO plugin v26.7 - https:\/\/yoast.com\/wordpress\/plugins\/seo\/ -->\n<title>Agenda neutre A4 - Helloschool<\/title>\n<meta name=\"robots\" content=\"index, follow, max-snippet:-1, max-image-preview:large, max-video-preview:-1\" \/>\n<link rel=\"canonical\" href=\"https:\/\/helloschool.be\/product\/neutraal-agenda-a4\/\" \/>\n<meta property=\"og:locale\" content=\"fr_FR\" \/>\n<meta property=\"og:type\" content=\"article\" \/>\n<meta property=\"og:title\" content=\"Agenda neutre A4 - Helloschool\" \/>\n<meta property=\"og:description\" content=\"Un agenda en format A4 avec une premi\u00e8re section standard de 8 pages et un semainier, non dat\u00e9.  D\u00e9tails   Une page double = une semaine  Version non-dat\u00e9e  9 heures de cours par jour dont mercredi 5 heures de cours  Division en &quot;le\u00e7ons ou t\u00e2ches&quot; et &quot;sujet de le\u00e7ons&quot;  2x emploi du temps  Page de retard en classe  Page de correspondance  Plan annuel  4 billets d&#039;absences  Section d&#039;informations hebdomadaires, commentaires, signatures et notes obtenues  88 pages (dont 8 pages incluses dans la premi\u00e8re section)  Finition   Impression int\u00e9rieure bleu fonc\u00e9  Perfobind  Impression avec couverture cartonn\u00e9e lamin\u00e9e brillante souple (300gr)  Couverture en couleur avec couche de protection lamin\u00e9e\" \/>\n<meta property=\"og:url\" content=\"https:\/\/helloschool.be\/product\/neutraal-agenda-a4\/\" \/>\n<meta property=\"og:site_name\" content=\"Helloschool\" \/>\n<meta property=\"article:modified_time\" content=\"2025-05-01T09:09:38+00:00\" \/>\n<meta name=\"twitter:card\" content=\"summary_large_image\" \/>\n<script type=\"application\/ld+json\" class=\"yoast-schema-graph\">{\"@context\":\"https:\/\/schema.org\",\"@graph\":[{\"@type\":\"WebPage\",\"@id\":\"https:\/\/helloschool.be\/product\/neutraal-agenda-a4\/\",\"url\":\"https:\/\/helloschool.be\/product\/neutraal-agenda-a4\/\",\"name\":\"Agenda neutre A4 - Helloschool\",\"isPartOf\":{\"@id\":\"https:\/\/helloschool.be\/#website\"},\"datePublished\":\"2025-04-17T13:14:18+00:00\",\"dateModified\":\"2025-05-01T09:09:38+00:00\",\"breadcrumb\":{\"@id\":\"https:\/\/helloschool.be\/product\/neutraal-agenda-a4\/#breadcrumb\"},\"inLanguage\":\"fr-FR\",\"potentialAction\":[{\"@type\":\"ReadAction\",\"target\":[\"https:\/\/helloschool.be\/product\/neutraal-agenda-a4\/\"]}]},{\"@type\":\"BreadcrumbList\",\"@id\":\"https:\/\/helloschool.be\/product\/neutraal-agenda-a4\/#breadcrumb\",\"itemListElement\":[{\"@type\":\"ListItem\",\"position\":1,\"name\":\"Home\",\"item\":\"https:\/\/helloschool.be\/fr\/\"},{\"@type\":\"ListItem\",\"position\":2,\"name\":\"Produits\",\"item\":\"https:\/\/helloschool.be\/producten\/\"},{\"@type\":\"ListItem\",\"position\":3,\"name\":\"Agenda neutre A4\"}]},{\"@type\":\"WebSite\",\"@id\":\"https:\/\/helloschool.be\/#website\",\"url\":\"https:\/\/helloschool.be\/\",\"name\":\"Helloschool\",\"description\":\"Concentrez-vous sur l\u2019enseignement, nous nous occupons du reste.\",\"potentialAction\":[{\"@type\":\"SearchAction\",\"target\":{\"@type\":\"EntryPoint\",\"urlTemplate\":\"https:\/\/helloschool.be\/?s={search_term_string}\"},\"query-input\":{\"@type\":\"PropertyValueSpecification\",\"valueRequired\":true,\"valueName\":\"search_term_string\"}}],\"inLanguage\":\"fr-FR\"}]}<\/script>\n<!-- \/ Yoast SEO plugin. -->","yoast_head_json":{"title":"Agenda neutre A4 - Helloschool","robots":{"index":"index","follow":"follow","max-snippet":"max-snippet:-1","max-image-preview":"max-image-preview:large","max-video-preview":"max-video-preview:-1"},"canonical":"https:\/\/helloschool.be\/product\/neutraal-agenda-a4\/","og_locale":"fr_FR","og_type":"article","og_title":"Agenda neutre A4 - Helloschool","og_description":"Un agenda en format A4 avec une premi\u00e8re section standard de 8 pages et un semainier, non dat\u00e9.  D\u00e9tails   Une page double = une semaine  Version non-dat\u00e9e  9 heures de cours par jour dont mercredi 5 heures de cours  Division en \"le\u00e7ons ou t\u00e2ches\" et \"sujet de le\u00e7ons\"  2x emploi du temps  Page de retard en classe  Page de correspondance  Plan annuel  4 billets d'absences  Section d'informations hebdomadaires, commentaires, signatures et notes obtenues  88 pages (dont 8 pages incluses dans la premi\u00e8re section)  Finition   Impression int\u00e9rieure bleu fonc\u00e9  Perfobind  Impression avec couverture cartonn\u00e9e lamin\u00e9e brillante souple (300gr)  Couverture en couleur avec couche de protection lamin\u00e9e","og_url":"https:\/\/helloschool.be\/product\/neutraal-agenda-a4\/","og_site_name":"Helloschool","article_modified_time":"2025-05-01T09:09:38+00:00","twitter_card":"summary_large_image","schema":{"@context":"https:\/\/schema.org","@graph":[{"@type":"WebPage","@id":"https:\/\/helloschool.be\/product\/neutraal-agenda-a4\/","url":"https:\/\/helloschool.be\/product\/neutraal-agenda-a4\/","name":"Agenda neutre A4 - Helloschool","isPartOf":{"@id":"https:\/\/helloschool.be\/#website"},"datePublished":"2025-04-17T13:14:18+00:00","dateModified":"2025-05-01T09:09:38+00:00","breadcrumb":{"@id":"https:\/\/helloschool.be\/product\/neutraal-agenda-a4\/#breadcrumb"},"inLanguage":"fr-FR","potentialAction":[{"@type":"ReadAction","target":["https:\/\/helloschool.be\/product\/neutraal-agenda-a4\/"]}]},{"@type":"BreadcrumbList","@id":"https:\/\/helloschool.be\/product\/neutraal-agenda-a4\/#breadcrumb","itemListElement":[{"@type":"ListItem","position":1,"name":"Home","item":"https:\/\/helloschool.be\/fr\/"},{"@type":"ListItem","position":2,"name":"Produits","item":"https:\/\/helloschool.be\/producten\/"},{"@type":"ListItem","position":3,"name":"Agenda neutre A4"}]},{"@type":"WebSite","@id":"https:\/\/helloschool.be\/#website","url":"https:\/\/helloschool.be\/","name":"Helloschool","description":"Concentrez-vous sur l\u2019enseignement, nous nous occupons du reste.","potentialAction":[{"@type":"SearchAction","target":{"@type":"EntryPoint","urlTemplate":"https:\/\/helloschool.be\/?s={search_term_string}"},"query-input":{"@type":"PropertyValueSpecification","valueRequired":true,"valueName":"search_term_string"}}],"inLanguage":"fr-FR"}]}},"_links":{"self":[{"href":"https:\/\/helloschool.be\/fr\/wp-json\/wp\/v2\/product\/19719","targetHints":{"allow":["GET"]}}],"collection":[{"href":"https:\/\/helloschool.be\/fr\/wp-json\/wp\/v2\/product"}],"about":[{"href":"https:\/\/helloschool.be\/fr\/wp-json\/wp\/v2\/types\/product"}],"version-history":[{"count":2,"href":"https:\/\/helloschool.be\/fr\/wp-json\/wp\/v2\/product\/19719\/revisions"}],"predecessor-version":[{"id":19729,"href":"https:\/\/helloschool.be\/fr\/wp-json\/wp\/v2\/product\/19719\/revisions\/19729"}],"wp:attachment":[{"href":"https:\/\/helloschool.be\/fr\/wp-json\/wp\/v2\/media?parent=19719"}],"wp:term":[{"taxonomy":"product_brand","embeddable":true,"href":"https:\/\/helloschool.be\/fr\/wp-json\/wp\/v2\/product_brand?post=19719"},{"taxonomy":"product_cat","embeddable":true,"href":"https:\/\/helloschool.be\/fr\/wp-json\/wp\/v2\/product_cat?post=19719"},{"taxonomy":"product_tag","embeddable":true,"href":"https:\/\/helloschool.be\/fr\/wp-json\/wp\/v2\/product_tag?post=19719"}],"curies":[{"name":"wp","href":"https:\/\/api.w.org\/{rel}","templated":true}]}}