{"id":19802,"date":"2025-04-24T08:15:59","date_gmt":"2025-04-24T08:15:59","guid":{"rendered":"https:\/\/helloschool.be\/product\/enveloppes-dexamen\/"},"modified":"2026-01-12T13:47:20","modified_gmt":"2026-01-12T13:47:20","slug":"enveloppes-dexamen","status":"publish","type":"product","link":"https:\/\/helloschool.be\/fr\/product\/enveloppes-dexamen\/","title":{"rendered":"Enveloppes d&rsquo;examen"},"content":{"rendered":"","protected":false},"excerpt":{"rendered":"<p><strong>Enveloppes d&rsquo;examen \/ fond pliant \/ enveloppes \u00e0 soufflet<\/strong><\/p>\n<p>Pour un stockage et un transport sans souci<\/p>\n<p>Gr\u00e2ce \u00e0 une protection robuste et \u00e0 une bande de fermeture pratique, vos fournitures scolaires restent bien prot\u00e9g\u00e9es pendant le stockage et le transport. Fini les soucis de dommages : emballez vos examens, livres, supports de cours ou autres articles \u00e9ducatifs en toute confiance et conservez-les ou exp\u00e9diez-les en toute s\u00e9curit\u00e9. Le fond \u00e0 soufflet solide a une \u00e9paisseur de 40 mm ou 25 mm. Ces plis permettent \u00e0 l\u2019enveloppe de <strong data-start=\"395\" data-end=\"408\">s\u2019agrandir<\/strong> ou de se <strong data-start=\"412\" data-end=\"425\">d\u00e9ployer<\/strong>, offrant ainsi plus d\u2019espace ou la possibilit\u00e9 d\u2019y ins\u00e9rer un <strong data-start=\"439\" data-end=\"465\">contenu plus \u00e9pais<\/strong> qu\u2019une enveloppe plate standard.   <\/p>\n","protected":false},"featured_media":17892,"template":"","meta":{"_acf_changed":false,"brand_hub_restriction":[],"brand_hub_id":null},"product_brand":[],"product_cat":[116,115],"product_tag":[134],"class_list":{"0":"post-19802","1":"product","2":"type-product","3":"status-publish","4":"has-post-thumbnail","6":"product_cat-feuille-examen-fr","7":"product_cat-impression-fr","8":"product_tag-demande-devis","10":"first","11":"instock","12":"taxable","13":"shipping-taxable","14":"purchasable","15":"product-type-variable","16":"has-default-attributes"},"acf":[],"yoast_head":"<!-- This site is optimized with the Yoast SEO plugin v26.7 - https:\/\/yoast.com\/wordpress\/plugins\/seo\/ -->\n<title>Enveloppes d&#039;examen - Helloschool<\/title>\n<meta name=\"robots\" content=\"index, follow, max-snippet:-1, max-image-preview:large, max-video-preview:-1\" \/>\n<link rel=\"canonical\" href=\"https:\/\/helloschool.be\/fr\/product\/enveloppes-dexamen\/\" \/>\n<meta property=\"og:locale\" content=\"fr_FR\" \/>\n<meta property=\"og:type\" content=\"article\" \/>\n<meta property=\"og:title\" content=\"Enveloppes d&#039;examen - Helloschool\" \/>\n<meta property=\"og:description\" content=\"Enveloppes d&#039;examen \/ fond pliant \/ enveloppes \u00e0 soufflet Pour un stockage et un transport sans souci Gr\u00e2ce \u00e0 une protection robuste et \u00e0 une bande de fermeture pratique, vos fournitures scolaires restent bien prot\u00e9g\u00e9es pendant le stockage et le transport. Fini les soucis de dommages : emballez vos examens, livres, supports de cours ou autres articles \u00e9ducatifs en toute confiance et conservez-les ou exp\u00e9diez-les en toute s\u00e9curit\u00e9. Le fond \u00e0 soufflet solide a une \u00e9paisseur de 40 mm ou 25 mm. Ces plis permettent \u00e0 l\u2019enveloppe de s\u2019agrandir ou de se d\u00e9ployer, offrant ainsi plus d\u2019espace ou la possibilit\u00e9 d\u2019y ins\u00e9rer un contenu plus \u00e9pais qu\u2019une enveloppe plate standard.\" \/>\n<meta property=\"og:url\" content=\"https:\/\/helloschool.be\/fr\/product\/enveloppes-dexamen\/\" \/>\n<meta property=\"og:site_name\" content=\"Helloschool\" \/>\n<meta property=\"article:modified_time\" content=\"2026-01-12T13:47:20+00:00\" \/>\n<meta property=\"og:image\" content=\"https:\/\/helloschool.be\/wp-content\/uploads\/sites\/2\/2025\/04\/EX-env-scaled-1.jpg\" \/>\n\t<meta property=\"og:image:width\" content=\"2560\" \/>\n\t<meta property=\"og:image:height\" content=\"2560\" \/>\n\t<meta property=\"og:image:type\" content=\"image\/jpeg\" \/>\n<meta name=\"twitter:card\" content=\"summary_large_image\" \/>\n<script type=\"application\/ld+json\" class=\"yoast-schema-graph\">{\"@context\":\"https:\/\/schema.org\",\"@graph\":[{\"@type\":\"WebPage\",\"@id\":\"https:\/\/helloschool.be\/fr\/product\/enveloppes-dexamen\/\",\"url\":\"https:\/\/helloschool.be\/fr\/product\/enveloppes-dexamen\/\",\"name\":\"Enveloppes d'examen - Helloschool\",\"isPartOf\":{\"@id\":\"https:\/\/helloschool.be\/#website\"},\"primaryImageOfPage\":{\"@id\":\"https:\/\/helloschool.be\/fr\/product\/enveloppes-dexamen\/#primaryimage\"},\"image\":{\"@id\":\"https:\/\/helloschool.be\/fr\/product\/enveloppes-dexamen\/#primaryimage\"},\"thumbnailUrl\":\"https:\/\/helloschool.be\/wp-content\/uploads\/sites\/2\/2025\/04\/EX-env-scaled-1.jpg\",\"datePublished\":\"2025-04-24T08:15:59+00:00\",\"dateModified\":\"2026-01-12T13:47:20+00:00\",\"breadcrumb\":{\"@id\":\"https:\/\/helloschool.be\/fr\/product\/enveloppes-dexamen\/#breadcrumb\"},\"inLanguage\":\"fr-FR\",\"potentialAction\":[{\"@type\":\"ReadAction\",\"target\":[\"https:\/\/helloschool.be\/fr\/product\/enveloppes-dexamen\/\"]}]},{\"@type\":\"ImageObject\",\"inLanguage\":\"fr-FR\",\"@id\":\"https:\/\/helloschool.be\/fr\/product\/enveloppes-dexamen\/#primaryimage\",\"url\":\"https:\/\/helloschool.be\/wp-content\/uploads\/sites\/2\/2025\/04\/EX-env-scaled-1.jpg\",\"contentUrl\":\"https:\/\/helloschool.be\/wp-content\/uploads\/sites\/2\/2025\/04\/EX-env-scaled-1.jpg\",\"width\":2560,\"height\":2560},{\"@type\":\"BreadcrumbList\",\"@id\":\"https:\/\/helloschool.be\/fr\/product\/enveloppes-dexamen\/#breadcrumb\",\"itemListElement\":[{\"@type\":\"ListItem\",\"position\":1,\"name\":\"Home\",\"item\":\"https:\/\/helloschool.be\/fr\/\"},{\"@type\":\"ListItem\",\"position\":2,\"name\":\"Produits\",\"item\":\"https:\/\/helloschool.be\/producten\/\"},{\"@type\":\"ListItem\",\"position\":3,\"name\":\"Enveloppes d&rsquo;examen\"}]},{\"@type\":\"WebSite\",\"@id\":\"https:\/\/helloschool.be\/#website\",\"url\":\"https:\/\/helloschool.be\/\",\"name\":\"Helloschool\",\"description\":\"Concentrez-vous sur l\u2019enseignement, nous nous occupons du reste.\",\"potentialAction\":[{\"@type\":\"SearchAction\",\"target\":{\"@type\":\"EntryPoint\",\"urlTemplate\":\"https:\/\/helloschool.be\/?s={search_term_string}\"},\"query-input\":{\"@type\":\"PropertyValueSpecification\",\"valueRequired\":true,\"valueName\":\"search_term_string\"}}],\"inLanguage\":\"fr-FR\"}]}<\/script>\n<!-- \/ Yoast SEO plugin. -->","yoast_head_json":{"title":"Enveloppes d'examen - Helloschool","robots":{"index":"index","follow":"follow","max-snippet":"max-snippet:-1","max-image-preview":"max-image-preview:large","max-video-preview":"max-video-preview:-1"},"canonical":"https:\/\/helloschool.be\/fr\/product\/enveloppes-dexamen\/","og_locale":"fr_FR","og_type":"article","og_title":"Enveloppes d'examen - Helloschool","og_description":"Enveloppes d'examen \/ fond pliant \/ enveloppes \u00e0 soufflet Pour un stockage et un transport sans souci Gr\u00e2ce \u00e0 une protection robuste et \u00e0 une bande de fermeture pratique, vos fournitures scolaires restent bien prot\u00e9g\u00e9es pendant le stockage et le transport. Fini les soucis de dommages : emballez vos examens, livres, supports de cours ou autres articles \u00e9ducatifs en toute confiance et conservez-les ou exp\u00e9diez-les en toute s\u00e9curit\u00e9. Le fond \u00e0 soufflet solide a une \u00e9paisseur de 40 mm ou 25 mm. Ces plis permettent \u00e0 l\u2019enveloppe de s\u2019agrandir ou de se d\u00e9ployer, offrant ainsi plus d\u2019espace ou la possibilit\u00e9 d\u2019y ins\u00e9rer un contenu plus \u00e9pais qu\u2019une enveloppe plate standard.","og_url":"https:\/\/helloschool.be\/fr\/product\/enveloppes-dexamen\/","og_site_name":"Helloschool","article_modified_time":"2026-01-12T13:47:20+00:00","og_image":[{"width":2560,"height":2560,"url":"https:\/\/helloschool.be\/wp-content\/uploads\/sites\/2\/2025\/04\/EX-env-scaled-1.jpg","type":"image\/jpeg"}],"twitter_card":"summary_large_image","schema":{"@context":"https:\/\/schema.org","@graph":[{"@type":"WebPage","@id":"https:\/\/helloschool.be\/fr\/product\/enveloppes-dexamen\/","url":"https:\/\/helloschool.be\/fr\/product\/enveloppes-dexamen\/","name":"Enveloppes d'examen - Helloschool","isPartOf":{"@id":"https:\/\/helloschool.be\/#website"},"primaryImageOfPage":{"@id":"https:\/\/helloschool.be\/fr\/product\/enveloppes-dexamen\/#primaryimage"},"image":{"@id":"https:\/\/helloschool.be\/fr\/product\/enveloppes-dexamen\/#primaryimage"},"thumbnailUrl":"https:\/\/helloschool.be\/wp-content\/uploads\/sites\/2\/2025\/04\/EX-env-scaled-1.jpg","datePublished":"2025-04-24T08:15:59+00:00","dateModified":"2026-01-12T13:47:20+00:00","breadcrumb":{"@id":"https:\/\/helloschool.be\/fr\/product\/enveloppes-dexamen\/#breadcrumb"},"inLanguage":"fr-FR","potentialAction":[{"@type":"ReadAction","target":["https:\/\/helloschool.be\/fr\/product\/enveloppes-dexamen\/"]}]},{"@type":"ImageObject","inLanguage":"fr-FR","@id":"https:\/\/helloschool.be\/fr\/product\/enveloppes-dexamen\/#primaryimage","url":"https:\/\/helloschool.be\/wp-content\/uploads\/sites\/2\/2025\/04\/EX-env-scaled-1.jpg","contentUrl":"https:\/\/helloschool.be\/wp-content\/uploads\/sites\/2\/2025\/04\/EX-env-scaled-1.jpg","width":2560,"height":2560},{"@type":"BreadcrumbList","@id":"https:\/\/helloschool.be\/fr\/product\/enveloppes-dexamen\/#breadcrumb","itemListElement":[{"@type":"ListItem","position":1,"name":"Home","item":"https:\/\/helloschool.be\/fr\/"},{"@type":"ListItem","position":2,"name":"Produits","item":"https:\/\/helloschool.be\/producten\/"},{"@type":"ListItem","position":3,"name":"Enveloppes d&rsquo;examen"}]},{"@type":"WebSite","@id":"https:\/\/helloschool.be\/#website","url":"https:\/\/helloschool.be\/","name":"Helloschool","description":"Concentrez-vous sur l\u2019enseignement, nous nous occupons du reste.","potentialAction":[{"@type":"SearchAction","target":{"@type":"EntryPoint","urlTemplate":"https:\/\/helloschool.be\/?s={search_term_string}"},"query-input":{"@type":"PropertyValueSpecification","valueRequired":true,"valueName":"search_term_string"}}],"inLanguage":"fr-FR"}]}},"_links":{"self":[{"href":"https:\/\/helloschool.be\/fr\/wp-json\/wp\/v2\/product\/19802","targetHints":{"allow":["GET"]}}],"collection":[{"href":"https:\/\/helloschool.be\/fr\/wp-json\/wp\/v2\/product"}],"about":[{"href":"https:\/\/helloschool.be\/fr\/wp-json\/wp\/v2\/types\/product"}],"version-history":[{"count":2,"href":"https:\/\/helloschool.be\/fr\/wp-json\/wp\/v2\/product\/19802\/revisions"}],"predecessor-version":[{"id":23452,"href":"https:\/\/helloschool.be\/fr\/wp-json\/wp\/v2\/product\/19802\/revisions\/23452"}],"wp:featuredmedia":[{"embeddable":true,"href":"https:\/\/helloschool.be\/fr\/wp-json\/wp\/v2\/media\/17892"}],"wp:attachment":[{"href":"https:\/\/helloschool.be\/fr\/wp-json\/wp\/v2\/media?parent=19802"}],"wp:term":[{"taxonomy":"product_brand","embeddable":true,"href":"https:\/\/helloschool.be\/fr\/wp-json\/wp\/v2\/product_brand?post=19802"},{"taxonomy":"product_cat","embeddable":true,"href":"https:\/\/helloschool.be\/fr\/wp-json\/wp\/v2\/product_cat?post=19802"},{"taxonomy":"product_tag","embeddable":true,"href":"https:\/\/helloschool.be\/fr\/wp-json\/wp\/v2\/product_tag?post=19802"}],"curies":[{"name":"wp","href":"https:\/\/api.w.org\/{rel}","templated":true}]}}