{"id":19829,"date":"2025-04-03T13:27:41","date_gmt":"2025-04-03T13:27:41","guid":{"rendered":"https:\/\/helloschool.be\/product\/sac-de-sport\/"},"modified":"2025-05-06T13:59:59","modified_gmt":"2025-05-06T13:59:59","slug":"sac-de-sport","status":"publish","type":"product","link":"https:\/\/helloschool.be\/fr\/product\/sac-de-sport\/","title":{"rendered":"Sac de sport"},"content":{"rendered":"","protected":false},"excerpt":{"rendered":"<p>Sac de sport pratique et spacieux pour l&rsquo;\u00e9cole et le sport !<\/p>\n<p>Ce sac de sport est parfait pour les \u00e9l\u00e8ves qui souhaitent transporter leurs affaires de sport de mani\u00e8re organis\u00e9e. Avec suffisamment d&rsquo;espace pour les v\u00eatements, les chaussures et les accessoires, ainsi qu&rsquo;une poche lat\u00e9rale pratique pour les petits objets. Fabriqu\u00e9 en mat\u00e9riau durable et \u00e9quip\u00e9 d&rsquo;une bandouli\u00e8re confortable. Id\u00e9al pour les cours de sport, les entra\u00eenements ou une journ\u00e9e en dehors !<\/p>\n","protected":false},"featured_media":17231,"template":"","meta":{"_acf_changed":false,"brand_hub_restriction":[],"brand_hub_id":null},"product_brand":[],"product_cat":[118],"product_tag":[],"class_list":{"0":"post-19829","1":"product","2":"type-product","3":"status-publish","4":"has-post-thumbnail","6":"product_cat-textile-fr","8":"first","9":"instock","10":"taxable","11":"shipping-taxable","12":"purchasable","13":"product-type-simple"},"acf":[],"yoast_head":"<!-- This site is optimized with the Yoast SEO plugin v26.7 - https:\/\/yoast.com\/wordpress\/plugins\/seo\/ -->\n<title>Sac de sport - Helloschool<\/title>\n<meta name=\"robots\" content=\"index, follow, max-snippet:-1, max-image-preview:large, max-video-preview:-1\" \/>\n<link rel=\"canonical\" href=\"https:\/\/helloschool.be\/product\/sport-tas\/\" \/>\n<meta property=\"og:locale\" content=\"fr_FR\" \/>\n<meta property=\"og:type\" content=\"article\" \/>\n<meta property=\"og:title\" content=\"Sac de sport - Helloschool\" \/>\n<meta property=\"og:description\" content=\"Sac de sport pratique et spacieux pour l&#039;\u00e9cole et le sport !  Ce sac de sport est parfait pour les \u00e9l\u00e8ves qui souhaitent transporter leurs affaires de sport de mani\u00e8re organis\u00e9e. Avec suffisamment d&#039;espace pour les v\u00eatements, les chaussures et les accessoires, ainsi qu&#039;une poche lat\u00e9rale pratique pour les petits objets. Fabriqu\u00e9 en mat\u00e9riau durable et \u00e9quip\u00e9 d&#039;une bandouli\u00e8re confortable. Id\u00e9al pour les cours de sport, les entra\u00eenements ou une journ\u00e9e en dehors !\" \/>\n<meta property=\"og:url\" content=\"https:\/\/helloschool.be\/product\/sport-tas\/\" \/>\n<meta property=\"og:site_name\" content=\"Helloschool\" \/>\n<meta property=\"article:modified_time\" content=\"2025-05-06T13:59:59+00:00\" \/>\n<meta property=\"og:image\" content=\"https:\/\/helloschool.be\/wp-content\/uploads\/sites\/2\/2025\/04\/Eastport_RPET_Sportsbag_sport_PDP_1.jpg\" \/>\n\t<meta property=\"og:image:width\" content=\"1000\" \/>\n\t<meta property=\"og:image:height\" content=\"1000\" \/>\n\t<meta property=\"og:image:type\" content=\"image\/jpeg\" \/>\n<meta name=\"twitter:card\" content=\"summary_large_image\" \/>\n<script type=\"application\/ld+json\" class=\"yoast-schema-graph\">{\"@context\":\"https:\/\/schema.org\",\"@graph\":[{\"@type\":\"WebPage\",\"@id\":\"https:\/\/helloschool.be\/product\/sport-tas\/\",\"url\":\"https:\/\/helloschool.be\/product\/sport-tas\/\",\"name\":\"Sac de sport - Helloschool\",\"isPartOf\":{\"@id\":\"https:\/\/helloschool.be\/#website\"},\"primaryImageOfPage\":{\"@id\":\"https:\/\/helloschool.be\/product\/sport-tas\/#primaryimage\"},\"image\":{\"@id\":\"https:\/\/helloschool.be\/product\/sport-tas\/#primaryimage\"},\"thumbnailUrl\":\"https:\/\/helloschool.be\/wp-content\/uploads\/sites\/2\/2025\/04\/Eastport_RPET_Sportsbag_sport_PDP_1.jpg\",\"datePublished\":\"2025-04-03T13:27:41+00:00\",\"dateModified\":\"2025-05-06T13:59:59+00:00\",\"breadcrumb\":{\"@id\":\"https:\/\/helloschool.be\/product\/sport-tas\/#breadcrumb\"},\"inLanguage\":\"fr-FR\",\"potentialAction\":[{\"@type\":\"ReadAction\",\"target\":[\"https:\/\/helloschool.be\/product\/sport-tas\/\"]}]},{\"@type\":\"ImageObject\",\"inLanguage\":\"fr-FR\",\"@id\":\"https:\/\/helloschool.be\/product\/sport-tas\/#primaryimage\",\"url\":\"https:\/\/helloschool.be\/wp-content\/uploads\/sites\/2\/2025\/04\/Eastport_RPET_Sportsbag_sport_PDP_1.jpg\",\"contentUrl\":\"https:\/\/helloschool.be\/wp-content\/uploads\/sites\/2\/2025\/04\/Eastport_RPET_Sportsbag_sport_PDP_1.jpg\",\"width\":1000,\"height\":1000},{\"@type\":\"BreadcrumbList\",\"@id\":\"https:\/\/helloschool.be\/product\/sport-tas\/#breadcrumb\",\"itemListElement\":[{\"@type\":\"ListItem\",\"position\":1,\"name\":\"Home\",\"item\":\"https:\/\/helloschool.be\/fr\/\"},{\"@type\":\"ListItem\",\"position\":2,\"name\":\"Produits\",\"item\":\"https:\/\/helloschool.be\/producten\/\"},{\"@type\":\"ListItem\",\"position\":3,\"name\":\"Sac de sport\"}]},{\"@type\":\"WebSite\",\"@id\":\"https:\/\/helloschool.be\/#website\",\"url\":\"https:\/\/helloschool.be\/\",\"name\":\"Helloschool\",\"description\":\"Concentrez-vous sur l\u2019enseignement, nous nous occupons du reste.\",\"potentialAction\":[{\"@type\":\"SearchAction\",\"target\":{\"@type\":\"EntryPoint\",\"urlTemplate\":\"https:\/\/helloschool.be\/?s={search_term_string}\"},\"query-input\":{\"@type\":\"PropertyValueSpecification\",\"valueRequired\":true,\"valueName\":\"search_term_string\"}}],\"inLanguage\":\"fr-FR\"}]}<\/script>\n<!-- \/ Yoast SEO plugin. -->","yoast_head_json":{"title":"Sac de sport - Helloschool","robots":{"index":"index","follow":"follow","max-snippet":"max-snippet:-1","max-image-preview":"max-image-preview:large","max-video-preview":"max-video-preview:-1"},"canonical":"https:\/\/helloschool.be\/product\/sport-tas\/","og_locale":"fr_FR","og_type":"article","og_title":"Sac de sport - Helloschool","og_description":"Sac de sport pratique et spacieux pour l'\u00e9cole et le sport !  Ce sac de sport est parfait pour les \u00e9l\u00e8ves qui souhaitent transporter leurs affaires de sport de mani\u00e8re organis\u00e9e. Avec suffisamment d'espace pour les v\u00eatements, les chaussures et les accessoires, ainsi qu'une poche lat\u00e9rale pratique pour les petits objets. Fabriqu\u00e9 en mat\u00e9riau durable et \u00e9quip\u00e9 d'une bandouli\u00e8re confortable. Id\u00e9al pour les cours de sport, les entra\u00eenements ou une journ\u00e9e en dehors !","og_url":"https:\/\/helloschool.be\/product\/sport-tas\/","og_site_name":"Helloschool","article_modified_time":"2025-05-06T13:59:59+00:00","og_image":[{"width":1000,"height":1000,"url":"https:\/\/helloschool.be\/wp-content\/uploads\/sites\/2\/2025\/04\/Eastport_RPET_Sportsbag_sport_PDP_1.jpg","type":"image\/jpeg"}],"twitter_card":"summary_large_image","schema":{"@context":"https:\/\/schema.org","@graph":[{"@type":"WebPage","@id":"https:\/\/helloschool.be\/product\/sport-tas\/","url":"https:\/\/helloschool.be\/product\/sport-tas\/","name":"Sac de sport - Helloschool","isPartOf":{"@id":"https:\/\/helloschool.be\/#website"},"primaryImageOfPage":{"@id":"https:\/\/helloschool.be\/product\/sport-tas\/#primaryimage"},"image":{"@id":"https:\/\/helloschool.be\/product\/sport-tas\/#primaryimage"},"thumbnailUrl":"https:\/\/helloschool.be\/wp-content\/uploads\/sites\/2\/2025\/04\/Eastport_RPET_Sportsbag_sport_PDP_1.jpg","datePublished":"2025-04-03T13:27:41+00:00","dateModified":"2025-05-06T13:59:59+00:00","breadcrumb":{"@id":"https:\/\/helloschool.be\/product\/sport-tas\/#breadcrumb"},"inLanguage":"fr-FR","potentialAction":[{"@type":"ReadAction","target":["https:\/\/helloschool.be\/product\/sport-tas\/"]}]},{"@type":"ImageObject","inLanguage":"fr-FR","@id":"https:\/\/helloschool.be\/product\/sport-tas\/#primaryimage","url":"https:\/\/helloschool.be\/wp-content\/uploads\/sites\/2\/2025\/04\/Eastport_RPET_Sportsbag_sport_PDP_1.jpg","contentUrl":"https:\/\/helloschool.be\/wp-content\/uploads\/sites\/2\/2025\/04\/Eastport_RPET_Sportsbag_sport_PDP_1.jpg","width":1000,"height":1000},{"@type":"BreadcrumbList","@id":"https:\/\/helloschool.be\/product\/sport-tas\/#breadcrumb","itemListElement":[{"@type":"ListItem","position":1,"name":"Home","item":"https:\/\/helloschool.be\/fr\/"},{"@type":"ListItem","position":2,"name":"Produits","item":"https:\/\/helloschool.be\/producten\/"},{"@type":"ListItem","position":3,"name":"Sac de sport"}]},{"@type":"WebSite","@id":"https:\/\/helloschool.be\/#website","url":"https:\/\/helloschool.be\/","name":"Helloschool","description":"Concentrez-vous sur l\u2019enseignement, nous nous occupons du reste.","potentialAction":[{"@type":"SearchAction","target":{"@type":"EntryPoint","urlTemplate":"https:\/\/helloschool.be\/?s={search_term_string}"},"query-input":{"@type":"PropertyValueSpecification","valueRequired":true,"valueName":"search_term_string"}}],"inLanguage":"fr-FR"}]}},"_links":{"self":[{"href":"https:\/\/helloschool.be\/fr\/wp-json\/wp\/v2\/product\/19829","targetHints":{"allow":["GET"]}}],"collection":[{"href":"https:\/\/helloschool.be\/fr\/wp-json\/wp\/v2\/product"}],"about":[{"href":"https:\/\/helloschool.be\/fr\/wp-json\/wp\/v2\/types\/product"}],"version-history":[{"count":1,"href":"https:\/\/helloschool.be\/fr\/wp-json\/wp\/v2\/product\/19829\/revisions"}],"predecessor-version":[{"id":19830,"href":"https:\/\/helloschool.be\/fr\/wp-json\/wp\/v2\/product\/19829\/revisions\/19830"}],"wp:featuredmedia":[{"embeddable":true,"href":"https:\/\/helloschool.be\/fr\/wp-json\/wp\/v2\/media\/17231"}],"wp:attachment":[{"href":"https:\/\/helloschool.be\/fr\/wp-json\/wp\/v2\/media?parent=19829"}],"wp:term":[{"taxonomy":"product_brand","embeddable":true,"href":"https:\/\/helloschool.be\/fr\/wp-json\/wp\/v2\/product_brand?post=19829"},{"taxonomy":"product_cat","embeddable":true,"href":"https:\/\/helloschool.be\/fr\/wp-json\/wp\/v2\/product_cat?post=19829"},{"taxonomy":"product_tag","embeddable":true,"href":"https:\/\/helloschool.be\/fr\/wp-json\/wp\/v2\/product_tag?post=19829"}],"curies":[{"name":"wp","href":"https:\/\/api.w.org\/{rel}","templated":true}]}}