{"id":19841,"date":"2025-04-03T11:14:50","date_gmt":"2025-04-03T11:14:50","guid":{"rendered":"https:\/\/helloschool.be\/product\/posters\/"},"modified":"2025-05-13T12:20:25","modified_gmt":"2025-05-13T12:20:25","slug":"posters","status":"publish","type":"product","link":"https:\/\/helloschool.be\/fr\/product\/posters\/","title":{"rendered":"Posters"},"content":{"rendered":"","protected":false},"excerpt":{"rendered":"<p><strong>D\u00e9couvrez notre large assortiment de posters pour la communication \u00e0 l&rsquo;int\u00e9rieur ou \u00e0 l&rsquo;ext\u00e9rieur de l&rsquo;\u00e9cole.<\/strong><\/p>\n<p>Avec des couleurs vives et une impression de haute qualit\u00e9, ils cr\u00e9ent un impact visuel impressionnant dans les salles de classe, les couloirs ou lors d&rsquo;\u00e9v\u00e9nements. Transformez l&rsquo;environnement de votre \u00e9cole ou vos journ\u00e9es portes ouvertes en un v\u00e9ritable point de mire et offrez aux \u00e9l\u00e8ves, enseignants et visiteurs, de mani\u00e8re avantageuse, de l&rsquo;inspiration ou des informations !<\/p>\n","protected":false},"featured_media":0,"template":"","meta":{"_acf_changed":false,"brand_hub_restriction":[],"brand_hub_id":null},"product_brand":[],"product_cat":[115],"product_tag":[],"class_list":{"0":"post-19841","1":"product","2":"type-product","3":"status-publish","5":"product_cat-impression-fr","7":"first","8":"instock","9":"taxable","10":"shipping-taxable","11":"purchasable","12":"product-type-simple"},"acf":[],"yoast_head":"<!-- This site is optimized with the Yoast SEO plugin v26.7 - https:\/\/yoast.com\/wordpress\/plugins\/seo\/ -->\n<title>Posters - Helloschool<\/title>\n<meta name=\"robots\" content=\"index, follow, max-snippet:-1, max-image-preview:large, max-video-preview:-1\" \/>\n<link rel=\"canonical\" href=\"https:\/\/helloschool.be\/fr\/product\/posters\/\" \/>\n<meta property=\"og:locale\" content=\"fr_FR\" \/>\n<meta property=\"og:type\" content=\"article\" \/>\n<meta property=\"og:title\" content=\"Posters - Helloschool\" \/>\n<meta property=\"og:description\" content=\"D\u00e9couvrez notre large assortiment de posters pour la communication \u00e0 l&#039;int\u00e9rieur ou \u00e0 l&#039;ext\u00e9rieur de l&#039;\u00e9cole.  Avec des couleurs vives et une impression de haute qualit\u00e9, ils cr\u00e9ent un impact visuel impressionnant dans les salles de classe, les couloirs ou lors d&#039;\u00e9v\u00e9nements. Transformez l&#039;environnement de votre \u00e9cole ou vos journ\u00e9es portes ouvertes en un v\u00e9ritable point de mire et offrez aux \u00e9l\u00e8ves, enseignants et visiteurs, de mani\u00e8re avantageuse, de l&#039;inspiration ou des informations !\" \/>\n<meta property=\"og:url\" content=\"https:\/\/helloschool.be\/fr\/product\/posters\/\" \/>\n<meta property=\"og:site_name\" content=\"Helloschool\" \/>\n<meta property=\"article:modified_time\" content=\"2025-05-13T12:20:25+00:00\" \/>\n<meta name=\"twitter:card\" content=\"summary_large_image\" \/>\n<script type=\"application\/ld+json\" class=\"yoast-schema-graph\">{\"@context\":\"https:\/\/schema.org\",\"@graph\":[{\"@type\":\"WebPage\",\"@id\":\"https:\/\/helloschool.be\/fr\/product\/posters\/\",\"url\":\"https:\/\/helloschool.be\/fr\/product\/posters\/\",\"name\":\"Posters - Helloschool\",\"isPartOf\":{\"@id\":\"https:\/\/helloschool.be\/#website\"},\"datePublished\":\"2025-04-03T11:14:50+00:00\",\"dateModified\":\"2025-05-13T12:20:25+00:00\",\"breadcrumb\":{\"@id\":\"https:\/\/helloschool.be\/fr\/product\/posters\/#breadcrumb\"},\"inLanguage\":\"fr-FR\",\"potentialAction\":[{\"@type\":\"ReadAction\",\"target\":[\"https:\/\/helloschool.be\/fr\/product\/posters\/\"]}]},{\"@type\":\"BreadcrumbList\",\"@id\":\"https:\/\/helloschool.be\/fr\/product\/posters\/#breadcrumb\",\"itemListElement\":[{\"@type\":\"ListItem\",\"position\":1,\"name\":\"Home\",\"item\":\"https:\/\/helloschool.be\/fr\/\"},{\"@type\":\"ListItem\",\"position\":2,\"name\":\"Produits\",\"item\":\"https:\/\/helloschool.be\/producten\/\"},{\"@type\":\"ListItem\",\"position\":3,\"name\":\"Posters\"}]},{\"@type\":\"WebSite\",\"@id\":\"https:\/\/helloschool.be\/#website\",\"url\":\"https:\/\/helloschool.be\/\",\"name\":\"Helloschool\",\"description\":\"Concentrez-vous sur l\u2019enseignement, nous nous occupons du reste.\",\"potentialAction\":[{\"@type\":\"SearchAction\",\"target\":{\"@type\":\"EntryPoint\",\"urlTemplate\":\"https:\/\/helloschool.be\/?s={search_term_string}\"},\"query-input\":{\"@type\":\"PropertyValueSpecification\",\"valueRequired\":true,\"valueName\":\"search_term_string\"}}],\"inLanguage\":\"fr-FR\"}]}<\/script>\n<!-- \/ Yoast SEO plugin. -->","yoast_head_json":{"title":"Posters - Helloschool","robots":{"index":"index","follow":"follow","max-snippet":"max-snippet:-1","max-image-preview":"max-image-preview:large","max-video-preview":"max-video-preview:-1"},"canonical":"https:\/\/helloschool.be\/fr\/product\/posters\/","og_locale":"fr_FR","og_type":"article","og_title":"Posters - Helloschool","og_description":"D\u00e9couvrez notre large assortiment de posters pour la communication \u00e0 l'int\u00e9rieur ou \u00e0 l'ext\u00e9rieur de l'\u00e9cole.  Avec des couleurs vives et une impression de haute qualit\u00e9, ils cr\u00e9ent un impact visuel impressionnant dans les salles de classe, les couloirs ou lors d'\u00e9v\u00e9nements. Transformez l'environnement de votre \u00e9cole ou vos journ\u00e9es portes ouvertes en un v\u00e9ritable point de mire et offrez aux \u00e9l\u00e8ves, enseignants et visiteurs, de mani\u00e8re avantageuse, de l'inspiration ou des informations !","og_url":"https:\/\/helloschool.be\/fr\/product\/posters\/","og_site_name":"Helloschool","article_modified_time":"2025-05-13T12:20:25+00:00","twitter_card":"summary_large_image","schema":{"@context":"https:\/\/schema.org","@graph":[{"@type":"WebPage","@id":"https:\/\/helloschool.be\/fr\/product\/posters\/","url":"https:\/\/helloschool.be\/fr\/product\/posters\/","name":"Posters - Helloschool","isPartOf":{"@id":"https:\/\/helloschool.be\/#website"},"datePublished":"2025-04-03T11:14:50+00:00","dateModified":"2025-05-13T12:20:25+00:00","breadcrumb":{"@id":"https:\/\/helloschool.be\/fr\/product\/posters\/#breadcrumb"},"inLanguage":"fr-FR","potentialAction":[{"@type":"ReadAction","target":["https:\/\/helloschool.be\/fr\/product\/posters\/"]}]},{"@type":"BreadcrumbList","@id":"https:\/\/helloschool.be\/fr\/product\/posters\/#breadcrumb","itemListElement":[{"@type":"ListItem","position":1,"name":"Home","item":"https:\/\/helloschool.be\/fr\/"},{"@type":"ListItem","position":2,"name":"Produits","item":"https:\/\/helloschool.be\/producten\/"},{"@type":"ListItem","position":3,"name":"Posters"}]},{"@type":"WebSite","@id":"https:\/\/helloschool.be\/#website","url":"https:\/\/helloschool.be\/","name":"Helloschool","description":"Concentrez-vous sur l\u2019enseignement, nous nous occupons du reste.","potentialAction":[{"@type":"SearchAction","target":{"@type":"EntryPoint","urlTemplate":"https:\/\/helloschool.be\/?s={search_term_string}"},"query-input":{"@type":"PropertyValueSpecification","valueRequired":true,"valueName":"search_term_string"}}],"inLanguage":"fr-FR"}]}},"_links":{"self":[{"href":"https:\/\/helloschool.be\/fr\/wp-json\/wp\/v2\/product\/19841","targetHints":{"allow":["GET"]}}],"collection":[{"href":"https:\/\/helloschool.be\/fr\/wp-json\/wp\/v2\/product"}],"about":[{"href":"https:\/\/helloschool.be\/fr\/wp-json\/wp\/v2\/types\/product"}],"version-history":[{"count":2,"href":"https:\/\/helloschool.be\/fr\/wp-json\/wp\/v2\/product\/19841\/revisions"}],"predecessor-version":[{"id":20099,"href":"https:\/\/helloschool.be\/fr\/wp-json\/wp\/v2\/product\/19841\/revisions\/20099"}],"wp:attachment":[{"href":"https:\/\/helloschool.be\/fr\/wp-json\/wp\/v2\/media?parent=19841"}],"wp:term":[{"taxonomy":"product_brand","embeddable":true,"href":"https:\/\/helloschool.be\/fr\/wp-json\/wp\/v2\/product_brand?post=19841"},{"taxonomy":"product_cat","embeddable":true,"href":"https:\/\/helloschool.be\/fr\/wp-json\/wp\/v2\/product_cat?post=19841"},{"taxonomy":"product_tag","embeddable":true,"href":"https:\/\/helloschool.be\/fr\/wp-json\/wp\/v2\/product_tag?post=19841"}],"curies":[{"name":"wp","href":"https:\/\/api.w.org\/{rel}","templated":true}]}}