{"id":19848,"date":"2025-04-03T11:55:16","date_gmt":"2025-04-03T11:55:16","guid":{"rendered":"https:\/\/helloschool.be\/product\/flyers-2\/"},"modified":"2025-05-13T12:20:56","modified_gmt":"2025-05-13T12:20:56","slug":"flyers-2","status":"publish","type":"product","link":"https:\/\/helloschool.be\/fr\/product\/flyers-2\/","title":{"rendered":"Flyers"},"content":{"rendered":"","protected":false},"excerpt":{"rendered":"<p><strong>Laissez parler votre imagination et cr\u00e9ez des flyers personnalis\u00e9s !<\/strong><\/p>\n<p>Des couleurs \u00e9clatantes et des designs superbes donnent vie \u00e0 votre message. Le moyen ultime d&rsquo;attirer l&rsquo;attention et de promouvoir votre \u00e9v\u00e9nement, votre entreprise ou votre id\u00e9e. Prenez de la hauteur avec nos flyers !<\/p>\n","protected":false},"featured_media":0,"template":"","meta":{"_acf_changed":false,"brand_hub_restriction":[],"brand_hub_id":null},"product_brand":[],"product_cat":[115,121],"product_tag":[],"class_list":{"0":"post-19848","1":"product","2":"type-product","3":"status-publish","5":"product_cat-impression-fr","6":"product_cat-journee-portes-ouvertes-fr","8":"first","9":"instock","10":"taxable","11":"shipping-taxable","12":"purchasable","13":"product-type-simple"},"acf":[],"yoast_head":"<!-- This site is optimized with the Yoast SEO plugin v26.7 - https:\/\/yoast.com\/wordpress\/plugins\/seo\/ -->\n<title>Flyers - Helloschool<\/title>\n<meta name=\"robots\" content=\"index, follow, max-snippet:-1, max-image-preview:large, max-video-preview:-1\" \/>\n<link rel=\"canonical\" href=\"https:\/\/helloschool.be\/product\/flyers\/\" \/>\n<meta property=\"og:locale\" content=\"fr_FR\" \/>\n<meta property=\"og:type\" content=\"article\" \/>\n<meta property=\"og:title\" content=\"Flyers - Helloschool\" \/>\n<meta property=\"og:description\" content=\"Laissez parler votre imagination et cr\u00e9ez des flyers personnalis\u00e9s !  Des couleurs \u00e9clatantes et des designs superbes donnent vie \u00e0 votre message. Le moyen ultime d&#039;attirer l&#039;attention et de promouvoir votre \u00e9v\u00e9nement, votre entreprise ou votre id\u00e9e. Prenez de la hauteur avec nos flyers !\" \/>\n<meta property=\"og:url\" content=\"https:\/\/helloschool.be\/product\/flyers\/\" \/>\n<meta property=\"og:site_name\" content=\"Helloschool\" \/>\n<meta property=\"article:modified_time\" content=\"2025-05-13T12:20:56+00:00\" \/>\n<meta name=\"twitter:card\" content=\"summary_large_image\" \/>\n<script type=\"application\/ld+json\" class=\"yoast-schema-graph\">{\"@context\":\"https:\/\/schema.org\",\"@graph\":[{\"@type\":\"WebPage\",\"@id\":\"https:\/\/helloschool.be\/product\/flyers\/\",\"url\":\"https:\/\/helloschool.be\/product\/flyers\/\",\"name\":\"Flyers - Helloschool\",\"isPartOf\":{\"@id\":\"https:\/\/helloschool.be\/#website\"},\"datePublished\":\"2025-04-03T11:55:16+00:00\",\"dateModified\":\"2025-05-13T12:20:56+00:00\",\"breadcrumb\":{\"@id\":\"https:\/\/helloschool.be\/product\/flyers\/#breadcrumb\"},\"inLanguage\":\"fr-FR\",\"potentialAction\":[{\"@type\":\"ReadAction\",\"target\":[\"https:\/\/helloschool.be\/product\/flyers\/\"]}]},{\"@type\":\"BreadcrumbList\",\"@id\":\"https:\/\/helloschool.be\/product\/flyers\/#breadcrumb\",\"itemListElement\":[{\"@type\":\"ListItem\",\"position\":1,\"name\":\"Home\",\"item\":\"https:\/\/helloschool.be\/fr\/\"},{\"@type\":\"ListItem\",\"position\":2,\"name\":\"Produits\",\"item\":\"https:\/\/helloschool.be\/producten\/\"},{\"@type\":\"ListItem\",\"position\":3,\"name\":\"Flyers\"}]},{\"@type\":\"WebSite\",\"@id\":\"https:\/\/helloschool.be\/#website\",\"url\":\"https:\/\/helloschool.be\/\",\"name\":\"Helloschool\",\"description\":\"Concentrez-vous sur l\u2019enseignement, nous nous occupons du reste.\",\"potentialAction\":[{\"@type\":\"SearchAction\",\"target\":{\"@type\":\"EntryPoint\",\"urlTemplate\":\"https:\/\/helloschool.be\/?s={search_term_string}\"},\"query-input\":{\"@type\":\"PropertyValueSpecification\",\"valueRequired\":true,\"valueName\":\"search_term_string\"}}],\"inLanguage\":\"fr-FR\"}]}<\/script>\n<!-- \/ Yoast SEO plugin. -->","yoast_head_json":{"title":"Flyers - Helloschool","robots":{"index":"index","follow":"follow","max-snippet":"max-snippet:-1","max-image-preview":"max-image-preview:large","max-video-preview":"max-video-preview:-1"},"canonical":"https:\/\/helloschool.be\/product\/flyers\/","og_locale":"fr_FR","og_type":"article","og_title":"Flyers - Helloschool","og_description":"Laissez parler votre imagination et cr\u00e9ez des flyers personnalis\u00e9s !  Des couleurs \u00e9clatantes et des designs superbes donnent vie \u00e0 votre message. Le moyen ultime d'attirer l'attention et de promouvoir votre \u00e9v\u00e9nement, votre entreprise ou votre id\u00e9e. Prenez de la hauteur avec nos flyers !","og_url":"https:\/\/helloschool.be\/product\/flyers\/","og_site_name":"Helloschool","article_modified_time":"2025-05-13T12:20:56+00:00","twitter_card":"summary_large_image","schema":{"@context":"https:\/\/schema.org","@graph":[{"@type":"WebPage","@id":"https:\/\/helloschool.be\/product\/flyers\/","url":"https:\/\/helloschool.be\/product\/flyers\/","name":"Flyers - Helloschool","isPartOf":{"@id":"https:\/\/helloschool.be\/#website"},"datePublished":"2025-04-03T11:55:16+00:00","dateModified":"2025-05-13T12:20:56+00:00","breadcrumb":{"@id":"https:\/\/helloschool.be\/product\/flyers\/#breadcrumb"},"inLanguage":"fr-FR","potentialAction":[{"@type":"ReadAction","target":["https:\/\/helloschool.be\/product\/flyers\/"]}]},{"@type":"BreadcrumbList","@id":"https:\/\/helloschool.be\/product\/flyers\/#breadcrumb","itemListElement":[{"@type":"ListItem","position":1,"name":"Home","item":"https:\/\/helloschool.be\/fr\/"},{"@type":"ListItem","position":2,"name":"Produits","item":"https:\/\/helloschool.be\/producten\/"},{"@type":"ListItem","position":3,"name":"Flyers"}]},{"@type":"WebSite","@id":"https:\/\/helloschool.be\/#website","url":"https:\/\/helloschool.be\/","name":"Helloschool","description":"Concentrez-vous sur l\u2019enseignement, nous nous occupons du reste.","potentialAction":[{"@type":"SearchAction","target":{"@type":"EntryPoint","urlTemplate":"https:\/\/helloschool.be\/?s={search_term_string}"},"query-input":{"@type":"PropertyValueSpecification","valueRequired":true,"valueName":"search_term_string"}}],"inLanguage":"fr-FR"}]}},"_links":{"self":[{"href":"https:\/\/helloschool.be\/fr\/wp-json\/wp\/v2\/product\/19848","targetHints":{"allow":["GET"]}}],"collection":[{"href":"https:\/\/helloschool.be\/fr\/wp-json\/wp\/v2\/product"}],"about":[{"href":"https:\/\/helloschool.be\/fr\/wp-json\/wp\/v2\/types\/product"}],"version-history":[{"count":3,"href":"https:\/\/helloschool.be\/fr\/wp-json\/wp\/v2\/product\/19848\/revisions"}],"predecessor-version":[{"id":20101,"href":"https:\/\/helloschool.be\/fr\/wp-json\/wp\/v2\/product\/19848\/revisions\/20101"}],"wp:attachment":[{"href":"https:\/\/helloschool.be\/fr\/wp-json\/wp\/v2\/media?parent=19848"}],"wp:term":[{"taxonomy":"product_brand","embeddable":true,"href":"https:\/\/helloschool.be\/fr\/wp-json\/wp\/v2\/product_brand?post=19848"},{"taxonomy":"product_cat","embeddable":true,"href":"https:\/\/helloschool.be\/fr\/wp-json\/wp\/v2\/product_cat?post=19848"},{"taxonomy":"product_tag","embeddable":true,"href":"https:\/\/helloschool.be\/fr\/wp-json\/wp\/v2\/product_tag?post=19848"}],"curies":[{"name":"wp","href":"https:\/\/api.w.org\/{rel}","templated":true}]}}