{"id":19856,"date":"2025-04-03T11:56:02","date_gmt":"2025-04-03T11:56:02","guid":{"rendered":"https:\/\/helloschool.be\/product\/depliants\/"},"modified":"2025-05-13T12:24:01","modified_gmt":"2025-05-13T12:24:01","slug":"depliants","status":"publish","type":"product","link":"https:\/\/helloschool.be\/fr\/product\/depliants\/","title":{"rendered":"D\u00e9pliants"},"content":{"rendered":"","protected":false},"excerpt":{"rendered":"<p><strong>Ces d\u00e9pliants allient design fonctionnel et attrait esth\u00e9tique, ce qui fait vraiment ressortir votre message.<\/strong><\/p>\n<p>Offrez \u00e0 votre entreprise, projet ou \u00e9v\u00e9nement l&rsquo;apparence professionnelle qu&rsquo;il m\u00e9rite. Que vous partagiez des informations, pr\u00e9sentiez des produits ou renforciez votre marque, nos d\u00e9pliants sont le compagnon id\u00e9al. Ajoutez une touche d&rsquo;enthousiasme \u00e0 votre pr\u00e9sentation avec ces magnifiques d\u00e9pliants !<\/p>\n","protected":false},"featured_media":0,"template":"","meta":{"_acf_changed":false,"brand_hub_restriction":[],"brand_hub_id":null},"product_brand":[],"product_cat":[115,121],"product_tag":[],"class_list":{"0":"post-19856","1":"product","2":"type-product","3":"status-publish","5":"product_cat-impression-fr","6":"product_cat-journee-portes-ouvertes-fr","8":"first","9":"instock","10":"taxable","11":"shipping-taxable","12":"purchasable","13":"product-type-simple"},"acf":[],"yoast_head":"<!-- This site is optimized with the Yoast SEO plugin v26.7 - https:\/\/yoast.com\/wordpress\/plugins\/seo\/ -->\n<title>D\u00e9pliants - Helloschool<\/title>\n<meta name=\"robots\" content=\"index, follow, max-snippet:-1, max-image-preview:large, max-video-preview:-1\" \/>\n<link rel=\"canonical\" href=\"https:\/\/helloschool.be\/product\/folders\/\" \/>\n<meta property=\"og:locale\" content=\"fr_FR\" \/>\n<meta property=\"og:type\" content=\"article\" \/>\n<meta property=\"og:title\" content=\"D\u00e9pliants - Helloschool\" \/>\n<meta property=\"og:description\" content=\"Ces d\u00e9pliants allient design fonctionnel et attrait esth\u00e9tique, ce qui fait vraiment ressortir votre message.  Offrez \u00e0 votre entreprise, projet ou \u00e9v\u00e9nement l&#039;apparence professionnelle qu&#039;il m\u00e9rite. Que vous partagiez des informations, pr\u00e9sentiez des produits ou renforciez votre marque, nos d\u00e9pliants sont le compagnon id\u00e9al. Ajoutez une touche d&#039;enthousiasme \u00e0 votre pr\u00e9sentation avec ces magnifiques d\u00e9pliants !\" \/>\n<meta property=\"og:url\" content=\"https:\/\/helloschool.be\/product\/folders\/\" \/>\n<meta property=\"og:site_name\" content=\"Helloschool\" \/>\n<meta property=\"article:modified_time\" content=\"2025-05-13T12:24:01+00:00\" \/>\n<meta name=\"twitter:card\" content=\"summary_large_image\" \/>\n<script type=\"application\/ld+json\" class=\"yoast-schema-graph\">{\"@context\":\"https:\/\/schema.org\",\"@graph\":[{\"@type\":\"WebPage\",\"@id\":\"https:\/\/helloschool.be\/product\/folders\/\",\"url\":\"https:\/\/helloschool.be\/product\/folders\/\",\"name\":\"D\u00e9pliants - Helloschool\",\"isPartOf\":{\"@id\":\"https:\/\/helloschool.be\/#website\"},\"datePublished\":\"2025-04-03T11:56:02+00:00\",\"dateModified\":\"2025-05-13T12:24:01+00:00\",\"breadcrumb\":{\"@id\":\"https:\/\/helloschool.be\/product\/folders\/#breadcrumb\"},\"inLanguage\":\"fr-FR\",\"potentialAction\":[{\"@type\":\"ReadAction\",\"target\":[\"https:\/\/helloschool.be\/product\/folders\/\"]}]},{\"@type\":\"BreadcrumbList\",\"@id\":\"https:\/\/helloschool.be\/product\/folders\/#breadcrumb\",\"itemListElement\":[{\"@type\":\"ListItem\",\"position\":1,\"name\":\"Home\",\"item\":\"https:\/\/helloschool.be\/fr\/\"},{\"@type\":\"ListItem\",\"position\":2,\"name\":\"Produits\",\"item\":\"https:\/\/helloschool.be\/producten\/\"},{\"@type\":\"ListItem\",\"position\":3,\"name\":\"D\u00e9pliants\"}]},{\"@type\":\"WebSite\",\"@id\":\"https:\/\/helloschool.be\/#website\",\"url\":\"https:\/\/helloschool.be\/\",\"name\":\"Helloschool\",\"description\":\"Concentrez-vous sur l\u2019enseignement, nous nous occupons du reste.\",\"potentialAction\":[{\"@type\":\"SearchAction\",\"target\":{\"@type\":\"EntryPoint\",\"urlTemplate\":\"https:\/\/helloschool.be\/?s={search_term_string}\"},\"query-input\":{\"@type\":\"PropertyValueSpecification\",\"valueRequired\":true,\"valueName\":\"search_term_string\"}}],\"inLanguage\":\"fr-FR\"}]}<\/script>\n<!-- \/ Yoast SEO plugin. -->","yoast_head_json":{"title":"D\u00e9pliants - Helloschool","robots":{"index":"index","follow":"follow","max-snippet":"max-snippet:-1","max-image-preview":"max-image-preview:large","max-video-preview":"max-video-preview:-1"},"canonical":"https:\/\/helloschool.be\/product\/folders\/","og_locale":"fr_FR","og_type":"article","og_title":"D\u00e9pliants - Helloschool","og_description":"Ces d\u00e9pliants allient design fonctionnel et attrait esth\u00e9tique, ce qui fait vraiment ressortir votre message.  Offrez \u00e0 votre entreprise, projet ou \u00e9v\u00e9nement l'apparence professionnelle qu'il m\u00e9rite. Que vous partagiez des informations, pr\u00e9sentiez des produits ou renforciez votre marque, nos d\u00e9pliants sont le compagnon id\u00e9al. Ajoutez une touche d'enthousiasme \u00e0 votre pr\u00e9sentation avec ces magnifiques d\u00e9pliants !","og_url":"https:\/\/helloschool.be\/product\/folders\/","og_site_name":"Helloschool","article_modified_time":"2025-05-13T12:24:01+00:00","twitter_card":"summary_large_image","schema":{"@context":"https:\/\/schema.org","@graph":[{"@type":"WebPage","@id":"https:\/\/helloschool.be\/product\/folders\/","url":"https:\/\/helloschool.be\/product\/folders\/","name":"D\u00e9pliants - Helloschool","isPartOf":{"@id":"https:\/\/helloschool.be\/#website"},"datePublished":"2025-04-03T11:56:02+00:00","dateModified":"2025-05-13T12:24:01+00:00","breadcrumb":{"@id":"https:\/\/helloschool.be\/product\/folders\/#breadcrumb"},"inLanguage":"fr-FR","potentialAction":[{"@type":"ReadAction","target":["https:\/\/helloschool.be\/product\/folders\/"]}]},{"@type":"BreadcrumbList","@id":"https:\/\/helloschool.be\/product\/folders\/#breadcrumb","itemListElement":[{"@type":"ListItem","position":1,"name":"Home","item":"https:\/\/helloschool.be\/fr\/"},{"@type":"ListItem","position":2,"name":"Produits","item":"https:\/\/helloschool.be\/producten\/"},{"@type":"ListItem","position":3,"name":"D\u00e9pliants"}]},{"@type":"WebSite","@id":"https:\/\/helloschool.be\/#website","url":"https:\/\/helloschool.be\/","name":"Helloschool","description":"Concentrez-vous sur l\u2019enseignement, nous nous occupons du reste.","potentialAction":[{"@type":"SearchAction","target":{"@type":"EntryPoint","urlTemplate":"https:\/\/helloschool.be\/?s={search_term_string}"},"query-input":{"@type":"PropertyValueSpecification","valueRequired":true,"valueName":"search_term_string"}}],"inLanguage":"fr-FR"}]}},"_links":{"self":[{"href":"https:\/\/helloschool.be\/fr\/wp-json\/wp\/v2\/product\/19856","targetHints":{"allow":["GET"]}}],"collection":[{"href":"https:\/\/helloschool.be\/fr\/wp-json\/wp\/v2\/product"}],"about":[{"href":"https:\/\/helloschool.be\/fr\/wp-json\/wp\/v2\/types\/product"}],"version-history":[{"count":3,"href":"https:\/\/helloschool.be\/fr\/wp-json\/wp\/v2\/product\/19856\/revisions"}],"predecessor-version":[{"id":20106,"href":"https:\/\/helloschool.be\/fr\/wp-json\/wp\/v2\/product\/19856\/revisions\/20106"}],"wp:attachment":[{"href":"https:\/\/helloschool.be\/fr\/wp-json\/wp\/v2\/media?parent=19856"}],"wp:term":[{"taxonomy":"product_brand","embeddable":true,"href":"https:\/\/helloschool.be\/fr\/wp-json\/wp\/v2\/product_brand?post=19856"},{"taxonomy":"product_cat","embeddable":true,"href":"https:\/\/helloschool.be\/fr\/wp-json\/wp\/v2\/product_cat?post=19856"},{"taxonomy":"product_tag","embeddable":true,"href":"https:\/\/helloschool.be\/fr\/wp-json\/wp\/v2\/product_tag?post=19856"}],"curies":[{"name":"wp","href":"https:\/\/api.w.org\/{rel}","templated":true}]}}