{"id":19871,"date":"2025-04-03T11:57:51","date_gmt":"2025-04-03T11:57:51","guid":{"rendered":"https:\/\/helloschool.be\/product\/brochures-collee\/"},"modified":"2025-05-06T15:00:07","modified_gmt":"2025-05-06T15:00:07","slug":"brochures-collee","status":"publish","type":"product","link":"https:\/\/helloschool.be\/fr\/product\/brochures-collee\/","title":{"rendered":"Brochures (coll\u00e9e)"},"content":{"rendered":"","protected":false},"excerpt":{"rendered":"<p><strong>Brochures professionnelles et sur mesure pour les \u00e9tablissements scolaires, id\u00e9ales pour pr\u00e9senter les informations scolaires, les programmes, les \u00e9v\u00e9nements ou les journ\u00e9es portes ouvertes.<\/strong><\/p>\n<p>Nos brochures sont de haute qualit\u00e9, avec des images et des textes nets qui transmettent clairement l&rsquo;essence de votre \u00e9cole. Disponibles dans diff\u00e9rents formats et finitions, elles sont enti\u00e8rement personnalisables en fonction du design et du message de l&rsquo;\u00e9tablissement. Parfaites pour informer et inspirer les \u00e9tudiants, les parents et le grand public !<\/p>\n","protected":false},"featured_media":17083,"template":"","meta":{"_acf_changed":false,"brand_hub_restriction":[],"brand_hub_id":null},"product_brand":[],"product_cat":[115],"product_tag":[109],"class_list":{"0":"post-19871","1":"product","2":"type-product","3":"status-publish","4":"has-post-thumbnail","6":"product_cat-impression-fr","7":"product_tag-produit-du-moment","9":"first","10":"instock","11":"taxable","12":"shipping-taxable","13":"purchasable","14":"product-type-simple"},"acf":[],"yoast_head":"<!-- This site is optimized with the Yoast SEO plugin v26.7 - https:\/\/yoast.com\/wordpress\/plugins\/seo\/ -->\n<title>Brochures (coll\u00e9e) - Helloschool<\/title>\n<meta name=\"robots\" content=\"index, follow, max-snippet:-1, max-image-preview:large, max-video-preview:-1\" \/>\n<link rel=\"canonical\" href=\"https:\/\/helloschool.be\/product\/brochures-gelijmd\/\" \/>\n<meta property=\"og:locale\" content=\"fr_FR\" \/>\n<meta property=\"og:type\" content=\"article\" \/>\n<meta property=\"og:title\" content=\"Brochures (coll\u00e9e) - Helloschool\" \/>\n<meta property=\"og:description\" content=\"Brochures professionnelles et sur mesure pour les \u00e9tablissements scolaires, id\u00e9ales pour pr\u00e9senter les informations scolaires, les programmes, les \u00e9v\u00e9nements ou les journ\u00e9es portes ouvertes.  Nos brochures sont de haute qualit\u00e9, avec des images et des textes nets qui transmettent clairement l&#039;essence de votre \u00e9cole. Disponibles dans diff\u00e9rents formats et finitions, elles sont enti\u00e8rement personnalisables en fonction du design et du message de l&#039;\u00e9tablissement. Parfaites pour informer et inspirer les \u00e9tudiants, les parents et le grand public !\" \/>\n<meta property=\"og:url\" content=\"https:\/\/helloschool.be\/product\/brochures-gelijmd\/\" \/>\n<meta property=\"og:site_name\" content=\"Helloschool\" \/>\n<meta property=\"article:modified_time\" content=\"2025-05-06T15:00:07+00:00\" \/>\n<meta property=\"og:image\" content=\"https:\/\/helloschool.be\/wp-content\/uploads\/sites\/2\/2025\/04\/Onderwijswinkel-Brochure_gelijmd4.jpg\" \/>\n\t<meta property=\"og:image:width\" content=\"2000\" \/>\n\t<meta property=\"og:image:height\" content=\"2000\" \/>\n\t<meta property=\"og:image:type\" content=\"image\/jpeg\" \/>\n<meta name=\"twitter:card\" content=\"summary_large_image\" \/>\n<script type=\"application\/ld+json\" class=\"yoast-schema-graph\">{\"@context\":\"https:\/\/schema.org\",\"@graph\":[{\"@type\":\"WebPage\",\"@id\":\"https:\/\/helloschool.be\/product\/brochures-gelijmd\/\",\"url\":\"https:\/\/helloschool.be\/product\/brochures-gelijmd\/\",\"name\":\"Brochures (coll\u00e9e) - Helloschool\",\"isPartOf\":{\"@id\":\"https:\/\/helloschool.be\/#website\"},\"primaryImageOfPage\":{\"@id\":\"https:\/\/helloschool.be\/product\/brochures-gelijmd\/#primaryimage\"},\"image\":{\"@id\":\"https:\/\/helloschool.be\/product\/brochures-gelijmd\/#primaryimage\"},\"thumbnailUrl\":\"https:\/\/helloschool.be\/wp-content\/uploads\/sites\/2\/2025\/04\/Onderwijswinkel-Brochure_gelijmd4.jpg\",\"datePublished\":\"2025-04-03T11:57:51+00:00\",\"dateModified\":\"2025-05-06T15:00:07+00:00\",\"breadcrumb\":{\"@id\":\"https:\/\/helloschool.be\/product\/brochures-gelijmd\/#breadcrumb\"},\"inLanguage\":\"fr-FR\",\"potentialAction\":[{\"@type\":\"ReadAction\",\"target\":[\"https:\/\/helloschool.be\/product\/brochures-gelijmd\/\"]}]},{\"@type\":\"ImageObject\",\"inLanguage\":\"fr-FR\",\"@id\":\"https:\/\/helloschool.be\/product\/brochures-gelijmd\/#primaryimage\",\"url\":\"https:\/\/helloschool.be\/wp-content\/uploads\/sites\/2\/2025\/04\/Onderwijswinkel-Brochure_gelijmd4.jpg\",\"contentUrl\":\"https:\/\/helloschool.be\/wp-content\/uploads\/sites\/2\/2025\/04\/Onderwijswinkel-Brochure_gelijmd4.jpg\",\"width\":2000,\"height\":2000},{\"@type\":\"BreadcrumbList\",\"@id\":\"https:\/\/helloschool.be\/product\/brochures-gelijmd\/#breadcrumb\",\"itemListElement\":[{\"@type\":\"ListItem\",\"position\":1,\"name\":\"Home\",\"item\":\"https:\/\/helloschool.be\/fr\/\"},{\"@type\":\"ListItem\",\"position\":2,\"name\":\"Produits\",\"item\":\"https:\/\/helloschool.be\/producten\/\"},{\"@type\":\"ListItem\",\"position\":3,\"name\":\"Brochures (coll\u00e9e)\"}]},{\"@type\":\"WebSite\",\"@id\":\"https:\/\/helloschool.be\/#website\",\"url\":\"https:\/\/helloschool.be\/\",\"name\":\"Helloschool\",\"description\":\"Concentrez-vous sur l\u2019enseignement, nous nous occupons du reste.\",\"potentialAction\":[{\"@type\":\"SearchAction\",\"target\":{\"@type\":\"EntryPoint\",\"urlTemplate\":\"https:\/\/helloschool.be\/?s={search_term_string}\"},\"query-input\":{\"@type\":\"PropertyValueSpecification\",\"valueRequired\":true,\"valueName\":\"search_term_string\"}}],\"inLanguage\":\"fr-FR\"}]}<\/script>\n<!-- \/ Yoast SEO plugin. -->","yoast_head_json":{"title":"Brochures (coll\u00e9e) - Helloschool","robots":{"index":"index","follow":"follow","max-snippet":"max-snippet:-1","max-image-preview":"max-image-preview:large","max-video-preview":"max-video-preview:-1"},"canonical":"https:\/\/helloschool.be\/product\/brochures-gelijmd\/","og_locale":"fr_FR","og_type":"article","og_title":"Brochures (coll\u00e9e) - Helloschool","og_description":"Brochures professionnelles et sur mesure pour les \u00e9tablissements scolaires, id\u00e9ales pour pr\u00e9senter les informations scolaires, les programmes, les \u00e9v\u00e9nements ou les journ\u00e9es portes ouvertes.  Nos brochures sont de haute qualit\u00e9, avec des images et des textes nets qui transmettent clairement l'essence de votre \u00e9cole. Disponibles dans diff\u00e9rents formats et finitions, elles sont enti\u00e8rement personnalisables en fonction du design et du message de l'\u00e9tablissement. Parfaites pour informer et inspirer les \u00e9tudiants, les parents et le grand public !","og_url":"https:\/\/helloschool.be\/product\/brochures-gelijmd\/","og_site_name":"Helloschool","article_modified_time":"2025-05-06T15:00:07+00:00","og_image":[{"width":2000,"height":2000,"url":"https:\/\/helloschool.be\/wp-content\/uploads\/sites\/2\/2025\/04\/Onderwijswinkel-Brochure_gelijmd4.jpg","type":"image\/jpeg"}],"twitter_card":"summary_large_image","schema":{"@context":"https:\/\/schema.org","@graph":[{"@type":"WebPage","@id":"https:\/\/helloschool.be\/product\/brochures-gelijmd\/","url":"https:\/\/helloschool.be\/product\/brochures-gelijmd\/","name":"Brochures (coll\u00e9e) - Helloschool","isPartOf":{"@id":"https:\/\/helloschool.be\/#website"},"primaryImageOfPage":{"@id":"https:\/\/helloschool.be\/product\/brochures-gelijmd\/#primaryimage"},"image":{"@id":"https:\/\/helloschool.be\/product\/brochures-gelijmd\/#primaryimage"},"thumbnailUrl":"https:\/\/helloschool.be\/wp-content\/uploads\/sites\/2\/2025\/04\/Onderwijswinkel-Brochure_gelijmd4.jpg","datePublished":"2025-04-03T11:57:51+00:00","dateModified":"2025-05-06T15:00:07+00:00","breadcrumb":{"@id":"https:\/\/helloschool.be\/product\/brochures-gelijmd\/#breadcrumb"},"inLanguage":"fr-FR","potentialAction":[{"@type":"ReadAction","target":["https:\/\/helloschool.be\/product\/brochures-gelijmd\/"]}]},{"@type":"ImageObject","inLanguage":"fr-FR","@id":"https:\/\/helloschool.be\/product\/brochures-gelijmd\/#primaryimage","url":"https:\/\/helloschool.be\/wp-content\/uploads\/sites\/2\/2025\/04\/Onderwijswinkel-Brochure_gelijmd4.jpg","contentUrl":"https:\/\/helloschool.be\/wp-content\/uploads\/sites\/2\/2025\/04\/Onderwijswinkel-Brochure_gelijmd4.jpg","width":2000,"height":2000},{"@type":"BreadcrumbList","@id":"https:\/\/helloschool.be\/product\/brochures-gelijmd\/#breadcrumb","itemListElement":[{"@type":"ListItem","position":1,"name":"Home","item":"https:\/\/helloschool.be\/fr\/"},{"@type":"ListItem","position":2,"name":"Produits","item":"https:\/\/helloschool.be\/producten\/"},{"@type":"ListItem","position":3,"name":"Brochures (coll\u00e9e)"}]},{"@type":"WebSite","@id":"https:\/\/helloschool.be\/#website","url":"https:\/\/helloschool.be\/","name":"Helloschool","description":"Concentrez-vous sur l\u2019enseignement, nous nous occupons du reste.","potentialAction":[{"@type":"SearchAction","target":{"@type":"EntryPoint","urlTemplate":"https:\/\/helloschool.be\/?s={search_term_string}"},"query-input":{"@type":"PropertyValueSpecification","valueRequired":true,"valueName":"search_term_string"}}],"inLanguage":"fr-FR"}]}},"_links":{"self":[{"href":"https:\/\/helloschool.be\/fr\/wp-json\/wp\/v2\/product\/19871","targetHints":{"allow":["GET"]}}],"collection":[{"href":"https:\/\/helloschool.be\/fr\/wp-json\/wp\/v2\/product"}],"about":[{"href":"https:\/\/helloschool.be\/fr\/wp-json\/wp\/v2\/types\/product"}],"version-history":[{"count":2,"href":"https:\/\/helloschool.be\/fr\/wp-json\/wp\/v2\/product\/19871\/revisions"}],"predecessor-version":[{"id":19883,"href":"https:\/\/helloschool.be\/fr\/wp-json\/wp\/v2\/product\/19871\/revisions\/19883"}],"wp:featuredmedia":[{"embeddable":true,"href":"https:\/\/helloschool.be\/fr\/wp-json\/wp\/v2\/media\/17083"}],"wp:attachment":[{"href":"https:\/\/helloschool.be\/fr\/wp-json\/wp\/v2\/media?parent=19871"}],"wp:term":[{"taxonomy":"product_brand","embeddable":true,"href":"https:\/\/helloschool.be\/fr\/wp-json\/wp\/v2\/product_brand?post=19871"},{"taxonomy":"product_cat","embeddable":true,"href":"https:\/\/helloschool.be\/fr\/wp-json\/wp\/v2\/product_cat?post=19871"},{"taxonomy":"product_tag","embeddable":true,"href":"https:\/\/helloschool.be\/fr\/wp-json\/wp\/v2\/product_tag?post=19871"}],"curies":[{"name":"wp","href":"https:\/\/api.w.org\/{rel}","templated":true}]}}