{"id":19876,"date":"2025-04-03T11:59:05","date_gmt":"2025-04-03T11:59:05","guid":{"rendered":"https:\/\/helloschool.be\/product\/cartes\/"},"modified":"2025-05-06T14:58:20","modified_gmt":"2025-05-06T14:58:20","slug":"cartes","status":"publish","type":"product","link":"https:\/\/helloschool.be\/fr\/product\/cartes\/","title":{"rendered":"Cartes"},"content":{"rendered":"","protected":false},"excerpt":{"rendered":"<p><strong>Cartes personnalis\u00e9es pour les \u00e9coles : rendez chaque moment inoubliable.<\/strong><\/p>\n<p>Diffusez de la joie et cr\u00e9ez des liens avec nos magnifiques cartes ! Des f\u00e9licitations aux remerciements et \u00e0 la promotion, chaque moment devient m\u00e9morable avec une touche personnelle. Ajoutez votre propre message et laissez transpara\u00eetre vos \u00e9motions.<\/p>\n","protected":false},"featured_media":0,"template":"","meta":{"_acf_changed":false,"brand_hub_restriction":[],"brand_hub_id":null},"product_brand":[],"product_cat":[115],"product_tag":[],"class_list":{"0":"post-19876","1":"product","2":"type-product","3":"status-publish","5":"product_cat-impression-fr","7":"first","8":"instock","9":"taxable","10":"shipping-taxable","11":"purchasable","12":"product-type-simple"},"acf":[],"yoast_head":"<!-- This site is optimized with the Yoast SEO plugin v26.7 - https:\/\/yoast.com\/wordpress\/plugins\/seo\/ -->\n<title>Cartes - Helloschool<\/title>\n<meta name=\"robots\" content=\"index, follow, max-snippet:-1, max-image-preview:large, max-video-preview:-1\" \/>\n<link rel=\"canonical\" href=\"https:\/\/helloschool.be\/product\/kaarten\/\" \/>\n<meta property=\"og:locale\" content=\"fr_FR\" \/>\n<meta property=\"og:type\" content=\"article\" \/>\n<meta property=\"og:title\" content=\"Cartes - Helloschool\" \/>\n<meta property=\"og:description\" content=\"Cartes personnalis\u00e9es pour les \u00e9coles : rendez chaque moment inoubliable.  Diffusez de la joie et cr\u00e9ez des liens avec nos magnifiques cartes ! Des f\u00e9licitations aux remerciements et \u00e0 la promotion, chaque moment devient m\u00e9morable avec une touche personnelle. Ajoutez votre propre message et laissez transpara\u00eetre vos \u00e9motions.\" \/>\n<meta property=\"og:url\" content=\"https:\/\/helloschool.be\/product\/kaarten\/\" \/>\n<meta property=\"og:site_name\" content=\"Helloschool\" \/>\n<meta property=\"article:modified_time\" content=\"2025-05-06T14:58:20+00:00\" \/>\n<meta name=\"twitter:card\" content=\"summary_large_image\" \/>\n<script type=\"application\/ld+json\" class=\"yoast-schema-graph\">{\"@context\":\"https:\/\/schema.org\",\"@graph\":[{\"@type\":\"WebPage\",\"@id\":\"https:\/\/helloschool.be\/product\/kaarten\/\",\"url\":\"https:\/\/helloschool.be\/product\/kaarten\/\",\"name\":\"Cartes - Helloschool\",\"isPartOf\":{\"@id\":\"https:\/\/helloschool.be\/#website\"},\"datePublished\":\"2025-04-03T11:59:05+00:00\",\"dateModified\":\"2025-05-06T14:58:20+00:00\",\"breadcrumb\":{\"@id\":\"https:\/\/helloschool.be\/product\/kaarten\/#breadcrumb\"},\"inLanguage\":\"fr-FR\",\"potentialAction\":[{\"@type\":\"ReadAction\",\"target\":[\"https:\/\/helloschool.be\/product\/kaarten\/\"]}]},{\"@type\":\"BreadcrumbList\",\"@id\":\"https:\/\/helloschool.be\/product\/kaarten\/#breadcrumb\",\"itemListElement\":[{\"@type\":\"ListItem\",\"position\":1,\"name\":\"Home\",\"item\":\"https:\/\/helloschool.be\/fr\/\"},{\"@type\":\"ListItem\",\"position\":2,\"name\":\"Produits\",\"item\":\"https:\/\/helloschool.be\/producten\/\"},{\"@type\":\"ListItem\",\"position\":3,\"name\":\"Cartes\"}]},{\"@type\":\"WebSite\",\"@id\":\"https:\/\/helloschool.be\/#website\",\"url\":\"https:\/\/helloschool.be\/\",\"name\":\"Helloschool\",\"description\":\"Concentrez-vous sur l\u2019enseignement, nous nous occupons du reste.\",\"potentialAction\":[{\"@type\":\"SearchAction\",\"target\":{\"@type\":\"EntryPoint\",\"urlTemplate\":\"https:\/\/helloschool.be\/?s={search_term_string}\"},\"query-input\":{\"@type\":\"PropertyValueSpecification\",\"valueRequired\":true,\"valueName\":\"search_term_string\"}}],\"inLanguage\":\"fr-FR\"}]}<\/script>\n<!-- \/ Yoast SEO plugin. -->","yoast_head_json":{"title":"Cartes - Helloschool","robots":{"index":"index","follow":"follow","max-snippet":"max-snippet:-1","max-image-preview":"max-image-preview:large","max-video-preview":"max-video-preview:-1"},"canonical":"https:\/\/helloschool.be\/product\/kaarten\/","og_locale":"fr_FR","og_type":"article","og_title":"Cartes - Helloschool","og_description":"Cartes personnalis\u00e9es pour les \u00e9coles : rendez chaque moment inoubliable.  Diffusez de la joie et cr\u00e9ez des liens avec nos magnifiques cartes ! Des f\u00e9licitations aux remerciements et \u00e0 la promotion, chaque moment devient m\u00e9morable avec une touche personnelle. Ajoutez votre propre message et laissez transpara\u00eetre vos \u00e9motions.","og_url":"https:\/\/helloschool.be\/product\/kaarten\/","og_site_name":"Helloschool","article_modified_time":"2025-05-06T14:58:20+00:00","twitter_card":"summary_large_image","schema":{"@context":"https:\/\/schema.org","@graph":[{"@type":"WebPage","@id":"https:\/\/helloschool.be\/product\/kaarten\/","url":"https:\/\/helloschool.be\/product\/kaarten\/","name":"Cartes - Helloschool","isPartOf":{"@id":"https:\/\/helloschool.be\/#website"},"datePublished":"2025-04-03T11:59:05+00:00","dateModified":"2025-05-06T14:58:20+00:00","breadcrumb":{"@id":"https:\/\/helloschool.be\/product\/kaarten\/#breadcrumb"},"inLanguage":"fr-FR","potentialAction":[{"@type":"ReadAction","target":["https:\/\/helloschool.be\/product\/kaarten\/"]}]},{"@type":"BreadcrumbList","@id":"https:\/\/helloschool.be\/product\/kaarten\/#breadcrumb","itemListElement":[{"@type":"ListItem","position":1,"name":"Home","item":"https:\/\/helloschool.be\/fr\/"},{"@type":"ListItem","position":2,"name":"Produits","item":"https:\/\/helloschool.be\/producten\/"},{"@type":"ListItem","position":3,"name":"Cartes"}]},{"@type":"WebSite","@id":"https:\/\/helloschool.be\/#website","url":"https:\/\/helloschool.be\/","name":"Helloschool","description":"Concentrez-vous sur l\u2019enseignement, nous nous occupons du reste.","potentialAction":[{"@type":"SearchAction","target":{"@type":"EntryPoint","urlTemplate":"https:\/\/helloschool.be\/?s={search_term_string}"},"query-input":{"@type":"PropertyValueSpecification","valueRequired":true,"valueName":"search_term_string"}}],"inLanguage":"fr-FR"}]}},"_links":{"self":[{"href":"https:\/\/helloschool.be\/fr\/wp-json\/wp\/v2\/product\/19876","targetHints":{"allow":["GET"]}}],"collection":[{"href":"https:\/\/helloschool.be\/fr\/wp-json\/wp\/v2\/product"}],"about":[{"href":"https:\/\/helloschool.be\/fr\/wp-json\/wp\/v2\/types\/product"}],"version-history":[{"count":1,"href":"https:\/\/helloschool.be\/fr\/wp-json\/wp\/v2\/product\/19876\/revisions"}],"predecessor-version":[{"id":19878,"href":"https:\/\/helloschool.be\/fr\/wp-json\/wp\/v2\/product\/19876\/revisions\/19878"}],"wp:attachment":[{"href":"https:\/\/helloschool.be\/fr\/wp-json\/wp\/v2\/media?parent=19876"}],"wp:term":[{"taxonomy":"product_brand","embeddable":true,"href":"https:\/\/helloschool.be\/fr\/wp-json\/wp\/v2\/product_brand?post=19876"},{"taxonomy":"product_cat","embeddable":true,"href":"https:\/\/helloschool.be\/fr\/wp-json\/wp\/v2\/product_cat?post=19876"},{"taxonomy":"product_tag","embeddable":true,"href":"https:\/\/helloschool.be\/fr\/wp-json\/wp\/v2\/product_tag?post=19876"}],"curies":[{"name":"wp","href":"https:\/\/api.w.org\/{rel}","templated":true}]}}