{"id":19892,"date":"2025-04-03T11:41:50","date_gmt":"2025-04-03T11:41:50","guid":{"rendered":"https:\/\/helloschool.be\/product\/papier-a-en-tete\/"},"modified":"2025-05-06T15:07:01","modified_gmt":"2025-05-06T15:07:01","slug":"papier-a-en-tete","status":"publish","type":"product","link":"https:\/\/helloschool.be\/fr\/product\/papier-a-en-tete\/","title":{"rendered":"Papier \u00e0 en-t\u00eate"},"content":{"rendered":"","protected":false},"excerpt":{"rendered":"<p><strong>Donnez \u00e0 votre communication scolaire une allure professionnelle !<\/strong><\/p>\n<p>Faites une impression durable avec chaque lettre, facture ou note envoy\u00e9e. Notre papier \u00e0 lettres refl\u00e8te la qualit\u00e9 et le professionnalisme, faisant en sorte que votre message se distingue r\u00e9ellement. Avec du papier de haute qualit\u00e9 et une impression parfaite, ce papier \u00e0 lettres est id\u00e9al pour les \u00e9coles, les enseignants et les \u00e9tablissements d&rsquo;enseignement. \u00c9levez votre correspondance \u00e0 un niveau sup\u00e9rieur et assurez-vous d&rsquo;une pr\u00e9sentation soign\u00e9e et reconnaissable.<\/p>\n","protected":false},"featured_media":17073,"template":"","meta":{"_acf_changed":false,"brand_hub_restriction":[],"brand_hub_id":null},"product_brand":[],"product_cat":[115],"product_tag":[],"class_list":{"0":"post-19892","1":"product","2":"type-product","3":"status-publish","4":"has-post-thumbnail","6":"product_cat-impression-fr","8":"first","9":"instock","10":"taxable","11":"shipping-taxable","12":"purchasable","13":"product-type-simple"},"acf":[],"yoast_head":"<!-- This site is optimized with the Yoast SEO plugin v26.7 - https:\/\/yoast.com\/wordpress\/plugins\/seo\/ -->\n<title>Papier \u00e0 en-t\u00eate - Helloschool<\/title>\n<meta name=\"robots\" content=\"index, follow, max-snippet:-1, max-image-preview:large, max-video-preview:-1\" \/>\n<link rel=\"canonical\" href=\"https:\/\/helloschool.be\/product\/briefpapier\/\" \/>\n<meta property=\"og:locale\" content=\"fr_FR\" \/>\n<meta property=\"og:type\" content=\"article\" \/>\n<meta property=\"og:title\" content=\"Papier \u00e0 en-t\u00eate - Helloschool\" \/>\n<meta property=\"og:description\" content=\"Donnez \u00e0 votre communication scolaire une allure professionnelle !  Faites une impression durable avec chaque lettre, facture ou note envoy\u00e9e. Notre papier \u00e0 lettres refl\u00e8te la qualit\u00e9 et le professionnalisme, faisant en sorte que votre message se distingue r\u00e9ellement. Avec du papier de haute qualit\u00e9 et une impression parfaite, ce papier \u00e0 lettres est id\u00e9al pour les \u00e9coles, les enseignants et les \u00e9tablissements d&#039;enseignement. \u00c9levez votre correspondance \u00e0 un niveau sup\u00e9rieur et assurez-vous d&#039;une pr\u00e9sentation soign\u00e9e et reconnaissable.\" \/>\n<meta property=\"og:url\" content=\"https:\/\/helloschool.be\/product\/briefpapier\/\" \/>\n<meta property=\"og:site_name\" content=\"Helloschool\" \/>\n<meta property=\"article:modified_time\" content=\"2025-05-06T15:07:01+00:00\" \/>\n<meta property=\"og:image\" content=\"https:\/\/helloschool.be\/wp-content\/uploads\/sites\/2\/2025\/04\/Briefpapier.jpg\" \/>\n\t<meta property=\"og:image:width\" content=\"2000\" \/>\n\t<meta property=\"og:image:height\" content=\"2000\" \/>\n\t<meta property=\"og:image:type\" content=\"image\/jpeg\" \/>\n<meta name=\"twitter:card\" content=\"summary_large_image\" \/>\n<script type=\"application\/ld+json\" class=\"yoast-schema-graph\">{\"@context\":\"https:\/\/schema.org\",\"@graph\":[{\"@type\":\"WebPage\",\"@id\":\"https:\/\/helloschool.be\/product\/briefpapier\/\",\"url\":\"https:\/\/helloschool.be\/product\/briefpapier\/\",\"name\":\"Papier \u00e0 en-t\u00eate - Helloschool\",\"isPartOf\":{\"@id\":\"https:\/\/helloschool.be\/#website\"},\"primaryImageOfPage\":{\"@id\":\"https:\/\/helloschool.be\/product\/briefpapier\/#primaryimage\"},\"image\":{\"@id\":\"https:\/\/helloschool.be\/product\/briefpapier\/#primaryimage\"},\"thumbnailUrl\":\"https:\/\/helloschool.be\/wp-content\/uploads\/sites\/2\/2025\/04\/Briefpapier.jpg\",\"datePublished\":\"2025-04-03T11:41:50+00:00\",\"dateModified\":\"2025-05-06T15:07:01+00:00\",\"breadcrumb\":{\"@id\":\"https:\/\/helloschool.be\/product\/briefpapier\/#breadcrumb\"},\"inLanguage\":\"fr-FR\",\"potentialAction\":[{\"@type\":\"ReadAction\",\"target\":[\"https:\/\/helloschool.be\/product\/briefpapier\/\"]}]},{\"@type\":\"ImageObject\",\"inLanguage\":\"fr-FR\",\"@id\":\"https:\/\/helloschool.be\/product\/briefpapier\/#primaryimage\",\"url\":\"https:\/\/helloschool.be\/wp-content\/uploads\/sites\/2\/2025\/04\/Briefpapier.jpg\",\"contentUrl\":\"https:\/\/helloschool.be\/wp-content\/uploads\/sites\/2\/2025\/04\/Briefpapier.jpg\",\"width\":2000,\"height\":2000},{\"@type\":\"BreadcrumbList\",\"@id\":\"https:\/\/helloschool.be\/product\/briefpapier\/#breadcrumb\",\"itemListElement\":[{\"@type\":\"ListItem\",\"position\":1,\"name\":\"Home\",\"item\":\"https:\/\/helloschool.be\/fr\/\"},{\"@type\":\"ListItem\",\"position\":2,\"name\":\"Produits\",\"item\":\"https:\/\/helloschool.be\/producten\/\"},{\"@type\":\"ListItem\",\"position\":3,\"name\":\"Papier \u00e0 en-t\u00eate\"}]},{\"@type\":\"WebSite\",\"@id\":\"https:\/\/helloschool.be\/#website\",\"url\":\"https:\/\/helloschool.be\/\",\"name\":\"Helloschool\",\"description\":\"Concentrez-vous sur l\u2019enseignement, nous nous occupons du reste.\",\"potentialAction\":[{\"@type\":\"SearchAction\",\"target\":{\"@type\":\"EntryPoint\",\"urlTemplate\":\"https:\/\/helloschool.be\/?s={search_term_string}\"},\"query-input\":{\"@type\":\"PropertyValueSpecification\",\"valueRequired\":true,\"valueName\":\"search_term_string\"}}],\"inLanguage\":\"fr-FR\"}]}<\/script>\n<!-- \/ Yoast SEO plugin. -->","yoast_head_json":{"title":"Papier \u00e0 en-t\u00eate - Helloschool","robots":{"index":"index","follow":"follow","max-snippet":"max-snippet:-1","max-image-preview":"max-image-preview:large","max-video-preview":"max-video-preview:-1"},"canonical":"https:\/\/helloschool.be\/product\/briefpapier\/","og_locale":"fr_FR","og_type":"article","og_title":"Papier \u00e0 en-t\u00eate - Helloschool","og_description":"Donnez \u00e0 votre communication scolaire une allure professionnelle !  Faites une impression durable avec chaque lettre, facture ou note envoy\u00e9e. Notre papier \u00e0 lettres refl\u00e8te la qualit\u00e9 et le professionnalisme, faisant en sorte que votre message se distingue r\u00e9ellement. Avec du papier de haute qualit\u00e9 et une impression parfaite, ce papier \u00e0 lettres est id\u00e9al pour les \u00e9coles, les enseignants et les \u00e9tablissements d'enseignement. \u00c9levez votre correspondance \u00e0 un niveau sup\u00e9rieur et assurez-vous d'une pr\u00e9sentation soign\u00e9e et reconnaissable.","og_url":"https:\/\/helloschool.be\/product\/briefpapier\/","og_site_name":"Helloschool","article_modified_time":"2025-05-06T15:07:01+00:00","og_image":[{"width":2000,"height":2000,"url":"https:\/\/helloschool.be\/wp-content\/uploads\/sites\/2\/2025\/04\/Briefpapier.jpg","type":"image\/jpeg"}],"twitter_card":"summary_large_image","schema":{"@context":"https:\/\/schema.org","@graph":[{"@type":"WebPage","@id":"https:\/\/helloschool.be\/product\/briefpapier\/","url":"https:\/\/helloschool.be\/product\/briefpapier\/","name":"Papier \u00e0 en-t\u00eate - Helloschool","isPartOf":{"@id":"https:\/\/helloschool.be\/#website"},"primaryImageOfPage":{"@id":"https:\/\/helloschool.be\/product\/briefpapier\/#primaryimage"},"image":{"@id":"https:\/\/helloschool.be\/product\/briefpapier\/#primaryimage"},"thumbnailUrl":"https:\/\/helloschool.be\/wp-content\/uploads\/sites\/2\/2025\/04\/Briefpapier.jpg","datePublished":"2025-04-03T11:41:50+00:00","dateModified":"2025-05-06T15:07:01+00:00","breadcrumb":{"@id":"https:\/\/helloschool.be\/product\/briefpapier\/#breadcrumb"},"inLanguage":"fr-FR","potentialAction":[{"@type":"ReadAction","target":["https:\/\/helloschool.be\/product\/briefpapier\/"]}]},{"@type":"ImageObject","inLanguage":"fr-FR","@id":"https:\/\/helloschool.be\/product\/briefpapier\/#primaryimage","url":"https:\/\/helloschool.be\/wp-content\/uploads\/sites\/2\/2025\/04\/Briefpapier.jpg","contentUrl":"https:\/\/helloschool.be\/wp-content\/uploads\/sites\/2\/2025\/04\/Briefpapier.jpg","width":2000,"height":2000},{"@type":"BreadcrumbList","@id":"https:\/\/helloschool.be\/product\/briefpapier\/#breadcrumb","itemListElement":[{"@type":"ListItem","position":1,"name":"Home","item":"https:\/\/helloschool.be\/fr\/"},{"@type":"ListItem","position":2,"name":"Produits","item":"https:\/\/helloschool.be\/producten\/"},{"@type":"ListItem","position":3,"name":"Papier \u00e0 en-t\u00eate"}]},{"@type":"WebSite","@id":"https:\/\/helloschool.be\/#website","url":"https:\/\/helloschool.be\/","name":"Helloschool","description":"Concentrez-vous sur l\u2019enseignement, nous nous occupons du reste.","potentialAction":[{"@type":"SearchAction","target":{"@type":"EntryPoint","urlTemplate":"https:\/\/helloschool.be\/?s={search_term_string}"},"query-input":{"@type":"PropertyValueSpecification","valueRequired":true,"valueName":"search_term_string"}}],"inLanguage":"fr-FR"}]}},"_links":{"self":[{"href":"https:\/\/helloschool.be\/fr\/wp-json\/wp\/v2\/product\/19892","targetHints":{"allow":["GET"]}}],"collection":[{"href":"https:\/\/helloschool.be\/fr\/wp-json\/wp\/v2\/product"}],"about":[{"href":"https:\/\/helloschool.be\/fr\/wp-json\/wp\/v2\/types\/product"}],"version-history":[{"count":1,"href":"https:\/\/helloschool.be\/fr\/wp-json\/wp\/v2\/product\/19892\/revisions"}],"predecessor-version":[{"id":19894,"href":"https:\/\/helloschool.be\/fr\/wp-json\/wp\/v2\/product\/19892\/revisions\/19894"}],"wp:featuredmedia":[{"embeddable":true,"href":"https:\/\/helloschool.be\/fr\/wp-json\/wp\/v2\/media\/17073"}],"wp:attachment":[{"href":"https:\/\/helloschool.be\/fr\/wp-json\/wp\/v2\/media?parent=19892"}],"wp:term":[{"taxonomy":"product_brand","embeddable":true,"href":"https:\/\/helloschool.be\/fr\/wp-json\/wp\/v2\/product_brand?post=19892"},{"taxonomy":"product_cat","embeddable":true,"href":"https:\/\/helloschool.be\/fr\/wp-json\/wp\/v2\/product_cat?post=19892"},{"taxonomy":"product_tag","embeddable":true,"href":"https:\/\/helloschool.be\/fr\/wp-json\/wp\/v2\/product_tag?post=19892"}],"curies":[{"name":"wp","href":"https:\/\/api.w.org\/{rel}","templated":true}]}}