{"id":19901,"date":"2025-04-03T12:25:04","date_gmt":"2025-04-03T12:25:04","guid":{"rendered":"https:\/\/helloschool.be\/product\/enveloppes-personnalisees\/"},"modified":"2025-05-08T07:08:03","modified_gmt":"2025-05-08T07:08:03","slug":"enveloppes-personnalisees","status":"publish","type":"product","link":"https:\/\/helloschool.be\/fr\/product\/enveloppes-personnalisees\/","title":{"rendered":"Enveloppes personnalis\u00e9es"},"content":{"rendered":"","protected":false},"excerpt":{"rendered":"<p><strong>Communiquez avec style au sein de votre \u00e9cole !<\/strong><\/p>\n<p>Faites forte impression avec nos enveloppes personnalis\u00e9es \u00e0 l\u2019image de votre \u00e9tablissement ! Int\u00e9grez le logo et le design de votre \u00e9cole pour vous d\u00e9marquer \u00e0 chaque envoi. Choisissez parmi diff\u00e9rents formats et finitions pour donner \u00e0 vos lettres, bulletins et communications une apparence professionnelle et reconnaissable.<br \/>\nId\u00e9al pour les \u00e9coles, enseignants et institutions \u00e9ducatives qui souhaitent v\u00e9hiculer une image soign\u00e9e et coh\u00e9rente.<br \/>\nTransmettez votre message avec impact et rendez votre \u00e9cole imm\u00e9diatement identifiable gr\u00e2ce \u00e0 nos enveloppes sur mesure !<\/p>\n","protected":false},"featured_media":17077,"template":"","meta":{"_acf_changed":false,"brand_hub_restriction":[],"brand_hub_id":null},"product_brand":[],"product_cat":[115],"product_tag":[],"class_list":{"0":"post-19901","1":"product","2":"type-product","3":"status-publish","4":"has-post-thumbnail","6":"product_cat-impression-fr","8":"first","9":"instock","10":"taxable","11":"shipping-taxable","12":"purchasable","13":"product-type-simple"},"acf":[],"yoast_head":"<!-- This site is optimized with the Yoast SEO plugin v26.7 - https:\/\/yoast.com\/wordpress\/plugins\/seo\/ -->\n<title>Enveloppes personnalis\u00e9es - Helloschool<\/title>\n<meta name=\"robots\" content=\"index, follow, max-snippet:-1, max-image-preview:large, max-video-preview:-1\" \/>\n<link rel=\"canonical\" href=\"https:\/\/helloschool.be\/product\/huisstijl-enveloppen\/\" \/>\n<meta property=\"og:locale\" content=\"fr_FR\" \/>\n<meta property=\"og:type\" content=\"article\" \/>\n<meta property=\"og:title\" content=\"Enveloppes personnalis\u00e9es - Helloschool\" \/>\n<meta property=\"og:description\" content=\"Communiquez avec style au sein de votre \u00e9cole !  Faites forte impression avec nos enveloppes personnalis\u00e9es \u00e0 l\u2019image de votre \u00e9tablissement ! Int\u00e9grez le logo et le design de votre \u00e9cole pour vous d\u00e9marquer \u00e0 chaque envoi. Choisissez parmi diff\u00e9rents formats et finitions pour donner \u00e0 vos lettres, bulletins et communications une apparence professionnelle et reconnaissable. Id\u00e9al pour les \u00e9coles, enseignants et institutions \u00e9ducatives qui souhaitent v\u00e9hiculer une image soign\u00e9e et coh\u00e9rente. Transmettez votre message avec impact et rendez votre \u00e9cole imm\u00e9diatement identifiable gr\u00e2ce \u00e0 nos enveloppes sur mesure !\" \/>\n<meta property=\"og:url\" content=\"https:\/\/helloschool.be\/product\/huisstijl-enveloppen\/\" \/>\n<meta property=\"og:site_name\" content=\"Helloschool\" \/>\n<meta property=\"article:modified_time\" content=\"2025-05-08T07:08:03+00:00\" \/>\n<meta property=\"og:image\" content=\"https:\/\/helloschool.be\/wp-content\/uploads\/sites\/2\/2025\/04\/Envelop.jpg\" \/>\n\t<meta property=\"og:image:width\" content=\"1000\" \/>\n\t<meta property=\"og:image:height\" content=\"1000\" \/>\n\t<meta property=\"og:image:type\" content=\"image\/jpeg\" \/>\n<meta name=\"twitter:card\" content=\"summary_large_image\" \/>\n<script type=\"application\/ld+json\" class=\"yoast-schema-graph\">{\"@context\":\"https:\/\/schema.org\",\"@graph\":[{\"@type\":\"WebPage\",\"@id\":\"https:\/\/helloschool.be\/product\/huisstijl-enveloppen\/\",\"url\":\"https:\/\/helloschool.be\/product\/huisstijl-enveloppen\/\",\"name\":\"Enveloppes personnalis\u00e9es - Helloschool\",\"isPartOf\":{\"@id\":\"https:\/\/helloschool.be\/#website\"},\"primaryImageOfPage\":{\"@id\":\"https:\/\/helloschool.be\/product\/huisstijl-enveloppen\/#primaryimage\"},\"image\":{\"@id\":\"https:\/\/helloschool.be\/product\/huisstijl-enveloppen\/#primaryimage\"},\"thumbnailUrl\":\"https:\/\/helloschool.be\/wp-content\/uploads\/sites\/2\/2025\/04\/Envelop.jpg\",\"datePublished\":\"2025-04-03T12:25:04+00:00\",\"dateModified\":\"2025-05-08T07:08:03+00:00\",\"breadcrumb\":{\"@id\":\"https:\/\/helloschool.be\/product\/huisstijl-enveloppen\/#breadcrumb\"},\"inLanguage\":\"fr-FR\",\"potentialAction\":[{\"@type\":\"ReadAction\",\"target\":[\"https:\/\/helloschool.be\/product\/huisstijl-enveloppen\/\"]}]},{\"@type\":\"ImageObject\",\"inLanguage\":\"fr-FR\",\"@id\":\"https:\/\/helloschool.be\/product\/huisstijl-enveloppen\/#primaryimage\",\"url\":\"https:\/\/helloschool.be\/wp-content\/uploads\/sites\/2\/2025\/04\/Envelop.jpg\",\"contentUrl\":\"https:\/\/helloschool.be\/wp-content\/uploads\/sites\/2\/2025\/04\/Envelop.jpg\",\"width\":1000,\"height\":1000},{\"@type\":\"BreadcrumbList\",\"@id\":\"https:\/\/helloschool.be\/product\/huisstijl-enveloppen\/#breadcrumb\",\"itemListElement\":[{\"@type\":\"ListItem\",\"position\":1,\"name\":\"Home\",\"item\":\"https:\/\/helloschool.be\/fr\/\"},{\"@type\":\"ListItem\",\"position\":2,\"name\":\"Produits\",\"item\":\"https:\/\/helloschool.be\/producten\/\"},{\"@type\":\"ListItem\",\"position\":3,\"name\":\"Enveloppes personnalis\u00e9es\"}]},{\"@type\":\"WebSite\",\"@id\":\"https:\/\/helloschool.be\/#website\",\"url\":\"https:\/\/helloschool.be\/\",\"name\":\"Helloschool\",\"description\":\"Concentrez-vous sur l\u2019enseignement, nous nous occupons du reste.\",\"potentialAction\":[{\"@type\":\"SearchAction\",\"target\":{\"@type\":\"EntryPoint\",\"urlTemplate\":\"https:\/\/helloschool.be\/?s={search_term_string}\"},\"query-input\":{\"@type\":\"PropertyValueSpecification\",\"valueRequired\":true,\"valueName\":\"search_term_string\"}}],\"inLanguage\":\"fr-FR\"}]}<\/script>\n<!-- \/ Yoast SEO plugin. -->","yoast_head_json":{"title":"Enveloppes personnalis\u00e9es - Helloschool","robots":{"index":"index","follow":"follow","max-snippet":"max-snippet:-1","max-image-preview":"max-image-preview:large","max-video-preview":"max-video-preview:-1"},"canonical":"https:\/\/helloschool.be\/product\/huisstijl-enveloppen\/","og_locale":"fr_FR","og_type":"article","og_title":"Enveloppes personnalis\u00e9es - Helloschool","og_description":"Communiquez avec style au sein de votre \u00e9cole !  Faites forte impression avec nos enveloppes personnalis\u00e9es \u00e0 l\u2019image de votre \u00e9tablissement ! Int\u00e9grez le logo et le design de votre \u00e9cole pour vous d\u00e9marquer \u00e0 chaque envoi. Choisissez parmi diff\u00e9rents formats et finitions pour donner \u00e0 vos lettres, bulletins et communications une apparence professionnelle et reconnaissable. Id\u00e9al pour les \u00e9coles, enseignants et institutions \u00e9ducatives qui souhaitent v\u00e9hiculer une image soign\u00e9e et coh\u00e9rente. Transmettez votre message avec impact et rendez votre \u00e9cole imm\u00e9diatement identifiable gr\u00e2ce \u00e0 nos enveloppes sur mesure !","og_url":"https:\/\/helloschool.be\/product\/huisstijl-enveloppen\/","og_site_name":"Helloschool","article_modified_time":"2025-05-08T07:08:03+00:00","og_image":[{"width":1000,"height":1000,"url":"https:\/\/helloschool.be\/wp-content\/uploads\/sites\/2\/2025\/04\/Envelop.jpg","type":"image\/jpeg"}],"twitter_card":"summary_large_image","schema":{"@context":"https:\/\/schema.org","@graph":[{"@type":"WebPage","@id":"https:\/\/helloschool.be\/product\/huisstijl-enveloppen\/","url":"https:\/\/helloschool.be\/product\/huisstijl-enveloppen\/","name":"Enveloppes personnalis\u00e9es - Helloschool","isPartOf":{"@id":"https:\/\/helloschool.be\/#website"},"primaryImageOfPage":{"@id":"https:\/\/helloschool.be\/product\/huisstijl-enveloppen\/#primaryimage"},"image":{"@id":"https:\/\/helloschool.be\/product\/huisstijl-enveloppen\/#primaryimage"},"thumbnailUrl":"https:\/\/helloschool.be\/wp-content\/uploads\/sites\/2\/2025\/04\/Envelop.jpg","datePublished":"2025-04-03T12:25:04+00:00","dateModified":"2025-05-08T07:08:03+00:00","breadcrumb":{"@id":"https:\/\/helloschool.be\/product\/huisstijl-enveloppen\/#breadcrumb"},"inLanguage":"fr-FR","potentialAction":[{"@type":"ReadAction","target":["https:\/\/helloschool.be\/product\/huisstijl-enveloppen\/"]}]},{"@type":"ImageObject","inLanguage":"fr-FR","@id":"https:\/\/helloschool.be\/product\/huisstijl-enveloppen\/#primaryimage","url":"https:\/\/helloschool.be\/wp-content\/uploads\/sites\/2\/2025\/04\/Envelop.jpg","contentUrl":"https:\/\/helloschool.be\/wp-content\/uploads\/sites\/2\/2025\/04\/Envelop.jpg","width":1000,"height":1000},{"@type":"BreadcrumbList","@id":"https:\/\/helloschool.be\/product\/huisstijl-enveloppen\/#breadcrumb","itemListElement":[{"@type":"ListItem","position":1,"name":"Home","item":"https:\/\/helloschool.be\/fr\/"},{"@type":"ListItem","position":2,"name":"Produits","item":"https:\/\/helloschool.be\/producten\/"},{"@type":"ListItem","position":3,"name":"Enveloppes personnalis\u00e9es"}]},{"@type":"WebSite","@id":"https:\/\/helloschool.be\/#website","url":"https:\/\/helloschool.be\/","name":"Helloschool","description":"Concentrez-vous sur l\u2019enseignement, nous nous occupons du reste.","potentialAction":[{"@type":"SearchAction","target":{"@type":"EntryPoint","urlTemplate":"https:\/\/helloschool.be\/?s={search_term_string}"},"query-input":{"@type":"PropertyValueSpecification","valueRequired":true,"valueName":"search_term_string"}}],"inLanguage":"fr-FR"}]}},"_links":{"self":[{"href":"https:\/\/helloschool.be\/fr\/wp-json\/wp\/v2\/product\/19901","targetHints":{"allow":["GET"]}}],"collection":[{"href":"https:\/\/helloschool.be\/fr\/wp-json\/wp\/v2\/product"}],"about":[{"href":"https:\/\/helloschool.be\/fr\/wp-json\/wp\/v2\/types\/product"}],"version-history":[{"count":2,"href":"https:\/\/helloschool.be\/fr\/wp-json\/wp\/v2\/product\/19901\/revisions"}],"predecessor-version":[{"id":19903,"href":"https:\/\/helloschool.be\/fr\/wp-json\/wp\/v2\/product\/19901\/revisions\/19903"}],"wp:featuredmedia":[{"embeddable":true,"href":"https:\/\/helloschool.be\/fr\/wp-json\/wp\/v2\/media\/17077"}],"wp:attachment":[{"href":"https:\/\/helloschool.be\/fr\/wp-json\/wp\/v2\/media?parent=19901"}],"wp:term":[{"taxonomy":"product_brand","embeddable":true,"href":"https:\/\/helloschool.be\/fr\/wp-json\/wp\/v2\/product_brand?post=19901"},{"taxonomy":"product_cat","embeddable":true,"href":"https:\/\/helloschool.be\/fr\/wp-json\/wp\/v2\/product_cat?post=19901"},{"taxonomy":"product_tag","embeddable":true,"href":"https:\/\/helloschool.be\/fr\/wp-json\/wp\/v2\/product_tag?post=19901"}],"curies":[{"name":"wp","href":"https:\/\/api.w.org\/{rel}","templated":true}]}}