{"id":19910,"date":"2025-04-03T12:39:41","date_gmt":"2025-04-03T12:39:41","guid":{"rendered":"https:\/\/helloschool.be\/product\/chemises-a5\/"},"modified":"2025-05-08T07:20:25","modified_gmt":"2025-05-08T07:20:25","slug":"chemises-a5","status":"publish","type":"product","link":"https:\/\/helloschool.be\/fr\/product\/chemises-a5\/","title":{"rendered":"Chemises A5"},"content":{"rendered":"","protected":false},"excerpt":{"rendered":"<p><strong>Chemises A5 parfaites : Organisez et pr\u00e9sentez vos documents avec professionnalisme dans l\u2019enseignement !<\/strong><\/p>\n<p>Les chemises A5 pour \u00e9tablissements scolaires sont id\u00e9ales pour organiser et pr\u00e9senter des documents importants tels que dipl\u00f4mes, certificats, bulletins et courriers au format A5.<br \/>\nElles disposent de plusieurs compartiments pour un classement efficace et sont con\u00e7ues pour s\u2019adapter parfaitement au format des documents. Gr\u00e2ce \u00e0 leur fermeture solide, elles garantissent un maintien s\u00fbr et ordonn\u00e9 du contenu, tout en offrant une pr\u00e9sentation professionnelle lors de r\u00e9unions scolaires, pr\u00e9sentations ou rencontres avec les parents.<\/p>\n","protected":false},"featured_media":0,"template":"","meta":{"_acf_changed":false,"brand_hub_restriction":[],"brand_hub_id":null},"product_brand":[],"product_cat":[123],"product_tag":[],"class_list":{"0":"post-19910","1":"product","2":"type-product","3":"status-publish","5":"product_cat-bulletin","7":"first","8":"instock","9":"taxable","10":"shipping-taxable","11":"purchasable","12":"product-type-simple"},"acf":[],"yoast_head":"<!-- This site is optimized with the Yoast SEO plugin v26.7 - https:\/\/yoast.com\/wordpress\/plugins\/seo\/ -->\n<title>Chemises A5 - Helloschool<\/title>\n<meta name=\"robots\" content=\"index, follow, max-snippet:-1, max-image-preview:large, max-video-preview:-1\" \/>\n<link rel=\"canonical\" href=\"https:\/\/helloschool.be\/product\/rapportmappen-a5\/\" \/>\n<meta property=\"og:locale\" content=\"fr_FR\" \/>\n<meta property=\"og:type\" content=\"article\" \/>\n<meta property=\"og:title\" content=\"Chemises A5 - Helloschool\" \/>\n<meta property=\"og:description\" content=\"Chemises A5 parfaites : Organisez et pr\u00e9sentez vos documents avec professionnalisme dans l\u2019enseignement !  Les chemises A5 pour \u00e9tablissements scolaires sont id\u00e9ales pour organiser et pr\u00e9senter des documents importants tels que dipl\u00f4mes, certificats, bulletins et courriers au format A5. Elles disposent de plusieurs compartiments pour un classement efficace et sont con\u00e7ues pour s\u2019adapter parfaitement au format des documents. Gr\u00e2ce \u00e0 leur fermeture solide, elles garantissent un maintien s\u00fbr et ordonn\u00e9 du contenu, tout en offrant une pr\u00e9sentation professionnelle lors de r\u00e9unions scolaires, pr\u00e9sentations ou rencontres avec les parents.\" \/>\n<meta property=\"og:url\" content=\"https:\/\/helloschool.be\/product\/rapportmappen-a5\/\" \/>\n<meta property=\"og:site_name\" content=\"Helloschool\" \/>\n<meta property=\"article:modified_time\" content=\"2025-05-08T07:20:25+00:00\" \/>\n<meta name=\"twitter:card\" content=\"summary_large_image\" \/>\n<script type=\"application\/ld+json\" class=\"yoast-schema-graph\">{\"@context\":\"https:\/\/schema.org\",\"@graph\":[{\"@type\":\"WebPage\",\"@id\":\"https:\/\/helloschool.be\/product\/rapportmappen-a5\/\",\"url\":\"https:\/\/helloschool.be\/product\/rapportmappen-a5\/\",\"name\":\"Chemises A5 - Helloschool\",\"isPartOf\":{\"@id\":\"https:\/\/helloschool.be\/#website\"},\"datePublished\":\"2025-04-03T12:39:41+00:00\",\"dateModified\":\"2025-05-08T07:20:25+00:00\",\"breadcrumb\":{\"@id\":\"https:\/\/helloschool.be\/product\/rapportmappen-a5\/#breadcrumb\"},\"inLanguage\":\"fr-FR\",\"potentialAction\":[{\"@type\":\"ReadAction\",\"target\":[\"https:\/\/helloschool.be\/product\/rapportmappen-a5\/\"]}]},{\"@type\":\"BreadcrumbList\",\"@id\":\"https:\/\/helloschool.be\/product\/rapportmappen-a5\/#breadcrumb\",\"itemListElement\":[{\"@type\":\"ListItem\",\"position\":1,\"name\":\"Home\",\"item\":\"https:\/\/helloschool.be\/fr\/\"},{\"@type\":\"ListItem\",\"position\":2,\"name\":\"Produits\",\"item\":\"https:\/\/helloschool.be\/producten\/\"},{\"@type\":\"ListItem\",\"position\":3,\"name\":\"Chemises A5\"}]},{\"@type\":\"WebSite\",\"@id\":\"https:\/\/helloschool.be\/#website\",\"url\":\"https:\/\/helloschool.be\/\",\"name\":\"Helloschool\",\"description\":\"Concentrez-vous sur l\u2019enseignement, nous nous occupons du reste.\",\"potentialAction\":[{\"@type\":\"SearchAction\",\"target\":{\"@type\":\"EntryPoint\",\"urlTemplate\":\"https:\/\/helloschool.be\/?s={search_term_string}\"},\"query-input\":{\"@type\":\"PropertyValueSpecification\",\"valueRequired\":true,\"valueName\":\"search_term_string\"}}],\"inLanguage\":\"fr-FR\"}]}<\/script>\n<!-- \/ Yoast SEO plugin. -->","yoast_head_json":{"title":"Chemises A5 - Helloschool","robots":{"index":"index","follow":"follow","max-snippet":"max-snippet:-1","max-image-preview":"max-image-preview:large","max-video-preview":"max-video-preview:-1"},"canonical":"https:\/\/helloschool.be\/product\/rapportmappen-a5\/","og_locale":"fr_FR","og_type":"article","og_title":"Chemises A5 - Helloschool","og_description":"Chemises A5 parfaites : Organisez et pr\u00e9sentez vos documents avec professionnalisme dans l\u2019enseignement !  Les chemises A5 pour \u00e9tablissements scolaires sont id\u00e9ales pour organiser et pr\u00e9senter des documents importants tels que dipl\u00f4mes, certificats, bulletins et courriers au format A5. Elles disposent de plusieurs compartiments pour un classement efficace et sont con\u00e7ues pour s\u2019adapter parfaitement au format des documents. Gr\u00e2ce \u00e0 leur fermeture solide, elles garantissent un maintien s\u00fbr et ordonn\u00e9 du contenu, tout en offrant une pr\u00e9sentation professionnelle lors de r\u00e9unions scolaires, pr\u00e9sentations ou rencontres avec les parents.","og_url":"https:\/\/helloschool.be\/product\/rapportmappen-a5\/","og_site_name":"Helloschool","article_modified_time":"2025-05-08T07:20:25+00:00","twitter_card":"summary_large_image","schema":{"@context":"https:\/\/schema.org","@graph":[{"@type":"WebPage","@id":"https:\/\/helloschool.be\/product\/rapportmappen-a5\/","url":"https:\/\/helloschool.be\/product\/rapportmappen-a5\/","name":"Chemises A5 - Helloschool","isPartOf":{"@id":"https:\/\/helloschool.be\/#website"},"datePublished":"2025-04-03T12:39:41+00:00","dateModified":"2025-05-08T07:20:25+00:00","breadcrumb":{"@id":"https:\/\/helloschool.be\/product\/rapportmappen-a5\/#breadcrumb"},"inLanguage":"fr-FR","potentialAction":[{"@type":"ReadAction","target":["https:\/\/helloschool.be\/product\/rapportmappen-a5\/"]}]},{"@type":"BreadcrumbList","@id":"https:\/\/helloschool.be\/product\/rapportmappen-a5\/#breadcrumb","itemListElement":[{"@type":"ListItem","position":1,"name":"Home","item":"https:\/\/helloschool.be\/fr\/"},{"@type":"ListItem","position":2,"name":"Produits","item":"https:\/\/helloschool.be\/producten\/"},{"@type":"ListItem","position":3,"name":"Chemises A5"}]},{"@type":"WebSite","@id":"https:\/\/helloschool.be\/#website","url":"https:\/\/helloschool.be\/","name":"Helloschool","description":"Concentrez-vous sur l\u2019enseignement, nous nous occupons du reste.","potentialAction":[{"@type":"SearchAction","target":{"@type":"EntryPoint","urlTemplate":"https:\/\/helloschool.be\/?s={search_term_string}"},"query-input":{"@type":"PropertyValueSpecification","valueRequired":true,"valueName":"search_term_string"}}],"inLanguage":"fr-FR"}]}},"_links":{"self":[{"href":"https:\/\/helloschool.be\/fr\/wp-json\/wp\/v2\/product\/19910","targetHints":{"allow":["GET"]}}],"collection":[{"href":"https:\/\/helloschool.be\/fr\/wp-json\/wp\/v2\/product"}],"about":[{"href":"https:\/\/helloschool.be\/fr\/wp-json\/wp\/v2\/types\/product"}],"version-history":[{"count":1,"href":"https:\/\/helloschool.be\/fr\/wp-json\/wp\/v2\/product\/19910\/revisions"}],"predecessor-version":[{"id":19920,"href":"https:\/\/helloschool.be\/fr\/wp-json\/wp\/v2\/product\/19910\/revisions\/19920"}],"wp:attachment":[{"href":"https:\/\/helloschool.be\/fr\/wp-json\/wp\/v2\/media?parent=19910"}],"wp:term":[{"taxonomy":"product_brand","embeddable":true,"href":"https:\/\/helloschool.be\/fr\/wp-json\/wp\/v2\/product_brand?post=19910"},{"taxonomy":"product_cat","embeddable":true,"href":"https:\/\/helloschool.be\/fr\/wp-json\/wp\/v2\/product_cat?post=19910"},{"taxonomy":"product_tag","embeddable":true,"href":"https:\/\/helloschool.be\/fr\/wp-json\/wp\/v2\/product_tag?post=19910"}],"curies":[{"name":"wp","href":"https:\/\/api.w.org\/{rel}","templated":true}]}}