{"id":19912,"date":"2025-04-03T12:40:21","date_gmt":"2025-04-03T12:40:21","guid":{"rendered":"https:\/\/helloschool.be\/product\/chemises-personnalisees\/"},"modified":"2025-05-08T07:21:51","modified_gmt":"2025-05-08T07:21:51","slug":"chemises-personnalisees","status":"publish","type":"product","link":"https:\/\/helloschool.be\/fr\/product\/chemises-personnalisees\/","title":{"rendered":"Chemises personnalis\u00e9es"},"content":{"rendered":"","protected":false},"excerpt":{"rendered":"<p><strong>Chemises pour le secteur \u00e9ducatif : Efficacit\u00e9, professionnalisme et organisation parfaite !<\/strong><\/p>\n<p>Les chemises pour \u00e9tablissements scolaires sont id\u00e9ales pour organiser et pr\u00e9senter des documents importants tels que dipl\u00f4mes, certificats, bulletins et courriers aux formats A4 ou A5.<br \/>\nElles disposent de plusieurs compartiments pour un rangement efficace et sont sp\u00e9cialement con\u00e7ues pour s\u2019adapter parfaitement aux formats. Gr\u00e2ce \u00e0 leur fermeture solide, elles maintiennent le contenu en s\u00e9curit\u00e9 et bien ordonn\u00e9, tout en offrant une pr\u00e9sentation professionnelle lors de r\u00e9unions scolaires, de pr\u00e9sentations ou de rencontres avec les parents.<\/p>\n","protected":false},"featured_media":0,"template":"","meta":{"_acf_changed":false,"brand_hub_restriction":[],"brand_hub_id":null},"product_brand":[],"product_cat":[123],"product_tag":[],"class_list":{"0":"post-19912","1":"product","2":"type-product","3":"status-publish","5":"product_cat-bulletin","7":"first","8":"instock","9":"taxable","10":"shipping-taxable","11":"purchasable","12":"product-type-simple"},"acf":[],"yoast_head":"<!-- This site is optimized with the Yoast SEO plugin v27.6 - https:\/\/yoast.com\/product\/yoast-seo-wordpress\/ -->\n<title>Chemises personnalis\u00e9es - Helloschool<\/title>\n<meta name=\"robots\" content=\"index, follow, max-snippet:-1, max-image-preview:large, max-video-preview:-1\" \/>\n<link rel=\"canonical\" href=\"https:\/\/helloschool.be\/product\/rapport-mappen\/\" \/>\n<meta property=\"og:locale\" content=\"fr_FR\" \/>\n<meta property=\"og:type\" content=\"article\" \/>\n<meta property=\"og:title\" content=\"Chemises personnalis\u00e9es - Helloschool\" \/>\n<meta property=\"og:description\" content=\"Chemises pour le secteur \u00e9ducatif : Efficacit\u00e9, professionnalisme et organisation parfaite !  Les chemises pour \u00e9tablissements scolaires sont id\u00e9ales pour organiser et pr\u00e9senter des documents importants tels que dipl\u00f4mes, certificats, bulletins et courriers aux formats A4 ou A5. Elles disposent de plusieurs compartiments pour un rangement efficace et sont sp\u00e9cialement con\u00e7ues pour s\u2019adapter parfaitement aux formats. Gr\u00e2ce \u00e0 leur fermeture solide, elles maintiennent le contenu en s\u00e9curit\u00e9 et bien ordonn\u00e9, tout en offrant une pr\u00e9sentation professionnelle lors de r\u00e9unions scolaires, de pr\u00e9sentations ou de rencontres avec les parents.\" \/>\n<meta property=\"og:url\" content=\"https:\/\/helloschool.be\/product\/rapport-mappen\/\" \/>\n<meta property=\"og:site_name\" content=\"Helloschool\" \/>\n<meta property=\"article:modified_time\" content=\"2025-05-08T07:21:51+00:00\" \/>\n<meta name=\"twitter:card\" content=\"summary_large_image\" \/>\n<script type=\"application\/ld+json\" class=\"yoast-schema-graph\">{\"@context\":\"https:\\\/\\\/schema.org\",\"@graph\":[{\"@type\":\"WebPage\",\"@id\":\"https:\\\/\\\/helloschool.be\\\/product\\\/rapport-mappen\\\/\",\"url\":\"https:\\\/\\\/helloschool.be\\\/product\\\/rapport-mappen\\\/\",\"name\":\"Chemises personnalis\u00e9es - Helloschool\",\"isPartOf\":{\"@id\":\"https:\\\/\\\/helloschool.be\\\/#website\"},\"datePublished\":\"2025-04-03T12:40:21+00:00\",\"dateModified\":\"2025-05-08T07:21:51+00:00\",\"breadcrumb\":{\"@id\":\"https:\\\/\\\/helloschool.be\\\/product\\\/rapport-mappen\\\/#breadcrumb\"},\"inLanguage\":\"fr-FR\",\"potentialAction\":[{\"@type\":\"ReadAction\",\"target\":[\"https:\\\/\\\/helloschool.be\\\/product\\\/rapport-mappen\\\/\"]}]},{\"@type\":\"BreadcrumbList\",\"@id\":\"https:\\\/\\\/helloschool.be\\\/product\\\/rapport-mappen\\\/#breadcrumb\",\"itemListElement\":[{\"@type\":\"ListItem\",\"position\":1,\"name\":\"Home\",\"item\":\"https:\\\/\\\/helloschool.be\\\/fr\\\/\"},{\"@type\":\"ListItem\",\"position\":2,\"name\":\"Produits\",\"item\":\"https:\\\/\\\/helloschool.be\\\/producten\\\/\"},{\"@type\":\"ListItem\",\"position\":3,\"name\":\"Chemises personnalis\u00e9es\"}]},{\"@type\":\"WebSite\",\"@id\":\"https:\\\/\\\/helloschool.be\\\/#website\",\"url\":\"https:\\\/\\\/helloschool.be\\\/\",\"name\":\"Helloschool\",\"description\":\"Concentrez-vous sur l\u2019enseignement, nous nous occupons du reste.\",\"potentialAction\":[{\"@type\":\"SearchAction\",\"target\":{\"@type\":\"EntryPoint\",\"urlTemplate\":\"https:\\\/\\\/helloschool.be\\\/?s={search_term_string}\"},\"query-input\":{\"@type\":\"PropertyValueSpecification\",\"valueRequired\":true,\"valueName\":\"search_term_string\"}}],\"inLanguage\":\"fr-FR\"}]}<\/script>\n<!-- \/ Yoast SEO plugin. -->","yoast_head_json":{"title":"Chemises personnalis\u00e9es - Helloschool","robots":{"index":"index","follow":"follow","max-snippet":"max-snippet:-1","max-image-preview":"max-image-preview:large","max-video-preview":"max-video-preview:-1"},"canonical":"https:\/\/helloschool.be\/product\/rapport-mappen\/","og_locale":"fr_FR","og_type":"article","og_title":"Chemises personnalis\u00e9es - Helloschool","og_description":"Chemises pour le secteur \u00e9ducatif : Efficacit\u00e9, professionnalisme et organisation parfaite !  Les chemises pour \u00e9tablissements scolaires sont id\u00e9ales pour organiser et pr\u00e9senter des documents importants tels que dipl\u00f4mes, certificats, bulletins et courriers aux formats A4 ou A5. Elles disposent de plusieurs compartiments pour un rangement efficace et sont sp\u00e9cialement con\u00e7ues pour s\u2019adapter parfaitement aux formats. Gr\u00e2ce \u00e0 leur fermeture solide, elles maintiennent le contenu en s\u00e9curit\u00e9 et bien ordonn\u00e9, tout en offrant une pr\u00e9sentation professionnelle lors de r\u00e9unions scolaires, de pr\u00e9sentations ou de rencontres avec les parents.","og_url":"https:\/\/helloschool.be\/product\/rapport-mappen\/","og_site_name":"Helloschool","article_modified_time":"2025-05-08T07:21:51+00:00","twitter_card":"summary_large_image","schema":{"@context":"https:\/\/schema.org","@graph":[{"@type":"WebPage","@id":"https:\/\/helloschool.be\/product\/rapport-mappen\/","url":"https:\/\/helloschool.be\/product\/rapport-mappen\/","name":"Chemises personnalis\u00e9es - Helloschool","isPartOf":{"@id":"https:\/\/helloschool.be\/#website"},"datePublished":"2025-04-03T12:40:21+00:00","dateModified":"2025-05-08T07:21:51+00:00","breadcrumb":{"@id":"https:\/\/helloschool.be\/product\/rapport-mappen\/#breadcrumb"},"inLanguage":"fr-FR","potentialAction":[{"@type":"ReadAction","target":["https:\/\/helloschool.be\/product\/rapport-mappen\/"]}]},{"@type":"BreadcrumbList","@id":"https:\/\/helloschool.be\/product\/rapport-mappen\/#breadcrumb","itemListElement":[{"@type":"ListItem","position":1,"name":"Home","item":"https:\/\/helloschool.be\/fr\/"},{"@type":"ListItem","position":2,"name":"Produits","item":"https:\/\/helloschool.be\/producten\/"},{"@type":"ListItem","position":3,"name":"Chemises personnalis\u00e9es"}]},{"@type":"WebSite","@id":"https:\/\/helloschool.be\/#website","url":"https:\/\/helloschool.be\/","name":"Helloschool","description":"Concentrez-vous sur l\u2019enseignement, nous nous occupons du reste.","potentialAction":[{"@type":"SearchAction","target":{"@type":"EntryPoint","urlTemplate":"https:\/\/helloschool.be\/?s={search_term_string}"},"query-input":{"@type":"PropertyValueSpecification","valueRequired":true,"valueName":"search_term_string"}}],"inLanguage":"fr-FR"}]}},"_links":{"self":[{"href":"https:\/\/helloschool.be\/fr\/wp-json\/wp\/v2\/product\/19912","targetHints":{"allow":["GET"]}}],"collection":[{"href":"https:\/\/helloschool.be\/fr\/wp-json\/wp\/v2\/product"}],"about":[{"href":"https:\/\/helloschool.be\/fr\/wp-json\/wp\/v2\/types\/product"}],"version-history":[{"count":1,"href":"https:\/\/helloschool.be\/fr\/wp-json\/wp\/v2\/product\/19912\/revisions"}],"predecessor-version":[{"id":19922,"href":"https:\/\/helloschool.be\/fr\/wp-json\/wp\/v2\/product\/19912\/revisions\/19922"}],"wp:attachment":[{"href":"https:\/\/helloschool.be\/fr\/wp-json\/wp\/v2\/media?parent=19912"}],"wp:term":[{"taxonomy":"product_brand","embeddable":true,"href":"https:\/\/helloschool.be\/fr\/wp-json\/wp\/v2\/product_brand?post=19912"},{"taxonomy":"product_cat","embeddable":true,"href":"https:\/\/helloschool.be\/fr\/wp-json\/wp\/v2\/product_cat?post=19912"},{"taxonomy":"product_tag","embeddable":true,"href":"https:\/\/helloschool.be\/fr\/wp-json\/wp\/v2\/product_tag?post=19912"}],"curies":[{"name":"wp","href":"https:\/\/api.w.org\/{rel}","templated":true}]}}