{"id":19917,"date":"2025-04-03T12:41:38","date_gmt":"2025-04-03T12:41:38","guid":{"rendered":"https:\/\/helloschool.be\/product\/papier-de-bulletin-a4-2\/"},"modified":"2025-05-08T07:23:21","modified_gmt":"2025-05-08T07:23:21","slug":"papier-de-bulletin-a4","status":"publish","type":"product","link":"https:\/\/helloschool.be\/fr\/product\/papier-de-bulletin-a4\/","title":{"rendered":"Papier de bulletin A4"},"content":{"rendered":"","protected":false},"excerpt":{"rendered":"<p><strong>Papier A4 pour l\u2019enseignement : id\u00e9al pour des pr\u00e9sentations d\u00e9taill\u00e9es et des travaux cr\u00e9atifs !<\/strong><\/p>\n<p>Notre papier A4 est le choix parfait pour les \u00e9tablissements scolaires qui souhaitent imprimer des documents d\u00e9taill\u00e9s, des dessins ou des pr\u00e9sentations.<br \/>\nCe format offre suffisamment d\u2019espace pour des rapports complets, des graphiques, des devoirs cr\u00e9atifs ou des projets scolaires.<br \/>\nLe format A4 convient parfaitement \u00e0 des travaux visuellement attrayants et permet aux \u00e9l\u00e8ves et aux enseignants de pr\u00e9senter leurs id\u00e9es de mani\u00e8re claire et structur\u00e9e.<br \/>\nLe papier est de haute qualit\u00e9, adapt\u00e9 aussi bien \u00e0 l\u2019\u00e9criture manuscrite qu\u2019\u00e0 l\u2019impression de cr\u00e9ations num\u00e9riques.<br \/>\nOptez pour notre papier A4 afin de renforcer la cr\u00e9ativit\u00e9 et le professionnalisme de votre \u00e9tablissement scolaire.<\/p>\n","protected":false},"featured_media":0,"template":"","meta":{"_acf_changed":false,"brand_hub_restriction":[],"brand_hub_id":null},"product_brand":[],"product_cat":[123],"product_tag":[],"class_list":{"0":"post-19917","1":"product","2":"type-product","3":"status-publish","5":"product_cat-bulletin","7":"first","8":"instock","9":"taxable","10":"shipping-taxable","11":"purchasable","12":"product-type-simple"},"acf":[],"yoast_head":"<!-- This site is optimized with the Yoast SEO plugin v26.7 - https:\/\/yoast.com\/wordpress\/plugins\/seo\/ -->\n<title>Papier de bulletin A4 - Helloschool<\/title>\n<meta name=\"robots\" content=\"index, follow, max-snippet:-1, max-image-preview:large, max-video-preview:-1\" \/>\n<link rel=\"canonical\" href=\"https:\/\/helloschool.be\/product\/rapport-papier-a4\/\" \/>\n<meta property=\"og:locale\" content=\"fr_FR\" \/>\n<meta property=\"og:type\" content=\"article\" \/>\n<meta property=\"og:title\" content=\"Papier de bulletin A4 - Helloschool\" \/>\n<meta property=\"og:description\" content=\"Papier A4 pour l\u2019enseignement : id\u00e9al pour des pr\u00e9sentations d\u00e9taill\u00e9es et des travaux cr\u00e9atifs !  Notre papier A4 est le choix parfait pour les \u00e9tablissements scolaires qui souhaitent imprimer des documents d\u00e9taill\u00e9s, des dessins ou des pr\u00e9sentations. Ce format offre suffisamment d\u2019espace pour des rapports complets, des graphiques, des devoirs cr\u00e9atifs ou des projets scolaires. Le format A4 convient parfaitement \u00e0 des travaux visuellement attrayants et permet aux \u00e9l\u00e8ves et aux enseignants de pr\u00e9senter leurs id\u00e9es de mani\u00e8re claire et structur\u00e9e. Le papier est de haute qualit\u00e9, adapt\u00e9 aussi bien \u00e0 l\u2019\u00e9criture manuscrite qu\u2019\u00e0 l\u2019impression de cr\u00e9ations num\u00e9riques. Optez pour notre papier A4 afin de renforcer la cr\u00e9ativit\u00e9 et le professionnalisme de votre \u00e9tablissement scolaire.\" \/>\n<meta property=\"og:url\" content=\"https:\/\/helloschool.be\/product\/rapport-papier-a4\/\" \/>\n<meta property=\"og:site_name\" content=\"Helloschool\" \/>\n<meta property=\"article:modified_time\" content=\"2025-05-08T07:23:21+00:00\" \/>\n<meta name=\"twitter:card\" content=\"summary_large_image\" \/>\n<script type=\"application\/ld+json\" class=\"yoast-schema-graph\">{\"@context\":\"https:\/\/schema.org\",\"@graph\":[{\"@type\":\"WebPage\",\"@id\":\"https:\/\/helloschool.be\/product\/rapport-papier-a4\/\",\"url\":\"https:\/\/helloschool.be\/product\/rapport-papier-a4\/\",\"name\":\"Papier de bulletin A4 - Helloschool\",\"isPartOf\":{\"@id\":\"https:\/\/helloschool.be\/#website\"},\"datePublished\":\"2025-04-03T12:41:38+00:00\",\"dateModified\":\"2025-05-08T07:23:21+00:00\",\"breadcrumb\":{\"@id\":\"https:\/\/helloschool.be\/product\/rapport-papier-a4\/#breadcrumb\"},\"inLanguage\":\"fr-FR\",\"potentialAction\":[{\"@type\":\"ReadAction\",\"target\":[\"https:\/\/helloschool.be\/product\/rapport-papier-a4\/\"]}]},{\"@type\":\"BreadcrumbList\",\"@id\":\"https:\/\/helloschool.be\/product\/rapport-papier-a4\/#breadcrumb\",\"itemListElement\":[{\"@type\":\"ListItem\",\"position\":1,\"name\":\"Home\",\"item\":\"https:\/\/helloschool.be\/fr\/\"},{\"@type\":\"ListItem\",\"position\":2,\"name\":\"Produits\",\"item\":\"https:\/\/helloschool.be\/producten\/\"},{\"@type\":\"ListItem\",\"position\":3,\"name\":\"Papier de bulletin A4\"}]},{\"@type\":\"WebSite\",\"@id\":\"https:\/\/helloschool.be\/#website\",\"url\":\"https:\/\/helloschool.be\/\",\"name\":\"Helloschool\",\"description\":\"Concentrez-vous sur l\u2019enseignement, nous nous occupons du reste.\",\"potentialAction\":[{\"@type\":\"SearchAction\",\"target\":{\"@type\":\"EntryPoint\",\"urlTemplate\":\"https:\/\/helloschool.be\/?s={search_term_string}\"},\"query-input\":{\"@type\":\"PropertyValueSpecification\",\"valueRequired\":true,\"valueName\":\"search_term_string\"}}],\"inLanguage\":\"fr-FR\"}]}<\/script>\n<!-- \/ Yoast SEO plugin. -->","yoast_head_json":{"title":"Papier de bulletin A4 - Helloschool","robots":{"index":"index","follow":"follow","max-snippet":"max-snippet:-1","max-image-preview":"max-image-preview:large","max-video-preview":"max-video-preview:-1"},"canonical":"https:\/\/helloschool.be\/product\/rapport-papier-a4\/","og_locale":"fr_FR","og_type":"article","og_title":"Papier de bulletin A4 - Helloschool","og_description":"Papier A4 pour l\u2019enseignement : id\u00e9al pour des pr\u00e9sentations d\u00e9taill\u00e9es et des travaux cr\u00e9atifs !  Notre papier A4 est le choix parfait pour les \u00e9tablissements scolaires qui souhaitent imprimer des documents d\u00e9taill\u00e9s, des dessins ou des pr\u00e9sentations. Ce format offre suffisamment d\u2019espace pour des rapports complets, des graphiques, des devoirs cr\u00e9atifs ou des projets scolaires. Le format A4 convient parfaitement \u00e0 des travaux visuellement attrayants et permet aux \u00e9l\u00e8ves et aux enseignants de pr\u00e9senter leurs id\u00e9es de mani\u00e8re claire et structur\u00e9e. Le papier est de haute qualit\u00e9, adapt\u00e9 aussi bien \u00e0 l\u2019\u00e9criture manuscrite qu\u2019\u00e0 l\u2019impression de cr\u00e9ations num\u00e9riques. Optez pour notre papier A4 afin de renforcer la cr\u00e9ativit\u00e9 et le professionnalisme de votre \u00e9tablissement scolaire.","og_url":"https:\/\/helloschool.be\/product\/rapport-papier-a4\/","og_site_name":"Helloschool","article_modified_time":"2025-05-08T07:23:21+00:00","twitter_card":"summary_large_image","schema":{"@context":"https:\/\/schema.org","@graph":[{"@type":"WebPage","@id":"https:\/\/helloschool.be\/product\/rapport-papier-a4\/","url":"https:\/\/helloschool.be\/product\/rapport-papier-a4\/","name":"Papier de bulletin A4 - Helloschool","isPartOf":{"@id":"https:\/\/helloschool.be\/#website"},"datePublished":"2025-04-03T12:41:38+00:00","dateModified":"2025-05-08T07:23:21+00:00","breadcrumb":{"@id":"https:\/\/helloschool.be\/product\/rapport-papier-a4\/#breadcrumb"},"inLanguage":"fr-FR","potentialAction":[{"@type":"ReadAction","target":["https:\/\/helloschool.be\/product\/rapport-papier-a4\/"]}]},{"@type":"BreadcrumbList","@id":"https:\/\/helloschool.be\/product\/rapport-papier-a4\/#breadcrumb","itemListElement":[{"@type":"ListItem","position":1,"name":"Home","item":"https:\/\/helloschool.be\/fr\/"},{"@type":"ListItem","position":2,"name":"Produits","item":"https:\/\/helloschool.be\/producten\/"},{"@type":"ListItem","position":3,"name":"Papier de bulletin A4"}]},{"@type":"WebSite","@id":"https:\/\/helloschool.be\/#website","url":"https:\/\/helloschool.be\/","name":"Helloschool","description":"Concentrez-vous sur l\u2019enseignement, nous nous occupons du reste.","potentialAction":[{"@type":"SearchAction","target":{"@type":"EntryPoint","urlTemplate":"https:\/\/helloschool.be\/?s={search_term_string}"},"query-input":{"@type":"PropertyValueSpecification","valueRequired":true,"valueName":"search_term_string"}}],"inLanguage":"fr-FR"}]}},"_links":{"self":[{"href":"https:\/\/helloschool.be\/fr\/wp-json\/wp\/v2\/product\/19917","targetHints":{"allow":["GET"]}}],"collection":[{"href":"https:\/\/helloschool.be\/fr\/wp-json\/wp\/v2\/product"}],"about":[{"href":"https:\/\/helloschool.be\/fr\/wp-json\/wp\/v2\/types\/product"}],"version-history":[{"count":1,"href":"https:\/\/helloschool.be\/fr\/wp-json\/wp\/v2\/product\/19917\/revisions"}],"predecessor-version":[{"id":19926,"href":"https:\/\/helloschool.be\/fr\/wp-json\/wp\/v2\/product\/19917\/revisions\/19926"}],"wp:attachment":[{"href":"https:\/\/helloschool.be\/fr\/wp-json\/wp\/v2\/media?parent=19917"}],"wp:term":[{"taxonomy":"product_brand","embeddable":true,"href":"https:\/\/helloschool.be\/fr\/wp-json\/wp\/v2\/product_brand?post=19917"},{"taxonomy":"product_cat","embeddable":true,"href":"https:\/\/helloschool.be\/fr\/wp-json\/wp\/v2\/product_cat?post=19917"},{"taxonomy":"product_tag","embeddable":true,"href":"https:\/\/helloschool.be\/fr\/wp-json\/wp\/v2\/product_tag?post=19917"}],"curies":[{"name":"wp","href":"https:\/\/api.w.org\/{rel}","templated":true}]}}