{"id":19931,"date":"2025-04-03T12:44:07","date_gmt":"2025-04-03T12:44:07","guid":{"rendered":"https:\/\/helloschool.be\/product\/fardes-pour-diplomes-a4\/"},"modified":"2025-05-08T07:28:36","modified_gmt":"2025-05-08T07:28:36","slug":"fardes-pour-diplomes-a4","status":"publish","type":"product","link":"https:\/\/helloschool.be\/fr\/product\/fardes-pour-diplomes-a4\/","title":{"rendered":"Fardes pour dipl\u00f4mes A4"},"content":{"rendered":"","protected":false},"excerpt":{"rendered":"<p><strong>Fardes A4 pour l\u2019enseignement : Pr\u00e9sentation professionnelle et organisation parfaite !<\/strong><\/p>\n<p>Les fardes A4 pour \u00e9tablissements scolaires sont id\u00e9aux pour organiser et pr\u00e9senter des documents importants tels que des dipl\u00f4mes, certificats, rapports et courriers au format A4.<br \/>\nCes fardes offrent plusieurs compartiments pour un classement efficace et sont con\u00e7us pour s\u2019adapter parfaitement aux documents de ce format.<br \/>\nGr\u00e2ce \u00e0 leur fermeture robuste, ils assurent une organisation s\u00e9curis\u00e9e et ordonn\u00e9e du contenu, tout en offrant une pr\u00e9sentation professionnelle lors de r\u00e9unions scolaires, de pr\u00e9sentations ou de rencontres avec les parents.<\/p>\n","protected":false},"featured_media":0,"template":"","meta":{"_acf_changed":false,"brand_hub_restriction":[],"brand_hub_id":null},"product_brand":[],"product_cat":[114],"product_tag":[],"class_list":{"0":"post-19931","1":"product","2":"type-product","3":"status-publish","5":"product_cat-diplome-fr","7":"first","8":"instock","9":"taxable","10":"shipping-taxable","11":"purchasable","12":"product-type-simple"},"acf":[],"yoast_head":"<!-- This site is optimized with the Yoast SEO plugin v26.7 - https:\/\/yoast.com\/wordpress\/plugins\/seo\/ -->\n<title>Fardes pour dipl\u00f4mes A4 - Helloschool<\/title>\n<meta name=\"robots\" content=\"index, follow, max-snippet:-1, max-image-preview:large, max-video-preview:-1\" \/>\n<link rel=\"canonical\" href=\"https:\/\/helloschool.be\/product\/diplomamappen-a4\/\" \/>\n<meta property=\"og:locale\" content=\"fr_FR\" \/>\n<meta property=\"og:type\" content=\"article\" \/>\n<meta property=\"og:title\" content=\"Fardes pour dipl\u00f4mes A4 - Helloschool\" \/>\n<meta property=\"og:description\" content=\"Fardes A4 pour l\u2019enseignement : Pr\u00e9sentation professionnelle et organisation parfaite !  Les fardes A4 pour \u00e9tablissements scolaires sont id\u00e9aux pour organiser et pr\u00e9senter des documents importants tels que des dipl\u00f4mes, certificats, rapports et courriers au format A4. Ces fardes offrent plusieurs compartiments pour un classement efficace et sont con\u00e7us pour s\u2019adapter parfaitement aux documents de ce format. Gr\u00e2ce \u00e0 leur fermeture robuste, ils assurent une organisation s\u00e9curis\u00e9e et ordonn\u00e9e du contenu, tout en offrant une pr\u00e9sentation professionnelle lors de r\u00e9unions scolaires, de pr\u00e9sentations ou de rencontres avec les parents.\" \/>\n<meta property=\"og:url\" content=\"https:\/\/helloschool.be\/product\/diplomamappen-a4\/\" \/>\n<meta property=\"og:site_name\" content=\"Helloschool\" \/>\n<meta property=\"article:modified_time\" content=\"2025-05-08T07:28:36+00:00\" \/>\n<meta name=\"twitter:card\" content=\"summary_large_image\" \/>\n<script type=\"application\/ld+json\" class=\"yoast-schema-graph\">{\"@context\":\"https:\/\/schema.org\",\"@graph\":[{\"@type\":\"WebPage\",\"@id\":\"https:\/\/helloschool.be\/product\/diplomamappen-a4\/\",\"url\":\"https:\/\/helloschool.be\/product\/diplomamappen-a4\/\",\"name\":\"Fardes pour dipl\u00f4mes A4 - Helloschool\",\"isPartOf\":{\"@id\":\"https:\/\/helloschool.be\/#website\"},\"datePublished\":\"2025-04-03T12:44:07+00:00\",\"dateModified\":\"2025-05-08T07:28:36+00:00\",\"breadcrumb\":{\"@id\":\"https:\/\/helloschool.be\/product\/diplomamappen-a4\/#breadcrumb\"},\"inLanguage\":\"fr-FR\",\"potentialAction\":[{\"@type\":\"ReadAction\",\"target\":[\"https:\/\/helloschool.be\/product\/diplomamappen-a4\/\"]}]},{\"@type\":\"BreadcrumbList\",\"@id\":\"https:\/\/helloschool.be\/product\/diplomamappen-a4\/#breadcrumb\",\"itemListElement\":[{\"@type\":\"ListItem\",\"position\":1,\"name\":\"Home\",\"item\":\"https:\/\/helloschool.be\/fr\/\"},{\"@type\":\"ListItem\",\"position\":2,\"name\":\"Produits\",\"item\":\"https:\/\/helloschool.be\/producten\/\"},{\"@type\":\"ListItem\",\"position\":3,\"name\":\"Fardes pour dipl\u00f4mes A4\"}]},{\"@type\":\"WebSite\",\"@id\":\"https:\/\/helloschool.be\/#website\",\"url\":\"https:\/\/helloschool.be\/\",\"name\":\"Helloschool\",\"description\":\"Concentrez-vous sur l\u2019enseignement, nous nous occupons du reste.\",\"potentialAction\":[{\"@type\":\"SearchAction\",\"target\":{\"@type\":\"EntryPoint\",\"urlTemplate\":\"https:\/\/helloschool.be\/?s={search_term_string}\"},\"query-input\":{\"@type\":\"PropertyValueSpecification\",\"valueRequired\":true,\"valueName\":\"search_term_string\"}}],\"inLanguage\":\"fr-FR\"}]}<\/script>\n<!-- \/ Yoast SEO plugin. -->","yoast_head_json":{"title":"Fardes pour dipl\u00f4mes A4 - Helloschool","robots":{"index":"index","follow":"follow","max-snippet":"max-snippet:-1","max-image-preview":"max-image-preview:large","max-video-preview":"max-video-preview:-1"},"canonical":"https:\/\/helloschool.be\/product\/diplomamappen-a4\/","og_locale":"fr_FR","og_type":"article","og_title":"Fardes pour dipl\u00f4mes A4 - Helloschool","og_description":"Fardes A4 pour l\u2019enseignement : Pr\u00e9sentation professionnelle et organisation parfaite !  Les fardes A4 pour \u00e9tablissements scolaires sont id\u00e9aux pour organiser et pr\u00e9senter des documents importants tels que des dipl\u00f4mes, certificats, rapports et courriers au format A4. Ces fardes offrent plusieurs compartiments pour un classement efficace et sont con\u00e7us pour s\u2019adapter parfaitement aux documents de ce format. Gr\u00e2ce \u00e0 leur fermeture robuste, ils assurent une organisation s\u00e9curis\u00e9e et ordonn\u00e9e du contenu, tout en offrant une pr\u00e9sentation professionnelle lors de r\u00e9unions scolaires, de pr\u00e9sentations ou de rencontres avec les parents.","og_url":"https:\/\/helloschool.be\/product\/diplomamappen-a4\/","og_site_name":"Helloschool","article_modified_time":"2025-05-08T07:28:36+00:00","twitter_card":"summary_large_image","schema":{"@context":"https:\/\/schema.org","@graph":[{"@type":"WebPage","@id":"https:\/\/helloschool.be\/product\/diplomamappen-a4\/","url":"https:\/\/helloschool.be\/product\/diplomamappen-a4\/","name":"Fardes pour dipl\u00f4mes A4 - Helloschool","isPartOf":{"@id":"https:\/\/helloschool.be\/#website"},"datePublished":"2025-04-03T12:44:07+00:00","dateModified":"2025-05-08T07:28:36+00:00","breadcrumb":{"@id":"https:\/\/helloschool.be\/product\/diplomamappen-a4\/#breadcrumb"},"inLanguage":"fr-FR","potentialAction":[{"@type":"ReadAction","target":["https:\/\/helloschool.be\/product\/diplomamappen-a4\/"]}]},{"@type":"BreadcrumbList","@id":"https:\/\/helloschool.be\/product\/diplomamappen-a4\/#breadcrumb","itemListElement":[{"@type":"ListItem","position":1,"name":"Home","item":"https:\/\/helloschool.be\/fr\/"},{"@type":"ListItem","position":2,"name":"Produits","item":"https:\/\/helloschool.be\/producten\/"},{"@type":"ListItem","position":3,"name":"Fardes pour dipl\u00f4mes A4"}]},{"@type":"WebSite","@id":"https:\/\/helloschool.be\/#website","url":"https:\/\/helloschool.be\/","name":"Helloschool","description":"Concentrez-vous sur l\u2019enseignement, nous nous occupons du reste.","potentialAction":[{"@type":"SearchAction","target":{"@type":"EntryPoint","urlTemplate":"https:\/\/helloschool.be\/?s={search_term_string}"},"query-input":{"@type":"PropertyValueSpecification","valueRequired":true,"valueName":"search_term_string"}}],"inLanguage":"fr-FR"}]}},"_links":{"self":[{"href":"https:\/\/helloschool.be\/fr\/wp-json\/wp\/v2\/product\/19931","targetHints":{"allow":["GET"]}}],"collection":[{"href":"https:\/\/helloschool.be\/fr\/wp-json\/wp\/v2\/product"}],"about":[{"href":"https:\/\/helloschool.be\/fr\/wp-json\/wp\/v2\/types\/product"}],"version-history":[{"count":1,"href":"https:\/\/helloschool.be\/fr\/wp-json\/wp\/v2\/product\/19931\/revisions"}],"predecessor-version":[{"id":19937,"href":"https:\/\/helloschool.be\/fr\/wp-json\/wp\/v2\/product\/19931\/revisions\/19937"}],"wp:attachment":[{"href":"https:\/\/helloschool.be\/fr\/wp-json\/wp\/v2\/media?parent=19931"}],"wp:term":[{"taxonomy":"product_brand","embeddable":true,"href":"https:\/\/helloschool.be\/fr\/wp-json\/wp\/v2\/product_brand?post=19931"},{"taxonomy":"product_cat","embeddable":true,"href":"https:\/\/helloschool.be\/fr\/wp-json\/wp\/v2\/product_cat?post=19931"},{"taxonomy":"product_tag","embeddable":true,"href":"https:\/\/helloschool.be\/fr\/wp-json\/wp\/v2\/product_tag?post=19931"}],"curies":[{"name":"wp","href":"https:\/\/api.w.org\/{rel}","templated":true}]}}