{"id":19933,"date":"2025-04-03T12:44:20","date_gmt":"2025-04-03T12:44:20","guid":{"rendered":"https:\/\/helloschool.be\/product\/fardes-pour-diplomes-personnalisees\/"},"modified":"2025-05-08T07:28:18","modified_gmt":"2025-05-08T07:28:18","slug":"fardes-pour-diplomes-personnalisees","status":"publish","type":"product","link":"https:\/\/helloschool.be\/fr\/product\/fardes-pour-diplomes-personnalisees\/","title":{"rendered":"Fardes pour dipl\u00f4mes personnalis\u00e9es"},"content":{"rendered":"","protected":false},"excerpt":{"rendered":"<p><strong>Fardes pour l\u2019enseignement : Organis\u00e9s, professionnels et s\u00e9curis\u00e9s !<\/strong><\/p>\n<p>Les fardes pour \u00e9tablissements scolaires sont la solution id\u00e9ale pour pr\u00e9senter de mani\u00e8re organis\u00e9e et professionnelle des documents importants, rapports, certificats et dipl\u00f4mes.<br \/>\nIls offrent plusieurs compartiments pour un rangement efficace des mat\u00e9riaux et sont souvent \u00e9quip\u00e9s d\u2019une fermeture solide pour garantir la s\u00e9curit\u00e9 des documents.<br \/>\nCes fardes contribuent \u00e0 une pr\u00e9sentation professionnelle lors de r\u00e9unions, de rencontres avec les parents ou de pr\u00e9sentations, et aident \u00e0 garder les documents propres et facilement accessibles.<\/p>\n","protected":false},"featured_media":0,"template":"","meta":{"_acf_changed":false,"brand_hub_restriction":[],"brand_hub_id":null},"product_brand":[],"product_cat":[114],"product_tag":[],"class_list":{"0":"post-19933","1":"product","2":"type-product","3":"status-publish","5":"product_cat-diplome-fr","7":"first","8":"instock","9":"taxable","10":"shipping-taxable","11":"purchasable","12":"product-type-simple"},"acf":[],"yoast_head":"<!-- This site is optimized with the Yoast SEO plugin v26.7 - https:\/\/yoast.com\/wordpress\/plugins\/seo\/ -->\n<title>Fardes pour dipl\u00f4mes personnalis\u00e9es - Helloschool<\/title>\n<meta name=\"robots\" content=\"index, follow, max-snippet:-1, max-image-preview:large, max-video-preview:-1\" \/>\n<link rel=\"canonical\" href=\"https:\/\/helloschool.be\/product\/gepersonaliseerde-diplomamappen\/\" \/>\n<meta property=\"og:locale\" content=\"fr_FR\" \/>\n<meta property=\"og:type\" content=\"article\" \/>\n<meta property=\"og:title\" content=\"Fardes pour dipl\u00f4mes personnalis\u00e9es - Helloschool\" \/>\n<meta property=\"og:description\" content=\"Fardes pour l\u2019enseignement : Organis\u00e9s, professionnels et s\u00e9curis\u00e9s !  Les fardes pour \u00e9tablissements scolaires sont la solution id\u00e9ale pour pr\u00e9senter de mani\u00e8re organis\u00e9e et professionnelle des documents importants, rapports, certificats et dipl\u00f4mes. Ils offrent plusieurs compartiments pour un rangement efficace des mat\u00e9riaux et sont souvent \u00e9quip\u00e9s d\u2019une fermeture solide pour garantir la s\u00e9curit\u00e9 des documents. Ces fardes contribuent \u00e0 une pr\u00e9sentation professionnelle lors de r\u00e9unions, de rencontres avec les parents ou de pr\u00e9sentations, et aident \u00e0 garder les documents propres et facilement accessibles.\" \/>\n<meta property=\"og:url\" content=\"https:\/\/helloschool.be\/product\/gepersonaliseerde-diplomamappen\/\" \/>\n<meta property=\"og:site_name\" content=\"Helloschool\" \/>\n<meta property=\"article:modified_time\" content=\"2025-05-08T07:28:18+00:00\" \/>\n<meta name=\"twitter:card\" content=\"summary_large_image\" \/>\n<script type=\"application\/ld+json\" class=\"yoast-schema-graph\">{\"@context\":\"https:\/\/schema.org\",\"@graph\":[{\"@type\":\"WebPage\",\"@id\":\"https:\/\/helloschool.be\/product\/gepersonaliseerde-diplomamappen\/\",\"url\":\"https:\/\/helloschool.be\/product\/gepersonaliseerde-diplomamappen\/\",\"name\":\"Fardes pour dipl\u00f4mes personnalis\u00e9es - Helloschool\",\"isPartOf\":{\"@id\":\"https:\/\/helloschool.be\/#website\"},\"datePublished\":\"2025-04-03T12:44:20+00:00\",\"dateModified\":\"2025-05-08T07:28:18+00:00\",\"breadcrumb\":{\"@id\":\"https:\/\/helloschool.be\/product\/gepersonaliseerde-diplomamappen\/#breadcrumb\"},\"inLanguage\":\"fr-FR\",\"potentialAction\":[{\"@type\":\"ReadAction\",\"target\":[\"https:\/\/helloschool.be\/product\/gepersonaliseerde-diplomamappen\/\"]}]},{\"@type\":\"BreadcrumbList\",\"@id\":\"https:\/\/helloschool.be\/product\/gepersonaliseerde-diplomamappen\/#breadcrumb\",\"itemListElement\":[{\"@type\":\"ListItem\",\"position\":1,\"name\":\"Home\",\"item\":\"https:\/\/helloschool.be\/fr\/\"},{\"@type\":\"ListItem\",\"position\":2,\"name\":\"Produits\",\"item\":\"https:\/\/helloschool.be\/producten\/\"},{\"@type\":\"ListItem\",\"position\":3,\"name\":\"Fardes pour dipl\u00f4mes personnalis\u00e9es\"}]},{\"@type\":\"WebSite\",\"@id\":\"https:\/\/helloschool.be\/#website\",\"url\":\"https:\/\/helloschool.be\/\",\"name\":\"Helloschool\",\"description\":\"Concentrez-vous sur l\u2019enseignement, nous nous occupons du reste.\",\"potentialAction\":[{\"@type\":\"SearchAction\",\"target\":{\"@type\":\"EntryPoint\",\"urlTemplate\":\"https:\/\/helloschool.be\/?s={search_term_string}\"},\"query-input\":{\"@type\":\"PropertyValueSpecification\",\"valueRequired\":true,\"valueName\":\"search_term_string\"}}],\"inLanguage\":\"fr-FR\"}]}<\/script>\n<!-- \/ Yoast SEO plugin. -->","yoast_head_json":{"title":"Fardes pour dipl\u00f4mes personnalis\u00e9es - Helloschool","robots":{"index":"index","follow":"follow","max-snippet":"max-snippet:-1","max-image-preview":"max-image-preview:large","max-video-preview":"max-video-preview:-1"},"canonical":"https:\/\/helloschool.be\/product\/gepersonaliseerde-diplomamappen\/","og_locale":"fr_FR","og_type":"article","og_title":"Fardes pour dipl\u00f4mes personnalis\u00e9es - Helloschool","og_description":"Fardes pour l\u2019enseignement : Organis\u00e9s, professionnels et s\u00e9curis\u00e9s !  Les fardes pour \u00e9tablissements scolaires sont la solution id\u00e9ale pour pr\u00e9senter de mani\u00e8re organis\u00e9e et professionnelle des documents importants, rapports, certificats et dipl\u00f4mes. Ils offrent plusieurs compartiments pour un rangement efficace des mat\u00e9riaux et sont souvent \u00e9quip\u00e9s d\u2019une fermeture solide pour garantir la s\u00e9curit\u00e9 des documents. Ces fardes contribuent \u00e0 une pr\u00e9sentation professionnelle lors de r\u00e9unions, de rencontres avec les parents ou de pr\u00e9sentations, et aident \u00e0 garder les documents propres et facilement accessibles.","og_url":"https:\/\/helloschool.be\/product\/gepersonaliseerde-diplomamappen\/","og_site_name":"Helloschool","article_modified_time":"2025-05-08T07:28:18+00:00","twitter_card":"summary_large_image","schema":{"@context":"https:\/\/schema.org","@graph":[{"@type":"WebPage","@id":"https:\/\/helloschool.be\/product\/gepersonaliseerde-diplomamappen\/","url":"https:\/\/helloschool.be\/product\/gepersonaliseerde-diplomamappen\/","name":"Fardes pour dipl\u00f4mes personnalis\u00e9es - Helloschool","isPartOf":{"@id":"https:\/\/helloschool.be\/#website"},"datePublished":"2025-04-03T12:44:20+00:00","dateModified":"2025-05-08T07:28:18+00:00","breadcrumb":{"@id":"https:\/\/helloschool.be\/product\/gepersonaliseerde-diplomamappen\/#breadcrumb"},"inLanguage":"fr-FR","potentialAction":[{"@type":"ReadAction","target":["https:\/\/helloschool.be\/product\/gepersonaliseerde-diplomamappen\/"]}]},{"@type":"BreadcrumbList","@id":"https:\/\/helloschool.be\/product\/gepersonaliseerde-diplomamappen\/#breadcrumb","itemListElement":[{"@type":"ListItem","position":1,"name":"Home","item":"https:\/\/helloschool.be\/fr\/"},{"@type":"ListItem","position":2,"name":"Produits","item":"https:\/\/helloschool.be\/producten\/"},{"@type":"ListItem","position":3,"name":"Fardes pour dipl\u00f4mes personnalis\u00e9es"}]},{"@type":"WebSite","@id":"https:\/\/helloschool.be\/#website","url":"https:\/\/helloschool.be\/","name":"Helloschool","description":"Concentrez-vous sur l\u2019enseignement, nous nous occupons du reste.","potentialAction":[{"@type":"SearchAction","target":{"@type":"EntryPoint","urlTemplate":"https:\/\/helloschool.be\/?s={search_term_string}"},"query-input":{"@type":"PropertyValueSpecification","valueRequired":true,"valueName":"search_term_string"}}],"inLanguage":"fr-FR"}]}},"_links":{"self":[{"href":"https:\/\/helloschool.be\/fr\/wp-json\/wp\/v2\/product\/19933","targetHints":{"allow":["GET"]}}],"collection":[{"href":"https:\/\/helloschool.be\/fr\/wp-json\/wp\/v2\/product"}],"about":[{"href":"https:\/\/helloschool.be\/fr\/wp-json\/wp\/v2\/types\/product"}],"version-history":[{"count":2,"href":"https:\/\/helloschool.be\/fr\/wp-json\/wp\/v2\/product\/19933\/revisions"}],"predecessor-version":[{"id":19936,"href":"https:\/\/helloschool.be\/fr\/wp-json\/wp\/v2\/product\/19933\/revisions\/19936"}],"wp:attachment":[{"href":"https:\/\/helloschool.be\/fr\/wp-json\/wp\/v2\/media?parent=19933"}],"wp:term":[{"taxonomy":"product_brand","embeddable":true,"href":"https:\/\/helloschool.be\/fr\/wp-json\/wp\/v2\/product_brand?post=19933"},{"taxonomy":"product_cat","embeddable":true,"href":"https:\/\/helloschool.be\/fr\/wp-json\/wp\/v2\/product_cat?post=19933"},{"taxonomy":"product_tag","embeddable":true,"href":"https:\/\/helloschool.be\/fr\/wp-json\/wp\/v2\/product_tag?post=19933"}],"curies":[{"name":"wp","href":"https:\/\/api.w.org\/{rel}","templated":true}]}}