{"id":19945,"date":"2025-04-03T12:52:48","date_gmt":"2025-04-03T12:52:48","guid":{"rendered":"https:\/\/helloschool.be\/product\/banderoles\/"},"modified":"2025-05-08T07:43:17","modified_gmt":"2025-05-08T07:43:17","slug":"banderoles","status":"publish","type":"product","link":"https:\/\/helloschool.be\/fr\/product\/banderoles\/","title":{"rendered":"Banderoles"},"content":{"rendered":"","protected":false},"excerpt":{"rendered":"<p><strong>Donnez vie \u00e0 votre message \u00e0 grande \u00e9chelle \u00e0 l\u2019\u00e9cole avec nos banderoles remarquables !<\/strong><\/p>\n<p>Attirez l\u2019attention des \u00e9l\u00e8ves, parents et visiteurs avec une banderole impossible \u00e0 manquer. Parfaite pour les journ\u00e9es portes ouvertes, les f\u00eates scolaires, les \u00e9v\u00e9nements sportifs ou les annonces importantes. Nos banderoles durables et r\u00e9sistantes aux intemp\u00e9ries sont id\u00e9ales pour une utilisation int\u00e9rieure et ext\u00e9rieure. Offrez \u00e0 votre cour d&rsquo;\u00e9cole, gymnase ou auditorium une apparence professionnelle et laissez votre message flotter au vent !<\/p>\n","protected":false},"featured_media":0,"template":"","meta":{"_acf_changed":false,"brand_hub_restriction":[],"brand_hub_id":null},"product_brand":[],"product_cat":[113],"product_tag":[],"class_list":{"0":"post-19945","1":"product","2":"type-product","3":"status-publish","5":"product_cat-exterieur-fr","7":"first","8":"instock","9":"taxable","10":"shipping-taxable","11":"purchasable","12":"product-type-simple"},"acf":[],"yoast_head":"<!-- This site is optimized with the Yoast SEO plugin v26.7 - https:\/\/yoast.com\/wordpress\/plugins\/seo\/ -->\n<title>Banderoles - Helloschool<\/title>\n<meta name=\"robots\" content=\"index, follow, max-snippet:-1, max-image-preview:large, max-video-preview:-1\" \/>\n<link rel=\"canonical\" href=\"https:\/\/helloschool.be\/product\/spandoeken\/\" \/>\n<meta property=\"og:locale\" content=\"fr_FR\" \/>\n<meta property=\"og:type\" content=\"article\" \/>\n<meta property=\"og:title\" content=\"Banderoles - Helloschool\" \/>\n<meta property=\"og:description\" content=\"Donnez vie \u00e0 votre message \u00e0 grande \u00e9chelle \u00e0 l\u2019\u00e9cole avec nos banderoles remarquables !  Attirez l\u2019attention des \u00e9l\u00e8ves, parents et visiteurs avec une banderole impossible \u00e0 manquer. Parfaite pour les journ\u00e9es portes ouvertes, les f\u00eates scolaires, les \u00e9v\u00e9nements sportifs ou les annonces importantes. Nos banderoles durables et r\u00e9sistantes aux intemp\u00e9ries sont id\u00e9ales pour une utilisation int\u00e9rieure et ext\u00e9rieure. Offrez \u00e0 votre cour d&#039;\u00e9cole, gymnase ou auditorium une apparence professionnelle et laissez votre message flotter au vent !\" \/>\n<meta property=\"og:url\" content=\"https:\/\/helloschool.be\/product\/spandoeken\/\" \/>\n<meta property=\"og:site_name\" content=\"Helloschool\" \/>\n<meta property=\"article:modified_time\" content=\"2025-05-08T07:43:17+00:00\" \/>\n<meta name=\"twitter:card\" content=\"summary_large_image\" \/>\n<script type=\"application\/ld+json\" class=\"yoast-schema-graph\">{\"@context\":\"https:\/\/schema.org\",\"@graph\":[{\"@type\":\"WebPage\",\"@id\":\"https:\/\/helloschool.be\/product\/spandoeken\/\",\"url\":\"https:\/\/helloschool.be\/product\/spandoeken\/\",\"name\":\"Banderoles - Helloschool\",\"isPartOf\":{\"@id\":\"https:\/\/helloschool.be\/#website\"},\"datePublished\":\"2025-04-03T12:52:48+00:00\",\"dateModified\":\"2025-05-08T07:43:17+00:00\",\"breadcrumb\":{\"@id\":\"https:\/\/helloschool.be\/product\/spandoeken\/#breadcrumb\"},\"inLanguage\":\"fr-FR\",\"potentialAction\":[{\"@type\":\"ReadAction\",\"target\":[\"https:\/\/helloschool.be\/product\/spandoeken\/\"]}]},{\"@type\":\"BreadcrumbList\",\"@id\":\"https:\/\/helloschool.be\/product\/spandoeken\/#breadcrumb\",\"itemListElement\":[{\"@type\":\"ListItem\",\"position\":1,\"name\":\"Home\",\"item\":\"https:\/\/helloschool.be\/fr\/\"},{\"@type\":\"ListItem\",\"position\":2,\"name\":\"Produits\",\"item\":\"https:\/\/helloschool.be\/producten\/\"},{\"@type\":\"ListItem\",\"position\":3,\"name\":\"Banderoles\"}]},{\"@type\":\"WebSite\",\"@id\":\"https:\/\/helloschool.be\/#website\",\"url\":\"https:\/\/helloschool.be\/\",\"name\":\"Helloschool\",\"description\":\"Concentrez-vous sur l\u2019enseignement, nous nous occupons du reste.\",\"potentialAction\":[{\"@type\":\"SearchAction\",\"target\":{\"@type\":\"EntryPoint\",\"urlTemplate\":\"https:\/\/helloschool.be\/?s={search_term_string}\"},\"query-input\":{\"@type\":\"PropertyValueSpecification\",\"valueRequired\":true,\"valueName\":\"search_term_string\"}}],\"inLanguage\":\"fr-FR\"}]}<\/script>\n<!-- \/ Yoast SEO plugin. -->","yoast_head_json":{"title":"Banderoles - Helloschool","robots":{"index":"index","follow":"follow","max-snippet":"max-snippet:-1","max-image-preview":"max-image-preview:large","max-video-preview":"max-video-preview:-1"},"canonical":"https:\/\/helloschool.be\/product\/spandoeken\/","og_locale":"fr_FR","og_type":"article","og_title":"Banderoles - Helloschool","og_description":"Donnez vie \u00e0 votre message \u00e0 grande \u00e9chelle \u00e0 l\u2019\u00e9cole avec nos banderoles remarquables !  Attirez l\u2019attention des \u00e9l\u00e8ves, parents et visiteurs avec une banderole impossible \u00e0 manquer. Parfaite pour les journ\u00e9es portes ouvertes, les f\u00eates scolaires, les \u00e9v\u00e9nements sportifs ou les annonces importantes. Nos banderoles durables et r\u00e9sistantes aux intemp\u00e9ries sont id\u00e9ales pour une utilisation int\u00e9rieure et ext\u00e9rieure. Offrez \u00e0 votre cour d'\u00e9cole, gymnase ou auditorium une apparence professionnelle et laissez votre message flotter au vent !","og_url":"https:\/\/helloschool.be\/product\/spandoeken\/","og_site_name":"Helloschool","article_modified_time":"2025-05-08T07:43:17+00:00","twitter_card":"summary_large_image","schema":{"@context":"https:\/\/schema.org","@graph":[{"@type":"WebPage","@id":"https:\/\/helloschool.be\/product\/spandoeken\/","url":"https:\/\/helloschool.be\/product\/spandoeken\/","name":"Banderoles - Helloschool","isPartOf":{"@id":"https:\/\/helloschool.be\/#website"},"datePublished":"2025-04-03T12:52:48+00:00","dateModified":"2025-05-08T07:43:17+00:00","breadcrumb":{"@id":"https:\/\/helloschool.be\/product\/spandoeken\/#breadcrumb"},"inLanguage":"fr-FR","potentialAction":[{"@type":"ReadAction","target":["https:\/\/helloschool.be\/product\/spandoeken\/"]}]},{"@type":"BreadcrumbList","@id":"https:\/\/helloschool.be\/product\/spandoeken\/#breadcrumb","itemListElement":[{"@type":"ListItem","position":1,"name":"Home","item":"https:\/\/helloschool.be\/fr\/"},{"@type":"ListItem","position":2,"name":"Produits","item":"https:\/\/helloschool.be\/producten\/"},{"@type":"ListItem","position":3,"name":"Banderoles"}]},{"@type":"WebSite","@id":"https:\/\/helloschool.be\/#website","url":"https:\/\/helloschool.be\/","name":"Helloschool","description":"Concentrez-vous sur l\u2019enseignement, nous nous occupons du reste.","potentialAction":[{"@type":"SearchAction","target":{"@type":"EntryPoint","urlTemplate":"https:\/\/helloschool.be\/?s={search_term_string}"},"query-input":{"@type":"PropertyValueSpecification","valueRequired":true,"valueName":"search_term_string"}}],"inLanguage":"fr-FR"}]}},"_links":{"self":[{"href":"https:\/\/helloschool.be\/fr\/wp-json\/wp\/v2\/product\/19945","targetHints":{"allow":["GET"]}}],"collection":[{"href":"https:\/\/helloschool.be\/fr\/wp-json\/wp\/v2\/product"}],"about":[{"href":"https:\/\/helloschool.be\/fr\/wp-json\/wp\/v2\/types\/product"}],"version-history":[{"count":1,"href":"https:\/\/helloschool.be\/fr\/wp-json\/wp\/v2\/product\/19945\/revisions"}],"predecessor-version":[{"id":19951,"href":"https:\/\/helloschool.be\/fr\/wp-json\/wp\/v2\/product\/19945\/revisions\/19951"}],"wp:attachment":[{"href":"https:\/\/helloschool.be\/fr\/wp-json\/wp\/v2\/media?parent=19945"}],"wp:term":[{"taxonomy":"product_brand","embeddable":true,"href":"https:\/\/helloschool.be\/fr\/wp-json\/wp\/v2\/product_brand?post=19945"},{"taxonomy":"product_cat","embeddable":true,"href":"https:\/\/helloschool.be\/fr\/wp-json\/wp\/v2\/product_cat?post=19945"},{"taxonomy":"product_tag","embeddable":true,"href":"https:\/\/helloschool.be\/fr\/wp-json\/wp\/v2\/product_tag?post=19945"}],"curies":[{"name":"wp","href":"https:\/\/api.w.org\/{rel}","templated":true}]}}