{"id":19947,"date":"2025-04-03T12:52:58","date_gmt":"2025-04-03T12:52:58","guid":{"rendered":"https:\/\/helloschool.be\/product\/cadre-pour-banderoles\/"},"modified":"2025-05-08T07:43:02","modified_gmt":"2025-05-08T07:43:02","slug":"cadre-pour-banderoles","status":"publish","type":"product","link":"https:\/\/helloschool.be\/fr\/product\/cadre-pour-banderoles\/","title":{"rendered":"Cadre pour banderoles"},"content":{"rendered":"","protected":false},"excerpt":{"rendered":"<p><strong>Cr\u00e9ez une base solide avec notre cadre en aluminium !<\/strong><\/p>\n<p>Notre cadre en tubes l\u00e9ger, durable et facile \u00e0 assembler est la solution id\u00e9ale pour suspendre des banderoles et des panneaux de mani\u00e8re professionnelle. Parfait pour une utilisation dans les \u00e9coles, \u00e9v\u00e9nements, journ\u00e9es portes ouvertes et tournois sportifs. Ce cadre offre stabilit\u00e9 et apparence soign\u00e9e, tant \u00e0 l\u2019int\u00e9rieur qu\u2019\u00e0 l\u2019ext\u00e9rieur. Montez en un rien de temps une pr\u00e9sentation accrocheuse qui attire imm\u00e9diatement l\u2019attention !<\/p>\n","protected":false},"featured_media":0,"template":"","meta":{"_acf_changed":false,"brand_hub_restriction":[],"brand_hub_id":null},"product_brand":[],"product_cat":[113],"product_tag":[],"class_list":{"0":"post-19947","1":"product","2":"type-product","3":"status-publish","5":"product_cat-exterieur-fr","7":"first","8":"instock","9":"taxable","10":"shipping-taxable","11":"purchasable","12":"product-type-simple"},"acf":[],"yoast_head":"<!-- This site is optimized with the Yoast SEO plugin v26.7 - https:\/\/yoast.com\/wordpress\/plugins\/seo\/ -->\n<title>Cadre pour banderoles - Helloschool<\/title>\n<meta name=\"robots\" content=\"index, follow, max-snippet:-1, max-image-preview:large, max-video-preview:-1\" \/>\n<link rel=\"canonical\" href=\"https:\/\/helloschool.be\/product\/spandoekframe\/\" \/>\n<meta property=\"og:locale\" content=\"fr_FR\" \/>\n<meta property=\"og:type\" content=\"article\" \/>\n<meta property=\"og:title\" content=\"Cadre pour banderoles - Helloschool\" \/>\n<meta property=\"og:description\" content=\"Cr\u00e9ez une base solide avec notre cadre en aluminium !  Notre cadre en tubes l\u00e9ger, durable et facile \u00e0 assembler est la solution id\u00e9ale pour suspendre des banderoles et des panneaux de mani\u00e8re professionnelle. Parfait pour une utilisation dans les \u00e9coles, \u00e9v\u00e9nements, journ\u00e9es portes ouvertes et tournois sportifs. Ce cadre offre stabilit\u00e9 et apparence soign\u00e9e, tant \u00e0 l\u2019int\u00e9rieur qu\u2019\u00e0 l\u2019ext\u00e9rieur. Montez en un rien de temps une pr\u00e9sentation accrocheuse qui attire imm\u00e9diatement l\u2019attention !\" \/>\n<meta property=\"og:url\" content=\"https:\/\/helloschool.be\/product\/spandoekframe\/\" \/>\n<meta property=\"og:site_name\" content=\"Helloschool\" \/>\n<meta property=\"article:modified_time\" content=\"2025-05-08T07:43:02+00:00\" \/>\n<meta name=\"twitter:card\" content=\"summary_large_image\" \/>\n<script type=\"application\/ld+json\" class=\"yoast-schema-graph\">{\"@context\":\"https:\/\/schema.org\",\"@graph\":[{\"@type\":\"WebPage\",\"@id\":\"https:\/\/helloschool.be\/product\/spandoekframe\/\",\"url\":\"https:\/\/helloschool.be\/product\/spandoekframe\/\",\"name\":\"Cadre pour banderoles - Helloschool\",\"isPartOf\":{\"@id\":\"https:\/\/helloschool.be\/#website\"},\"datePublished\":\"2025-04-03T12:52:58+00:00\",\"dateModified\":\"2025-05-08T07:43:02+00:00\",\"breadcrumb\":{\"@id\":\"https:\/\/helloschool.be\/product\/spandoekframe\/#breadcrumb\"},\"inLanguage\":\"fr-FR\",\"potentialAction\":[{\"@type\":\"ReadAction\",\"target\":[\"https:\/\/helloschool.be\/product\/spandoekframe\/\"]}]},{\"@type\":\"BreadcrumbList\",\"@id\":\"https:\/\/helloschool.be\/product\/spandoekframe\/#breadcrumb\",\"itemListElement\":[{\"@type\":\"ListItem\",\"position\":1,\"name\":\"Home\",\"item\":\"https:\/\/helloschool.be\/fr\/\"},{\"@type\":\"ListItem\",\"position\":2,\"name\":\"Produits\",\"item\":\"https:\/\/helloschool.be\/producten\/\"},{\"@type\":\"ListItem\",\"position\":3,\"name\":\"Cadre pour banderoles\"}]},{\"@type\":\"WebSite\",\"@id\":\"https:\/\/helloschool.be\/#website\",\"url\":\"https:\/\/helloschool.be\/\",\"name\":\"Helloschool\",\"description\":\"Concentrez-vous sur l\u2019enseignement, nous nous occupons du reste.\",\"potentialAction\":[{\"@type\":\"SearchAction\",\"target\":{\"@type\":\"EntryPoint\",\"urlTemplate\":\"https:\/\/helloschool.be\/?s={search_term_string}\"},\"query-input\":{\"@type\":\"PropertyValueSpecification\",\"valueRequired\":true,\"valueName\":\"search_term_string\"}}],\"inLanguage\":\"fr-FR\"}]}<\/script>\n<!-- \/ Yoast SEO plugin. -->","yoast_head_json":{"title":"Cadre pour banderoles - Helloschool","robots":{"index":"index","follow":"follow","max-snippet":"max-snippet:-1","max-image-preview":"max-image-preview:large","max-video-preview":"max-video-preview:-1"},"canonical":"https:\/\/helloschool.be\/product\/spandoekframe\/","og_locale":"fr_FR","og_type":"article","og_title":"Cadre pour banderoles - Helloschool","og_description":"Cr\u00e9ez une base solide avec notre cadre en aluminium !  Notre cadre en tubes l\u00e9ger, durable et facile \u00e0 assembler est la solution id\u00e9ale pour suspendre des banderoles et des panneaux de mani\u00e8re professionnelle. Parfait pour une utilisation dans les \u00e9coles, \u00e9v\u00e9nements, journ\u00e9es portes ouvertes et tournois sportifs. Ce cadre offre stabilit\u00e9 et apparence soign\u00e9e, tant \u00e0 l\u2019int\u00e9rieur qu\u2019\u00e0 l\u2019ext\u00e9rieur. Montez en un rien de temps une pr\u00e9sentation accrocheuse qui attire imm\u00e9diatement l\u2019attention !","og_url":"https:\/\/helloschool.be\/product\/spandoekframe\/","og_site_name":"Helloschool","article_modified_time":"2025-05-08T07:43:02+00:00","twitter_card":"summary_large_image","schema":{"@context":"https:\/\/schema.org","@graph":[{"@type":"WebPage","@id":"https:\/\/helloschool.be\/product\/spandoekframe\/","url":"https:\/\/helloschool.be\/product\/spandoekframe\/","name":"Cadre pour banderoles - Helloschool","isPartOf":{"@id":"https:\/\/helloschool.be\/#website"},"datePublished":"2025-04-03T12:52:58+00:00","dateModified":"2025-05-08T07:43:02+00:00","breadcrumb":{"@id":"https:\/\/helloschool.be\/product\/spandoekframe\/#breadcrumb"},"inLanguage":"fr-FR","potentialAction":[{"@type":"ReadAction","target":["https:\/\/helloschool.be\/product\/spandoekframe\/"]}]},{"@type":"BreadcrumbList","@id":"https:\/\/helloschool.be\/product\/spandoekframe\/#breadcrumb","itemListElement":[{"@type":"ListItem","position":1,"name":"Home","item":"https:\/\/helloschool.be\/fr\/"},{"@type":"ListItem","position":2,"name":"Produits","item":"https:\/\/helloschool.be\/producten\/"},{"@type":"ListItem","position":3,"name":"Cadre pour banderoles"}]},{"@type":"WebSite","@id":"https:\/\/helloschool.be\/#website","url":"https:\/\/helloschool.be\/","name":"Helloschool","description":"Concentrez-vous sur l\u2019enseignement, nous nous occupons du reste.","potentialAction":[{"@type":"SearchAction","target":{"@type":"EntryPoint","urlTemplate":"https:\/\/helloschool.be\/?s={search_term_string}"},"query-input":{"@type":"PropertyValueSpecification","valueRequired":true,"valueName":"search_term_string"}}],"inLanguage":"fr-FR"}]}},"_links":{"self":[{"href":"https:\/\/helloschool.be\/fr\/wp-json\/wp\/v2\/product\/19947","targetHints":{"allow":["GET"]}}],"collection":[{"href":"https:\/\/helloschool.be\/fr\/wp-json\/wp\/v2\/product"}],"about":[{"href":"https:\/\/helloschool.be\/fr\/wp-json\/wp\/v2\/types\/product"}],"version-history":[{"count":1,"href":"https:\/\/helloschool.be\/fr\/wp-json\/wp\/v2\/product\/19947\/revisions"}],"predecessor-version":[{"id":19950,"href":"https:\/\/helloschool.be\/fr\/wp-json\/wp\/v2\/product\/19947\/revisions\/19950"}],"wp:attachment":[{"href":"https:\/\/helloschool.be\/fr\/wp-json\/wp\/v2\/media?parent=19947"}],"wp:term":[{"taxonomy":"product_brand","embeddable":true,"href":"https:\/\/helloschool.be\/fr\/wp-json\/wp\/v2\/product_brand?post=19947"},{"taxonomy":"product_cat","embeddable":true,"href":"https:\/\/helloschool.be\/fr\/wp-json\/wp\/v2\/product_cat?post=19947"},{"taxonomy":"product_tag","embeddable":true,"href":"https:\/\/helloschool.be\/fr\/wp-json\/wp\/v2\/product_tag?post=19947"}],"curies":[{"name":"wp","href":"https:\/\/api.w.org\/{rel}","templated":true}]}}