{"id":19949,"date":"2025-04-03T12:54:32","date_gmt":"2025-04-03T12:54:32","guid":{"rendered":"https:\/\/helloschool.be\/product\/panneaux-trottoir\/"},"modified":"2025-05-08T07:43:49","modified_gmt":"2025-05-08T07:43:49","slug":"panneaux-trottoir","status":"publish","type":"product","link":"https:\/\/helloschool.be\/fr\/product\/panneaux-trottoir\/","title":{"rendered":"Panneaux trottoir"},"content":{"rendered":"","protected":false},"excerpt":{"rendered":"<p><strong>Affichez solidement votre message avec nos A-boards remarquables !<\/strong><\/p>\n<p>Attirez l&rsquo;attention des \u00e9l\u00e8ves, parents et visiteurs avec ces accessoires polyvalents et accrocheurs. Parfaits pour les annonces, \u00e9v\u00e9nements, journ\u00e9es portes ouvertes ou messages temporaires. Gr\u00e2ce \u00e0 leur conception pratique, vous pouvez facilement placer l&rsquo;A-board \u00e0 des endroits strat\u00e9giques, comme \u00e0 l&rsquo;entr\u00e9e, dans la cour de l&rsquo;\u00e9cole ou dans l&rsquo;auditorium. Les panneaux sont r\u00e9sistants aux intemp\u00e9ries, robustes et faciles \u00e0 d\u00e9placer. Assurez-vous que votre message ne passe pas inaper\u00e7u \u2013 optez pour nos A-boards et faites une impression imm\u00e9diate !<\/p>\n","protected":false},"featured_media":0,"template":"","meta":{"_acf_changed":false,"brand_hub_restriction":[],"brand_hub_id":null},"product_brand":[],"product_cat":[124,113,121,122],"product_tag":[],"class_list":{"0":"post-19949","1":"product","2":"type-product","3":"status-publish","5":"product_cat-a-lecole","6":"product_cat-exterieur-fr","7":"product_cat-journee-portes-ouvertes-fr","8":"product_cat-presentation-fr","10":"first","11":"instock","12":"taxable","13":"shipping-taxable","14":"purchasable","15":"product-type-simple"},"acf":[],"yoast_head":"<!-- This site is optimized with the Yoast SEO plugin v26.7 - https:\/\/yoast.com\/wordpress\/plugins\/seo\/ -->\n<title>Panneaux trottoir - Helloschool<\/title>\n<meta name=\"robots\" content=\"index, follow, max-snippet:-1, max-image-preview:large, max-video-preview:-1\" \/>\n<link rel=\"canonical\" href=\"https:\/\/helloschool.be\/fr\/product\/panneaux-trottoir\/\" \/>\n<meta property=\"og:locale\" content=\"fr_FR\" \/>\n<meta property=\"og:type\" content=\"article\" \/>\n<meta property=\"og:title\" content=\"Panneaux trottoir - Helloschool\" \/>\n<meta property=\"og:description\" content=\"Affichez solidement votre message avec nos A-boards remarquables !  Attirez l&#039;attention des \u00e9l\u00e8ves, parents et visiteurs avec ces accessoires polyvalents et accrocheurs. Parfaits pour les annonces, \u00e9v\u00e9nements, journ\u00e9es portes ouvertes ou messages temporaires. Gr\u00e2ce \u00e0 leur conception pratique, vous pouvez facilement placer l&#039;A-board \u00e0 des endroits strat\u00e9giques, comme \u00e0 l&#039;entr\u00e9e, dans la cour de l&#039;\u00e9cole ou dans l&#039;auditorium. Les panneaux sont r\u00e9sistants aux intemp\u00e9ries, robustes et faciles \u00e0 d\u00e9placer. Assurez-vous que votre message ne passe pas inaper\u00e7u \u2013 optez pour nos A-boards et faites une impression imm\u00e9diate !\" \/>\n<meta property=\"og:url\" content=\"https:\/\/helloschool.be\/fr\/product\/panneaux-trottoir\/\" \/>\n<meta property=\"og:site_name\" content=\"Helloschool\" \/>\n<meta property=\"article:modified_time\" content=\"2025-05-08T07:43:49+00:00\" \/>\n<meta name=\"twitter:card\" content=\"summary_large_image\" \/>\n<script type=\"application\/ld+json\" class=\"yoast-schema-graph\">{\"@context\":\"https:\/\/schema.org\",\"@graph\":[{\"@type\":\"WebPage\",\"@id\":\"https:\/\/helloschool.be\/fr\/product\/panneaux-trottoir\/\",\"url\":\"https:\/\/helloschool.be\/fr\/product\/panneaux-trottoir\/\",\"name\":\"Panneaux trottoir - Helloschool\",\"isPartOf\":{\"@id\":\"https:\/\/helloschool.be\/#website\"},\"datePublished\":\"2025-04-03T12:54:32+00:00\",\"dateModified\":\"2025-05-08T07:43:49+00:00\",\"breadcrumb\":{\"@id\":\"https:\/\/helloschool.be\/fr\/product\/panneaux-trottoir\/#breadcrumb\"},\"inLanguage\":\"fr-FR\",\"potentialAction\":[{\"@type\":\"ReadAction\",\"target\":[\"https:\/\/helloschool.be\/fr\/product\/panneaux-trottoir\/\"]}]},{\"@type\":\"BreadcrumbList\",\"@id\":\"https:\/\/helloschool.be\/fr\/product\/panneaux-trottoir\/#breadcrumb\",\"itemListElement\":[{\"@type\":\"ListItem\",\"position\":1,\"name\":\"Home\",\"item\":\"https:\/\/helloschool.be\/fr\/\"},{\"@type\":\"ListItem\",\"position\":2,\"name\":\"Produits\",\"item\":\"https:\/\/helloschool.be\/producten\/\"},{\"@type\":\"ListItem\",\"position\":3,\"name\":\"Panneaux trottoir\"}]},{\"@type\":\"WebSite\",\"@id\":\"https:\/\/helloschool.be\/#website\",\"url\":\"https:\/\/helloschool.be\/\",\"name\":\"Helloschool\",\"description\":\"Concentrez-vous sur l\u2019enseignement, nous nous occupons du reste.\",\"potentialAction\":[{\"@type\":\"SearchAction\",\"target\":{\"@type\":\"EntryPoint\",\"urlTemplate\":\"https:\/\/helloschool.be\/?s={search_term_string}\"},\"query-input\":{\"@type\":\"PropertyValueSpecification\",\"valueRequired\":true,\"valueName\":\"search_term_string\"}}],\"inLanguage\":\"fr-FR\"}]}<\/script>\n<!-- \/ Yoast SEO plugin. -->","yoast_head_json":{"title":"Panneaux trottoir - Helloschool","robots":{"index":"index","follow":"follow","max-snippet":"max-snippet:-1","max-image-preview":"max-image-preview:large","max-video-preview":"max-video-preview:-1"},"canonical":"https:\/\/helloschool.be\/fr\/product\/panneaux-trottoir\/","og_locale":"fr_FR","og_type":"article","og_title":"Panneaux trottoir - Helloschool","og_description":"Affichez solidement votre message avec nos A-boards remarquables !  Attirez l'attention des \u00e9l\u00e8ves, parents et visiteurs avec ces accessoires polyvalents et accrocheurs. Parfaits pour les annonces, \u00e9v\u00e9nements, journ\u00e9es portes ouvertes ou messages temporaires. Gr\u00e2ce \u00e0 leur conception pratique, vous pouvez facilement placer l'A-board \u00e0 des endroits strat\u00e9giques, comme \u00e0 l'entr\u00e9e, dans la cour de l'\u00e9cole ou dans l'auditorium. Les panneaux sont r\u00e9sistants aux intemp\u00e9ries, robustes et faciles \u00e0 d\u00e9placer. Assurez-vous que votre message ne passe pas inaper\u00e7u \u2013 optez pour nos A-boards et faites une impression imm\u00e9diate !","og_url":"https:\/\/helloschool.be\/fr\/product\/panneaux-trottoir\/","og_site_name":"Helloschool","article_modified_time":"2025-05-08T07:43:49+00:00","twitter_card":"summary_large_image","schema":{"@context":"https:\/\/schema.org","@graph":[{"@type":"WebPage","@id":"https:\/\/helloschool.be\/fr\/product\/panneaux-trottoir\/","url":"https:\/\/helloschool.be\/fr\/product\/panneaux-trottoir\/","name":"Panneaux trottoir - Helloschool","isPartOf":{"@id":"https:\/\/helloschool.be\/#website"},"datePublished":"2025-04-03T12:54:32+00:00","dateModified":"2025-05-08T07:43:49+00:00","breadcrumb":{"@id":"https:\/\/helloschool.be\/fr\/product\/panneaux-trottoir\/#breadcrumb"},"inLanguage":"fr-FR","potentialAction":[{"@type":"ReadAction","target":["https:\/\/helloschool.be\/fr\/product\/panneaux-trottoir\/"]}]},{"@type":"BreadcrumbList","@id":"https:\/\/helloschool.be\/fr\/product\/panneaux-trottoir\/#breadcrumb","itemListElement":[{"@type":"ListItem","position":1,"name":"Home","item":"https:\/\/helloschool.be\/fr\/"},{"@type":"ListItem","position":2,"name":"Produits","item":"https:\/\/helloschool.be\/producten\/"},{"@type":"ListItem","position":3,"name":"Panneaux trottoir"}]},{"@type":"WebSite","@id":"https:\/\/helloschool.be\/#website","url":"https:\/\/helloschool.be\/","name":"Helloschool","description":"Concentrez-vous sur l\u2019enseignement, nous nous occupons du reste.","potentialAction":[{"@type":"SearchAction","target":{"@type":"EntryPoint","urlTemplate":"https:\/\/helloschool.be\/?s={search_term_string}"},"query-input":{"@type":"PropertyValueSpecification","valueRequired":true,"valueName":"search_term_string"}}],"inLanguage":"fr-FR"}]}},"_links":{"self":[{"href":"https:\/\/helloschool.be\/fr\/wp-json\/wp\/v2\/product\/19949","targetHints":{"allow":["GET"]}}],"collection":[{"href":"https:\/\/helloschool.be\/fr\/wp-json\/wp\/v2\/product"}],"about":[{"href":"https:\/\/helloschool.be\/fr\/wp-json\/wp\/v2\/types\/product"}],"version-history":[{"count":1,"href":"https:\/\/helloschool.be\/fr\/wp-json\/wp\/v2\/product\/19949\/revisions"}],"predecessor-version":[{"id":19953,"href":"https:\/\/helloschool.be\/fr\/wp-json\/wp\/v2\/product\/19949\/revisions\/19953"}],"wp:attachment":[{"href":"https:\/\/helloschool.be\/fr\/wp-json\/wp\/v2\/media?parent=19949"}],"wp:term":[{"taxonomy":"product_brand","embeddable":true,"href":"https:\/\/helloschool.be\/fr\/wp-json\/wp\/v2\/product_brand?post=19949"},{"taxonomy":"product_cat","embeddable":true,"href":"https:\/\/helloschool.be\/fr\/wp-json\/wp\/v2\/product_cat?post=19949"},{"taxonomy":"product_tag","embeddable":true,"href":"https:\/\/helloschool.be\/fr\/wp-json\/wp\/v2\/product_tag?post=19949"}],"curies":[{"name":"wp","href":"https:\/\/api.w.org\/{rel}","templated":true}]}}