{"id":19960,"date":"2025-04-03T12:56:04","date_gmt":"2025-04-03T12:56:04","guid":{"rendered":"https:\/\/helloschool.be\/product\/tente\/"},"modified":"2025-05-08T07:51:36","modified_gmt":"2025-05-08T07:51:36","slug":"toile-ombrage","status":"publish","type":"product","link":"https:\/\/helloschool.be\/fr\/product\/toile-ombrage\/","title":{"rendered":"Toile d\u2019ombrage"},"content":{"rendered":"","protected":false},"excerpt":{"rendered":"<p><strong>Prot\u00e9gez-vous du soleil avec notre toile d\u2019ombrage multifonctionnelle !<\/strong><\/p>\n<p>Cr\u00e9ez un espace ext\u00e9rieur frais et abrit\u00e9 dans les cours d\u2019\u00e9cole, aires de jeux ou pendant les cours en plein air.<br \/>\nNotre toile d\u2019ombrage type tarp offre une protection solaire efficace et garantit une zone ombrag\u00e9e confortable pendant les journ\u00e9es chaudes.<br \/>\nFabriqu\u00e9e dans un mat\u00e9riau r\u00e9sistant aux intemp\u00e9ries, elle supporte le vent et la pluie, ce qui permet une utilisation tout au long de l\u2019ann\u00e9e.<br \/>\nId\u00e9ale pour les \u00e9coles, \u00e9v\u00e9nements sportifs et espaces de jeu en ext\u00e9rieur.<br \/>\nOffrez un environnement s\u00fbr et ombrag\u00e9 o\u00f9 \u00e9l\u00e8ves, parents et membres du personnel peuvent se retrouver.<\/p>\n","protected":false},"featured_media":0,"template":"","meta":{"_acf_changed":false,"brand_hub_restriction":[],"brand_hub_id":null},"product_brand":[],"product_cat":[124,113],"product_tag":[],"class_list":{"0":"post-19960","1":"product","2":"type-product","3":"status-publish","5":"product_cat-a-lecole","6":"product_cat-exterieur-fr","8":"first","9":"instock","10":"taxable","11":"shipping-taxable","12":"purchasable","13":"product-type-simple"},"acf":[],"yoast_head":"<!-- This site is optimized with the Yoast SEO plugin v26.7 - https:\/\/yoast.com\/wordpress\/plugins\/seo\/ -->\n<title>Toile d\u2019ombrage - Helloschool<\/title>\n<meta name=\"robots\" content=\"index, follow, max-snippet:-1, max-image-preview:large, max-video-preview:-1\" \/>\n<link rel=\"canonical\" href=\"https:\/\/helloschool.be\/product\/tarp\/\" \/>\n<meta property=\"og:locale\" content=\"fr_FR\" \/>\n<meta property=\"og:type\" content=\"article\" \/>\n<meta property=\"og:title\" content=\"Toile d\u2019ombrage - Helloschool\" \/>\n<meta property=\"og:description\" content=\"Prot\u00e9gez-vous du soleil avec notre toile d\u2019ombrage multifonctionnelle !  Cr\u00e9ez un espace ext\u00e9rieur frais et abrit\u00e9 dans les cours d\u2019\u00e9cole, aires de jeux ou pendant les cours en plein air. Notre toile d\u2019ombrage type tarp offre une protection solaire efficace et garantit une zone ombrag\u00e9e confortable pendant les journ\u00e9es chaudes. Fabriqu\u00e9e dans un mat\u00e9riau r\u00e9sistant aux intemp\u00e9ries, elle supporte le vent et la pluie, ce qui permet une utilisation tout au long de l\u2019ann\u00e9e. Id\u00e9ale pour les \u00e9coles, \u00e9v\u00e9nements sportifs et espaces de jeu en ext\u00e9rieur. Offrez un environnement s\u00fbr et ombrag\u00e9 o\u00f9 \u00e9l\u00e8ves, parents et membres du personnel peuvent se retrouver.\" \/>\n<meta property=\"og:url\" content=\"https:\/\/helloschool.be\/product\/tarp\/\" \/>\n<meta property=\"og:site_name\" content=\"Helloschool\" \/>\n<meta property=\"article:modified_time\" content=\"2025-05-08T07:51:36+00:00\" \/>\n<meta name=\"twitter:card\" content=\"summary_large_image\" \/>\n<script type=\"application\/ld+json\" class=\"yoast-schema-graph\">{\"@context\":\"https:\/\/schema.org\",\"@graph\":[{\"@type\":\"WebPage\",\"@id\":\"https:\/\/helloschool.be\/product\/tarp\/\",\"url\":\"https:\/\/helloschool.be\/product\/tarp\/\",\"name\":\"Toile d\u2019ombrage - Helloschool\",\"isPartOf\":{\"@id\":\"https:\/\/helloschool.be\/#website\"},\"datePublished\":\"2025-04-03T12:56:04+00:00\",\"dateModified\":\"2025-05-08T07:51:36+00:00\",\"breadcrumb\":{\"@id\":\"https:\/\/helloschool.be\/product\/tarp\/#breadcrumb\"},\"inLanguage\":\"fr-FR\",\"potentialAction\":[{\"@type\":\"ReadAction\",\"target\":[\"https:\/\/helloschool.be\/product\/tarp\/\"]}]},{\"@type\":\"BreadcrumbList\",\"@id\":\"https:\/\/helloschool.be\/product\/tarp\/#breadcrumb\",\"itemListElement\":[{\"@type\":\"ListItem\",\"position\":1,\"name\":\"Home\",\"item\":\"https:\/\/helloschool.be\/fr\/\"},{\"@type\":\"ListItem\",\"position\":2,\"name\":\"Produits\",\"item\":\"https:\/\/helloschool.be\/producten\/\"},{\"@type\":\"ListItem\",\"position\":3,\"name\":\"Toile d\u2019ombrage\"}]},{\"@type\":\"WebSite\",\"@id\":\"https:\/\/helloschool.be\/#website\",\"url\":\"https:\/\/helloschool.be\/\",\"name\":\"Helloschool\",\"description\":\"Concentrez-vous sur l\u2019enseignement, nous nous occupons du reste.\",\"potentialAction\":[{\"@type\":\"SearchAction\",\"target\":{\"@type\":\"EntryPoint\",\"urlTemplate\":\"https:\/\/helloschool.be\/?s={search_term_string}\"},\"query-input\":{\"@type\":\"PropertyValueSpecification\",\"valueRequired\":true,\"valueName\":\"search_term_string\"}}],\"inLanguage\":\"fr-FR\"}]}<\/script>\n<!-- \/ Yoast SEO plugin. -->","yoast_head_json":{"title":"Toile d\u2019ombrage - Helloschool","robots":{"index":"index","follow":"follow","max-snippet":"max-snippet:-1","max-image-preview":"max-image-preview:large","max-video-preview":"max-video-preview:-1"},"canonical":"https:\/\/helloschool.be\/product\/tarp\/","og_locale":"fr_FR","og_type":"article","og_title":"Toile d\u2019ombrage - Helloschool","og_description":"Prot\u00e9gez-vous du soleil avec notre toile d\u2019ombrage multifonctionnelle !  Cr\u00e9ez un espace ext\u00e9rieur frais et abrit\u00e9 dans les cours d\u2019\u00e9cole, aires de jeux ou pendant les cours en plein air. Notre toile d\u2019ombrage type tarp offre une protection solaire efficace et garantit une zone ombrag\u00e9e confortable pendant les journ\u00e9es chaudes. Fabriqu\u00e9e dans un mat\u00e9riau r\u00e9sistant aux intemp\u00e9ries, elle supporte le vent et la pluie, ce qui permet une utilisation tout au long de l\u2019ann\u00e9e. Id\u00e9ale pour les \u00e9coles, \u00e9v\u00e9nements sportifs et espaces de jeu en ext\u00e9rieur. Offrez un environnement s\u00fbr et ombrag\u00e9 o\u00f9 \u00e9l\u00e8ves, parents et membres du personnel peuvent se retrouver.","og_url":"https:\/\/helloschool.be\/product\/tarp\/","og_site_name":"Helloschool","article_modified_time":"2025-05-08T07:51:36+00:00","twitter_card":"summary_large_image","schema":{"@context":"https:\/\/schema.org","@graph":[{"@type":"WebPage","@id":"https:\/\/helloschool.be\/product\/tarp\/","url":"https:\/\/helloschool.be\/product\/tarp\/","name":"Toile d\u2019ombrage - Helloschool","isPartOf":{"@id":"https:\/\/helloschool.be\/#website"},"datePublished":"2025-04-03T12:56:04+00:00","dateModified":"2025-05-08T07:51:36+00:00","breadcrumb":{"@id":"https:\/\/helloschool.be\/product\/tarp\/#breadcrumb"},"inLanguage":"fr-FR","potentialAction":[{"@type":"ReadAction","target":["https:\/\/helloschool.be\/product\/tarp\/"]}]},{"@type":"BreadcrumbList","@id":"https:\/\/helloschool.be\/product\/tarp\/#breadcrumb","itemListElement":[{"@type":"ListItem","position":1,"name":"Home","item":"https:\/\/helloschool.be\/fr\/"},{"@type":"ListItem","position":2,"name":"Produits","item":"https:\/\/helloschool.be\/producten\/"},{"@type":"ListItem","position":3,"name":"Toile d\u2019ombrage"}]},{"@type":"WebSite","@id":"https:\/\/helloschool.be\/#website","url":"https:\/\/helloschool.be\/","name":"Helloschool","description":"Concentrez-vous sur l\u2019enseignement, nous nous occupons du reste.","potentialAction":[{"@type":"SearchAction","target":{"@type":"EntryPoint","urlTemplate":"https:\/\/helloschool.be\/?s={search_term_string}"},"query-input":{"@type":"PropertyValueSpecification","valueRequired":true,"valueName":"search_term_string"}}],"inLanguage":"fr-FR"}]}},"_links":{"self":[{"href":"https:\/\/helloschool.be\/fr\/wp-json\/wp\/v2\/product\/19960","targetHints":{"allow":["GET"]}}],"collection":[{"href":"https:\/\/helloschool.be\/fr\/wp-json\/wp\/v2\/product"}],"about":[{"href":"https:\/\/helloschool.be\/fr\/wp-json\/wp\/v2\/types\/product"}],"version-history":[{"count":2,"href":"https:\/\/helloschool.be\/fr\/wp-json\/wp\/v2\/product\/19960\/revisions"}],"predecessor-version":[{"id":19982,"href":"https:\/\/helloschool.be\/fr\/wp-json\/wp\/v2\/product\/19960\/revisions\/19982"}],"wp:attachment":[{"href":"https:\/\/helloschool.be\/fr\/wp-json\/wp\/v2\/media?parent=19960"}],"wp:term":[{"taxonomy":"product_brand","embeddable":true,"href":"https:\/\/helloschool.be\/fr\/wp-json\/wp\/v2\/product_brand?post=19960"},{"taxonomy":"product_cat","embeddable":true,"href":"https:\/\/helloschool.be\/fr\/wp-json\/wp\/v2\/product_cat?post=19960"},{"taxonomy":"product_tag","embeddable":true,"href":"https:\/\/helloschool.be\/fr\/wp-json\/wp\/v2\/product_tag?post=19960"}],"curies":[{"name":"wp","href":"https:\/\/api.w.org\/{rel}","templated":true}]}}