{"id":19962,"date":"2025-04-03T12:56:17","date_gmt":"2025-04-03T12:56:17","guid":{"rendered":"https:\/\/helloschool.be\/product\/coussins-exterieur\/"},"modified":"2025-05-08T07:50:42","modified_gmt":"2025-05-08T07:50:42","slug":"coussins-exterieur","status":"publish","type":"product","link":"https:\/\/helloschool.be\/fr\/product\/coussins-exterieur\/","title":{"rendered":"Coussins ext\u00e9rieur"},"content":{"rendered":"","protected":false},"excerpt":{"rendered":"<p><strong>Confort et durabilit\u00e9 avec nos coussins d\u2019ext\u00e9rieur d\u00e9perlants !<\/strong><\/p>\n<p>Cr\u00e9ez un espace ext\u00e9rieur \u00e9l\u00e9gant et confortable gr\u00e2ce \u00e0 nos coussins r\u00e9sistants \u00e0 l\u2019eau.<br \/>\nCon\u00e7us sp\u00e9cialement pour r\u00e9sister \u00e0 l\u2019humidit\u00e9 et \u00e0 la pluie, ils restent frais et secs, m\u00eame apr\u00e8s une averse.<br \/>\nDe plus, ces coussins sont recyclables, ce qui en fait une solution respectueuse de l\u2019environnement.<br \/>\nParfaits pour les cours d\u2019\u00e9cole, les classes en plein air, les terrasses ou les aires de jeux.<br \/>\nAlliez confort, durabilit\u00e9 et avenir plus vert avec nos coussins d\u2019ext\u00e9rieur d\u00e9perlants !<\/p>\n","protected":false},"featured_media":0,"template":"","meta":{"_acf_changed":false,"brand_hub_restriction":[],"brand_hub_id":null},"product_brand":[],"product_cat":[124,113],"product_tag":[],"class_list":{"0":"post-19962","1":"product","2":"type-product","3":"status-publish","5":"product_cat-a-lecole","6":"product_cat-exterieur-fr","8":"first","9":"instock","10":"taxable","11":"shipping-taxable","12":"purchasable","13":"product-type-simple"},"acf":[],"yoast_head":"<!-- This site is optimized with the Yoast SEO plugin v26.7 - https:\/\/yoast.com\/wordpress\/plugins\/seo\/ -->\n<title>Coussins ext\u00e9rieur - Helloschool<\/title>\n<meta name=\"robots\" content=\"index, follow, max-snippet:-1, max-image-preview:large, max-video-preview:-1\" \/>\n<link rel=\"canonical\" href=\"https:\/\/helloschool.be\/product\/buitenkussen\/\" \/>\n<meta property=\"og:locale\" content=\"fr_FR\" \/>\n<meta property=\"og:type\" content=\"article\" \/>\n<meta property=\"og:title\" content=\"Coussins ext\u00e9rieur - Helloschool\" \/>\n<meta property=\"og:description\" content=\"Confort et durabilit\u00e9 avec nos coussins d\u2019ext\u00e9rieur d\u00e9perlants !  Cr\u00e9ez un espace ext\u00e9rieur \u00e9l\u00e9gant et confortable gr\u00e2ce \u00e0 nos coussins r\u00e9sistants \u00e0 l\u2019eau. Con\u00e7us sp\u00e9cialement pour r\u00e9sister \u00e0 l\u2019humidit\u00e9 et \u00e0 la pluie, ils restent frais et secs, m\u00eame apr\u00e8s une averse. De plus, ces coussins sont recyclables, ce qui en fait une solution respectueuse de l\u2019environnement. Parfaits pour les cours d\u2019\u00e9cole, les classes en plein air, les terrasses ou les aires de jeux. Alliez confort, durabilit\u00e9 et avenir plus vert avec nos coussins d\u2019ext\u00e9rieur d\u00e9perlants !\" \/>\n<meta property=\"og:url\" content=\"https:\/\/helloschool.be\/product\/buitenkussen\/\" \/>\n<meta property=\"og:site_name\" content=\"Helloschool\" \/>\n<meta property=\"article:modified_time\" content=\"2025-05-08T07:50:42+00:00\" \/>\n<meta name=\"twitter:card\" content=\"summary_large_image\" \/>\n<script type=\"application\/ld+json\" class=\"yoast-schema-graph\">{\"@context\":\"https:\/\/schema.org\",\"@graph\":[{\"@type\":\"WebPage\",\"@id\":\"https:\/\/helloschool.be\/product\/buitenkussen\/\",\"url\":\"https:\/\/helloschool.be\/product\/buitenkussen\/\",\"name\":\"Coussins ext\u00e9rieur - Helloschool\",\"isPartOf\":{\"@id\":\"https:\/\/helloschool.be\/#website\"},\"datePublished\":\"2025-04-03T12:56:17+00:00\",\"dateModified\":\"2025-05-08T07:50:42+00:00\",\"breadcrumb\":{\"@id\":\"https:\/\/helloschool.be\/product\/buitenkussen\/#breadcrumb\"},\"inLanguage\":\"fr-FR\",\"potentialAction\":[{\"@type\":\"ReadAction\",\"target\":[\"https:\/\/helloschool.be\/product\/buitenkussen\/\"]}]},{\"@type\":\"BreadcrumbList\",\"@id\":\"https:\/\/helloschool.be\/product\/buitenkussen\/#breadcrumb\",\"itemListElement\":[{\"@type\":\"ListItem\",\"position\":1,\"name\":\"Home\",\"item\":\"https:\/\/helloschool.be\/fr\/\"},{\"@type\":\"ListItem\",\"position\":2,\"name\":\"Produits\",\"item\":\"https:\/\/helloschool.be\/producten\/\"},{\"@type\":\"ListItem\",\"position\":3,\"name\":\"Coussins ext\u00e9rieur\"}]},{\"@type\":\"WebSite\",\"@id\":\"https:\/\/helloschool.be\/#website\",\"url\":\"https:\/\/helloschool.be\/\",\"name\":\"Helloschool\",\"description\":\"Concentrez-vous sur l\u2019enseignement, nous nous occupons du reste.\",\"potentialAction\":[{\"@type\":\"SearchAction\",\"target\":{\"@type\":\"EntryPoint\",\"urlTemplate\":\"https:\/\/helloschool.be\/?s={search_term_string}\"},\"query-input\":{\"@type\":\"PropertyValueSpecification\",\"valueRequired\":true,\"valueName\":\"search_term_string\"}}],\"inLanguage\":\"fr-FR\"}]}<\/script>\n<!-- \/ Yoast SEO plugin. -->","yoast_head_json":{"title":"Coussins ext\u00e9rieur - Helloschool","robots":{"index":"index","follow":"follow","max-snippet":"max-snippet:-1","max-image-preview":"max-image-preview:large","max-video-preview":"max-video-preview:-1"},"canonical":"https:\/\/helloschool.be\/product\/buitenkussen\/","og_locale":"fr_FR","og_type":"article","og_title":"Coussins ext\u00e9rieur - Helloschool","og_description":"Confort et durabilit\u00e9 avec nos coussins d\u2019ext\u00e9rieur d\u00e9perlants !  Cr\u00e9ez un espace ext\u00e9rieur \u00e9l\u00e9gant et confortable gr\u00e2ce \u00e0 nos coussins r\u00e9sistants \u00e0 l\u2019eau. Con\u00e7us sp\u00e9cialement pour r\u00e9sister \u00e0 l\u2019humidit\u00e9 et \u00e0 la pluie, ils restent frais et secs, m\u00eame apr\u00e8s une averse. De plus, ces coussins sont recyclables, ce qui en fait une solution respectueuse de l\u2019environnement. Parfaits pour les cours d\u2019\u00e9cole, les classes en plein air, les terrasses ou les aires de jeux. Alliez confort, durabilit\u00e9 et avenir plus vert avec nos coussins d\u2019ext\u00e9rieur d\u00e9perlants !","og_url":"https:\/\/helloschool.be\/product\/buitenkussen\/","og_site_name":"Helloschool","article_modified_time":"2025-05-08T07:50:42+00:00","twitter_card":"summary_large_image","schema":{"@context":"https:\/\/schema.org","@graph":[{"@type":"WebPage","@id":"https:\/\/helloschool.be\/product\/buitenkussen\/","url":"https:\/\/helloschool.be\/product\/buitenkussen\/","name":"Coussins ext\u00e9rieur - Helloschool","isPartOf":{"@id":"https:\/\/helloschool.be\/#website"},"datePublished":"2025-04-03T12:56:17+00:00","dateModified":"2025-05-08T07:50:42+00:00","breadcrumb":{"@id":"https:\/\/helloschool.be\/product\/buitenkussen\/#breadcrumb"},"inLanguage":"fr-FR","potentialAction":[{"@type":"ReadAction","target":["https:\/\/helloschool.be\/product\/buitenkussen\/"]}]},{"@type":"BreadcrumbList","@id":"https:\/\/helloschool.be\/product\/buitenkussen\/#breadcrumb","itemListElement":[{"@type":"ListItem","position":1,"name":"Home","item":"https:\/\/helloschool.be\/fr\/"},{"@type":"ListItem","position":2,"name":"Produits","item":"https:\/\/helloschool.be\/producten\/"},{"@type":"ListItem","position":3,"name":"Coussins ext\u00e9rieur"}]},{"@type":"WebSite","@id":"https:\/\/helloschool.be\/#website","url":"https:\/\/helloschool.be\/","name":"Helloschool","description":"Concentrez-vous sur l\u2019enseignement, nous nous occupons du reste.","potentialAction":[{"@type":"SearchAction","target":{"@type":"EntryPoint","urlTemplate":"https:\/\/helloschool.be\/?s={search_term_string}"},"query-input":{"@type":"PropertyValueSpecification","valueRequired":true,"valueName":"search_term_string"}}],"inLanguage":"fr-FR"}]}},"_links":{"self":[{"href":"https:\/\/helloschool.be\/fr\/wp-json\/wp\/v2\/product\/19962","targetHints":{"allow":["GET"]}}],"collection":[{"href":"https:\/\/helloschool.be\/fr\/wp-json\/wp\/v2\/product"}],"about":[{"href":"https:\/\/helloschool.be\/fr\/wp-json\/wp\/v2\/types\/product"}],"version-history":[{"count":1,"href":"https:\/\/helloschool.be\/fr\/wp-json\/wp\/v2\/product\/19962\/revisions"}],"predecessor-version":[{"id":19978,"href":"https:\/\/helloschool.be\/fr\/wp-json\/wp\/v2\/product\/19962\/revisions\/19978"}],"wp:attachment":[{"href":"https:\/\/helloschool.be\/fr\/wp-json\/wp\/v2\/media?parent=19962"}],"wp:term":[{"taxonomy":"product_brand","embeddable":true,"href":"https:\/\/helloschool.be\/fr\/wp-json\/wp\/v2\/product_brand?post=19962"},{"taxonomy":"product_cat","embeddable":true,"href":"https:\/\/helloschool.be\/fr\/wp-json\/wp\/v2\/product_cat?post=19962"},{"taxonomy":"product_tag","embeddable":true,"href":"https:\/\/helloschool.be\/fr\/wp-json\/wp\/v2\/product_tag?post=19962"}],"curies":[{"name":"wp","href":"https:\/\/api.w.org\/{rel}","templated":true}]}}