{"id":19964,"date":"2025-04-03T12:56:30","date_gmt":"2025-04-03T12:56:30","guid":{"rendered":"https:\/\/helloschool.be\/product\/pouf\/"},"modified":"2025-05-08T07:50:21","modified_gmt":"2025-05-08T07:50:21","slug":"pouf","status":"publish","type":"product","link":"https:\/\/helloschool.be\/fr\/product\/pouf\/","title":{"rendered":"Pouf"},"content":{"rendered":"","protected":false},"excerpt":{"rendered":"<p><strong>Cr\u00e9ez un espace d\u2019apprentissage et de jeu chaleureux avec nos poufs confortables !<\/strong><\/p>\n<p>Apportez d\u00e9tente et plaisir dans votre \u00e9cole ou biblioth\u00e8que gr\u00e2ce \u00e0 nos poufs moelleux et ergonomiques.<br \/>\nParfaits pour les coins lecture, les aires de jeux ou les espaces de repos o\u00f9 les \u00e9l\u00e8ves peuvent se d\u00e9tendre et se ressourcer.<br \/>\nDisponibles en plusieurs couleurs et mod\u00e8les, ils s\u2019int\u00e8grent harmonieusement \u00e0 l\u2019ambiance de votre salle de classe ou espace ludique.<br \/>\nCes assises tendance sont l\u00e9g\u00e8res, faciles \u00e0 d\u00e9placer et simples \u00e0 nettoyer.<br \/>\nAjoutez du confort, de la couleur et une touche conviviale \u00e0 votre environnement \u00e9ducatif avec nos poufs polyvalents !<\/p>\n","protected":false},"featured_media":0,"template":"","meta":{"_acf_changed":false,"brand_hub_restriction":[],"brand_hub_id":null},"product_brand":[],"product_cat":[124,113],"product_tag":[],"class_list":{"0":"post-19964","1":"product","2":"type-product","3":"status-publish","5":"product_cat-a-lecole","6":"product_cat-exterieur-fr","8":"first","9":"instock","10":"taxable","11":"shipping-taxable","12":"purchasable","13":"product-type-simple"},"acf":[],"yoast_head":"<!-- This site is optimized with the Yoast SEO plugin v26.7 - https:\/\/yoast.com\/wordpress\/plugins\/seo\/ -->\n<title>Pouf - Helloschool<\/title>\n<meta name=\"robots\" content=\"index, follow, max-snippet:-1, max-image-preview:large, max-video-preview:-1\" \/>\n<link rel=\"canonical\" href=\"https:\/\/helloschool.be\/product\/zitzak\/\" \/>\n<meta property=\"og:locale\" content=\"fr_FR\" \/>\n<meta property=\"og:type\" content=\"article\" \/>\n<meta property=\"og:title\" content=\"Pouf - Helloschool\" \/>\n<meta property=\"og:description\" content=\"Cr\u00e9ez un espace d\u2019apprentissage et de jeu chaleureux avec nos poufs confortables !  Apportez d\u00e9tente et plaisir dans votre \u00e9cole ou biblioth\u00e8que gr\u00e2ce \u00e0 nos poufs moelleux et ergonomiques. Parfaits pour les coins lecture, les aires de jeux ou les espaces de repos o\u00f9 les \u00e9l\u00e8ves peuvent se d\u00e9tendre et se ressourcer. Disponibles en plusieurs couleurs et mod\u00e8les, ils s\u2019int\u00e8grent harmonieusement \u00e0 l\u2019ambiance de votre salle de classe ou espace ludique. Ces assises tendance sont l\u00e9g\u00e8res, faciles \u00e0 d\u00e9placer et simples \u00e0 nettoyer. Ajoutez du confort, de la couleur et une touche conviviale \u00e0 votre environnement \u00e9ducatif avec nos poufs polyvalents !\" \/>\n<meta property=\"og:url\" content=\"https:\/\/helloschool.be\/product\/zitzak\/\" \/>\n<meta property=\"og:site_name\" content=\"Helloschool\" \/>\n<meta property=\"article:modified_time\" content=\"2025-05-08T07:50:21+00:00\" \/>\n<meta name=\"twitter:card\" content=\"summary_large_image\" \/>\n<script type=\"application\/ld+json\" class=\"yoast-schema-graph\">{\"@context\":\"https:\/\/schema.org\",\"@graph\":[{\"@type\":\"WebPage\",\"@id\":\"https:\/\/helloschool.be\/product\/zitzak\/\",\"url\":\"https:\/\/helloschool.be\/product\/zitzak\/\",\"name\":\"Pouf - Helloschool\",\"isPartOf\":{\"@id\":\"https:\/\/helloschool.be\/#website\"},\"datePublished\":\"2025-04-03T12:56:30+00:00\",\"dateModified\":\"2025-05-08T07:50:21+00:00\",\"breadcrumb\":{\"@id\":\"https:\/\/helloschool.be\/product\/zitzak\/#breadcrumb\"},\"inLanguage\":\"fr-FR\",\"potentialAction\":[{\"@type\":\"ReadAction\",\"target\":[\"https:\/\/helloschool.be\/product\/zitzak\/\"]}]},{\"@type\":\"BreadcrumbList\",\"@id\":\"https:\/\/helloschool.be\/product\/zitzak\/#breadcrumb\",\"itemListElement\":[{\"@type\":\"ListItem\",\"position\":1,\"name\":\"Home\",\"item\":\"https:\/\/helloschool.be\/fr\/\"},{\"@type\":\"ListItem\",\"position\":2,\"name\":\"Produits\",\"item\":\"https:\/\/helloschool.be\/producten\/\"},{\"@type\":\"ListItem\",\"position\":3,\"name\":\"Pouf\"}]},{\"@type\":\"WebSite\",\"@id\":\"https:\/\/helloschool.be\/#website\",\"url\":\"https:\/\/helloschool.be\/\",\"name\":\"Helloschool\",\"description\":\"Concentrez-vous sur l\u2019enseignement, nous nous occupons du reste.\",\"potentialAction\":[{\"@type\":\"SearchAction\",\"target\":{\"@type\":\"EntryPoint\",\"urlTemplate\":\"https:\/\/helloschool.be\/?s={search_term_string}\"},\"query-input\":{\"@type\":\"PropertyValueSpecification\",\"valueRequired\":true,\"valueName\":\"search_term_string\"}}],\"inLanguage\":\"fr-FR\"}]}<\/script>\n<!-- \/ Yoast SEO plugin. -->","yoast_head_json":{"title":"Pouf - Helloschool","robots":{"index":"index","follow":"follow","max-snippet":"max-snippet:-1","max-image-preview":"max-image-preview:large","max-video-preview":"max-video-preview:-1"},"canonical":"https:\/\/helloschool.be\/product\/zitzak\/","og_locale":"fr_FR","og_type":"article","og_title":"Pouf - Helloschool","og_description":"Cr\u00e9ez un espace d\u2019apprentissage et de jeu chaleureux avec nos poufs confortables !  Apportez d\u00e9tente et plaisir dans votre \u00e9cole ou biblioth\u00e8que gr\u00e2ce \u00e0 nos poufs moelleux et ergonomiques. Parfaits pour les coins lecture, les aires de jeux ou les espaces de repos o\u00f9 les \u00e9l\u00e8ves peuvent se d\u00e9tendre et se ressourcer. Disponibles en plusieurs couleurs et mod\u00e8les, ils s\u2019int\u00e8grent harmonieusement \u00e0 l\u2019ambiance de votre salle de classe ou espace ludique. Ces assises tendance sont l\u00e9g\u00e8res, faciles \u00e0 d\u00e9placer et simples \u00e0 nettoyer. Ajoutez du confort, de la couleur et une touche conviviale \u00e0 votre environnement \u00e9ducatif avec nos poufs polyvalents !","og_url":"https:\/\/helloschool.be\/product\/zitzak\/","og_site_name":"Helloschool","article_modified_time":"2025-05-08T07:50:21+00:00","twitter_card":"summary_large_image","schema":{"@context":"https:\/\/schema.org","@graph":[{"@type":"WebPage","@id":"https:\/\/helloschool.be\/product\/zitzak\/","url":"https:\/\/helloschool.be\/product\/zitzak\/","name":"Pouf - Helloschool","isPartOf":{"@id":"https:\/\/helloschool.be\/#website"},"datePublished":"2025-04-03T12:56:30+00:00","dateModified":"2025-05-08T07:50:21+00:00","breadcrumb":{"@id":"https:\/\/helloschool.be\/product\/zitzak\/#breadcrumb"},"inLanguage":"fr-FR","potentialAction":[{"@type":"ReadAction","target":["https:\/\/helloschool.be\/product\/zitzak\/"]}]},{"@type":"BreadcrumbList","@id":"https:\/\/helloschool.be\/product\/zitzak\/#breadcrumb","itemListElement":[{"@type":"ListItem","position":1,"name":"Home","item":"https:\/\/helloschool.be\/fr\/"},{"@type":"ListItem","position":2,"name":"Produits","item":"https:\/\/helloschool.be\/producten\/"},{"@type":"ListItem","position":3,"name":"Pouf"}]},{"@type":"WebSite","@id":"https:\/\/helloschool.be\/#website","url":"https:\/\/helloschool.be\/","name":"Helloschool","description":"Concentrez-vous sur l\u2019enseignement, nous nous occupons du reste.","potentialAction":[{"@type":"SearchAction","target":{"@type":"EntryPoint","urlTemplate":"https:\/\/helloschool.be\/?s={search_term_string}"},"query-input":{"@type":"PropertyValueSpecification","valueRequired":true,"valueName":"search_term_string"}}],"inLanguage":"fr-FR"}]}},"_links":{"self":[{"href":"https:\/\/helloschool.be\/fr\/wp-json\/wp\/v2\/product\/19964","targetHints":{"allow":["GET"]}}],"collection":[{"href":"https:\/\/helloschool.be\/fr\/wp-json\/wp\/v2\/product"}],"about":[{"href":"https:\/\/helloschool.be\/fr\/wp-json\/wp\/v2\/types\/product"}],"version-history":[{"count":1,"href":"https:\/\/helloschool.be\/fr\/wp-json\/wp\/v2\/product\/19964\/revisions"}],"predecessor-version":[{"id":19975,"href":"https:\/\/helloschool.be\/fr\/wp-json\/wp\/v2\/product\/19964\/revisions\/19975"}],"wp:attachment":[{"href":"https:\/\/helloschool.be\/fr\/wp-json\/wp\/v2\/media?parent=19964"}],"wp:term":[{"taxonomy":"product_brand","embeddable":true,"href":"https:\/\/helloschool.be\/fr\/wp-json\/wp\/v2\/product_brand?post=19964"},{"taxonomy":"product_cat","embeddable":true,"href":"https:\/\/helloschool.be\/fr\/wp-json\/wp\/v2\/product_cat?post=19964"},{"taxonomy":"product_tag","embeddable":true,"href":"https:\/\/helloschool.be\/fr\/wp-json\/wp\/v2\/product_tag?post=19964"}],"curies":[{"name":"wp","href":"https:\/\/api.w.org\/{rel}","templated":true}]}}