{"id":19966,"date":"2025-04-03T12:56:40","date_gmt":"2025-04-03T12:56:40","guid":{"rendered":"https:\/\/helloschool.be\/product\/parasol\/"},"modified":"2025-05-08T07:50:11","modified_gmt":"2025-05-08T07:50:11","slug":"parasol","status":"publish","type":"product","link":"https:\/\/helloschool.be\/fr\/product\/parasol\/","title":{"rendered":"Parasol"},"content":{"rendered":"","protected":false},"excerpt":{"rendered":"<p><strong>Prot\u00e9gez vos \u00e9l\u00e8ves et visiteurs avec nos parasols r\u00e9sistants aux intemp\u00e9ries !<\/strong><\/p>\n<p>Nos parasols d\u00e9perlants offrent une ombre parfaite lors des journ\u00e9es ensoleill\u00e9es et une protection efficace contre les averses impr\u00e9vues, ce qui les rend id\u00e9aux pour les cours d\u2019\u00e9cole, terrains de sport ou cours en plein air.<br \/>\nDurables et con\u00e7us pour r\u00e9sister \u00e0 diff\u00e9rentes conditions climatiques, ils garantissent un confort optimal en ext\u00e9rieur, quelle que soit la saison.<br \/>\nQue vous souhaitiez cr\u00e9er un coin d\u2019ombre paisible pour les \u00e9l\u00e8ves ou un espace abrit\u00e9 pour une activit\u00e9 en plein air, nos parasols sont la solution id\u00e9ale pour toute \u00e9cole ou \u00e9tablissement \u00e9ducatif.<\/p>\n","protected":false},"featured_media":0,"template":"","meta":{"_acf_changed":false,"brand_hub_restriction":[],"brand_hub_id":null},"product_brand":[],"product_cat":[124,113],"product_tag":[],"class_list":{"0":"post-19966","1":"product","2":"type-product","3":"status-publish","5":"product_cat-a-lecole","6":"product_cat-exterieur-fr","8":"first","9":"instock","10":"taxable","11":"shipping-taxable","12":"purchasable","13":"product-type-simple"},"acf":[],"yoast_head":"<!-- This site is optimized with the Yoast SEO plugin v26.7 - https:\/\/yoast.com\/wordpress\/plugins\/seo\/ -->\n<title>Parasol - Helloschool<\/title>\n<meta name=\"robots\" content=\"index, follow, max-snippet:-1, max-image-preview:large, max-video-preview:-1\" \/>\n<link rel=\"canonical\" href=\"https:\/\/helloschool.be\/fr\/product\/parasol\/\" \/>\n<meta property=\"og:locale\" content=\"fr_FR\" \/>\n<meta property=\"og:type\" content=\"article\" \/>\n<meta property=\"og:title\" content=\"Parasol - Helloschool\" \/>\n<meta property=\"og:description\" content=\"Prot\u00e9gez vos \u00e9l\u00e8ves et visiteurs avec nos parasols r\u00e9sistants aux intemp\u00e9ries !  Nos parasols d\u00e9perlants offrent une ombre parfaite lors des journ\u00e9es ensoleill\u00e9es et une protection efficace contre les averses impr\u00e9vues, ce qui les rend id\u00e9aux pour les cours d\u2019\u00e9cole, terrains de sport ou cours en plein air. Durables et con\u00e7us pour r\u00e9sister \u00e0 diff\u00e9rentes conditions climatiques, ils garantissent un confort optimal en ext\u00e9rieur, quelle que soit la saison. Que vous souhaitiez cr\u00e9er un coin d\u2019ombre paisible pour les \u00e9l\u00e8ves ou un espace abrit\u00e9 pour une activit\u00e9 en plein air, nos parasols sont la solution id\u00e9ale pour toute \u00e9cole ou \u00e9tablissement \u00e9ducatif.\" \/>\n<meta property=\"og:url\" content=\"https:\/\/helloschool.be\/fr\/product\/parasol\/\" \/>\n<meta property=\"og:site_name\" content=\"Helloschool\" \/>\n<meta property=\"article:modified_time\" content=\"2025-05-08T07:50:11+00:00\" \/>\n<meta name=\"twitter:card\" content=\"summary_large_image\" \/>\n<script type=\"application\/ld+json\" class=\"yoast-schema-graph\">{\"@context\":\"https:\/\/schema.org\",\"@graph\":[{\"@type\":\"WebPage\",\"@id\":\"https:\/\/helloschool.be\/fr\/product\/parasol\/\",\"url\":\"https:\/\/helloschool.be\/fr\/product\/parasol\/\",\"name\":\"Parasol - Helloschool\",\"isPartOf\":{\"@id\":\"https:\/\/helloschool.be\/#website\"},\"datePublished\":\"2025-04-03T12:56:40+00:00\",\"dateModified\":\"2025-05-08T07:50:11+00:00\",\"breadcrumb\":{\"@id\":\"https:\/\/helloschool.be\/fr\/product\/parasol\/#breadcrumb\"},\"inLanguage\":\"fr-FR\",\"potentialAction\":[{\"@type\":\"ReadAction\",\"target\":[\"https:\/\/helloschool.be\/fr\/product\/parasol\/\"]}]},{\"@type\":\"BreadcrumbList\",\"@id\":\"https:\/\/helloschool.be\/fr\/product\/parasol\/#breadcrumb\",\"itemListElement\":[{\"@type\":\"ListItem\",\"position\":1,\"name\":\"Home\",\"item\":\"https:\/\/helloschool.be\/fr\/\"},{\"@type\":\"ListItem\",\"position\":2,\"name\":\"Produits\",\"item\":\"https:\/\/helloschool.be\/producten\/\"},{\"@type\":\"ListItem\",\"position\":3,\"name\":\"Parasol\"}]},{\"@type\":\"WebSite\",\"@id\":\"https:\/\/helloschool.be\/#website\",\"url\":\"https:\/\/helloschool.be\/\",\"name\":\"Helloschool\",\"description\":\"Concentrez-vous sur l\u2019enseignement, nous nous occupons du reste.\",\"potentialAction\":[{\"@type\":\"SearchAction\",\"target\":{\"@type\":\"EntryPoint\",\"urlTemplate\":\"https:\/\/helloschool.be\/?s={search_term_string}\"},\"query-input\":{\"@type\":\"PropertyValueSpecification\",\"valueRequired\":true,\"valueName\":\"search_term_string\"}}],\"inLanguage\":\"fr-FR\"}]}<\/script>\n<!-- \/ Yoast SEO plugin. -->","yoast_head_json":{"title":"Parasol - Helloschool","robots":{"index":"index","follow":"follow","max-snippet":"max-snippet:-1","max-image-preview":"max-image-preview:large","max-video-preview":"max-video-preview:-1"},"canonical":"https:\/\/helloschool.be\/fr\/product\/parasol\/","og_locale":"fr_FR","og_type":"article","og_title":"Parasol - Helloschool","og_description":"Prot\u00e9gez vos \u00e9l\u00e8ves et visiteurs avec nos parasols r\u00e9sistants aux intemp\u00e9ries !  Nos parasols d\u00e9perlants offrent une ombre parfaite lors des journ\u00e9es ensoleill\u00e9es et une protection efficace contre les averses impr\u00e9vues, ce qui les rend id\u00e9aux pour les cours d\u2019\u00e9cole, terrains de sport ou cours en plein air. Durables et con\u00e7us pour r\u00e9sister \u00e0 diff\u00e9rentes conditions climatiques, ils garantissent un confort optimal en ext\u00e9rieur, quelle que soit la saison. Que vous souhaitiez cr\u00e9er un coin d\u2019ombre paisible pour les \u00e9l\u00e8ves ou un espace abrit\u00e9 pour une activit\u00e9 en plein air, nos parasols sont la solution id\u00e9ale pour toute \u00e9cole ou \u00e9tablissement \u00e9ducatif.","og_url":"https:\/\/helloschool.be\/fr\/product\/parasol\/","og_site_name":"Helloschool","article_modified_time":"2025-05-08T07:50:11+00:00","twitter_card":"summary_large_image","schema":{"@context":"https:\/\/schema.org","@graph":[{"@type":"WebPage","@id":"https:\/\/helloschool.be\/fr\/product\/parasol\/","url":"https:\/\/helloschool.be\/fr\/product\/parasol\/","name":"Parasol - Helloschool","isPartOf":{"@id":"https:\/\/helloschool.be\/#website"},"datePublished":"2025-04-03T12:56:40+00:00","dateModified":"2025-05-08T07:50:11+00:00","breadcrumb":{"@id":"https:\/\/helloschool.be\/fr\/product\/parasol\/#breadcrumb"},"inLanguage":"fr-FR","potentialAction":[{"@type":"ReadAction","target":["https:\/\/helloschool.be\/fr\/product\/parasol\/"]}]},{"@type":"BreadcrumbList","@id":"https:\/\/helloschool.be\/fr\/product\/parasol\/#breadcrumb","itemListElement":[{"@type":"ListItem","position":1,"name":"Home","item":"https:\/\/helloschool.be\/fr\/"},{"@type":"ListItem","position":2,"name":"Produits","item":"https:\/\/helloschool.be\/producten\/"},{"@type":"ListItem","position":3,"name":"Parasol"}]},{"@type":"WebSite","@id":"https:\/\/helloschool.be\/#website","url":"https:\/\/helloschool.be\/","name":"Helloschool","description":"Concentrez-vous sur l\u2019enseignement, nous nous occupons du reste.","potentialAction":[{"@type":"SearchAction","target":{"@type":"EntryPoint","urlTemplate":"https:\/\/helloschool.be\/?s={search_term_string}"},"query-input":{"@type":"PropertyValueSpecification","valueRequired":true,"valueName":"search_term_string"}}],"inLanguage":"fr-FR"}]}},"_links":{"self":[{"href":"https:\/\/helloschool.be\/fr\/wp-json\/wp\/v2\/product\/19966","targetHints":{"allow":["GET"]}}],"collection":[{"href":"https:\/\/helloschool.be\/fr\/wp-json\/wp\/v2\/product"}],"about":[{"href":"https:\/\/helloschool.be\/fr\/wp-json\/wp\/v2\/types\/product"}],"version-history":[{"count":1,"href":"https:\/\/helloschool.be\/fr\/wp-json\/wp\/v2\/product\/19966\/revisions"}],"predecessor-version":[{"id":19974,"href":"https:\/\/helloschool.be\/fr\/wp-json\/wp\/v2\/product\/19966\/revisions\/19974"}],"wp:attachment":[{"href":"https:\/\/helloschool.be\/fr\/wp-json\/wp\/v2\/media?parent=19966"}],"wp:term":[{"taxonomy":"product_brand","embeddable":true,"href":"https:\/\/helloschool.be\/fr\/wp-json\/wp\/v2\/product_brand?post=19966"},{"taxonomy":"product_cat","embeddable":true,"href":"https:\/\/helloschool.be\/fr\/wp-json\/wp\/v2\/product_cat?post=19966"},{"taxonomy":"product_tag","embeddable":true,"href":"https:\/\/helloschool.be\/fr\/wp-json\/wp\/v2\/product_tag?post=19966"}],"curies":[{"name":"wp","href":"https:\/\/api.w.org\/{rel}","templated":true}]}}