{"id":19970,"date":"2025-04-03T12:56:50","date_gmt":"2025-04-03T12:56:50","guid":{"rendered":"https:\/\/helloschool.be\/product\/autocollants-de-sol\/"},"modified":"2025-05-08T07:49:52","modified_gmt":"2025-05-08T07:49:52","slug":"autocollants-de-sol","status":"publish","type":"product","link":"https:\/\/helloschool.be\/fr\/product\/autocollants-de-sol\/","title":{"rendered":"Autocollants de sol"},"content":{"rendered":"","protected":false},"excerpt":{"rendered":"<p><strong>Donnez vie \u00e0 votre \u00e9cole avec nos autocollants de sol cr\u00e9atifs !<\/strong><\/p>\n<p>Apportez une touche ludique et \u00e9ducative aux couloirs, salles de classe et espaces communs.<br \/>\nNos autocollants de sol durables transforment les sols en environnements d\u2019apprentissage interactifs ou en parcours joyeux.<br \/>\nQu\u2019il s\u2019agisse de jeux \u00e9ducatifs, de circuits de motricit\u00e9 ou de messages inspirants, leurs designs accrocheurs attirent imm\u00e9diatement l\u2019attention des \u00e9l\u00e8ves, des parents et du personnel.<br \/>\nCr\u00e9ez ainsi une atmosph\u00e8re stimulante et accueillante dans toute l\u2019\u00e9cole !<\/p>\n","protected":false},"featured_media":0,"template":"","meta":{"_acf_changed":false,"brand_hub_restriction":[],"brand_hub_id":null},"product_brand":[],"product_cat":[124,113,112],"product_tag":[],"class_list":{"0":"post-19970","1":"product","2":"type-product","3":"status-publish","5":"product_cat-a-lecole","6":"product_cat-exterieur-fr","7":"product_cat-interieur-fr","9":"first","10":"instock","11":"taxable","12":"shipping-taxable","13":"purchasable","14":"product-type-simple"},"acf":[],"yoast_head":"<!-- This site is optimized with the Yoast SEO plugin v26.7 - https:\/\/yoast.com\/wordpress\/plugins\/seo\/ -->\n<title>Autocollants de sol - Helloschool<\/title>\n<meta name=\"robots\" content=\"index, follow, max-snippet:-1, max-image-preview:large, max-video-preview:-1\" \/>\n<link rel=\"canonical\" href=\"https:\/\/helloschool.be\/product\/vloerstickers\/\" \/>\n<meta property=\"og:locale\" content=\"fr_FR\" \/>\n<meta property=\"og:type\" content=\"article\" \/>\n<meta property=\"og:title\" content=\"Autocollants de sol - Helloschool\" \/>\n<meta property=\"og:description\" content=\"Donnez vie \u00e0 votre \u00e9cole avec nos autocollants de sol cr\u00e9atifs !  Apportez une touche ludique et \u00e9ducative aux couloirs, salles de classe et espaces communs. Nos autocollants de sol durables transforment les sols en environnements d\u2019apprentissage interactifs ou en parcours joyeux. Qu\u2019il s\u2019agisse de jeux \u00e9ducatifs, de circuits de motricit\u00e9 ou de messages inspirants, leurs designs accrocheurs attirent imm\u00e9diatement l\u2019attention des \u00e9l\u00e8ves, des parents et du personnel. Cr\u00e9ez ainsi une atmosph\u00e8re stimulante et accueillante dans toute l\u2019\u00e9cole !\" \/>\n<meta property=\"og:url\" content=\"https:\/\/helloschool.be\/product\/vloerstickers\/\" \/>\n<meta property=\"og:site_name\" content=\"Helloschool\" \/>\n<meta property=\"article:modified_time\" content=\"2025-05-08T07:49:52+00:00\" \/>\n<meta name=\"twitter:card\" content=\"summary_large_image\" \/>\n<script type=\"application\/ld+json\" class=\"yoast-schema-graph\">{\"@context\":\"https:\/\/schema.org\",\"@graph\":[{\"@type\":\"WebPage\",\"@id\":\"https:\/\/helloschool.be\/product\/vloerstickers\/\",\"url\":\"https:\/\/helloschool.be\/product\/vloerstickers\/\",\"name\":\"Autocollants de sol - Helloschool\",\"isPartOf\":{\"@id\":\"https:\/\/helloschool.be\/#website\"},\"datePublished\":\"2025-04-03T12:56:50+00:00\",\"dateModified\":\"2025-05-08T07:49:52+00:00\",\"breadcrumb\":{\"@id\":\"https:\/\/helloschool.be\/product\/vloerstickers\/#breadcrumb\"},\"inLanguage\":\"fr-FR\",\"potentialAction\":[{\"@type\":\"ReadAction\",\"target\":[\"https:\/\/helloschool.be\/product\/vloerstickers\/\"]}]},{\"@type\":\"BreadcrumbList\",\"@id\":\"https:\/\/helloschool.be\/product\/vloerstickers\/#breadcrumb\",\"itemListElement\":[{\"@type\":\"ListItem\",\"position\":1,\"name\":\"Home\",\"item\":\"https:\/\/helloschool.be\/fr\/\"},{\"@type\":\"ListItem\",\"position\":2,\"name\":\"Produits\",\"item\":\"https:\/\/helloschool.be\/producten\/\"},{\"@type\":\"ListItem\",\"position\":3,\"name\":\"Autocollants de sol\"}]},{\"@type\":\"WebSite\",\"@id\":\"https:\/\/helloschool.be\/#website\",\"url\":\"https:\/\/helloschool.be\/\",\"name\":\"Helloschool\",\"description\":\"Concentrez-vous sur l\u2019enseignement, nous nous occupons du reste.\",\"potentialAction\":[{\"@type\":\"SearchAction\",\"target\":{\"@type\":\"EntryPoint\",\"urlTemplate\":\"https:\/\/helloschool.be\/?s={search_term_string}\"},\"query-input\":{\"@type\":\"PropertyValueSpecification\",\"valueRequired\":true,\"valueName\":\"search_term_string\"}}],\"inLanguage\":\"fr-FR\"}]}<\/script>\n<!-- \/ Yoast SEO plugin. -->","yoast_head_json":{"title":"Autocollants de sol - Helloschool","robots":{"index":"index","follow":"follow","max-snippet":"max-snippet:-1","max-image-preview":"max-image-preview:large","max-video-preview":"max-video-preview:-1"},"canonical":"https:\/\/helloschool.be\/product\/vloerstickers\/","og_locale":"fr_FR","og_type":"article","og_title":"Autocollants de sol - Helloschool","og_description":"Donnez vie \u00e0 votre \u00e9cole avec nos autocollants de sol cr\u00e9atifs !  Apportez une touche ludique et \u00e9ducative aux couloirs, salles de classe et espaces communs. Nos autocollants de sol durables transforment les sols en environnements d\u2019apprentissage interactifs ou en parcours joyeux. Qu\u2019il s\u2019agisse de jeux \u00e9ducatifs, de circuits de motricit\u00e9 ou de messages inspirants, leurs designs accrocheurs attirent imm\u00e9diatement l\u2019attention des \u00e9l\u00e8ves, des parents et du personnel. Cr\u00e9ez ainsi une atmosph\u00e8re stimulante et accueillante dans toute l\u2019\u00e9cole !","og_url":"https:\/\/helloschool.be\/product\/vloerstickers\/","og_site_name":"Helloschool","article_modified_time":"2025-05-08T07:49:52+00:00","twitter_card":"summary_large_image","schema":{"@context":"https:\/\/schema.org","@graph":[{"@type":"WebPage","@id":"https:\/\/helloschool.be\/product\/vloerstickers\/","url":"https:\/\/helloschool.be\/product\/vloerstickers\/","name":"Autocollants de sol - Helloschool","isPartOf":{"@id":"https:\/\/helloschool.be\/#website"},"datePublished":"2025-04-03T12:56:50+00:00","dateModified":"2025-05-08T07:49:52+00:00","breadcrumb":{"@id":"https:\/\/helloschool.be\/product\/vloerstickers\/#breadcrumb"},"inLanguage":"fr-FR","potentialAction":[{"@type":"ReadAction","target":["https:\/\/helloschool.be\/product\/vloerstickers\/"]}]},{"@type":"BreadcrumbList","@id":"https:\/\/helloschool.be\/product\/vloerstickers\/#breadcrumb","itemListElement":[{"@type":"ListItem","position":1,"name":"Home","item":"https:\/\/helloschool.be\/fr\/"},{"@type":"ListItem","position":2,"name":"Produits","item":"https:\/\/helloschool.be\/producten\/"},{"@type":"ListItem","position":3,"name":"Autocollants de sol"}]},{"@type":"WebSite","@id":"https:\/\/helloschool.be\/#website","url":"https:\/\/helloschool.be\/","name":"Helloschool","description":"Concentrez-vous sur l\u2019enseignement, nous nous occupons du reste.","potentialAction":[{"@type":"SearchAction","target":{"@type":"EntryPoint","urlTemplate":"https:\/\/helloschool.be\/?s={search_term_string}"},"query-input":{"@type":"PropertyValueSpecification","valueRequired":true,"valueName":"search_term_string"}}],"inLanguage":"fr-FR"}]}},"_links":{"self":[{"href":"https:\/\/helloschool.be\/fr\/wp-json\/wp\/v2\/product\/19970","targetHints":{"allow":["GET"]}}],"collection":[{"href":"https:\/\/helloschool.be\/fr\/wp-json\/wp\/v2\/product"}],"about":[{"href":"https:\/\/helloschool.be\/fr\/wp-json\/wp\/v2\/types\/product"}],"version-history":[{"count":1,"href":"https:\/\/helloschool.be\/fr\/wp-json\/wp\/v2\/product\/19970\/revisions"}],"predecessor-version":[{"id":19971,"href":"https:\/\/helloschool.be\/fr\/wp-json\/wp\/v2\/product\/19970\/revisions\/19971"}],"wp:attachment":[{"href":"https:\/\/helloschool.be\/fr\/wp-json\/wp\/v2\/media?parent=19970"}],"wp:term":[{"taxonomy":"product_brand","embeddable":true,"href":"https:\/\/helloschool.be\/fr\/wp-json\/wp\/v2\/product_brand?post=19970"},{"taxonomy":"product_cat","embeddable":true,"href":"https:\/\/helloschool.be\/fr\/wp-json\/wp\/v2\/product_cat?post=19970"},{"taxonomy":"product_tag","embeddable":true,"href":"https:\/\/helloschool.be\/fr\/wp-json\/wp\/v2\/product_tag?post=19970"}],"curies":[{"name":"wp","href":"https:\/\/api.w.org\/{rel}","templated":true}]}}