{"id":19987,"date":"2025-04-03T13:02:38","date_gmt":"2025-04-03T13:02:38","guid":{"rendered":"https:\/\/helloschool.be\/product\/panneaux-acousticpro\/"},"modified":"2025-05-15T10:23:04","modified_gmt":"2025-05-15T10:23:04","slug":"panneaux-acousticpro","status":"publish","type":"product","link":"https:\/\/helloschool.be\/fr\/product\/panneaux-acousticpro\/","title":{"rendered":"Panneaux acoustique"},"content":{"rendered":"","protected":false},"excerpt":{"rendered":"<p><strong>Am\u00e9liorez l\u2019acoustique de votre espace avec nos panneaux AcousticPro !<\/strong><\/p>\n<p>Nos panneaux AcousticPro sont parfaits pour am\u00e9liorer la qualit\u00e9 sonore dans les salles de classe, salles de r\u00e9union et autres environnements \u00e9ducatifs.<br \/>\nIls absorbent le son et r\u00e9duisent la r\u00e9verb\u00e9ration, cr\u00e9ant ainsi un environnement calme et confortable o\u00f9 les \u00e9l\u00e8ves peuvent mieux se concentrer.<br \/>\n\u00c0 la fois \u00e9l\u00e9gants et efficaces, ces panneaux contribuent \u00e0 une exp\u00e9rience acoustique optimale, tant dans les petits que dans les grands espaces.<br \/>\nOffrez un cadre d\u2019apprentissage agr\u00e9able et fonctionnel gr\u00e2ce au pouvoir absorbant des panneaux AcousticPro !<\/p>\n","protected":false},"featured_media":0,"template":"","meta":{"_acf_changed":false,"brand_hub_restriction":[],"brand_hub_id":null},"product_brand":[],"product_cat":[112],"product_tag":[],"class_list":{"0":"post-19987","1":"product","2":"type-product","3":"status-publish","5":"product_cat-interieur-fr","7":"first","8":"instock","9":"taxable","10":"shipping-taxable","11":"purchasable","12":"product-type-simple"},"acf":[],"yoast_head":"<!-- This site is optimized with the Yoast SEO plugin v26.7 - https:\/\/yoast.com\/wordpress\/plugins\/seo\/ -->\n<title>Panneaux acoustique - Helloschool<\/title>\n<meta name=\"robots\" content=\"index, follow, max-snippet:-1, max-image-preview:large, max-video-preview:-1\" \/>\n<link rel=\"canonical\" href=\"https:\/\/helloschool.be\/product\/akoestische-panelen\/\" \/>\n<meta property=\"og:locale\" content=\"fr_FR\" \/>\n<meta property=\"og:type\" content=\"article\" \/>\n<meta property=\"og:title\" content=\"Panneaux acoustique - Helloschool\" \/>\n<meta property=\"og:description\" content=\"Am\u00e9liorez l\u2019acoustique de votre espace avec nos panneaux AcousticPro !  Nos panneaux AcousticPro sont parfaits pour am\u00e9liorer la qualit\u00e9 sonore dans les salles de classe, salles de r\u00e9union et autres environnements \u00e9ducatifs. Ils absorbent le son et r\u00e9duisent la r\u00e9verb\u00e9ration, cr\u00e9ant ainsi un environnement calme et confortable o\u00f9 les \u00e9l\u00e8ves peuvent mieux se concentrer. \u00c0 la fois \u00e9l\u00e9gants et efficaces, ces panneaux contribuent \u00e0 une exp\u00e9rience acoustique optimale, tant dans les petits que dans les grands espaces. Offrez un cadre d\u2019apprentissage agr\u00e9able et fonctionnel gr\u00e2ce au pouvoir absorbant des panneaux AcousticPro !\" \/>\n<meta property=\"og:url\" content=\"https:\/\/helloschool.be\/product\/akoestische-panelen\/\" \/>\n<meta property=\"og:site_name\" content=\"Helloschool\" \/>\n<meta property=\"article:modified_time\" content=\"2025-05-15T10:23:04+00:00\" \/>\n<meta name=\"twitter:card\" content=\"summary_large_image\" \/>\n<script type=\"application\/ld+json\" class=\"yoast-schema-graph\">{\"@context\":\"https:\/\/schema.org\",\"@graph\":[{\"@type\":\"WebPage\",\"@id\":\"https:\/\/helloschool.be\/product\/akoestische-panelen\/\",\"url\":\"https:\/\/helloschool.be\/product\/akoestische-panelen\/\",\"name\":\"Panneaux acoustique - Helloschool\",\"isPartOf\":{\"@id\":\"https:\/\/helloschool.be\/#website\"},\"datePublished\":\"2025-04-03T13:02:38+00:00\",\"dateModified\":\"2025-05-15T10:23:04+00:00\",\"breadcrumb\":{\"@id\":\"https:\/\/helloschool.be\/product\/akoestische-panelen\/#breadcrumb\"},\"inLanguage\":\"fr-FR\",\"potentialAction\":[{\"@type\":\"ReadAction\",\"target\":[\"https:\/\/helloschool.be\/product\/akoestische-panelen\/\"]}]},{\"@type\":\"BreadcrumbList\",\"@id\":\"https:\/\/helloschool.be\/product\/akoestische-panelen\/#breadcrumb\",\"itemListElement\":[{\"@type\":\"ListItem\",\"position\":1,\"name\":\"Home\",\"item\":\"https:\/\/helloschool.be\/fr\/\"},{\"@type\":\"ListItem\",\"position\":2,\"name\":\"Produits\",\"item\":\"https:\/\/helloschool.be\/producten\/\"},{\"@type\":\"ListItem\",\"position\":3,\"name\":\"Panneaux acoustique\"}]},{\"@type\":\"WebSite\",\"@id\":\"https:\/\/helloschool.be\/#website\",\"url\":\"https:\/\/helloschool.be\/\",\"name\":\"Helloschool\",\"description\":\"Concentrez-vous sur l\u2019enseignement, nous nous occupons du reste.\",\"potentialAction\":[{\"@type\":\"SearchAction\",\"target\":{\"@type\":\"EntryPoint\",\"urlTemplate\":\"https:\/\/helloschool.be\/?s={search_term_string}\"},\"query-input\":{\"@type\":\"PropertyValueSpecification\",\"valueRequired\":true,\"valueName\":\"search_term_string\"}}],\"inLanguage\":\"fr-FR\"}]}<\/script>\n<!-- \/ Yoast SEO plugin. -->","yoast_head_json":{"title":"Panneaux acoustique - Helloschool","robots":{"index":"index","follow":"follow","max-snippet":"max-snippet:-1","max-image-preview":"max-image-preview:large","max-video-preview":"max-video-preview:-1"},"canonical":"https:\/\/helloschool.be\/product\/akoestische-panelen\/","og_locale":"fr_FR","og_type":"article","og_title":"Panneaux acoustique - Helloschool","og_description":"Am\u00e9liorez l\u2019acoustique de votre espace avec nos panneaux AcousticPro !  Nos panneaux AcousticPro sont parfaits pour am\u00e9liorer la qualit\u00e9 sonore dans les salles de classe, salles de r\u00e9union et autres environnements \u00e9ducatifs. Ils absorbent le son et r\u00e9duisent la r\u00e9verb\u00e9ration, cr\u00e9ant ainsi un environnement calme et confortable o\u00f9 les \u00e9l\u00e8ves peuvent mieux se concentrer. \u00c0 la fois \u00e9l\u00e9gants et efficaces, ces panneaux contribuent \u00e0 une exp\u00e9rience acoustique optimale, tant dans les petits que dans les grands espaces. Offrez un cadre d\u2019apprentissage agr\u00e9able et fonctionnel gr\u00e2ce au pouvoir absorbant des panneaux AcousticPro !","og_url":"https:\/\/helloschool.be\/product\/akoestische-panelen\/","og_site_name":"Helloschool","article_modified_time":"2025-05-15T10:23:04+00:00","twitter_card":"summary_large_image","schema":{"@context":"https:\/\/schema.org","@graph":[{"@type":"WebPage","@id":"https:\/\/helloschool.be\/product\/akoestische-panelen\/","url":"https:\/\/helloschool.be\/product\/akoestische-panelen\/","name":"Panneaux acoustique - Helloschool","isPartOf":{"@id":"https:\/\/helloschool.be\/#website"},"datePublished":"2025-04-03T13:02:38+00:00","dateModified":"2025-05-15T10:23:04+00:00","breadcrumb":{"@id":"https:\/\/helloschool.be\/product\/akoestische-panelen\/#breadcrumb"},"inLanguage":"fr-FR","potentialAction":[{"@type":"ReadAction","target":["https:\/\/helloschool.be\/product\/akoestische-panelen\/"]}]},{"@type":"BreadcrumbList","@id":"https:\/\/helloschool.be\/product\/akoestische-panelen\/#breadcrumb","itemListElement":[{"@type":"ListItem","position":1,"name":"Home","item":"https:\/\/helloschool.be\/fr\/"},{"@type":"ListItem","position":2,"name":"Produits","item":"https:\/\/helloschool.be\/producten\/"},{"@type":"ListItem","position":3,"name":"Panneaux acoustique"}]},{"@type":"WebSite","@id":"https:\/\/helloschool.be\/#website","url":"https:\/\/helloschool.be\/","name":"Helloschool","description":"Concentrez-vous sur l\u2019enseignement, nous nous occupons du reste.","potentialAction":[{"@type":"SearchAction","target":{"@type":"EntryPoint","urlTemplate":"https:\/\/helloschool.be\/?s={search_term_string}"},"query-input":{"@type":"PropertyValueSpecification","valueRequired":true,"valueName":"search_term_string"}}],"inLanguage":"fr-FR"}]}},"_links":{"self":[{"href":"https:\/\/helloschool.be\/fr\/wp-json\/wp\/v2\/product\/19987","targetHints":{"allow":["GET"]}}],"collection":[{"href":"https:\/\/helloschool.be\/fr\/wp-json\/wp\/v2\/product"}],"about":[{"href":"https:\/\/helloschool.be\/fr\/wp-json\/wp\/v2\/types\/product"}],"version-history":[{"count":2,"href":"https:\/\/helloschool.be\/fr\/wp-json\/wp\/v2\/product\/19987\/revisions"}],"predecessor-version":[{"id":20291,"href":"https:\/\/helloschool.be\/fr\/wp-json\/wp\/v2\/product\/19987\/revisions\/20291"}],"wp:attachment":[{"href":"https:\/\/helloschool.be\/fr\/wp-json\/wp\/v2\/media?parent=19987"}],"wp:term":[{"taxonomy":"product_brand","embeddable":true,"href":"https:\/\/helloschool.be\/fr\/wp-json\/wp\/v2\/product_brand?post=19987"},{"taxonomy":"product_cat","embeddable":true,"href":"https:\/\/helloschool.be\/fr\/wp-json\/wp\/v2\/product_cat?post=19987"},{"taxonomy":"product_tag","embeddable":true,"href":"https:\/\/helloschool.be\/fr\/wp-json\/wp\/v2\/product_tag?post=19987"}],"curies":[{"name":"wp","href":"https:\/\/api.w.org\/{rel}","templated":true}]}}