{"id":19989,"date":"2025-04-03T13:05:08","date_gmt":"2025-04-03T13:05:08","guid":{"rendered":"https:\/\/helloschool.be\/product\/reception\/"},"modified":"2025-05-08T08:07:02","modified_gmt":"2025-05-08T08:07:02","slug":"reception","status":"publish","type":"product","link":"https:\/\/helloschool.be\/fr\/product\/reception\/","title":{"rendered":"R\u00e9ception"},"content":{"rendered":"","protected":false},"excerpt":{"rendered":"<p><strong>Faites forte impression lors de salons et \u00e9v\u00e9nements avec notre comptoir mobile pour \u00e9tablissements scolaires !<\/strong><\/p>\n<p>Notre comptoir mobile est la solution id\u00e9ale pour pr\u00e9senter des informations, accueillir les visiteurs ou distribuer du mat\u00e9riel scolaire lors d\u2019\u00e9v\u00e9nements, journ\u00e9es portes ouvertes ou salons.<br \/>\nGr\u00e2ce \u00e0 son design portable et son espace de rangement pratique, il est facile d\u2019installer un stand temporaire pour l\u2019enregistrement, la communication ou la promotion.<br \/>\nPersonnalisez le comptoir avec l\u2019identit\u00e9 visuelle ou le logo de votre \u00e9tablissement pour renforcer votre image et attirer l\u2019attention des visiteurs.<br \/>\nOptez pour la simplicit\u00e9, la flexibilit\u00e9 et le professionnalisme avec notre comptoir mobile \u2014 un incontournable pour toute \u00e9cole ou institution \u00e9ducative qui veut se d\u00e9marquer !<\/p>\n","protected":false},"featured_media":0,"template":"","meta":{"_acf_changed":false,"brand_hub_restriction":[],"brand_hub_id":null},"product_brand":[],"product_cat":[113,112,122],"product_tag":[],"class_list":{"0":"post-19989","1":"product","2":"type-product","3":"status-publish","5":"product_cat-exterieur-fr","6":"product_cat-interieur-fr","7":"product_cat-presentation-fr","9":"first","10":"instock","11":"taxable","12":"shipping-taxable","13":"purchasable","14":"product-type-simple"},"acf":[],"yoast_head":"<!-- This site is optimized with the Yoast SEO plugin v26.7 - https:\/\/yoast.com\/wordpress\/plugins\/seo\/ -->\n<title>R\u00e9ception - Helloschool<\/title>\n<meta name=\"robots\" content=\"index, follow, max-snippet:-1, max-image-preview:large, max-video-preview:-1\" \/>\n<link rel=\"canonical\" href=\"https:\/\/helloschool.be\/product\/balie\/\" \/>\n<meta property=\"og:locale\" content=\"fr_FR\" \/>\n<meta property=\"og:type\" content=\"article\" \/>\n<meta property=\"og:title\" content=\"R\u00e9ception - Helloschool\" \/>\n<meta property=\"og:description\" content=\"Faites forte impression lors de salons et \u00e9v\u00e9nements avec notre comptoir mobile pour \u00e9tablissements scolaires !  Notre comptoir mobile est la solution id\u00e9ale pour pr\u00e9senter des informations, accueillir les visiteurs ou distribuer du mat\u00e9riel scolaire lors d\u2019\u00e9v\u00e9nements, journ\u00e9es portes ouvertes ou salons. Gr\u00e2ce \u00e0 son design portable et son espace de rangement pratique, il est facile d\u2019installer un stand temporaire pour l\u2019enregistrement, la communication ou la promotion. Personnalisez le comptoir avec l\u2019identit\u00e9 visuelle ou le logo de votre \u00e9tablissement pour renforcer votre image et attirer l\u2019attention des visiteurs. Optez pour la simplicit\u00e9, la flexibilit\u00e9 et le professionnalisme avec notre comptoir mobile \u2014 un incontournable pour toute \u00e9cole ou institution \u00e9ducative qui veut se d\u00e9marquer !\" \/>\n<meta property=\"og:url\" content=\"https:\/\/helloschool.be\/product\/balie\/\" \/>\n<meta property=\"og:site_name\" content=\"Helloschool\" \/>\n<meta property=\"article:modified_time\" content=\"2025-05-08T08:07:02+00:00\" \/>\n<meta name=\"twitter:card\" content=\"summary_large_image\" \/>\n<script type=\"application\/ld+json\" class=\"yoast-schema-graph\">{\"@context\":\"https:\/\/schema.org\",\"@graph\":[{\"@type\":\"WebPage\",\"@id\":\"https:\/\/helloschool.be\/product\/balie\/\",\"url\":\"https:\/\/helloschool.be\/product\/balie\/\",\"name\":\"R\u00e9ception - Helloschool\",\"isPartOf\":{\"@id\":\"https:\/\/helloschool.be\/#website\"},\"datePublished\":\"2025-04-03T13:05:08+00:00\",\"dateModified\":\"2025-05-08T08:07:02+00:00\",\"breadcrumb\":{\"@id\":\"https:\/\/helloschool.be\/product\/balie\/#breadcrumb\"},\"inLanguage\":\"fr-FR\",\"potentialAction\":[{\"@type\":\"ReadAction\",\"target\":[\"https:\/\/helloschool.be\/product\/balie\/\"]}]},{\"@type\":\"BreadcrumbList\",\"@id\":\"https:\/\/helloschool.be\/product\/balie\/#breadcrumb\",\"itemListElement\":[{\"@type\":\"ListItem\",\"position\":1,\"name\":\"Home\",\"item\":\"https:\/\/helloschool.be\/fr\/\"},{\"@type\":\"ListItem\",\"position\":2,\"name\":\"Produits\",\"item\":\"https:\/\/helloschool.be\/producten\/\"},{\"@type\":\"ListItem\",\"position\":3,\"name\":\"R\u00e9ception\"}]},{\"@type\":\"WebSite\",\"@id\":\"https:\/\/helloschool.be\/#website\",\"url\":\"https:\/\/helloschool.be\/\",\"name\":\"Helloschool\",\"description\":\"Concentrez-vous sur l\u2019enseignement, nous nous occupons du reste.\",\"potentialAction\":[{\"@type\":\"SearchAction\",\"target\":{\"@type\":\"EntryPoint\",\"urlTemplate\":\"https:\/\/helloschool.be\/?s={search_term_string}\"},\"query-input\":{\"@type\":\"PropertyValueSpecification\",\"valueRequired\":true,\"valueName\":\"search_term_string\"}}],\"inLanguage\":\"fr-FR\"}]}<\/script>\n<!-- \/ Yoast SEO plugin. -->","yoast_head_json":{"title":"R\u00e9ception - Helloschool","robots":{"index":"index","follow":"follow","max-snippet":"max-snippet:-1","max-image-preview":"max-image-preview:large","max-video-preview":"max-video-preview:-1"},"canonical":"https:\/\/helloschool.be\/product\/balie\/","og_locale":"fr_FR","og_type":"article","og_title":"R\u00e9ception - Helloschool","og_description":"Faites forte impression lors de salons et \u00e9v\u00e9nements avec notre comptoir mobile pour \u00e9tablissements scolaires !  Notre comptoir mobile est la solution id\u00e9ale pour pr\u00e9senter des informations, accueillir les visiteurs ou distribuer du mat\u00e9riel scolaire lors d\u2019\u00e9v\u00e9nements, journ\u00e9es portes ouvertes ou salons. Gr\u00e2ce \u00e0 son design portable et son espace de rangement pratique, il est facile d\u2019installer un stand temporaire pour l\u2019enregistrement, la communication ou la promotion. Personnalisez le comptoir avec l\u2019identit\u00e9 visuelle ou le logo de votre \u00e9tablissement pour renforcer votre image et attirer l\u2019attention des visiteurs. Optez pour la simplicit\u00e9, la flexibilit\u00e9 et le professionnalisme avec notre comptoir mobile \u2014 un incontournable pour toute \u00e9cole ou institution \u00e9ducative qui veut se d\u00e9marquer !","og_url":"https:\/\/helloschool.be\/product\/balie\/","og_site_name":"Helloschool","article_modified_time":"2025-05-08T08:07:02+00:00","twitter_card":"summary_large_image","schema":{"@context":"https:\/\/schema.org","@graph":[{"@type":"WebPage","@id":"https:\/\/helloschool.be\/product\/balie\/","url":"https:\/\/helloschool.be\/product\/balie\/","name":"R\u00e9ception - Helloschool","isPartOf":{"@id":"https:\/\/helloschool.be\/#website"},"datePublished":"2025-04-03T13:05:08+00:00","dateModified":"2025-05-08T08:07:02+00:00","breadcrumb":{"@id":"https:\/\/helloschool.be\/product\/balie\/#breadcrumb"},"inLanguage":"fr-FR","potentialAction":[{"@type":"ReadAction","target":["https:\/\/helloschool.be\/product\/balie\/"]}]},{"@type":"BreadcrumbList","@id":"https:\/\/helloschool.be\/product\/balie\/#breadcrumb","itemListElement":[{"@type":"ListItem","position":1,"name":"Home","item":"https:\/\/helloschool.be\/fr\/"},{"@type":"ListItem","position":2,"name":"Produits","item":"https:\/\/helloschool.be\/producten\/"},{"@type":"ListItem","position":3,"name":"R\u00e9ception"}]},{"@type":"WebSite","@id":"https:\/\/helloschool.be\/#website","url":"https:\/\/helloschool.be\/","name":"Helloschool","description":"Concentrez-vous sur l\u2019enseignement, nous nous occupons du reste.","potentialAction":[{"@type":"SearchAction","target":{"@type":"EntryPoint","urlTemplate":"https:\/\/helloschool.be\/?s={search_term_string}"},"query-input":{"@type":"PropertyValueSpecification","valueRequired":true,"valueName":"search_term_string"}}],"inLanguage":"fr-FR"}]}},"_links":{"self":[{"href":"https:\/\/helloschool.be\/fr\/wp-json\/wp\/v2\/product\/19989","targetHints":{"allow":["GET"]}}],"collection":[{"href":"https:\/\/helloschool.be\/fr\/wp-json\/wp\/v2\/product"}],"about":[{"href":"https:\/\/helloschool.be\/fr\/wp-json\/wp\/v2\/types\/product"}],"version-history":[{"count":1,"href":"https:\/\/helloschool.be\/fr\/wp-json\/wp\/v2\/product\/19989\/revisions"}],"predecessor-version":[{"id":20005,"href":"https:\/\/helloschool.be\/fr\/wp-json\/wp\/v2\/product\/19989\/revisions\/20005"}],"wp:attachment":[{"href":"https:\/\/helloschool.be\/fr\/wp-json\/wp\/v2\/media?parent=19989"}],"wp:term":[{"taxonomy":"product_brand","embeddable":true,"href":"https:\/\/helloschool.be\/fr\/wp-json\/wp\/v2\/product_brand?post=19989"},{"taxonomy":"product_cat","embeddable":true,"href":"https:\/\/helloschool.be\/fr\/wp-json\/wp\/v2\/product_cat?post=19989"},{"taxonomy":"product_tag","embeddable":true,"href":"https:\/\/helloschool.be\/fr\/wp-json\/wp\/v2\/product_tag?post=19989"}],"curies":[{"name":"wp","href":"https:\/\/api.w.org\/{rel}","templated":true}]}}