{"id":19991,"date":"2025-04-03T13:01:51","date_gmt":"2025-04-03T13:01:51","guid":{"rendered":"https:\/\/helloschool.be\/product\/encadrement-textile\/"},"modified":"2025-05-08T08:10:04","modified_gmt":"2025-05-08T08:10:04","slug":"encadrement-textile","status":"publish","type":"product","link":"https:\/\/helloschool.be\/fr\/product\/encadrement-textile\/","title":{"rendered":"Encadrement textile"},"content":{"rendered":"","protected":false},"excerpt":{"rendered":"<p><strong>Donnez vie \u00e0 votre espace avec nos cadres textiles \u00e9l\u00e9gants !<\/strong><\/p>\n<p>Apportez une touche de raffinement \u00e0 vos salles de classe, salles de r\u00e9union ou couloirs d\u2019\u00e9cole gr\u00e2ce \u00e0 nos cadres textiles tendance.<br \/>\nGr\u00e2ce aux impressions textiles interchangeables, vous pouvez facilement adapter l\u2019affichage \u2014 \u0153uvres d\u2019art, annonces scolaires ou d\u00e9corations inspirantes \u2014 et renouveler votre espace \u00e0 volont\u00e9.<br \/>\nCes cadres \u00e9l\u00e9gants sont \u00e0 la fois pratiques et esth\u00e9tiques, offrant une allure moderne et professionnelle \u00e0 tout environnement.<br \/>\nValorisez votre int\u00e9rieur scolaire et impressionnez avec ces \u00e9l\u00e9ments visuels polyvalents et accrocheurs !<\/p>\n","protected":false},"featured_media":0,"template":"","meta":{"_acf_changed":false,"brand_hub_restriction":[],"brand_hub_id":null},"product_brand":[],"product_cat":[112],"product_tag":[],"class_list":{"0":"post-19991","1":"product","2":"type-product","3":"status-publish","5":"product_cat-interieur-fr","7":"first","8":"instock","9":"taxable","10":"shipping-taxable","11":"purchasable","12":"product-type-simple"},"acf":[],"yoast_head":"<!-- This site is optimized with the Yoast SEO plugin v26.7 - https:\/\/yoast.com\/wordpress\/plugins\/seo\/ -->\n<title>Encadrement textile - Helloschool<\/title>\n<meta name=\"robots\" content=\"index, follow, max-snippet:-1, max-image-preview:large, max-video-preview:-1\" \/>\n<link rel=\"canonical\" href=\"https:\/\/helloschool.be\/product\/textielframes\/\" \/>\n<meta property=\"og:locale\" content=\"fr_FR\" \/>\n<meta property=\"og:type\" content=\"article\" \/>\n<meta property=\"og:title\" content=\"Encadrement textile - Helloschool\" \/>\n<meta property=\"og:description\" content=\"Donnez vie \u00e0 votre espace avec nos cadres textiles \u00e9l\u00e9gants !  Apportez une touche de raffinement \u00e0 vos salles de classe, salles de r\u00e9union ou couloirs d\u2019\u00e9cole gr\u00e2ce \u00e0 nos cadres textiles tendance. Gr\u00e2ce aux impressions textiles interchangeables, vous pouvez facilement adapter l\u2019affichage \u2014 \u0153uvres d\u2019art, annonces scolaires ou d\u00e9corations inspirantes \u2014 et renouveler votre espace \u00e0 volont\u00e9. Ces cadres \u00e9l\u00e9gants sont \u00e0 la fois pratiques et esth\u00e9tiques, offrant une allure moderne et professionnelle \u00e0 tout environnement. Valorisez votre int\u00e9rieur scolaire et impressionnez avec ces \u00e9l\u00e9ments visuels polyvalents et accrocheurs !\" \/>\n<meta property=\"og:url\" content=\"https:\/\/helloschool.be\/product\/textielframes\/\" \/>\n<meta property=\"og:site_name\" content=\"Helloschool\" \/>\n<meta property=\"article:modified_time\" content=\"2025-05-08T08:10:04+00:00\" \/>\n<meta name=\"twitter:card\" content=\"summary_large_image\" \/>\n<script type=\"application\/ld+json\" class=\"yoast-schema-graph\">{\"@context\":\"https:\/\/schema.org\",\"@graph\":[{\"@type\":\"WebPage\",\"@id\":\"https:\/\/helloschool.be\/product\/textielframes\/\",\"url\":\"https:\/\/helloschool.be\/product\/textielframes\/\",\"name\":\"Encadrement textile - Helloschool\",\"isPartOf\":{\"@id\":\"https:\/\/helloschool.be\/#website\"},\"datePublished\":\"2025-04-03T13:01:51+00:00\",\"dateModified\":\"2025-05-08T08:10:04+00:00\",\"breadcrumb\":{\"@id\":\"https:\/\/helloschool.be\/product\/textielframes\/#breadcrumb\"},\"inLanguage\":\"fr-FR\",\"potentialAction\":[{\"@type\":\"ReadAction\",\"target\":[\"https:\/\/helloschool.be\/product\/textielframes\/\"]}]},{\"@type\":\"BreadcrumbList\",\"@id\":\"https:\/\/helloschool.be\/product\/textielframes\/#breadcrumb\",\"itemListElement\":[{\"@type\":\"ListItem\",\"position\":1,\"name\":\"Home\",\"item\":\"https:\/\/helloschool.be\/fr\/\"},{\"@type\":\"ListItem\",\"position\":2,\"name\":\"Produits\",\"item\":\"https:\/\/helloschool.be\/producten\/\"},{\"@type\":\"ListItem\",\"position\":3,\"name\":\"Encadrement textile\"}]},{\"@type\":\"WebSite\",\"@id\":\"https:\/\/helloschool.be\/#website\",\"url\":\"https:\/\/helloschool.be\/\",\"name\":\"Helloschool\",\"description\":\"Concentrez-vous sur l\u2019enseignement, nous nous occupons du reste.\",\"potentialAction\":[{\"@type\":\"SearchAction\",\"target\":{\"@type\":\"EntryPoint\",\"urlTemplate\":\"https:\/\/helloschool.be\/?s={search_term_string}\"},\"query-input\":{\"@type\":\"PropertyValueSpecification\",\"valueRequired\":true,\"valueName\":\"search_term_string\"}}],\"inLanguage\":\"fr-FR\"}]}<\/script>\n<!-- \/ Yoast SEO plugin. -->","yoast_head_json":{"title":"Encadrement textile - Helloschool","robots":{"index":"index","follow":"follow","max-snippet":"max-snippet:-1","max-image-preview":"max-image-preview:large","max-video-preview":"max-video-preview:-1"},"canonical":"https:\/\/helloschool.be\/product\/textielframes\/","og_locale":"fr_FR","og_type":"article","og_title":"Encadrement textile - Helloschool","og_description":"Donnez vie \u00e0 votre espace avec nos cadres textiles \u00e9l\u00e9gants !  Apportez une touche de raffinement \u00e0 vos salles de classe, salles de r\u00e9union ou couloirs d\u2019\u00e9cole gr\u00e2ce \u00e0 nos cadres textiles tendance. Gr\u00e2ce aux impressions textiles interchangeables, vous pouvez facilement adapter l\u2019affichage \u2014 \u0153uvres d\u2019art, annonces scolaires ou d\u00e9corations inspirantes \u2014 et renouveler votre espace \u00e0 volont\u00e9. Ces cadres \u00e9l\u00e9gants sont \u00e0 la fois pratiques et esth\u00e9tiques, offrant une allure moderne et professionnelle \u00e0 tout environnement. Valorisez votre int\u00e9rieur scolaire et impressionnez avec ces \u00e9l\u00e9ments visuels polyvalents et accrocheurs !","og_url":"https:\/\/helloschool.be\/product\/textielframes\/","og_site_name":"Helloschool","article_modified_time":"2025-05-08T08:10:04+00:00","twitter_card":"summary_large_image","schema":{"@context":"https:\/\/schema.org","@graph":[{"@type":"WebPage","@id":"https:\/\/helloschool.be\/product\/textielframes\/","url":"https:\/\/helloschool.be\/product\/textielframes\/","name":"Encadrement textile - Helloschool","isPartOf":{"@id":"https:\/\/helloschool.be\/#website"},"datePublished":"2025-04-03T13:01:51+00:00","dateModified":"2025-05-08T08:10:04+00:00","breadcrumb":{"@id":"https:\/\/helloschool.be\/product\/textielframes\/#breadcrumb"},"inLanguage":"fr-FR","potentialAction":[{"@type":"ReadAction","target":["https:\/\/helloschool.be\/product\/textielframes\/"]}]},{"@type":"BreadcrumbList","@id":"https:\/\/helloschool.be\/product\/textielframes\/#breadcrumb","itemListElement":[{"@type":"ListItem","position":1,"name":"Home","item":"https:\/\/helloschool.be\/fr\/"},{"@type":"ListItem","position":2,"name":"Produits","item":"https:\/\/helloschool.be\/producten\/"},{"@type":"ListItem","position":3,"name":"Encadrement textile"}]},{"@type":"WebSite","@id":"https:\/\/helloschool.be\/#website","url":"https:\/\/helloschool.be\/","name":"Helloschool","description":"Concentrez-vous sur l\u2019enseignement, nous nous occupons du reste.","potentialAction":[{"@type":"SearchAction","target":{"@type":"EntryPoint","urlTemplate":"https:\/\/helloschool.be\/?s={search_term_string}"},"query-input":{"@type":"PropertyValueSpecification","valueRequired":true,"valueName":"search_term_string"}}],"inLanguage":"fr-FR"}]}},"_links":{"self":[{"href":"https:\/\/helloschool.be\/fr\/wp-json\/wp\/v2\/product\/19991","targetHints":{"allow":["GET"]}}],"collection":[{"href":"https:\/\/helloschool.be\/fr\/wp-json\/wp\/v2\/product"}],"about":[{"href":"https:\/\/helloschool.be\/fr\/wp-json\/wp\/v2\/types\/product"}],"version-history":[{"count":1,"href":"https:\/\/helloschool.be\/fr\/wp-json\/wp\/v2\/product\/19991\/revisions"}],"predecessor-version":[{"id":20017,"href":"https:\/\/helloschool.be\/fr\/wp-json\/wp\/v2\/product\/19991\/revisions\/20017"}],"wp:attachment":[{"href":"https:\/\/helloschool.be\/fr\/wp-json\/wp\/v2\/media?parent=19991"}],"wp:term":[{"taxonomy":"product_brand","embeddable":true,"href":"https:\/\/helloschool.be\/fr\/wp-json\/wp\/v2\/product_brand?post=19991"},{"taxonomy":"product_cat","embeddable":true,"href":"https:\/\/helloschool.be\/fr\/wp-json\/wp\/v2\/product_cat?post=19991"},{"taxonomy":"product_tag","embeddable":true,"href":"https:\/\/helloschool.be\/fr\/wp-json\/wp\/v2\/product_tag?post=19991"}],"curies":[{"name":"wp","href":"https:\/\/api.w.org\/{rel}","templated":true}]}}