{"id":19993,"date":"2025-04-03T13:02:10","date_gmt":"2025-04-03T13:02:10","guid":{"rendered":"https:\/\/helloschool.be\/product\/papier-peint-photo-sans-raccord\/"},"modified":"2025-05-08T08:09:30","modified_gmt":"2025-05-08T08:09:30","slug":"papier-peint-photo-sans-raccord","status":"publish","type":"product","link":"https:\/\/helloschool.be\/fr\/product\/papier-peint-photo-sans-raccord\/","title":{"rendered":"Papier peint photo sans raccord"},"content":{"rendered":"","protected":false},"excerpt":{"rendered":"<p><strong>Personnalisez votre \u00e9tablissement scolaire avec notre papier peint photo sans raccord !<\/strong><\/p>\n<p>Transformez vos salles de classe, couloirs ou espaces communs avec notre papier peint photo sans raccord.<br \/>\nCe rev\u00eatement mural offre un rendu saisissant d\u2019images, d\u2019\u0153uvres d\u2019art ou de visuels inspirants, faisant de chaque mur une v\u00e9ritable \u0153uvre unique.<br \/>\nId\u00e9al pour cr\u00e9er un environnement d\u2019apprentissage motivant, o\u00f9 les \u00e9l\u00e8ves sont entour\u00e9s de sources d\u2019inspiration visuelle.<br \/>\nGr\u00e2ce \u00e0 des impressions de haute qualit\u00e9 et une pose facile, vous transformez n\u2019importe quel espace en un lieu spectaculaire, \u00e0 la fois fonctionnel et esth\u00e9tique.<\/p>\n","protected":false},"featured_media":0,"template":"","meta":{"_acf_changed":false,"brand_hub_restriction":[],"brand_hub_id":null},"product_brand":[],"product_cat":[112],"product_tag":[],"class_list":{"0":"post-19993","1":"product","2":"type-product","3":"status-publish","5":"product_cat-interieur-fr","7":"first","8":"instock","9":"taxable","10":"shipping-taxable","11":"purchasable","12":"product-type-simple"},"acf":[],"yoast_head":"<!-- This site is optimized with the Yoast SEO plugin v26.7 - https:\/\/yoast.com\/wordpress\/plugins\/seo\/ -->\n<title>Papier peint photo sans raccord - Helloschool<\/title>\n<meta name=\"robots\" content=\"index, follow, max-snippet:-1, max-image-preview:large, max-video-preview:-1\" \/>\n<link rel=\"canonical\" href=\"https:\/\/helloschool.be\/product\/naadloos-fotobehang\/\" \/>\n<meta property=\"og:locale\" content=\"fr_FR\" \/>\n<meta property=\"og:type\" content=\"article\" \/>\n<meta property=\"og:title\" content=\"Papier peint photo sans raccord - Helloschool\" \/>\n<meta property=\"og:description\" content=\"Personnalisez votre \u00e9tablissement scolaire avec notre papier peint photo sans raccord !  Transformez vos salles de classe, couloirs ou espaces communs avec notre papier peint photo sans raccord. Ce rev\u00eatement mural offre un rendu saisissant d\u2019images, d\u2019\u0153uvres d\u2019art ou de visuels inspirants, faisant de chaque mur une v\u00e9ritable \u0153uvre unique. Id\u00e9al pour cr\u00e9er un environnement d\u2019apprentissage motivant, o\u00f9 les \u00e9l\u00e8ves sont entour\u00e9s de sources d\u2019inspiration visuelle. Gr\u00e2ce \u00e0 des impressions de haute qualit\u00e9 et une pose facile, vous transformez n\u2019importe quel espace en un lieu spectaculaire, \u00e0 la fois fonctionnel et esth\u00e9tique.\" \/>\n<meta property=\"og:url\" content=\"https:\/\/helloschool.be\/product\/naadloos-fotobehang\/\" \/>\n<meta property=\"og:site_name\" content=\"Helloschool\" \/>\n<meta property=\"article:modified_time\" content=\"2025-05-08T08:09:30+00:00\" \/>\n<meta name=\"twitter:card\" content=\"summary_large_image\" \/>\n<script type=\"application\/ld+json\" class=\"yoast-schema-graph\">{\"@context\":\"https:\/\/schema.org\",\"@graph\":[{\"@type\":\"WebPage\",\"@id\":\"https:\/\/helloschool.be\/product\/naadloos-fotobehang\/\",\"url\":\"https:\/\/helloschool.be\/product\/naadloos-fotobehang\/\",\"name\":\"Papier peint photo sans raccord - Helloschool\",\"isPartOf\":{\"@id\":\"https:\/\/helloschool.be\/#website\"},\"datePublished\":\"2025-04-03T13:02:10+00:00\",\"dateModified\":\"2025-05-08T08:09:30+00:00\",\"breadcrumb\":{\"@id\":\"https:\/\/helloschool.be\/product\/naadloos-fotobehang\/#breadcrumb\"},\"inLanguage\":\"fr-FR\",\"potentialAction\":[{\"@type\":\"ReadAction\",\"target\":[\"https:\/\/helloschool.be\/product\/naadloos-fotobehang\/\"]}]},{\"@type\":\"BreadcrumbList\",\"@id\":\"https:\/\/helloschool.be\/product\/naadloos-fotobehang\/#breadcrumb\",\"itemListElement\":[{\"@type\":\"ListItem\",\"position\":1,\"name\":\"Home\",\"item\":\"https:\/\/helloschool.be\/fr\/\"},{\"@type\":\"ListItem\",\"position\":2,\"name\":\"Produits\",\"item\":\"https:\/\/helloschool.be\/producten\/\"},{\"@type\":\"ListItem\",\"position\":3,\"name\":\"Papier peint photo sans raccord\"}]},{\"@type\":\"WebSite\",\"@id\":\"https:\/\/helloschool.be\/#website\",\"url\":\"https:\/\/helloschool.be\/\",\"name\":\"Helloschool\",\"description\":\"Concentrez-vous sur l\u2019enseignement, nous nous occupons du reste.\",\"potentialAction\":[{\"@type\":\"SearchAction\",\"target\":{\"@type\":\"EntryPoint\",\"urlTemplate\":\"https:\/\/helloschool.be\/?s={search_term_string}\"},\"query-input\":{\"@type\":\"PropertyValueSpecification\",\"valueRequired\":true,\"valueName\":\"search_term_string\"}}],\"inLanguage\":\"fr-FR\"}]}<\/script>\n<!-- \/ Yoast SEO plugin. -->","yoast_head_json":{"title":"Papier peint photo sans raccord - Helloschool","robots":{"index":"index","follow":"follow","max-snippet":"max-snippet:-1","max-image-preview":"max-image-preview:large","max-video-preview":"max-video-preview:-1"},"canonical":"https:\/\/helloschool.be\/product\/naadloos-fotobehang\/","og_locale":"fr_FR","og_type":"article","og_title":"Papier peint photo sans raccord - Helloschool","og_description":"Personnalisez votre \u00e9tablissement scolaire avec notre papier peint photo sans raccord !  Transformez vos salles de classe, couloirs ou espaces communs avec notre papier peint photo sans raccord. Ce rev\u00eatement mural offre un rendu saisissant d\u2019images, d\u2019\u0153uvres d\u2019art ou de visuels inspirants, faisant de chaque mur une v\u00e9ritable \u0153uvre unique. Id\u00e9al pour cr\u00e9er un environnement d\u2019apprentissage motivant, o\u00f9 les \u00e9l\u00e8ves sont entour\u00e9s de sources d\u2019inspiration visuelle. Gr\u00e2ce \u00e0 des impressions de haute qualit\u00e9 et une pose facile, vous transformez n\u2019importe quel espace en un lieu spectaculaire, \u00e0 la fois fonctionnel et esth\u00e9tique.","og_url":"https:\/\/helloschool.be\/product\/naadloos-fotobehang\/","og_site_name":"Helloschool","article_modified_time":"2025-05-08T08:09:30+00:00","twitter_card":"summary_large_image","schema":{"@context":"https:\/\/schema.org","@graph":[{"@type":"WebPage","@id":"https:\/\/helloschool.be\/product\/naadloos-fotobehang\/","url":"https:\/\/helloschool.be\/product\/naadloos-fotobehang\/","name":"Papier peint photo sans raccord - Helloschool","isPartOf":{"@id":"https:\/\/helloschool.be\/#website"},"datePublished":"2025-04-03T13:02:10+00:00","dateModified":"2025-05-08T08:09:30+00:00","breadcrumb":{"@id":"https:\/\/helloschool.be\/product\/naadloos-fotobehang\/#breadcrumb"},"inLanguage":"fr-FR","potentialAction":[{"@type":"ReadAction","target":["https:\/\/helloschool.be\/product\/naadloos-fotobehang\/"]}]},{"@type":"BreadcrumbList","@id":"https:\/\/helloschool.be\/product\/naadloos-fotobehang\/#breadcrumb","itemListElement":[{"@type":"ListItem","position":1,"name":"Home","item":"https:\/\/helloschool.be\/fr\/"},{"@type":"ListItem","position":2,"name":"Produits","item":"https:\/\/helloschool.be\/producten\/"},{"@type":"ListItem","position":3,"name":"Papier peint photo sans raccord"}]},{"@type":"WebSite","@id":"https:\/\/helloschool.be\/#website","url":"https:\/\/helloschool.be\/","name":"Helloschool","description":"Concentrez-vous sur l\u2019enseignement, nous nous occupons du reste.","potentialAction":[{"@type":"SearchAction","target":{"@type":"EntryPoint","urlTemplate":"https:\/\/helloschool.be\/?s={search_term_string}"},"query-input":{"@type":"PropertyValueSpecification","valueRequired":true,"valueName":"search_term_string"}}],"inLanguage":"fr-FR"}]}},"_links":{"self":[{"href":"https:\/\/helloschool.be\/fr\/wp-json\/wp\/v2\/product\/19993","targetHints":{"allow":["GET"]}}],"collection":[{"href":"https:\/\/helloschool.be\/fr\/wp-json\/wp\/v2\/product"}],"about":[{"href":"https:\/\/helloschool.be\/fr\/wp-json\/wp\/v2\/types\/product"}],"version-history":[{"count":1,"href":"https:\/\/helloschool.be\/fr\/wp-json\/wp\/v2\/product\/19993\/revisions"}],"predecessor-version":[{"id":20014,"href":"https:\/\/helloschool.be\/fr\/wp-json\/wp\/v2\/product\/19993\/revisions\/20014"}],"wp:attachment":[{"href":"https:\/\/helloschool.be\/fr\/wp-json\/wp\/v2\/media?parent=19993"}],"wp:term":[{"taxonomy":"product_brand","embeddable":true,"href":"https:\/\/helloschool.be\/fr\/wp-json\/wp\/v2\/product_brand?post=19993"},{"taxonomy":"product_cat","embeddable":true,"href":"https:\/\/helloschool.be\/fr\/wp-json\/wp\/v2\/product_cat?post=19993"},{"taxonomy":"product_tag","embeddable":true,"href":"https:\/\/helloschool.be\/fr\/wp-json\/wp\/v2\/product_tag?post=19993"}],"curies":[{"name":"wp","href":"https:\/\/api.w.org\/{rel}","templated":true}]}}