{"id":19995,"date":"2025-04-03T13:03:40","date_gmt":"2025-04-03T13:03:40","guid":{"rendered":"https:\/\/helloschool.be\/product\/tapisserie-murale\/"},"modified":"2025-05-08T08:08:23","modified_gmt":"2025-05-08T08:08:23","slug":"tapisserie-murale","status":"publish","type":"product","link":"https:\/\/helloschool.be\/fr\/product\/tapisserie-murale\/","title":{"rendered":"Tapisserie murale"},"content":{"rendered":"","protected":false},"excerpt":{"rendered":"<p><strong>Donnez vie \u00e0 votre espace avec une tapisserie en coton 100 % sur mesure !<\/strong><\/p>\n<p>Offrez \u00e0 votre \u00e9cole, salle de classe ou bureau une allure personnelle et \u00e9l\u00e9gante avec une tapisserie en coton 100 %, enti\u00e8rement personnalis\u00e9e selon votre design.<br \/>\nQue ce soit pour exposer des \u0153uvres d\u2019art, des citations inspirantes ou des th\u00e8mes \u00e9ducatifs, cette tapisserie offre une mani\u00e8re unique d&rsquo;enrichir votre espace.<br \/>\nDisponible en diff\u00e9rentes tailles, elle allie parfaitement style et fonctionnalit\u00e9.<br \/>\nAjoutez une touche personnelle et transformez vos murs en une \u0153uvre d\u2019art !<\/p>\n","protected":false},"featured_media":0,"template":"","meta":{"_acf_changed":false,"brand_hub_restriction":[],"brand_hub_id":null},"product_brand":[],"product_cat":[112],"product_tag":[],"class_list":{"0":"post-19995","1":"product","2":"type-product","3":"status-publish","5":"product_cat-interieur-fr","7":"first","8":"instock","9":"taxable","10":"shipping-taxable","11":"purchasable","12":"product-type-simple"},"acf":[],"yoast_head":"<!-- This site is optimized with the Yoast SEO plugin v26.7 - https:\/\/yoast.com\/wordpress\/plugins\/seo\/ -->\n<title>Tapisserie murale - Helloschool<\/title>\n<meta name=\"robots\" content=\"index, follow, max-snippet:-1, max-image-preview:large, max-video-preview:-1\" \/>\n<link rel=\"canonical\" href=\"https:\/\/helloschool.be\/product\/wandkleed\/\" \/>\n<meta property=\"og:locale\" content=\"fr_FR\" \/>\n<meta property=\"og:type\" content=\"article\" \/>\n<meta property=\"og:title\" content=\"Tapisserie murale - Helloschool\" \/>\n<meta property=\"og:description\" content=\"Donnez vie \u00e0 votre espace avec une tapisserie en coton 100 % sur mesure !  Offrez \u00e0 votre \u00e9cole, salle de classe ou bureau une allure personnelle et \u00e9l\u00e9gante avec une tapisserie en coton 100 %, enti\u00e8rement personnalis\u00e9e selon votre design. Que ce soit pour exposer des \u0153uvres d\u2019art, des citations inspirantes ou des th\u00e8mes \u00e9ducatifs, cette tapisserie offre une mani\u00e8re unique d&#039;enrichir votre espace. Disponible en diff\u00e9rentes tailles, elle allie parfaitement style et fonctionnalit\u00e9. Ajoutez une touche personnelle et transformez vos murs en une \u0153uvre d\u2019art !\" \/>\n<meta property=\"og:url\" content=\"https:\/\/helloschool.be\/product\/wandkleed\/\" \/>\n<meta property=\"og:site_name\" content=\"Helloschool\" \/>\n<meta property=\"article:modified_time\" content=\"2025-05-08T08:08:23+00:00\" \/>\n<meta name=\"twitter:card\" content=\"summary_large_image\" \/>\n<script type=\"application\/ld+json\" class=\"yoast-schema-graph\">{\"@context\":\"https:\/\/schema.org\",\"@graph\":[{\"@type\":\"WebPage\",\"@id\":\"https:\/\/helloschool.be\/product\/wandkleed\/\",\"url\":\"https:\/\/helloschool.be\/product\/wandkleed\/\",\"name\":\"Tapisserie murale - Helloschool\",\"isPartOf\":{\"@id\":\"https:\/\/helloschool.be\/#website\"},\"datePublished\":\"2025-04-03T13:03:40+00:00\",\"dateModified\":\"2025-05-08T08:08:23+00:00\",\"breadcrumb\":{\"@id\":\"https:\/\/helloschool.be\/product\/wandkleed\/#breadcrumb\"},\"inLanguage\":\"fr-FR\",\"potentialAction\":[{\"@type\":\"ReadAction\",\"target\":[\"https:\/\/helloschool.be\/product\/wandkleed\/\"]}]},{\"@type\":\"BreadcrumbList\",\"@id\":\"https:\/\/helloschool.be\/product\/wandkleed\/#breadcrumb\",\"itemListElement\":[{\"@type\":\"ListItem\",\"position\":1,\"name\":\"Home\",\"item\":\"https:\/\/helloschool.be\/fr\/\"},{\"@type\":\"ListItem\",\"position\":2,\"name\":\"Produits\",\"item\":\"https:\/\/helloschool.be\/producten\/\"},{\"@type\":\"ListItem\",\"position\":3,\"name\":\"Tapisserie murale\"}]},{\"@type\":\"WebSite\",\"@id\":\"https:\/\/helloschool.be\/#website\",\"url\":\"https:\/\/helloschool.be\/\",\"name\":\"Helloschool\",\"description\":\"Concentrez-vous sur l\u2019enseignement, nous nous occupons du reste.\",\"potentialAction\":[{\"@type\":\"SearchAction\",\"target\":{\"@type\":\"EntryPoint\",\"urlTemplate\":\"https:\/\/helloschool.be\/?s={search_term_string}\"},\"query-input\":{\"@type\":\"PropertyValueSpecification\",\"valueRequired\":true,\"valueName\":\"search_term_string\"}}],\"inLanguage\":\"fr-FR\"}]}<\/script>\n<!-- \/ Yoast SEO plugin. -->","yoast_head_json":{"title":"Tapisserie murale - Helloschool","robots":{"index":"index","follow":"follow","max-snippet":"max-snippet:-1","max-image-preview":"max-image-preview:large","max-video-preview":"max-video-preview:-1"},"canonical":"https:\/\/helloschool.be\/product\/wandkleed\/","og_locale":"fr_FR","og_type":"article","og_title":"Tapisserie murale - Helloschool","og_description":"Donnez vie \u00e0 votre espace avec une tapisserie en coton 100 % sur mesure !  Offrez \u00e0 votre \u00e9cole, salle de classe ou bureau une allure personnelle et \u00e9l\u00e9gante avec une tapisserie en coton 100 %, enti\u00e8rement personnalis\u00e9e selon votre design. Que ce soit pour exposer des \u0153uvres d\u2019art, des citations inspirantes ou des th\u00e8mes \u00e9ducatifs, cette tapisserie offre une mani\u00e8re unique d'enrichir votre espace. Disponible en diff\u00e9rentes tailles, elle allie parfaitement style et fonctionnalit\u00e9. Ajoutez une touche personnelle et transformez vos murs en une \u0153uvre d\u2019art !","og_url":"https:\/\/helloschool.be\/product\/wandkleed\/","og_site_name":"Helloschool","article_modified_time":"2025-05-08T08:08:23+00:00","twitter_card":"summary_large_image","schema":{"@context":"https:\/\/schema.org","@graph":[{"@type":"WebPage","@id":"https:\/\/helloschool.be\/product\/wandkleed\/","url":"https:\/\/helloschool.be\/product\/wandkleed\/","name":"Tapisserie murale - Helloschool","isPartOf":{"@id":"https:\/\/helloschool.be\/#website"},"datePublished":"2025-04-03T13:03:40+00:00","dateModified":"2025-05-08T08:08:23+00:00","breadcrumb":{"@id":"https:\/\/helloschool.be\/product\/wandkleed\/#breadcrumb"},"inLanguage":"fr-FR","potentialAction":[{"@type":"ReadAction","target":["https:\/\/helloschool.be\/product\/wandkleed\/"]}]},{"@type":"BreadcrumbList","@id":"https:\/\/helloschool.be\/product\/wandkleed\/#breadcrumb","itemListElement":[{"@type":"ListItem","position":1,"name":"Home","item":"https:\/\/helloschool.be\/fr\/"},{"@type":"ListItem","position":2,"name":"Produits","item":"https:\/\/helloschool.be\/producten\/"},{"@type":"ListItem","position":3,"name":"Tapisserie murale"}]},{"@type":"WebSite","@id":"https:\/\/helloschool.be\/#website","url":"https:\/\/helloschool.be\/","name":"Helloschool","description":"Concentrez-vous sur l\u2019enseignement, nous nous occupons du reste.","potentialAction":[{"@type":"SearchAction","target":{"@type":"EntryPoint","urlTemplate":"https:\/\/helloschool.be\/?s={search_term_string}"},"query-input":{"@type":"PropertyValueSpecification","valueRequired":true,"valueName":"search_term_string"}}],"inLanguage":"fr-FR"}]}},"_links":{"self":[{"href":"https:\/\/helloschool.be\/fr\/wp-json\/wp\/v2\/product\/19995","targetHints":{"allow":["GET"]}}],"collection":[{"href":"https:\/\/helloschool.be\/fr\/wp-json\/wp\/v2\/product"}],"about":[{"href":"https:\/\/helloschool.be\/fr\/wp-json\/wp\/v2\/types\/product"}],"version-history":[{"count":1,"href":"https:\/\/helloschool.be\/fr\/wp-json\/wp\/v2\/product\/19995\/revisions"}],"predecessor-version":[{"id":20011,"href":"https:\/\/helloschool.be\/fr\/wp-json\/wp\/v2\/product\/19995\/revisions\/20011"}],"wp:attachment":[{"href":"https:\/\/helloschool.be\/fr\/wp-json\/wp\/v2\/media?parent=19995"}],"wp:term":[{"taxonomy":"product_brand","embeddable":true,"href":"https:\/\/helloschool.be\/fr\/wp-json\/wp\/v2\/product_brand?post=19995"},{"taxonomy":"product_cat","embeddable":true,"href":"https:\/\/helloschool.be\/fr\/wp-json\/wp\/v2\/product_cat?post=19995"},{"taxonomy":"product_tag","embeddable":true,"href":"https:\/\/helloschool.be\/fr\/wp-json\/wp\/v2\/product_tag?post=19995"}],"curies":[{"name":"wp","href":"https:\/\/api.w.org\/{rel}","templated":true}]}}