{"id":19998,"date":"2025-04-03T13:03:00","date_gmt":"2025-04-03T13:03:00","guid":{"rendered":"https:\/\/helloschool.be\/product\/panneaux-muraux\/"},"modified":"2025-05-08T08:08:47","modified_gmt":"2025-05-08T08:08:47","slug":"panneaux-muraux","status":"publish","type":"product","link":"https:\/\/helloschool.be\/fr\/product\/panneaux-muraux\/","title":{"rendered":"Panneaux muraux"},"content":{"rendered":"","protected":false},"excerpt":{"rendered":"<p><strong>Donnez \u00e0 votre espace une allure unique avec nos panneaux muraux int\u00e9rieurs !<\/strong><\/p>\n<p>Personnalisez votre salle de classe, couloir ou salle de r\u00e9union avec nos panneaux muraux, id\u00e9aux pour exposer des \u0153uvres d\u2019art, des photos ou des images inspirantes. Choisissez parmi diff\u00e9rents mat\u00e9riaux et formats adapt\u00e9s \u00e0 votre style et \u00e0 l\u2019ambiance que vous souhaitez cr\u00e9er.<br \/>\nAvec la possibilit\u00e9 de personnaliser les panneaux, vous pouvez mettre en valeur vos designs pr\u00e9f\u00e9r\u00e9s, vos th\u00e8mes scolaires ou des visuels \u00e9ducatifs pour un espace contemporain et motivant.<br \/>\nFaites de chaque mur une v\u00e9ritable d\u00e9claration !<\/p>\n","protected":false},"featured_media":0,"template":"","meta":{"_acf_changed":false,"brand_hub_restriction":[],"brand_hub_id":null},"product_brand":[],"product_cat":[112],"product_tag":[],"class_list":{"0":"post-19998","1":"product","2":"type-product","3":"status-publish","5":"product_cat-interieur-fr","7":"first","8":"instock","9":"taxable","10":"shipping-taxable","11":"purchasable","12":"product-type-simple"},"acf":[],"yoast_head":"<!-- This site is optimized with the Yoast SEO plugin v26.7 - https:\/\/yoast.com\/wordpress\/plugins\/seo\/ -->\n<title>Panneaux muraux - Helloschool<\/title>\n<meta name=\"robots\" content=\"index, follow, max-snippet:-1, max-image-preview:large, max-video-preview:-1\" \/>\n<link rel=\"canonical\" href=\"https:\/\/helloschool.be\/product\/wandpanelen-voor-binnen\/\" \/>\n<meta property=\"og:locale\" content=\"fr_FR\" \/>\n<meta property=\"og:type\" content=\"article\" \/>\n<meta property=\"og:title\" content=\"Panneaux muraux - Helloschool\" \/>\n<meta property=\"og:description\" content=\"Donnez \u00e0 votre espace une allure unique avec nos panneaux muraux int\u00e9rieurs !  Personnalisez votre salle de classe, couloir ou salle de r\u00e9union avec nos panneaux muraux, id\u00e9aux pour exposer des \u0153uvres d\u2019art, des photos ou des images inspirantes. Choisissez parmi diff\u00e9rents mat\u00e9riaux et formats adapt\u00e9s \u00e0 votre style et \u00e0 l\u2019ambiance que vous souhaitez cr\u00e9er. Avec la possibilit\u00e9 de personnaliser les panneaux, vous pouvez mettre en valeur vos designs pr\u00e9f\u00e9r\u00e9s, vos th\u00e8mes scolaires ou des visuels \u00e9ducatifs pour un espace contemporain et motivant. Faites de chaque mur une v\u00e9ritable d\u00e9claration !\" \/>\n<meta property=\"og:url\" content=\"https:\/\/helloschool.be\/product\/wandpanelen-voor-binnen\/\" \/>\n<meta property=\"og:site_name\" content=\"Helloschool\" \/>\n<meta property=\"article:modified_time\" content=\"2025-05-08T08:08:47+00:00\" \/>\n<meta name=\"twitter:card\" content=\"summary_large_image\" \/>\n<script type=\"application\/ld+json\" class=\"yoast-schema-graph\">{\"@context\":\"https:\/\/schema.org\",\"@graph\":[{\"@type\":\"WebPage\",\"@id\":\"https:\/\/helloschool.be\/product\/wandpanelen-voor-binnen\/\",\"url\":\"https:\/\/helloschool.be\/product\/wandpanelen-voor-binnen\/\",\"name\":\"Panneaux muraux - Helloschool\",\"isPartOf\":{\"@id\":\"https:\/\/helloschool.be\/#website\"},\"datePublished\":\"2025-04-03T13:03:00+00:00\",\"dateModified\":\"2025-05-08T08:08:47+00:00\",\"breadcrumb\":{\"@id\":\"https:\/\/helloschool.be\/product\/wandpanelen-voor-binnen\/#breadcrumb\"},\"inLanguage\":\"fr-FR\",\"potentialAction\":[{\"@type\":\"ReadAction\",\"target\":[\"https:\/\/helloschool.be\/product\/wandpanelen-voor-binnen\/\"]}]},{\"@type\":\"BreadcrumbList\",\"@id\":\"https:\/\/helloschool.be\/product\/wandpanelen-voor-binnen\/#breadcrumb\",\"itemListElement\":[{\"@type\":\"ListItem\",\"position\":1,\"name\":\"Home\",\"item\":\"https:\/\/helloschool.be\/fr\/\"},{\"@type\":\"ListItem\",\"position\":2,\"name\":\"Produits\",\"item\":\"https:\/\/helloschool.be\/producten\/\"},{\"@type\":\"ListItem\",\"position\":3,\"name\":\"Panneaux muraux\"}]},{\"@type\":\"WebSite\",\"@id\":\"https:\/\/helloschool.be\/#website\",\"url\":\"https:\/\/helloschool.be\/\",\"name\":\"Helloschool\",\"description\":\"Concentrez-vous sur l\u2019enseignement, nous nous occupons du reste.\",\"potentialAction\":[{\"@type\":\"SearchAction\",\"target\":{\"@type\":\"EntryPoint\",\"urlTemplate\":\"https:\/\/helloschool.be\/?s={search_term_string}\"},\"query-input\":{\"@type\":\"PropertyValueSpecification\",\"valueRequired\":true,\"valueName\":\"search_term_string\"}}],\"inLanguage\":\"fr-FR\"}]}<\/script>\n<!-- \/ Yoast SEO plugin. -->","yoast_head_json":{"title":"Panneaux muraux - Helloschool","robots":{"index":"index","follow":"follow","max-snippet":"max-snippet:-1","max-image-preview":"max-image-preview:large","max-video-preview":"max-video-preview:-1"},"canonical":"https:\/\/helloschool.be\/product\/wandpanelen-voor-binnen\/","og_locale":"fr_FR","og_type":"article","og_title":"Panneaux muraux - Helloschool","og_description":"Donnez \u00e0 votre espace une allure unique avec nos panneaux muraux int\u00e9rieurs !  Personnalisez votre salle de classe, couloir ou salle de r\u00e9union avec nos panneaux muraux, id\u00e9aux pour exposer des \u0153uvres d\u2019art, des photos ou des images inspirantes. Choisissez parmi diff\u00e9rents mat\u00e9riaux et formats adapt\u00e9s \u00e0 votre style et \u00e0 l\u2019ambiance que vous souhaitez cr\u00e9er. Avec la possibilit\u00e9 de personnaliser les panneaux, vous pouvez mettre en valeur vos designs pr\u00e9f\u00e9r\u00e9s, vos th\u00e8mes scolaires ou des visuels \u00e9ducatifs pour un espace contemporain et motivant. Faites de chaque mur une v\u00e9ritable d\u00e9claration !","og_url":"https:\/\/helloschool.be\/product\/wandpanelen-voor-binnen\/","og_site_name":"Helloschool","article_modified_time":"2025-05-08T08:08:47+00:00","twitter_card":"summary_large_image","schema":{"@context":"https:\/\/schema.org","@graph":[{"@type":"WebPage","@id":"https:\/\/helloschool.be\/product\/wandpanelen-voor-binnen\/","url":"https:\/\/helloschool.be\/product\/wandpanelen-voor-binnen\/","name":"Panneaux muraux - Helloschool","isPartOf":{"@id":"https:\/\/helloschool.be\/#website"},"datePublished":"2025-04-03T13:03:00+00:00","dateModified":"2025-05-08T08:08:47+00:00","breadcrumb":{"@id":"https:\/\/helloschool.be\/product\/wandpanelen-voor-binnen\/#breadcrumb"},"inLanguage":"fr-FR","potentialAction":[{"@type":"ReadAction","target":["https:\/\/helloschool.be\/product\/wandpanelen-voor-binnen\/"]}]},{"@type":"BreadcrumbList","@id":"https:\/\/helloschool.be\/product\/wandpanelen-voor-binnen\/#breadcrumb","itemListElement":[{"@type":"ListItem","position":1,"name":"Home","item":"https:\/\/helloschool.be\/fr\/"},{"@type":"ListItem","position":2,"name":"Produits","item":"https:\/\/helloschool.be\/producten\/"},{"@type":"ListItem","position":3,"name":"Panneaux muraux"}]},{"@type":"WebSite","@id":"https:\/\/helloschool.be\/#website","url":"https:\/\/helloschool.be\/","name":"Helloschool","description":"Concentrez-vous sur l\u2019enseignement, nous nous occupons du reste.","potentialAction":[{"@type":"SearchAction","target":{"@type":"EntryPoint","urlTemplate":"https:\/\/helloschool.be\/?s={search_term_string}"},"query-input":{"@type":"PropertyValueSpecification","valueRequired":true,"valueName":"search_term_string"}}],"inLanguage":"fr-FR"}]}},"_links":{"self":[{"href":"https:\/\/helloschool.be\/fr\/wp-json\/wp\/v2\/product\/19998","targetHints":{"allow":["GET"]}}],"collection":[{"href":"https:\/\/helloschool.be\/fr\/wp-json\/wp\/v2\/product"}],"about":[{"href":"https:\/\/helloschool.be\/fr\/wp-json\/wp\/v2\/types\/product"}],"version-history":[{"count":1,"href":"https:\/\/helloschool.be\/fr\/wp-json\/wp\/v2\/product\/19998\/revisions"}],"predecessor-version":[{"id":20012,"href":"https:\/\/helloschool.be\/fr\/wp-json\/wp\/v2\/product\/19998\/revisions\/20012"}],"wp:attachment":[{"href":"https:\/\/helloschool.be\/fr\/wp-json\/wp\/v2\/media?parent=19998"}],"wp:term":[{"taxonomy":"product_brand","embeddable":true,"href":"https:\/\/helloschool.be\/fr\/wp-json\/wp\/v2\/product_brand?post=19998"},{"taxonomy":"product_cat","embeddable":true,"href":"https:\/\/helloschool.be\/fr\/wp-json\/wp\/v2\/product_cat?post=19998"},{"taxonomy":"product_tag","embeddable":true,"href":"https:\/\/helloschool.be\/fr\/wp-json\/wp\/v2\/product_tag?post=19998"}],"curies":[{"name":"wp","href":"https:\/\/api.w.org\/{rel}","templated":true}]}}