{"id":20000,"date":"2025-04-03T13:03:50","date_gmt":"2025-04-03T13:03:50","guid":{"rendered":"https:\/\/helloschool.be\/product\/mur-de-separtion\/"},"modified":"2025-05-15T10:21:27","modified_gmt":"2025-05-15T10:21:27","slug":"mur-de-separation","status":"publish","type":"product","link":"https:\/\/helloschool.be\/fr\/product\/mur-de-separation\/","title":{"rendered":"Mur de s\u00e9paration"},"content":{"rendered":"","protected":false},"excerpt":{"rendered":"<p><strong>Cr\u00e9ez de l\u2019intimit\u00e9 et de l\u2019organisation avec nos parois de s\u00e9paration polyvalentes !<\/strong><\/p>\n<p>Nos parois de s\u00e9paration sont id\u00e9ales pour am\u00e9nager des salles de classe, des espaces d\u2019\u00e9tude ou des zones communes dans les \u00e9coles.<br \/>\nElles offrent l\u2019intimit\u00e9 n\u00e9cessaire, r\u00e9duisent les nuisances sonores et permettent de structurer l\u2019espace de mani\u00e8re organis\u00e9e.<br \/>\nDisponibles dans diff\u00e9rents mat\u00e9riaux et designs, elles peuvent \u00eatre parfaitement adapt\u00e9es aux besoins de chaque \u00e9tablissement \u00e9ducatif.<br \/>\nQue ce soit pour s\u00e9parer des postes de travail ou cr\u00e9er des coins tranquilles pour des t\u00e2ches individuelles, nos parois de s\u00e9paration sont la solution id\u00e9ale pour un environnement d\u2019apprentissage fonctionnel et confortable.<\/p>\n","protected":false},"featured_media":0,"template":"","meta":{"_acf_changed":false,"brand_hub_restriction":[],"brand_hub_id":null},"product_brand":[],"product_cat":[115,112],"product_tag":[],"class_list":{"0":"post-20000","1":"product","2":"type-product","3":"status-publish","5":"product_cat-impression-fr","6":"product_cat-interieur-fr","8":"first","9":"instock","10":"taxable","11":"shipping-taxable","12":"purchasable","13":"product-type-simple"},"acf":[],"yoast_head":"<!-- This site is optimized with the Yoast SEO plugin v26.7 - https:\/\/yoast.com\/wordpress\/plugins\/seo\/ -->\n<title>Mur de s\u00e9paration - Helloschool<\/title>\n<meta name=\"robots\" content=\"index, follow, max-snippet:-1, max-image-preview:large, max-video-preview:-1\" \/>\n<link rel=\"canonical\" href=\"https:\/\/helloschool.be\/fr\/product\/mur-de-separation\/\" \/>\n<meta property=\"og:locale\" content=\"fr_FR\" \/>\n<meta property=\"og:type\" content=\"article\" \/>\n<meta property=\"og:title\" content=\"Mur de s\u00e9paration - Helloschool\" \/>\n<meta property=\"og:description\" content=\"Cr\u00e9ez de l\u2019intimit\u00e9 et de l\u2019organisation avec nos parois de s\u00e9paration polyvalentes !  Nos parois de s\u00e9paration sont id\u00e9ales pour am\u00e9nager des salles de classe, des espaces d\u2019\u00e9tude ou des zones communes dans les \u00e9coles. Elles offrent l\u2019intimit\u00e9 n\u00e9cessaire, r\u00e9duisent les nuisances sonores et permettent de structurer l\u2019espace de mani\u00e8re organis\u00e9e. Disponibles dans diff\u00e9rents mat\u00e9riaux et designs, elles peuvent \u00eatre parfaitement adapt\u00e9es aux besoins de chaque \u00e9tablissement \u00e9ducatif. Que ce soit pour s\u00e9parer des postes de travail ou cr\u00e9er des coins tranquilles pour des t\u00e2ches individuelles, nos parois de s\u00e9paration sont la solution id\u00e9ale pour un environnement d\u2019apprentissage fonctionnel et confortable.\" \/>\n<meta property=\"og:url\" content=\"https:\/\/helloschool.be\/fr\/product\/mur-de-separation\/\" \/>\n<meta property=\"og:site_name\" content=\"Helloschool\" \/>\n<meta property=\"article:modified_time\" content=\"2025-05-15T10:21:27+00:00\" \/>\n<meta name=\"twitter:card\" content=\"summary_large_image\" \/>\n<script type=\"application\/ld+json\" class=\"yoast-schema-graph\">{\"@context\":\"https:\/\/schema.org\",\"@graph\":[{\"@type\":\"WebPage\",\"@id\":\"https:\/\/helloschool.be\/fr\/product\/mur-de-separation\/\",\"url\":\"https:\/\/helloschool.be\/fr\/product\/mur-de-separation\/\",\"name\":\"Mur de s\u00e9paration - Helloschool\",\"isPartOf\":{\"@id\":\"https:\/\/helloschool.be\/#website\"},\"datePublished\":\"2025-04-03T13:03:50+00:00\",\"dateModified\":\"2025-05-15T10:21:27+00:00\",\"breadcrumb\":{\"@id\":\"https:\/\/helloschool.be\/fr\/product\/mur-de-separation\/#breadcrumb\"},\"inLanguage\":\"fr-FR\",\"potentialAction\":[{\"@type\":\"ReadAction\",\"target\":[\"https:\/\/helloschool.be\/fr\/product\/mur-de-separation\/\"]}]},{\"@type\":\"BreadcrumbList\",\"@id\":\"https:\/\/helloschool.be\/fr\/product\/mur-de-separation\/#breadcrumb\",\"itemListElement\":[{\"@type\":\"ListItem\",\"position\":1,\"name\":\"Home\",\"item\":\"https:\/\/helloschool.be\/fr\/\"},{\"@type\":\"ListItem\",\"position\":2,\"name\":\"Produits\",\"item\":\"https:\/\/helloschool.be\/producten\/\"},{\"@type\":\"ListItem\",\"position\":3,\"name\":\"Mur de s\u00e9paration\"}]},{\"@type\":\"WebSite\",\"@id\":\"https:\/\/helloschool.be\/#website\",\"url\":\"https:\/\/helloschool.be\/\",\"name\":\"Helloschool\",\"description\":\"Concentrez-vous sur l\u2019enseignement, nous nous occupons du reste.\",\"potentialAction\":[{\"@type\":\"SearchAction\",\"target\":{\"@type\":\"EntryPoint\",\"urlTemplate\":\"https:\/\/helloschool.be\/?s={search_term_string}\"},\"query-input\":{\"@type\":\"PropertyValueSpecification\",\"valueRequired\":true,\"valueName\":\"search_term_string\"}}],\"inLanguage\":\"fr-FR\"}]}<\/script>\n<!-- \/ Yoast SEO plugin. -->","yoast_head_json":{"title":"Mur de s\u00e9paration - Helloschool","robots":{"index":"index","follow":"follow","max-snippet":"max-snippet:-1","max-image-preview":"max-image-preview:large","max-video-preview":"max-video-preview:-1"},"canonical":"https:\/\/helloschool.be\/fr\/product\/mur-de-separation\/","og_locale":"fr_FR","og_type":"article","og_title":"Mur de s\u00e9paration - Helloschool","og_description":"Cr\u00e9ez de l\u2019intimit\u00e9 et de l\u2019organisation avec nos parois de s\u00e9paration polyvalentes !  Nos parois de s\u00e9paration sont id\u00e9ales pour am\u00e9nager des salles de classe, des espaces d\u2019\u00e9tude ou des zones communes dans les \u00e9coles. Elles offrent l\u2019intimit\u00e9 n\u00e9cessaire, r\u00e9duisent les nuisances sonores et permettent de structurer l\u2019espace de mani\u00e8re organis\u00e9e. Disponibles dans diff\u00e9rents mat\u00e9riaux et designs, elles peuvent \u00eatre parfaitement adapt\u00e9es aux besoins de chaque \u00e9tablissement \u00e9ducatif. Que ce soit pour s\u00e9parer des postes de travail ou cr\u00e9er des coins tranquilles pour des t\u00e2ches individuelles, nos parois de s\u00e9paration sont la solution id\u00e9ale pour un environnement d\u2019apprentissage fonctionnel et confortable.","og_url":"https:\/\/helloschool.be\/fr\/product\/mur-de-separation\/","og_site_name":"Helloschool","article_modified_time":"2025-05-15T10:21:27+00:00","twitter_card":"summary_large_image","schema":{"@context":"https:\/\/schema.org","@graph":[{"@type":"WebPage","@id":"https:\/\/helloschool.be\/fr\/product\/mur-de-separation\/","url":"https:\/\/helloschool.be\/fr\/product\/mur-de-separation\/","name":"Mur de s\u00e9paration - Helloschool","isPartOf":{"@id":"https:\/\/helloschool.be\/#website"},"datePublished":"2025-04-03T13:03:50+00:00","dateModified":"2025-05-15T10:21:27+00:00","breadcrumb":{"@id":"https:\/\/helloschool.be\/fr\/product\/mur-de-separation\/#breadcrumb"},"inLanguage":"fr-FR","potentialAction":[{"@type":"ReadAction","target":["https:\/\/helloschool.be\/fr\/product\/mur-de-separation\/"]}]},{"@type":"BreadcrumbList","@id":"https:\/\/helloschool.be\/fr\/product\/mur-de-separation\/#breadcrumb","itemListElement":[{"@type":"ListItem","position":1,"name":"Home","item":"https:\/\/helloschool.be\/fr\/"},{"@type":"ListItem","position":2,"name":"Produits","item":"https:\/\/helloschool.be\/producten\/"},{"@type":"ListItem","position":3,"name":"Mur de s\u00e9paration"}]},{"@type":"WebSite","@id":"https:\/\/helloschool.be\/#website","url":"https:\/\/helloschool.be\/","name":"Helloschool","description":"Concentrez-vous sur l\u2019enseignement, nous nous occupons du reste.","potentialAction":[{"@type":"SearchAction","target":{"@type":"EntryPoint","urlTemplate":"https:\/\/helloschool.be\/?s={search_term_string}"},"query-input":{"@type":"PropertyValueSpecification","valueRequired":true,"valueName":"search_term_string"}}],"inLanguage":"fr-FR"}]}},"_links":{"self":[{"href":"https:\/\/helloschool.be\/fr\/wp-json\/wp\/v2\/product\/20000","targetHints":{"allow":["GET"]}}],"collection":[{"href":"https:\/\/helloschool.be\/fr\/wp-json\/wp\/v2\/product"}],"about":[{"href":"https:\/\/helloschool.be\/fr\/wp-json\/wp\/v2\/types\/product"}],"version-history":[{"count":2,"href":"https:\/\/helloschool.be\/fr\/wp-json\/wp\/v2\/product\/20000\/revisions"}],"predecessor-version":[{"id":20290,"href":"https:\/\/helloschool.be\/fr\/wp-json\/wp\/v2\/product\/20000\/revisions\/20290"}],"wp:attachment":[{"href":"https:\/\/helloschool.be\/fr\/wp-json\/wp\/v2\/media?parent=20000"}],"wp:term":[{"taxonomy":"product_brand","embeddable":true,"href":"https:\/\/helloschool.be\/fr\/wp-json\/wp\/v2\/product_brand?post=20000"},{"taxonomy":"product_cat","embeddable":true,"href":"https:\/\/helloschool.be\/fr\/wp-json\/wp\/v2\/product_cat?post=20000"},{"taxonomy":"product_tag","embeddable":true,"href":"https:\/\/helloschool.be\/fr\/wp-json\/wp\/v2\/product_tag?post=20000"}],"curies":[{"name":"wp","href":"https:\/\/api.w.org\/{rel}","templated":true}]}}