{"id":20002,"date":"2025-04-03T13:04:00","date_gmt":"2025-04-03T13:04:00","guid":{"rendered":"https:\/\/helloschool.be\/product\/signalisation\/"},"modified":"2025-05-08T08:07:46","modified_gmt":"2025-05-08T08:07:46","slug":"signalisation","status":"publish","type":"product","link":"https:\/\/helloschool.be\/fr\/product\/signalisation\/","title":{"rendered":"Signalisation"},"content":{"rendered":"","protected":false},"excerpt":{"rendered":"<p><strong>Assurez une navigation claire avec notre signalisation robuste et moderne !<\/strong><\/p>\n<p>Cette signalisation avec cadre en aluminium et poteaux est id\u00e9ale pour indiquer des directions dans les \u00e9coles, universit\u00e9s ou lors d\u2019\u00e9v\u00e9nements.<br \/>\nLe cadre robuste offre une pr\u00e9sentation claire et visible des panneaux d\u2019information ou de direction, tandis que l\u2019aluminium l\u00e9ger garantit une grande durabilit\u00e9.<br \/>\nLes poteaux assurent une stabilit\u00e9 suppl\u00e9mentaire, et le design moderne s\u2019int\u00e8gre parfaitement dans divers environnements, des couloirs et auditoriums aux espaces ext\u00e9rieurs et terrains de sport.<br \/>\nFacilitez l\u2019orientation des \u00e9l\u00e8ves, parents et visiteurs avec notre signalisation \u00e9l\u00e9gante.<\/p>\n","protected":false},"featured_media":0,"template":"","meta":{"_acf_changed":false,"brand_hub_restriction":[],"brand_hub_id":null},"product_brand":[],"product_cat":[112],"product_tag":[],"class_list":{"0":"post-20002","1":"product","2":"type-product","3":"status-publish","5":"product_cat-interieur-fr","7":"first","8":"instock","9":"taxable","10":"shipping-taxable","11":"purchasable","12":"product-type-simple"},"acf":[],"yoast_head":"<!-- This site is optimized with the Yoast SEO plugin v26.7 - https:\/\/yoast.com\/wordpress\/plugins\/seo\/ -->\n<title>Signalisation - Helloschool<\/title>\n<meta name=\"robots\" content=\"index, follow, max-snippet:-1, max-image-preview:large, max-video-preview:-1\" \/>\n<link rel=\"canonical\" href=\"https:\/\/helloschool.be\/product\/bewegwijzering\/\" \/>\n<meta property=\"og:locale\" content=\"fr_FR\" \/>\n<meta property=\"og:type\" content=\"article\" \/>\n<meta property=\"og:title\" content=\"Signalisation - Helloschool\" \/>\n<meta property=\"og:description\" content=\"Assurez une navigation claire avec notre signalisation robuste et moderne !  Cette signalisation avec cadre en aluminium et poteaux est id\u00e9ale pour indiquer des directions dans les \u00e9coles, universit\u00e9s ou lors d\u2019\u00e9v\u00e9nements. Le cadre robuste offre une pr\u00e9sentation claire et visible des panneaux d\u2019information ou de direction, tandis que l\u2019aluminium l\u00e9ger garantit une grande durabilit\u00e9. Les poteaux assurent une stabilit\u00e9 suppl\u00e9mentaire, et le design moderne s\u2019int\u00e8gre parfaitement dans divers environnements, des couloirs et auditoriums aux espaces ext\u00e9rieurs et terrains de sport. Facilitez l\u2019orientation des \u00e9l\u00e8ves, parents et visiteurs avec notre signalisation \u00e9l\u00e9gante.\" \/>\n<meta property=\"og:url\" content=\"https:\/\/helloschool.be\/product\/bewegwijzering\/\" \/>\n<meta property=\"og:site_name\" content=\"Helloschool\" \/>\n<meta property=\"article:modified_time\" content=\"2025-05-08T08:07:46+00:00\" \/>\n<meta name=\"twitter:card\" content=\"summary_large_image\" \/>\n<script type=\"application\/ld+json\" class=\"yoast-schema-graph\">{\"@context\":\"https:\/\/schema.org\",\"@graph\":[{\"@type\":\"WebPage\",\"@id\":\"https:\/\/helloschool.be\/product\/bewegwijzering\/\",\"url\":\"https:\/\/helloschool.be\/product\/bewegwijzering\/\",\"name\":\"Signalisation - Helloschool\",\"isPartOf\":{\"@id\":\"https:\/\/helloschool.be\/#website\"},\"datePublished\":\"2025-04-03T13:04:00+00:00\",\"dateModified\":\"2025-05-08T08:07:46+00:00\",\"breadcrumb\":{\"@id\":\"https:\/\/helloschool.be\/product\/bewegwijzering\/#breadcrumb\"},\"inLanguage\":\"fr-FR\",\"potentialAction\":[{\"@type\":\"ReadAction\",\"target\":[\"https:\/\/helloschool.be\/product\/bewegwijzering\/\"]}]},{\"@type\":\"BreadcrumbList\",\"@id\":\"https:\/\/helloschool.be\/product\/bewegwijzering\/#breadcrumb\",\"itemListElement\":[{\"@type\":\"ListItem\",\"position\":1,\"name\":\"Home\",\"item\":\"https:\/\/helloschool.be\/fr\/\"},{\"@type\":\"ListItem\",\"position\":2,\"name\":\"Produits\",\"item\":\"https:\/\/helloschool.be\/producten\/\"},{\"@type\":\"ListItem\",\"position\":3,\"name\":\"Signalisation\"}]},{\"@type\":\"WebSite\",\"@id\":\"https:\/\/helloschool.be\/#website\",\"url\":\"https:\/\/helloschool.be\/\",\"name\":\"Helloschool\",\"description\":\"Concentrez-vous sur l\u2019enseignement, nous nous occupons du reste.\",\"potentialAction\":[{\"@type\":\"SearchAction\",\"target\":{\"@type\":\"EntryPoint\",\"urlTemplate\":\"https:\/\/helloschool.be\/?s={search_term_string}\"},\"query-input\":{\"@type\":\"PropertyValueSpecification\",\"valueRequired\":true,\"valueName\":\"search_term_string\"}}],\"inLanguage\":\"fr-FR\"}]}<\/script>\n<!-- \/ Yoast SEO plugin. -->","yoast_head_json":{"title":"Signalisation - Helloschool","robots":{"index":"index","follow":"follow","max-snippet":"max-snippet:-1","max-image-preview":"max-image-preview:large","max-video-preview":"max-video-preview:-1"},"canonical":"https:\/\/helloschool.be\/product\/bewegwijzering\/","og_locale":"fr_FR","og_type":"article","og_title":"Signalisation - Helloschool","og_description":"Assurez une navigation claire avec notre signalisation robuste et moderne !  Cette signalisation avec cadre en aluminium et poteaux est id\u00e9ale pour indiquer des directions dans les \u00e9coles, universit\u00e9s ou lors d\u2019\u00e9v\u00e9nements. Le cadre robuste offre une pr\u00e9sentation claire et visible des panneaux d\u2019information ou de direction, tandis que l\u2019aluminium l\u00e9ger garantit une grande durabilit\u00e9. Les poteaux assurent une stabilit\u00e9 suppl\u00e9mentaire, et le design moderne s\u2019int\u00e8gre parfaitement dans divers environnements, des couloirs et auditoriums aux espaces ext\u00e9rieurs et terrains de sport. Facilitez l\u2019orientation des \u00e9l\u00e8ves, parents et visiteurs avec notre signalisation \u00e9l\u00e9gante.","og_url":"https:\/\/helloschool.be\/product\/bewegwijzering\/","og_site_name":"Helloschool","article_modified_time":"2025-05-08T08:07:46+00:00","twitter_card":"summary_large_image","schema":{"@context":"https:\/\/schema.org","@graph":[{"@type":"WebPage","@id":"https:\/\/helloschool.be\/product\/bewegwijzering\/","url":"https:\/\/helloschool.be\/product\/bewegwijzering\/","name":"Signalisation - Helloschool","isPartOf":{"@id":"https:\/\/helloschool.be\/#website"},"datePublished":"2025-04-03T13:04:00+00:00","dateModified":"2025-05-08T08:07:46+00:00","breadcrumb":{"@id":"https:\/\/helloschool.be\/product\/bewegwijzering\/#breadcrumb"},"inLanguage":"fr-FR","potentialAction":[{"@type":"ReadAction","target":["https:\/\/helloschool.be\/product\/bewegwijzering\/"]}]},{"@type":"BreadcrumbList","@id":"https:\/\/helloschool.be\/product\/bewegwijzering\/#breadcrumb","itemListElement":[{"@type":"ListItem","position":1,"name":"Home","item":"https:\/\/helloschool.be\/fr\/"},{"@type":"ListItem","position":2,"name":"Produits","item":"https:\/\/helloschool.be\/producten\/"},{"@type":"ListItem","position":3,"name":"Signalisation"}]},{"@type":"WebSite","@id":"https:\/\/helloschool.be\/#website","url":"https:\/\/helloschool.be\/","name":"Helloschool","description":"Concentrez-vous sur l\u2019enseignement, nous nous occupons du reste.","potentialAction":[{"@type":"SearchAction","target":{"@type":"EntryPoint","urlTemplate":"https:\/\/helloschool.be\/?s={search_term_string}"},"query-input":{"@type":"PropertyValueSpecification","valueRequired":true,"valueName":"search_term_string"}}],"inLanguage":"fr-FR"}]}},"_links":{"self":[{"href":"https:\/\/helloschool.be\/fr\/wp-json\/wp\/v2\/product\/20002","targetHints":{"allow":["GET"]}}],"collection":[{"href":"https:\/\/helloschool.be\/fr\/wp-json\/wp\/v2\/product"}],"about":[{"href":"https:\/\/helloschool.be\/fr\/wp-json\/wp\/v2\/types\/product"}],"version-history":[{"count":1,"href":"https:\/\/helloschool.be\/fr\/wp-json\/wp\/v2\/product\/20002\/revisions"}],"predecessor-version":[{"id":20009,"href":"https:\/\/helloschool.be\/fr\/wp-json\/wp\/v2\/product\/20002\/revisions\/20009"}],"wp:attachment":[{"href":"https:\/\/helloschool.be\/fr\/wp-json\/wp\/v2\/media?parent=20002"}],"wp:term":[{"taxonomy":"product_brand","embeddable":true,"href":"https:\/\/helloschool.be\/fr\/wp-json\/wp\/v2\/product_brand?post=20002"},{"taxonomy":"product_cat","embeddable":true,"href":"https:\/\/helloschool.be\/fr\/wp-json\/wp\/v2\/product_cat?post=20002"},{"taxonomy":"product_tag","embeddable":true,"href":"https:\/\/helloschool.be\/fr\/wp-json\/wp\/v2\/product_tag?post=20002"}],"curies":[{"name":"wp","href":"https:\/\/api.w.org\/{rel}","templated":true}]}}