{"id":20004,"date":"2025-04-03T13:04:12","date_gmt":"2025-04-03T13:04:12","guid":{"rendered":"https:\/\/helloschool.be\/product\/stickers-muraux\/"},"modified":"2025-05-08T08:07:22","modified_gmt":"2025-05-08T08:07:22","slug":"stickers-muraux","status":"publish","type":"product","link":"https:\/\/helloschool.be\/fr\/product\/stickers-muraux\/","title":{"rendered":"Stickers muraux"},"content":{"rendered":"","protected":false},"excerpt":{"rendered":"<p><strong>D\u00e9corations murales pour \u00e9coles : color\u00e9es, inspirantes et faciles \u00e0 poser !<\/strong><\/p>\n<p>Avec notre large s\u00e9lection de designs, vous pouvez donner \u00e0 chaque mur un style unique.<br \/>\nQue vous recherchiez des motifs color\u00e9s, des citations motivantes ou des th\u00e8mes ludiques, nos d\u00e9corations murales dynamisent chaque espace.<br \/>\nFaciles \u00e0 poser et \u00e0 enlever sans laisser de traces, elles sont id\u00e9ales pour les salles de classe, les espaces communs ou m\u00eame les aires de jeux ext\u00e9rieures.<br \/>\nCr\u00e9ez un environnement stimulant la cr\u00e9ativit\u00e9 et laissant une impression durable sur les \u00e9l\u00e8ves et les visiteurs !<\/p>\n","protected":false},"featured_media":0,"template":"","meta":{"_acf_changed":false,"brand_hub_restriction":[],"brand_hub_id":null},"product_brand":[],"product_cat":[112],"product_tag":[],"class_list":{"0":"post-20004","1":"product","2":"type-product","3":"status-publish","5":"product_cat-interieur-fr","7":"first","8":"instock","9":"taxable","10":"shipping-taxable","11":"purchasable","12":"product-type-simple"},"acf":[],"yoast_head":"<!-- This site is optimized with the Yoast SEO plugin v27.6 - https:\/\/yoast.com\/product\/yoast-seo-wordpress\/ -->\n<title>Stickers muraux - Helloschool<\/title>\n<meta name=\"robots\" content=\"index, follow, max-snippet:-1, max-image-preview:large, max-video-preview:-1\" \/>\n<link rel=\"canonical\" href=\"https:\/\/helloschool.be\/product\/muurstickers\/\" \/>\n<meta property=\"og:locale\" content=\"fr_FR\" \/>\n<meta property=\"og:type\" content=\"article\" \/>\n<meta property=\"og:title\" content=\"Stickers muraux - Helloschool\" \/>\n<meta property=\"og:description\" content=\"D\u00e9corations murales pour \u00e9coles : color\u00e9es, inspirantes et faciles \u00e0 poser !  Avec notre large s\u00e9lection de designs, vous pouvez donner \u00e0 chaque mur un style unique. Que vous recherchiez des motifs color\u00e9s, des citations motivantes ou des th\u00e8mes ludiques, nos d\u00e9corations murales dynamisent chaque espace. Faciles \u00e0 poser et \u00e0 enlever sans laisser de traces, elles sont id\u00e9ales pour les salles de classe, les espaces communs ou m\u00eame les aires de jeux ext\u00e9rieures. Cr\u00e9ez un environnement stimulant la cr\u00e9ativit\u00e9 et laissant une impression durable sur les \u00e9l\u00e8ves et les visiteurs !\" \/>\n<meta property=\"og:url\" content=\"https:\/\/helloschool.be\/product\/muurstickers\/\" \/>\n<meta property=\"og:site_name\" content=\"Helloschool\" \/>\n<meta property=\"article:modified_time\" content=\"2025-05-08T08:07:22+00:00\" \/>\n<meta name=\"twitter:card\" content=\"summary_large_image\" \/>\n<script type=\"application\/ld+json\" class=\"yoast-schema-graph\">{\"@context\":\"https:\\\/\\\/schema.org\",\"@graph\":[{\"@type\":\"WebPage\",\"@id\":\"https:\\\/\\\/helloschool.be\\\/product\\\/muurstickers\\\/\",\"url\":\"https:\\\/\\\/helloschool.be\\\/product\\\/muurstickers\\\/\",\"name\":\"Stickers muraux - Helloschool\",\"isPartOf\":{\"@id\":\"https:\\\/\\\/helloschool.be\\\/#website\"},\"datePublished\":\"2025-04-03T13:04:12+00:00\",\"dateModified\":\"2025-05-08T08:07:22+00:00\",\"breadcrumb\":{\"@id\":\"https:\\\/\\\/helloschool.be\\\/product\\\/muurstickers\\\/#breadcrumb\"},\"inLanguage\":\"fr-FR\",\"potentialAction\":[{\"@type\":\"ReadAction\",\"target\":[\"https:\\\/\\\/helloschool.be\\\/product\\\/muurstickers\\\/\"]}]},{\"@type\":\"BreadcrumbList\",\"@id\":\"https:\\\/\\\/helloschool.be\\\/product\\\/muurstickers\\\/#breadcrumb\",\"itemListElement\":[{\"@type\":\"ListItem\",\"position\":1,\"name\":\"Home\",\"item\":\"https:\\\/\\\/helloschool.be\\\/fr\\\/\"},{\"@type\":\"ListItem\",\"position\":2,\"name\":\"Produits\",\"item\":\"https:\\\/\\\/helloschool.be\\\/producten\\\/\"},{\"@type\":\"ListItem\",\"position\":3,\"name\":\"Stickers muraux\"}]},{\"@type\":\"WebSite\",\"@id\":\"https:\\\/\\\/helloschool.be\\\/#website\",\"url\":\"https:\\\/\\\/helloschool.be\\\/\",\"name\":\"Helloschool\",\"description\":\"Concentrez-vous sur l\u2019enseignement, nous nous occupons du reste.\",\"potentialAction\":[{\"@type\":\"SearchAction\",\"target\":{\"@type\":\"EntryPoint\",\"urlTemplate\":\"https:\\\/\\\/helloschool.be\\\/?s={search_term_string}\"},\"query-input\":{\"@type\":\"PropertyValueSpecification\",\"valueRequired\":true,\"valueName\":\"search_term_string\"}}],\"inLanguage\":\"fr-FR\"}]}<\/script>\n<!-- \/ Yoast SEO plugin. -->","yoast_head_json":{"title":"Stickers muraux - Helloschool","robots":{"index":"index","follow":"follow","max-snippet":"max-snippet:-1","max-image-preview":"max-image-preview:large","max-video-preview":"max-video-preview:-1"},"canonical":"https:\/\/helloschool.be\/product\/muurstickers\/","og_locale":"fr_FR","og_type":"article","og_title":"Stickers muraux - Helloschool","og_description":"D\u00e9corations murales pour \u00e9coles : color\u00e9es, inspirantes et faciles \u00e0 poser !  Avec notre large s\u00e9lection de designs, vous pouvez donner \u00e0 chaque mur un style unique. Que vous recherchiez des motifs color\u00e9s, des citations motivantes ou des th\u00e8mes ludiques, nos d\u00e9corations murales dynamisent chaque espace. Faciles \u00e0 poser et \u00e0 enlever sans laisser de traces, elles sont id\u00e9ales pour les salles de classe, les espaces communs ou m\u00eame les aires de jeux ext\u00e9rieures. Cr\u00e9ez un environnement stimulant la cr\u00e9ativit\u00e9 et laissant une impression durable sur les \u00e9l\u00e8ves et les visiteurs !","og_url":"https:\/\/helloschool.be\/product\/muurstickers\/","og_site_name":"Helloschool","article_modified_time":"2025-05-08T08:07:22+00:00","twitter_card":"summary_large_image","schema":{"@context":"https:\/\/schema.org","@graph":[{"@type":"WebPage","@id":"https:\/\/helloschool.be\/product\/muurstickers\/","url":"https:\/\/helloschool.be\/product\/muurstickers\/","name":"Stickers muraux - Helloschool","isPartOf":{"@id":"https:\/\/helloschool.be\/#website"},"datePublished":"2025-04-03T13:04:12+00:00","dateModified":"2025-05-08T08:07:22+00:00","breadcrumb":{"@id":"https:\/\/helloschool.be\/product\/muurstickers\/#breadcrumb"},"inLanguage":"fr-FR","potentialAction":[{"@type":"ReadAction","target":["https:\/\/helloschool.be\/product\/muurstickers\/"]}]},{"@type":"BreadcrumbList","@id":"https:\/\/helloschool.be\/product\/muurstickers\/#breadcrumb","itemListElement":[{"@type":"ListItem","position":1,"name":"Home","item":"https:\/\/helloschool.be\/fr\/"},{"@type":"ListItem","position":2,"name":"Produits","item":"https:\/\/helloschool.be\/producten\/"},{"@type":"ListItem","position":3,"name":"Stickers muraux"}]},{"@type":"WebSite","@id":"https:\/\/helloschool.be\/#website","url":"https:\/\/helloschool.be\/","name":"Helloschool","description":"Concentrez-vous sur l\u2019enseignement, nous nous occupons du reste.","potentialAction":[{"@type":"SearchAction","target":{"@type":"EntryPoint","urlTemplate":"https:\/\/helloschool.be\/?s={search_term_string}"},"query-input":{"@type":"PropertyValueSpecification","valueRequired":true,"valueName":"search_term_string"}}],"inLanguage":"fr-FR"}]}},"_links":{"self":[{"href":"https:\/\/helloschool.be\/fr\/wp-json\/wp\/v2\/product\/20004","targetHints":{"allow":["GET"]}}],"collection":[{"href":"https:\/\/helloschool.be\/fr\/wp-json\/wp\/v2\/product"}],"about":[{"href":"https:\/\/helloschool.be\/fr\/wp-json\/wp\/v2\/types\/product"}],"version-history":[{"count":1,"href":"https:\/\/helloschool.be\/fr\/wp-json\/wp\/v2\/product\/20004\/revisions"}],"predecessor-version":[{"id":20006,"href":"https:\/\/helloschool.be\/fr\/wp-json\/wp\/v2\/product\/20004\/revisions\/20006"}],"wp:attachment":[{"href":"https:\/\/helloschool.be\/fr\/wp-json\/wp\/v2\/media?parent=20004"}],"wp:term":[{"taxonomy":"product_brand","embeddable":true,"href":"https:\/\/helloschool.be\/fr\/wp-json\/wp\/v2\/product_brand?post=20004"},{"taxonomy":"product_cat","embeddable":true,"href":"https:\/\/helloschool.be\/fr\/wp-json\/wp\/v2\/product_cat?post=20004"},{"taxonomy":"product_tag","embeddable":true,"href":"https:\/\/helloschool.be\/fr\/wp-json\/wp\/v2\/product_tag?post=20004"}],"curies":[{"name":"wp","href":"https:\/\/api.w.org\/{rel}","templated":true}]}}