{"id":20021,"date":"2025-04-03T13:04:22","date_gmt":"2025-04-03T13:04:22","guid":{"rendered":"https:\/\/helloschool.be\/product\/roll-up-publicitaire\/"},"modified":"2025-05-08T08:14:35","modified_gmt":"2025-05-08T08:14:35","slug":"roll-up-publicitaire","status":"publish","type":"product","link":"https:\/\/helloschool.be\/fr\/product\/roll-up-publicitaire\/","title":{"rendered":"Roll-up publicitaire"},"content":{"rendered":"","protected":false},"excerpt":{"rendered":"<p><strong>Faites forte impression avec nos Roll-up banners !<\/strong><\/p>\n<p>Nos Roll-up banners sont la mani\u00e8re id\u00e9ale de pr\u00e9senter votre marque, \u00e9v\u00e9nement ou produit de mani\u00e8re frappante.<br \/>\nAvec des graphismes clairs et une apparence professionnelle, elles attirent \u00e0 coup s\u00fbr l\u2019attention des passants.<br \/>\nQue vous participiez \u00e0 un salon, assistiez \u00e0 une conf\u00e9rence ou souhaitiez promouvoir votre magasin, ces banni\u00e8res assurent une visibilit\u00e9 maximale et renforcent votre communication visuelle.<br \/>\nFaciles \u00e0 installer et \u00e0 d\u00e9placer, nos Roll-up banners sont une solution flexible et efficace pour partager votre message.<\/p>\n","protected":false},"featured_media":0,"template":"","meta":{"_acf_changed":false,"brand_hub_restriction":[],"brand_hub_id":null},"product_brand":[],"product_cat":[121,122],"product_tag":[],"class_list":{"0":"post-20021","1":"product","2":"type-product","3":"status-publish","5":"product_cat-journee-portes-ouvertes-fr","6":"product_cat-presentation-fr","8":"first","9":"instock","10":"taxable","11":"shipping-taxable","12":"purchasable","13":"product-type-simple"},"acf":[],"yoast_head":"<!-- This site is optimized with the Yoast SEO plugin v26.7 - https:\/\/yoast.com\/wordpress\/plugins\/seo\/ -->\n<title>Roll-up publicitaire - Helloschool<\/title>\n<meta name=\"robots\" content=\"index, follow, max-snippet:-1, max-image-preview:large, max-video-preview:-1\" \/>\n<link rel=\"canonical\" href=\"https:\/\/helloschool.be\/product\/roll-up-banners\/\" \/>\n<meta property=\"og:locale\" content=\"fr_FR\" \/>\n<meta property=\"og:type\" content=\"article\" \/>\n<meta property=\"og:title\" content=\"Roll-up publicitaire - Helloschool\" \/>\n<meta property=\"og:description\" content=\"Faites forte impression avec nos Roll-up banners !  Nos Roll-up banners sont la mani\u00e8re id\u00e9ale de pr\u00e9senter votre marque, \u00e9v\u00e9nement ou produit de mani\u00e8re frappante. Avec des graphismes clairs et une apparence professionnelle, elles attirent \u00e0 coup s\u00fbr l\u2019attention des passants. Que vous participiez \u00e0 un salon, assistiez \u00e0 une conf\u00e9rence ou souhaitiez promouvoir votre magasin, ces banni\u00e8res assurent une visibilit\u00e9 maximale et renforcent votre communication visuelle. Faciles \u00e0 installer et \u00e0 d\u00e9placer, nos Roll-up banners sont une solution flexible et efficace pour partager votre message.\" \/>\n<meta property=\"og:url\" content=\"https:\/\/helloschool.be\/product\/roll-up-banners\/\" \/>\n<meta property=\"og:site_name\" content=\"Helloschool\" \/>\n<meta property=\"article:modified_time\" content=\"2025-05-08T08:14:35+00:00\" \/>\n<meta name=\"twitter:card\" content=\"summary_large_image\" \/>\n<script type=\"application\/ld+json\" class=\"yoast-schema-graph\">{\"@context\":\"https:\/\/schema.org\",\"@graph\":[{\"@type\":\"WebPage\",\"@id\":\"https:\/\/helloschool.be\/product\/roll-up-banners\/\",\"url\":\"https:\/\/helloschool.be\/product\/roll-up-banners\/\",\"name\":\"Roll-up publicitaire - Helloschool\",\"isPartOf\":{\"@id\":\"https:\/\/helloschool.be\/#website\"},\"datePublished\":\"2025-04-03T13:04:22+00:00\",\"dateModified\":\"2025-05-08T08:14:35+00:00\",\"breadcrumb\":{\"@id\":\"https:\/\/helloschool.be\/product\/roll-up-banners\/#breadcrumb\"},\"inLanguage\":\"fr-FR\",\"potentialAction\":[{\"@type\":\"ReadAction\",\"target\":[\"https:\/\/helloschool.be\/product\/roll-up-banners\/\"]}]},{\"@type\":\"BreadcrumbList\",\"@id\":\"https:\/\/helloschool.be\/product\/roll-up-banners\/#breadcrumb\",\"itemListElement\":[{\"@type\":\"ListItem\",\"position\":1,\"name\":\"Home\",\"item\":\"https:\/\/helloschool.be\/fr\/\"},{\"@type\":\"ListItem\",\"position\":2,\"name\":\"Produits\",\"item\":\"https:\/\/helloschool.be\/producten\/\"},{\"@type\":\"ListItem\",\"position\":3,\"name\":\"Roll-up publicitaire\"}]},{\"@type\":\"WebSite\",\"@id\":\"https:\/\/helloschool.be\/#website\",\"url\":\"https:\/\/helloschool.be\/\",\"name\":\"Helloschool\",\"description\":\"Concentrez-vous sur l\u2019enseignement, nous nous occupons du reste.\",\"potentialAction\":[{\"@type\":\"SearchAction\",\"target\":{\"@type\":\"EntryPoint\",\"urlTemplate\":\"https:\/\/helloschool.be\/?s={search_term_string}\"},\"query-input\":{\"@type\":\"PropertyValueSpecification\",\"valueRequired\":true,\"valueName\":\"search_term_string\"}}],\"inLanguage\":\"fr-FR\"}]}<\/script>\n<!-- \/ Yoast SEO plugin. -->","yoast_head_json":{"title":"Roll-up publicitaire - Helloschool","robots":{"index":"index","follow":"follow","max-snippet":"max-snippet:-1","max-image-preview":"max-image-preview:large","max-video-preview":"max-video-preview:-1"},"canonical":"https:\/\/helloschool.be\/product\/roll-up-banners\/","og_locale":"fr_FR","og_type":"article","og_title":"Roll-up publicitaire - Helloschool","og_description":"Faites forte impression avec nos Roll-up banners !  Nos Roll-up banners sont la mani\u00e8re id\u00e9ale de pr\u00e9senter votre marque, \u00e9v\u00e9nement ou produit de mani\u00e8re frappante. Avec des graphismes clairs et une apparence professionnelle, elles attirent \u00e0 coup s\u00fbr l\u2019attention des passants. Que vous participiez \u00e0 un salon, assistiez \u00e0 une conf\u00e9rence ou souhaitiez promouvoir votre magasin, ces banni\u00e8res assurent une visibilit\u00e9 maximale et renforcent votre communication visuelle. Faciles \u00e0 installer et \u00e0 d\u00e9placer, nos Roll-up banners sont une solution flexible et efficace pour partager votre message.","og_url":"https:\/\/helloschool.be\/product\/roll-up-banners\/","og_site_name":"Helloschool","article_modified_time":"2025-05-08T08:14:35+00:00","twitter_card":"summary_large_image","schema":{"@context":"https:\/\/schema.org","@graph":[{"@type":"WebPage","@id":"https:\/\/helloschool.be\/product\/roll-up-banners\/","url":"https:\/\/helloschool.be\/product\/roll-up-banners\/","name":"Roll-up publicitaire - Helloschool","isPartOf":{"@id":"https:\/\/helloschool.be\/#website"},"datePublished":"2025-04-03T13:04:22+00:00","dateModified":"2025-05-08T08:14:35+00:00","breadcrumb":{"@id":"https:\/\/helloschool.be\/product\/roll-up-banners\/#breadcrumb"},"inLanguage":"fr-FR","potentialAction":[{"@type":"ReadAction","target":["https:\/\/helloschool.be\/product\/roll-up-banners\/"]}]},{"@type":"BreadcrumbList","@id":"https:\/\/helloschool.be\/product\/roll-up-banners\/#breadcrumb","itemListElement":[{"@type":"ListItem","position":1,"name":"Home","item":"https:\/\/helloschool.be\/fr\/"},{"@type":"ListItem","position":2,"name":"Produits","item":"https:\/\/helloschool.be\/producten\/"},{"@type":"ListItem","position":3,"name":"Roll-up publicitaire"}]},{"@type":"WebSite","@id":"https:\/\/helloschool.be\/#website","url":"https:\/\/helloschool.be\/","name":"Helloschool","description":"Concentrez-vous sur l\u2019enseignement, nous nous occupons du reste.","potentialAction":[{"@type":"SearchAction","target":{"@type":"EntryPoint","urlTemplate":"https:\/\/helloschool.be\/?s={search_term_string}"},"query-input":{"@type":"PropertyValueSpecification","valueRequired":true,"valueName":"search_term_string"}}],"inLanguage":"fr-FR"}]}},"_links":{"self":[{"href":"https:\/\/helloschool.be\/fr\/wp-json\/wp\/v2\/product\/20021","targetHints":{"allow":["GET"]}}],"collection":[{"href":"https:\/\/helloschool.be\/fr\/wp-json\/wp\/v2\/product"}],"about":[{"href":"https:\/\/helloschool.be\/fr\/wp-json\/wp\/v2\/types\/product"}],"version-history":[{"count":1,"href":"https:\/\/helloschool.be\/fr\/wp-json\/wp\/v2\/product\/20021\/revisions"}],"predecessor-version":[{"id":20028,"href":"https:\/\/helloschool.be\/fr\/wp-json\/wp\/v2\/product\/20021\/revisions\/20028"}],"wp:attachment":[{"href":"https:\/\/helloschool.be\/fr\/wp-json\/wp\/v2\/media?parent=20021"}],"wp:term":[{"taxonomy":"product_brand","embeddable":true,"href":"https:\/\/helloschool.be\/fr\/wp-json\/wp\/v2\/product_brand?post=20021"},{"taxonomy":"product_cat","embeddable":true,"href":"https:\/\/helloschool.be\/fr\/wp-json\/wp\/v2\/product_cat?post=20021"},{"taxonomy":"product_tag","embeddable":true,"href":"https:\/\/helloschool.be\/fr\/wp-json\/wp\/v2\/product_tag?post=20021"}],"curies":[{"name":"wp","href":"https:\/\/api.w.org\/{rel}","templated":true}]}}