{"id":20023,"date":"2025-04-03T13:04:35","date_gmt":"2025-04-03T13:04:35","guid":{"rendered":"https:\/\/helloschool.be\/product\/x-banner\/"},"modified":"2025-05-08T08:14:26","modified_gmt":"2025-05-08T08:14:26","slug":"x-banner","status":"publish","type":"product","link":"https:\/\/helloschool.be\/fr\/product\/x-banner\/","title":{"rendered":"X-banner"},"content":{"rendered":"","protected":false},"excerpt":{"rendered":"<p><strong>Faites une forte impression dans votre espace \u00e9ducatif avec nos X-Banners !<\/strong><\/p>\n<p>Notre X-Banner est un syst\u00e8me de banni\u00e8re l\u00e9ger et portable, parfait pour une utilisation dans les salles de classe, les salons scolaires ou les \u00e9v\u00e9nements.<br \/>\nLe cadre solide en forme de \u00ab\u00a0X\u00a0\u00bb offre une base stable pour afficher des banni\u00e8res avec des informations importantes, des visuels \u00e9ducatifs ou des projets scolaires.<br \/>\nLe X-Banner est facile \u00e0 installer, simple \u00e0 transporter et id\u00e9al pour cr\u00e9er des environnements d&rsquo;apprentissage visuels qui inspirent les \u00e9l\u00e8ves.<br \/>\nQue vous souteniez une pr\u00e9sentation, partagiez des informations scolaires ou mettiez en avant un th\u00e8me, le X-Banner est le choix parfait pour vos besoins \u00e9ducatifs.<\/p>\n","protected":false},"featured_media":17321,"template":"","meta":{"_acf_changed":false,"brand_hub_restriction":[],"brand_hub_id":null},"product_brand":[],"product_cat":[122],"product_tag":[],"class_list":{"0":"post-20023","1":"product","2":"type-product","3":"status-publish","4":"has-post-thumbnail","6":"product_cat-presentation-fr","8":"first","9":"instock","10":"taxable","11":"shipping-taxable","12":"purchasable","13":"product-type-simple"},"acf":[],"yoast_head":"<!-- This site is optimized with the Yoast SEO plugin v26.7 - https:\/\/yoast.com\/wordpress\/plugins\/seo\/ -->\n<title>X-banner - Helloschool<\/title>\n<meta name=\"robots\" content=\"index, follow, max-snippet:-1, max-image-preview:large, max-video-preview:-1\" \/>\n<link rel=\"canonical\" href=\"https:\/\/helloschool.be\/product\/x-banner\/\" \/>\n<meta property=\"og:locale\" content=\"fr_FR\" \/>\n<meta property=\"og:type\" content=\"article\" \/>\n<meta property=\"og:title\" content=\"X-banner - Helloschool\" \/>\n<meta property=\"og:description\" content=\"Faites une forte impression dans votre espace \u00e9ducatif avec nos X-Banners !  Notre X-Banner est un syst\u00e8me de banni\u00e8re l\u00e9ger et portable, parfait pour une utilisation dans les salles de classe, les salons scolaires ou les \u00e9v\u00e9nements. Le cadre solide en forme de &quot;X&quot; offre une base stable pour afficher des banni\u00e8res avec des informations importantes, des visuels \u00e9ducatifs ou des projets scolaires. Le X-Banner est facile \u00e0 installer, simple \u00e0 transporter et id\u00e9al pour cr\u00e9er des environnements d&#039;apprentissage visuels qui inspirent les \u00e9l\u00e8ves. Que vous souteniez une pr\u00e9sentation, partagiez des informations scolaires ou mettiez en avant un th\u00e8me, le X-Banner est le choix parfait pour vos besoins \u00e9ducatifs.\" \/>\n<meta property=\"og:url\" content=\"https:\/\/helloschool.be\/product\/x-banner\/\" \/>\n<meta property=\"og:site_name\" content=\"Helloschool\" \/>\n<meta property=\"article:modified_time\" content=\"2025-05-08T08:14:26+00:00\" \/>\n<meta property=\"og:image\" content=\"https:\/\/helloschool.be\/wp-content\/uploads\/sites\/2\/2025\/04\/X-banner.jpg\" \/>\n\t<meta property=\"og:image:width\" content=\"2000\" \/>\n\t<meta property=\"og:image:height\" content=\"2000\" \/>\n\t<meta property=\"og:image:type\" content=\"image\/jpeg\" \/>\n<meta name=\"twitter:card\" content=\"summary_large_image\" \/>\n<script type=\"application\/ld+json\" class=\"yoast-schema-graph\">{\"@context\":\"https:\/\/schema.org\",\"@graph\":[{\"@type\":\"WebPage\",\"@id\":\"https:\/\/helloschool.be\/product\/x-banner\/\",\"url\":\"https:\/\/helloschool.be\/product\/x-banner\/\",\"name\":\"X-banner - Helloschool\",\"isPartOf\":{\"@id\":\"https:\/\/helloschool.be\/#website\"},\"primaryImageOfPage\":{\"@id\":\"https:\/\/helloschool.be\/product\/x-banner\/#primaryimage\"},\"image\":{\"@id\":\"https:\/\/helloschool.be\/product\/x-banner\/#primaryimage\"},\"thumbnailUrl\":\"https:\/\/helloschool.be\/wp-content\/uploads\/sites\/2\/2025\/04\/X-banner.jpg\",\"datePublished\":\"2025-04-03T13:04:35+00:00\",\"dateModified\":\"2025-05-08T08:14:26+00:00\",\"breadcrumb\":{\"@id\":\"https:\/\/helloschool.be\/product\/x-banner\/#breadcrumb\"},\"inLanguage\":\"fr-FR\",\"potentialAction\":[{\"@type\":\"ReadAction\",\"target\":[\"https:\/\/helloschool.be\/product\/x-banner\/\"]}]},{\"@type\":\"ImageObject\",\"inLanguage\":\"fr-FR\",\"@id\":\"https:\/\/helloschool.be\/product\/x-banner\/#primaryimage\",\"url\":\"https:\/\/helloschool.be\/wp-content\/uploads\/sites\/2\/2025\/04\/X-banner.jpg\",\"contentUrl\":\"https:\/\/helloschool.be\/wp-content\/uploads\/sites\/2\/2025\/04\/X-banner.jpg\",\"width\":2000,\"height\":2000},{\"@type\":\"BreadcrumbList\",\"@id\":\"https:\/\/helloschool.be\/product\/x-banner\/#breadcrumb\",\"itemListElement\":[{\"@type\":\"ListItem\",\"position\":1,\"name\":\"Home\",\"item\":\"https:\/\/helloschool.be\/fr\/\"},{\"@type\":\"ListItem\",\"position\":2,\"name\":\"Produits\",\"item\":\"https:\/\/helloschool.be\/producten\/\"},{\"@type\":\"ListItem\",\"position\":3,\"name\":\"X-banner\"}]},{\"@type\":\"WebSite\",\"@id\":\"https:\/\/helloschool.be\/#website\",\"url\":\"https:\/\/helloschool.be\/\",\"name\":\"Helloschool\",\"description\":\"Concentrez-vous sur l\u2019enseignement, nous nous occupons du reste.\",\"potentialAction\":[{\"@type\":\"SearchAction\",\"target\":{\"@type\":\"EntryPoint\",\"urlTemplate\":\"https:\/\/helloschool.be\/?s={search_term_string}\"},\"query-input\":{\"@type\":\"PropertyValueSpecification\",\"valueRequired\":true,\"valueName\":\"search_term_string\"}}],\"inLanguage\":\"fr-FR\"}]}<\/script>\n<!-- \/ Yoast SEO plugin. -->","yoast_head_json":{"title":"X-banner - Helloschool","robots":{"index":"index","follow":"follow","max-snippet":"max-snippet:-1","max-image-preview":"max-image-preview:large","max-video-preview":"max-video-preview:-1"},"canonical":"https:\/\/helloschool.be\/product\/x-banner\/","og_locale":"fr_FR","og_type":"article","og_title":"X-banner - Helloschool","og_description":"Faites une forte impression dans votre espace \u00e9ducatif avec nos X-Banners !  Notre X-Banner est un syst\u00e8me de banni\u00e8re l\u00e9ger et portable, parfait pour une utilisation dans les salles de classe, les salons scolaires ou les \u00e9v\u00e9nements. Le cadre solide en forme de \"X\" offre une base stable pour afficher des banni\u00e8res avec des informations importantes, des visuels \u00e9ducatifs ou des projets scolaires. Le X-Banner est facile \u00e0 installer, simple \u00e0 transporter et id\u00e9al pour cr\u00e9er des environnements d'apprentissage visuels qui inspirent les \u00e9l\u00e8ves. Que vous souteniez une pr\u00e9sentation, partagiez des informations scolaires ou mettiez en avant un th\u00e8me, le X-Banner est le choix parfait pour vos besoins \u00e9ducatifs.","og_url":"https:\/\/helloschool.be\/product\/x-banner\/","og_site_name":"Helloschool","article_modified_time":"2025-05-08T08:14:26+00:00","og_image":[{"width":2000,"height":2000,"url":"https:\/\/helloschool.be\/wp-content\/uploads\/sites\/2\/2025\/04\/X-banner.jpg","type":"image\/jpeg"}],"twitter_card":"summary_large_image","schema":{"@context":"https:\/\/schema.org","@graph":[{"@type":"WebPage","@id":"https:\/\/helloschool.be\/product\/x-banner\/","url":"https:\/\/helloschool.be\/product\/x-banner\/","name":"X-banner - Helloschool","isPartOf":{"@id":"https:\/\/helloschool.be\/#website"},"primaryImageOfPage":{"@id":"https:\/\/helloschool.be\/product\/x-banner\/#primaryimage"},"image":{"@id":"https:\/\/helloschool.be\/product\/x-banner\/#primaryimage"},"thumbnailUrl":"https:\/\/helloschool.be\/wp-content\/uploads\/sites\/2\/2025\/04\/X-banner.jpg","datePublished":"2025-04-03T13:04:35+00:00","dateModified":"2025-05-08T08:14:26+00:00","breadcrumb":{"@id":"https:\/\/helloschool.be\/product\/x-banner\/#breadcrumb"},"inLanguage":"fr-FR","potentialAction":[{"@type":"ReadAction","target":["https:\/\/helloschool.be\/product\/x-banner\/"]}]},{"@type":"ImageObject","inLanguage":"fr-FR","@id":"https:\/\/helloschool.be\/product\/x-banner\/#primaryimage","url":"https:\/\/helloschool.be\/wp-content\/uploads\/sites\/2\/2025\/04\/X-banner.jpg","contentUrl":"https:\/\/helloschool.be\/wp-content\/uploads\/sites\/2\/2025\/04\/X-banner.jpg","width":2000,"height":2000},{"@type":"BreadcrumbList","@id":"https:\/\/helloschool.be\/product\/x-banner\/#breadcrumb","itemListElement":[{"@type":"ListItem","position":1,"name":"Home","item":"https:\/\/helloschool.be\/fr\/"},{"@type":"ListItem","position":2,"name":"Produits","item":"https:\/\/helloschool.be\/producten\/"},{"@type":"ListItem","position":3,"name":"X-banner"}]},{"@type":"WebSite","@id":"https:\/\/helloschool.be\/#website","url":"https:\/\/helloschool.be\/","name":"Helloschool","description":"Concentrez-vous sur l\u2019enseignement, nous nous occupons du reste.","potentialAction":[{"@type":"SearchAction","target":{"@type":"EntryPoint","urlTemplate":"https:\/\/helloschool.be\/?s={search_term_string}"},"query-input":{"@type":"PropertyValueSpecification","valueRequired":true,"valueName":"search_term_string"}}],"inLanguage":"fr-FR"}]}},"_links":{"self":[{"href":"https:\/\/helloschool.be\/fr\/wp-json\/wp\/v2\/product\/20023","targetHints":{"allow":["GET"]}}],"collection":[{"href":"https:\/\/helloschool.be\/fr\/wp-json\/wp\/v2\/product"}],"about":[{"href":"https:\/\/helloschool.be\/fr\/wp-json\/wp\/v2\/types\/product"}],"version-history":[{"count":1,"href":"https:\/\/helloschool.be\/fr\/wp-json\/wp\/v2\/product\/20023\/revisions"}],"predecessor-version":[{"id":20027,"href":"https:\/\/helloschool.be\/fr\/wp-json\/wp\/v2\/product\/20023\/revisions\/20027"}],"wp:featuredmedia":[{"embeddable":true,"href":"https:\/\/helloschool.be\/fr\/wp-json\/wp\/v2\/media\/17321"}],"wp:attachment":[{"href":"https:\/\/helloschool.be\/fr\/wp-json\/wp\/v2\/media?parent=20023"}],"wp:term":[{"taxonomy":"product_brand","embeddable":true,"href":"https:\/\/helloschool.be\/fr\/wp-json\/wp\/v2\/product_brand?post=20023"},{"taxonomy":"product_cat","embeddable":true,"href":"https:\/\/helloschool.be\/fr\/wp-json\/wp\/v2\/product_cat?post=20023"},{"taxonomy":"product_tag","embeddable":true,"href":"https:\/\/helloschool.be\/fr\/wp-json\/wp\/v2\/product_tag?post=20023"}],"curies":[{"name":"wp","href":"https:\/\/api.w.org\/{rel}","templated":true}]}}