{"id":20025,"date":"2025-04-03T13:04:58","date_gmt":"2025-04-03T13:04:58","guid":{"rendered":"https:\/\/helloschool.be\/product\/led-frame\/"},"modified":"2025-05-08T08:14:07","modified_gmt":"2025-05-08T08:14:07","slug":"led-frame","status":"publish","type":"product","link":"https:\/\/helloschool.be\/fr\/product\/led-frame\/","title":{"rendered":"LED-frame"},"content":{"rendered":"","protected":false},"excerpt":{"rendered":"<p><strong>\u00c9clairez votre message avec notre Pop-up LED-frame dans votre espace \u00e9ducatif !<\/strong><\/p>\n<p>Ce Pop-up LED-frame est la mani\u00e8re id\u00e9ale de mettre en valeur des informations importantes, des images \u00e9ducatives ou des annonces scolaires.<br \/>\nGr\u00e2ce \u00e0 son design innovant, il est facile \u00e0 installer et \u00e0 d\u00e9monter, ce qui le rend parfait pour une utilisation dans les salles de classe, lors de salons scolaires ou d\u2019\u00e9v\u00e9nements.<br \/>\nLa lumi\u00e8re LED apporte un impact visuel suppl\u00e9mentaire, rendant votre message visible et attrayant.<br \/>\nQue ce soit pour pr\u00e9senter du mat\u00e9riel p\u00e9dagogique, promouvoir des activit\u00e9s scolaires ou exposer des projets visuels, ce cadre offre une solution professionnelle et flexible pour chaque \u00e9tablissement \u00e9ducatif.<\/p>\n","protected":false},"featured_media":0,"template":"","meta":{"_acf_changed":false,"brand_hub_restriction":[],"brand_hub_id":null},"product_brand":[],"product_cat":[121,122],"product_tag":[],"class_list":{"0":"post-20025","1":"product","2":"type-product","3":"status-publish","5":"product_cat-journee-portes-ouvertes-fr","6":"product_cat-presentation-fr","8":"first","9":"instock","10":"taxable","11":"shipping-taxable","12":"purchasable","13":"product-type-simple"},"acf":[],"yoast_head":"<!-- This site is optimized with the Yoast SEO plugin v26.7 - https:\/\/yoast.com\/wordpress\/plugins\/seo\/ -->\n<title>LED-frame - Helloschool<\/title>\n<meta name=\"robots\" content=\"index, follow, max-snippet:-1, max-image-preview:large, max-video-preview:-1\" \/>\n<link rel=\"canonical\" href=\"https:\/\/helloschool.be\/product\/pop-up-led-frame\/\" \/>\n<meta property=\"og:locale\" content=\"fr_FR\" \/>\n<meta property=\"og:type\" content=\"article\" \/>\n<meta property=\"og:title\" content=\"LED-frame - Helloschool\" \/>\n<meta property=\"og:description\" content=\"\u00c9clairez votre message avec notre Pop-up LED-frame dans votre espace \u00e9ducatif !  Ce Pop-up LED-frame est la mani\u00e8re id\u00e9ale de mettre en valeur des informations importantes, des images \u00e9ducatives ou des annonces scolaires. Gr\u00e2ce \u00e0 son design innovant, il est facile \u00e0 installer et \u00e0 d\u00e9monter, ce qui le rend parfait pour une utilisation dans les salles de classe, lors de salons scolaires ou d\u2019\u00e9v\u00e9nements. La lumi\u00e8re LED apporte un impact visuel suppl\u00e9mentaire, rendant votre message visible et attrayant. Que ce soit pour pr\u00e9senter du mat\u00e9riel p\u00e9dagogique, promouvoir des activit\u00e9s scolaires ou exposer des projets visuels, ce cadre offre une solution professionnelle et flexible pour chaque \u00e9tablissement \u00e9ducatif.\" \/>\n<meta property=\"og:url\" content=\"https:\/\/helloschool.be\/product\/pop-up-led-frame\/\" \/>\n<meta property=\"og:site_name\" content=\"Helloschool\" \/>\n<meta property=\"article:modified_time\" content=\"2025-05-08T08:14:07+00:00\" \/>\n<meta name=\"twitter:card\" content=\"summary_large_image\" \/>\n<script type=\"application\/ld+json\" class=\"yoast-schema-graph\">{\"@context\":\"https:\/\/schema.org\",\"@graph\":[{\"@type\":\"WebPage\",\"@id\":\"https:\/\/helloschool.be\/product\/pop-up-led-frame\/\",\"url\":\"https:\/\/helloschool.be\/product\/pop-up-led-frame\/\",\"name\":\"LED-frame - Helloschool\",\"isPartOf\":{\"@id\":\"https:\/\/helloschool.be\/#website\"},\"datePublished\":\"2025-04-03T13:04:58+00:00\",\"dateModified\":\"2025-05-08T08:14:07+00:00\",\"breadcrumb\":{\"@id\":\"https:\/\/helloschool.be\/product\/pop-up-led-frame\/#breadcrumb\"},\"inLanguage\":\"fr-FR\",\"potentialAction\":[{\"@type\":\"ReadAction\",\"target\":[\"https:\/\/helloschool.be\/product\/pop-up-led-frame\/\"]}]},{\"@type\":\"BreadcrumbList\",\"@id\":\"https:\/\/helloschool.be\/product\/pop-up-led-frame\/#breadcrumb\",\"itemListElement\":[{\"@type\":\"ListItem\",\"position\":1,\"name\":\"Home\",\"item\":\"https:\/\/helloschool.be\/fr\/\"},{\"@type\":\"ListItem\",\"position\":2,\"name\":\"Produits\",\"item\":\"https:\/\/helloschool.be\/producten\/\"},{\"@type\":\"ListItem\",\"position\":3,\"name\":\"LED-frame\"}]},{\"@type\":\"WebSite\",\"@id\":\"https:\/\/helloschool.be\/#website\",\"url\":\"https:\/\/helloschool.be\/\",\"name\":\"Helloschool\",\"description\":\"Concentrez-vous sur l\u2019enseignement, nous nous occupons du reste.\",\"potentialAction\":[{\"@type\":\"SearchAction\",\"target\":{\"@type\":\"EntryPoint\",\"urlTemplate\":\"https:\/\/helloschool.be\/?s={search_term_string}\"},\"query-input\":{\"@type\":\"PropertyValueSpecification\",\"valueRequired\":true,\"valueName\":\"search_term_string\"}}],\"inLanguage\":\"fr-FR\"}]}<\/script>\n<!-- \/ Yoast SEO plugin. -->","yoast_head_json":{"title":"LED-frame - Helloschool","robots":{"index":"index","follow":"follow","max-snippet":"max-snippet:-1","max-image-preview":"max-image-preview:large","max-video-preview":"max-video-preview:-1"},"canonical":"https:\/\/helloschool.be\/product\/pop-up-led-frame\/","og_locale":"fr_FR","og_type":"article","og_title":"LED-frame - Helloschool","og_description":"\u00c9clairez votre message avec notre Pop-up LED-frame dans votre espace \u00e9ducatif !  Ce Pop-up LED-frame est la mani\u00e8re id\u00e9ale de mettre en valeur des informations importantes, des images \u00e9ducatives ou des annonces scolaires. Gr\u00e2ce \u00e0 son design innovant, il est facile \u00e0 installer et \u00e0 d\u00e9monter, ce qui le rend parfait pour une utilisation dans les salles de classe, lors de salons scolaires ou d\u2019\u00e9v\u00e9nements. La lumi\u00e8re LED apporte un impact visuel suppl\u00e9mentaire, rendant votre message visible et attrayant. Que ce soit pour pr\u00e9senter du mat\u00e9riel p\u00e9dagogique, promouvoir des activit\u00e9s scolaires ou exposer des projets visuels, ce cadre offre une solution professionnelle et flexible pour chaque \u00e9tablissement \u00e9ducatif.","og_url":"https:\/\/helloschool.be\/product\/pop-up-led-frame\/","og_site_name":"Helloschool","article_modified_time":"2025-05-08T08:14:07+00:00","twitter_card":"summary_large_image","schema":{"@context":"https:\/\/schema.org","@graph":[{"@type":"WebPage","@id":"https:\/\/helloschool.be\/product\/pop-up-led-frame\/","url":"https:\/\/helloschool.be\/product\/pop-up-led-frame\/","name":"LED-frame - Helloschool","isPartOf":{"@id":"https:\/\/helloschool.be\/#website"},"datePublished":"2025-04-03T13:04:58+00:00","dateModified":"2025-05-08T08:14:07+00:00","breadcrumb":{"@id":"https:\/\/helloschool.be\/product\/pop-up-led-frame\/#breadcrumb"},"inLanguage":"fr-FR","potentialAction":[{"@type":"ReadAction","target":["https:\/\/helloschool.be\/product\/pop-up-led-frame\/"]}]},{"@type":"BreadcrumbList","@id":"https:\/\/helloschool.be\/product\/pop-up-led-frame\/#breadcrumb","itemListElement":[{"@type":"ListItem","position":1,"name":"Home","item":"https:\/\/helloschool.be\/fr\/"},{"@type":"ListItem","position":2,"name":"Produits","item":"https:\/\/helloschool.be\/producten\/"},{"@type":"ListItem","position":3,"name":"LED-frame"}]},{"@type":"WebSite","@id":"https:\/\/helloschool.be\/#website","url":"https:\/\/helloschool.be\/","name":"Helloschool","description":"Concentrez-vous sur l\u2019enseignement, nous nous occupons du reste.","potentialAction":[{"@type":"SearchAction","target":{"@type":"EntryPoint","urlTemplate":"https:\/\/helloschool.be\/?s={search_term_string}"},"query-input":{"@type":"PropertyValueSpecification","valueRequired":true,"valueName":"search_term_string"}}],"inLanguage":"fr-FR"}]}},"_links":{"self":[{"href":"https:\/\/helloschool.be\/fr\/wp-json\/wp\/v2\/product\/20025","targetHints":{"allow":["GET"]}}],"collection":[{"href":"https:\/\/helloschool.be\/fr\/wp-json\/wp\/v2\/product"}],"about":[{"href":"https:\/\/helloschool.be\/fr\/wp-json\/wp\/v2\/types\/product"}],"version-history":[{"count":1,"href":"https:\/\/helloschool.be\/fr\/wp-json\/wp\/v2\/product\/20025\/revisions"}],"predecessor-version":[{"id":20026,"href":"https:\/\/helloschool.be\/fr\/wp-json\/wp\/v2\/product\/20025\/revisions\/20026"}],"wp:attachment":[{"href":"https:\/\/helloschool.be\/fr\/wp-json\/wp\/v2\/media?parent=20025"}],"wp:term":[{"taxonomy":"product_brand","embeddable":true,"href":"https:\/\/helloschool.be\/fr\/wp-json\/wp\/v2\/product_brand?post=20025"},{"taxonomy":"product_cat","embeddable":true,"href":"https:\/\/helloschool.be\/fr\/wp-json\/wp\/v2\/product_cat?post=20025"},{"taxonomy":"product_tag","embeddable":true,"href":"https:\/\/helloschool.be\/fr\/wp-json\/wp\/v2\/product_tag?post=20025"}],"curies":[{"name":"wp","href":"https:\/\/api.w.org\/{rel}","templated":true}]}}