{"id":20033,"date":"2025-04-03T13:28:00","date_gmt":"2025-04-03T13:28:00","guid":{"rendered":"https:\/\/helloschool.be\/product\/sweaters\/"},"modified":"2025-05-08T08:20:30","modified_gmt":"2025-05-08T08:20:30","slug":"sweaters","status":"publish","type":"product","link":"https:\/\/helloschool.be\/fr\/product\/sweaters\/","title":{"rendered":"Sweaters"},"content":{"rendered":"","protected":false},"excerpt":{"rendered":"<p><strong>Restez confortable et styl\u00e9 avec le hoodie l\u00e9ger classique !<\/strong><\/p>\n<p>Fabriqu\u00e9 \u00e0 partir de mat\u00e9riaux de haute qualit\u00e9, ce hoodie offre une exp\u00e9rience douce et l\u00e9g\u00e8re, id\u00e9ale pour un usage quotidien.<br \/>\nAvec son design classique et sa coupe d\u00e9contract\u00e9e, ce hoodie est parfait pour des journ\u00e9es d\u00e9tendues \u00e0 la maison ou des sorties d\u00e9contract\u00e9es.<\/p>\n","protected":false},"featured_media":17242,"template":"","meta":{"_acf_changed":false,"brand_hub_restriction":[],"brand_hub_id":null},"product_brand":[],"product_cat":[115,121,118],"product_tag":[],"class_list":{"0":"post-20033","1":"product","2":"type-product","3":"status-publish","4":"has-post-thumbnail","6":"product_cat-impression-fr","7":"product_cat-journee-portes-ouvertes-fr","8":"product_cat-textile-fr","10":"first","11":"instock","12":"taxable","13":"shipping-taxable","14":"purchasable","15":"product-type-simple"},"acf":[],"yoast_head":"<!-- This site is optimized with the Yoast SEO plugin v26.7 - https:\/\/yoast.com\/wordpress\/plugins\/seo\/ -->\n<title>Sweaters - Helloschool<\/title>\n<meta name=\"robots\" content=\"index, follow, max-snippet:-1, max-image-preview:large, max-video-preview:-1\" \/>\n<link rel=\"canonical\" href=\"https:\/\/helloschool.be\/product\/hoodie\/\" \/>\n<meta property=\"og:locale\" content=\"fr_FR\" \/>\n<meta property=\"og:type\" content=\"article\" \/>\n<meta property=\"og:title\" content=\"Sweaters - Helloschool\" \/>\n<meta property=\"og:description\" content=\"Restez confortable et styl\u00e9 avec le hoodie l\u00e9ger classique !  Fabriqu\u00e9 \u00e0 partir de mat\u00e9riaux de haute qualit\u00e9, ce hoodie offre une exp\u00e9rience douce et l\u00e9g\u00e8re, id\u00e9ale pour un usage quotidien. Avec son design classique et sa coupe d\u00e9contract\u00e9e, ce hoodie est parfait pour des journ\u00e9es d\u00e9tendues \u00e0 la maison ou des sorties d\u00e9contract\u00e9es.\" \/>\n<meta property=\"og:url\" content=\"https:\/\/helloschool.be\/product\/hoodie\/\" \/>\n<meta property=\"og:site_name\" content=\"Helloschool\" \/>\n<meta property=\"article:modified_time\" content=\"2025-05-08T08:20:30+00:00\" \/>\n<meta property=\"og:image\" content=\"https:\/\/helloschool.be\/wp-content\/uploads\/sites\/2\/2025\/04\/Fruit_of_the_Loom_Classic_Hoodie_PDP.jpg\" \/>\n\t<meta property=\"og:image:width\" content=\"1000\" \/>\n\t<meta property=\"og:image:height\" content=\"1000\" \/>\n\t<meta property=\"og:image:type\" content=\"image\/jpeg\" \/>\n<meta name=\"twitter:card\" content=\"summary_large_image\" \/>\n<script type=\"application\/ld+json\" class=\"yoast-schema-graph\">{\"@context\":\"https:\/\/schema.org\",\"@graph\":[{\"@type\":\"WebPage\",\"@id\":\"https:\/\/helloschool.be\/product\/hoodie\/\",\"url\":\"https:\/\/helloschool.be\/product\/hoodie\/\",\"name\":\"Sweaters - Helloschool\",\"isPartOf\":{\"@id\":\"https:\/\/helloschool.be\/#website\"},\"primaryImageOfPage\":{\"@id\":\"https:\/\/helloschool.be\/product\/hoodie\/#primaryimage\"},\"image\":{\"@id\":\"https:\/\/helloschool.be\/product\/hoodie\/#primaryimage\"},\"thumbnailUrl\":\"https:\/\/helloschool.be\/wp-content\/uploads\/sites\/2\/2025\/04\/Fruit_of_the_Loom_Classic_Hoodie_PDP.jpg\",\"datePublished\":\"2025-04-03T13:28:00+00:00\",\"dateModified\":\"2025-05-08T08:20:30+00:00\",\"breadcrumb\":{\"@id\":\"https:\/\/helloschool.be\/product\/hoodie\/#breadcrumb\"},\"inLanguage\":\"fr-FR\",\"potentialAction\":[{\"@type\":\"ReadAction\",\"target\":[\"https:\/\/helloschool.be\/product\/hoodie\/\"]}]},{\"@type\":\"ImageObject\",\"inLanguage\":\"fr-FR\",\"@id\":\"https:\/\/helloschool.be\/product\/hoodie\/#primaryimage\",\"url\":\"https:\/\/helloschool.be\/wp-content\/uploads\/sites\/2\/2025\/04\/Fruit_of_the_Loom_Classic_Hoodie_PDP.jpg\",\"contentUrl\":\"https:\/\/helloschool.be\/wp-content\/uploads\/sites\/2\/2025\/04\/Fruit_of_the_Loom_Classic_Hoodie_PDP.jpg\",\"width\":1000,\"height\":1000},{\"@type\":\"BreadcrumbList\",\"@id\":\"https:\/\/helloschool.be\/product\/hoodie\/#breadcrumb\",\"itemListElement\":[{\"@type\":\"ListItem\",\"position\":1,\"name\":\"Home\",\"item\":\"https:\/\/helloschool.be\/fr\/\"},{\"@type\":\"ListItem\",\"position\":2,\"name\":\"Produits\",\"item\":\"https:\/\/helloschool.be\/producten\/\"},{\"@type\":\"ListItem\",\"position\":3,\"name\":\"Sweaters\"}]},{\"@type\":\"WebSite\",\"@id\":\"https:\/\/helloschool.be\/#website\",\"url\":\"https:\/\/helloschool.be\/\",\"name\":\"Helloschool\",\"description\":\"Concentrez-vous sur l\u2019enseignement, nous nous occupons du reste.\",\"potentialAction\":[{\"@type\":\"SearchAction\",\"target\":{\"@type\":\"EntryPoint\",\"urlTemplate\":\"https:\/\/helloschool.be\/?s={search_term_string}\"},\"query-input\":{\"@type\":\"PropertyValueSpecification\",\"valueRequired\":true,\"valueName\":\"search_term_string\"}}],\"inLanguage\":\"fr-FR\"}]}<\/script>\n<!-- \/ Yoast SEO plugin. -->","yoast_head_json":{"title":"Sweaters - Helloschool","robots":{"index":"index","follow":"follow","max-snippet":"max-snippet:-1","max-image-preview":"max-image-preview:large","max-video-preview":"max-video-preview:-1"},"canonical":"https:\/\/helloschool.be\/product\/hoodie\/","og_locale":"fr_FR","og_type":"article","og_title":"Sweaters - Helloschool","og_description":"Restez confortable et styl\u00e9 avec le hoodie l\u00e9ger classique !  Fabriqu\u00e9 \u00e0 partir de mat\u00e9riaux de haute qualit\u00e9, ce hoodie offre une exp\u00e9rience douce et l\u00e9g\u00e8re, id\u00e9ale pour un usage quotidien. Avec son design classique et sa coupe d\u00e9contract\u00e9e, ce hoodie est parfait pour des journ\u00e9es d\u00e9tendues \u00e0 la maison ou des sorties d\u00e9contract\u00e9es.","og_url":"https:\/\/helloschool.be\/product\/hoodie\/","og_site_name":"Helloschool","article_modified_time":"2025-05-08T08:20:30+00:00","og_image":[{"width":1000,"height":1000,"url":"https:\/\/helloschool.be\/wp-content\/uploads\/sites\/2\/2025\/04\/Fruit_of_the_Loom_Classic_Hoodie_PDP.jpg","type":"image\/jpeg"}],"twitter_card":"summary_large_image","schema":{"@context":"https:\/\/schema.org","@graph":[{"@type":"WebPage","@id":"https:\/\/helloschool.be\/product\/hoodie\/","url":"https:\/\/helloschool.be\/product\/hoodie\/","name":"Sweaters - Helloschool","isPartOf":{"@id":"https:\/\/helloschool.be\/#website"},"primaryImageOfPage":{"@id":"https:\/\/helloschool.be\/product\/hoodie\/#primaryimage"},"image":{"@id":"https:\/\/helloschool.be\/product\/hoodie\/#primaryimage"},"thumbnailUrl":"https:\/\/helloschool.be\/wp-content\/uploads\/sites\/2\/2025\/04\/Fruit_of_the_Loom_Classic_Hoodie_PDP.jpg","datePublished":"2025-04-03T13:28:00+00:00","dateModified":"2025-05-08T08:20:30+00:00","breadcrumb":{"@id":"https:\/\/helloschool.be\/product\/hoodie\/#breadcrumb"},"inLanguage":"fr-FR","potentialAction":[{"@type":"ReadAction","target":["https:\/\/helloschool.be\/product\/hoodie\/"]}]},{"@type":"ImageObject","inLanguage":"fr-FR","@id":"https:\/\/helloschool.be\/product\/hoodie\/#primaryimage","url":"https:\/\/helloschool.be\/wp-content\/uploads\/sites\/2\/2025\/04\/Fruit_of_the_Loom_Classic_Hoodie_PDP.jpg","contentUrl":"https:\/\/helloschool.be\/wp-content\/uploads\/sites\/2\/2025\/04\/Fruit_of_the_Loom_Classic_Hoodie_PDP.jpg","width":1000,"height":1000},{"@type":"BreadcrumbList","@id":"https:\/\/helloschool.be\/product\/hoodie\/#breadcrumb","itemListElement":[{"@type":"ListItem","position":1,"name":"Home","item":"https:\/\/helloschool.be\/fr\/"},{"@type":"ListItem","position":2,"name":"Produits","item":"https:\/\/helloschool.be\/producten\/"},{"@type":"ListItem","position":3,"name":"Sweaters"}]},{"@type":"WebSite","@id":"https:\/\/helloschool.be\/#website","url":"https:\/\/helloschool.be\/","name":"Helloschool","description":"Concentrez-vous sur l\u2019enseignement, nous nous occupons du reste.","potentialAction":[{"@type":"SearchAction","target":{"@type":"EntryPoint","urlTemplate":"https:\/\/helloschool.be\/?s={search_term_string}"},"query-input":{"@type":"PropertyValueSpecification","valueRequired":true,"valueName":"search_term_string"}}],"inLanguage":"fr-FR"}]}},"_links":{"self":[{"href":"https:\/\/helloschool.be\/fr\/wp-json\/wp\/v2\/product\/20033","targetHints":{"allow":["GET"]}}],"collection":[{"href":"https:\/\/helloschool.be\/fr\/wp-json\/wp\/v2\/product"}],"about":[{"href":"https:\/\/helloschool.be\/fr\/wp-json\/wp\/v2\/types\/product"}],"version-history":[{"count":1,"href":"https:\/\/helloschool.be\/fr\/wp-json\/wp\/v2\/product\/20033\/revisions"}],"predecessor-version":[{"id":20041,"href":"https:\/\/helloschool.be\/fr\/wp-json\/wp\/v2\/product\/20033\/revisions\/20041"}],"wp:featuredmedia":[{"embeddable":true,"href":"https:\/\/helloschool.be\/fr\/wp-json\/wp\/v2\/media\/17242"}],"wp:attachment":[{"href":"https:\/\/helloschool.be\/fr\/wp-json\/wp\/v2\/media?parent=20033"}],"wp:term":[{"taxonomy":"product_brand","embeddable":true,"href":"https:\/\/helloschool.be\/fr\/wp-json\/wp\/v2\/product_brand?post=20033"},{"taxonomy":"product_cat","embeddable":true,"href":"https:\/\/helloschool.be\/fr\/wp-json\/wp\/v2\/product_cat?post=20033"},{"taxonomy":"product_tag","embeddable":true,"href":"https:\/\/helloschool.be\/fr\/wp-json\/wp\/v2\/product_tag?post=20033"}],"curies":[{"name":"wp","href":"https:\/\/api.w.org\/{rel}","templated":true}]}}