{"id":20035,"date":"2025-04-03T13:27:50","date_gmt":"2025-04-03T13:27:50","guid":{"rendered":"https:\/\/helloschool.be\/product\/t-shirt-en-coton\/"},"modified":"2025-05-08T08:20:41","modified_gmt":"2025-05-08T08:20:41","slug":"t-shirt-en-coton","status":"publish","type":"product","link":"https:\/\/helloschool.be\/fr\/product\/t-shirt-en-coton\/","title":{"rendered":"t-shirt en coton"},"content":{"rendered":"","protected":false},"excerpt":{"rendered":"<p><strong>T-shirt confortable et styl\u00e9. Ce t-shirt est parfait pour un usage quotidien \u00e0 l&rsquo;\u00e9cole, \u00e0 la salle de sport, lors de journ\u00e9es portes ouvertes ou de sorties scolaires.<\/strong><\/p>\n<p>Avec sa construction de poids moyen et sa coupe classique, il offre \u00e0 la fois durabilit\u00e9 et confort.<br \/>\nSon design intemporel et sa finition de haute qualit\u00e9 le rendent polyvalent. Disponible en diff\u00e9rentes couleurs, il s&rsquo;int\u00e8gre parfaitement dans l&rsquo;identit\u00e9 visuelle de chaque \u00e9cole !<\/p>\n","protected":false},"featured_media":17967,"template":"","meta":{"_acf_changed":false,"brand_hub_restriction":[],"brand_hub_id":null},"product_brand":[],"product_cat":[115,122,118],"product_tag":[109],"class_list":{"0":"post-20035","1":"product","2":"type-product","3":"status-publish","4":"has-post-thumbnail","6":"product_cat-impression-fr","7":"product_cat-presentation-fr","8":"product_cat-textile-fr","9":"product_tag-produit-du-moment","11":"first","12":"instock","13":"taxable","14":"shipping-taxable","15":"purchasable","16":"product-type-simple"},"acf":[],"yoast_head":"<!-- This site is optimized with the Yoast SEO plugin v26.7 - https:\/\/yoast.com\/wordpress\/plugins\/seo\/ -->\n<title>t-shirt en coton - Helloschool<\/title>\n<meta name=\"robots\" content=\"index, follow, max-snippet:-1, max-image-preview:large, max-video-preview:-1\" \/>\n<link rel=\"canonical\" href=\"https:\/\/helloschool.be\/product\/t-shirt-katoen\/\" \/>\n<meta property=\"og:locale\" content=\"fr_FR\" \/>\n<meta property=\"og:type\" content=\"article\" \/>\n<meta property=\"og:title\" content=\"t-shirt en coton - Helloschool\" \/>\n<meta property=\"og:description\" content=\"T-shirt confortable et styl\u00e9. Ce t-shirt est parfait pour un usage quotidien \u00e0 l&#039;\u00e9cole, \u00e0 la salle de sport, lors de journ\u00e9es portes ouvertes ou de sorties scolaires.  Avec sa construction de poids moyen et sa coupe classique, il offre \u00e0 la fois durabilit\u00e9 et confort. Son design intemporel et sa finition de haute qualit\u00e9 le rendent polyvalent. Disponible en diff\u00e9rentes couleurs, il s&#039;int\u00e8gre parfaitement dans l&#039;identit\u00e9 visuelle de chaque \u00e9cole !\" \/>\n<meta property=\"og:url\" content=\"https:\/\/helloschool.be\/product\/t-shirt-katoen\/\" \/>\n<meta property=\"og:site_name\" content=\"Helloschool\" \/>\n<meta property=\"article:modified_time\" content=\"2025-05-08T08:20:41+00:00\" \/>\n<meta property=\"og:image\" content=\"https:\/\/helloschool.be\/wp-content\/uploads\/sites\/2\/2025\/04\/Budget_Unisex_Classic_Fit_Round_Neck_T-shirt_PDP.jpg\" \/>\n\t<meta property=\"og:image:width\" content=\"1000\" \/>\n\t<meta property=\"og:image:height\" content=\"1000\" \/>\n\t<meta property=\"og:image:type\" content=\"image\/jpeg\" \/>\n<meta name=\"twitter:card\" content=\"summary_large_image\" \/>\n<script type=\"application\/ld+json\" class=\"yoast-schema-graph\">{\"@context\":\"https:\/\/schema.org\",\"@graph\":[{\"@type\":\"WebPage\",\"@id\":\"https:\/\/helloschool.be\/product\/t-shirt-katoen\/\",\"url\":\"https:\/\/helloschool.be\/product\/t-shirt-katoen\/\",\"name\":\"t-shirt en coton - Helloschool\",\"isPartOf\":{\"@id\":\"https:\/\/helloschool.be\/#website\"},\"primaryImageOfPage\":{\"@id\":\"https:\/\/helloschool.be\/product\/t-shirt-katoen\/#primaryimage\"},\"image\":{\"@id\":\"https:\/\/helloschool.be\/product\/t-shirt-katoen\/#primaryimage\"},\"thumbnailUrl\":\"https:\/\/helloschool.be\/wp-content\/uploads\/sites\/2\/2025\/04\/Budget_Unisex_Classic_Fit_Round_Neck_T-shirt_PDP.jpg\",\"datePublished\":\"2025-04-03T13:27:50+00:00\",\"dateModified\":\"2025-05-08T08:20:41+00:00\",\"breadcrumb\":{\"@id\":\"https:\/\/helloschool.be\/product\/t-shirt-katoen\/#breadcrumb\"},\"inLanguage\":\"fr-FR\",\"potentialAction\":[{\"@type\":\"ReadAction\",\"target\":[\"https:\/\/helloschool.be\/product\/t-shirt-katoen\/\"]}]},{\"@type\":\"ImageObject\",\"inLanguage\":\"fr-FR\",\"@id\":\"https:\/\/helloschool.be\/product\/t-shirt-katoen\/#primaryimage\",\"url\":\"https:\/\/helloschool.be\/wp-content\/uploads\/sites\/2\/2025\/04\/Budget_Unisex_Classic_Fit_Round_Neck_T-shirt_PDP.jpg\",\"contentUrl\":\"https:\/\/helloschool.be\/wp-content\/uploads\/sites\/2\/2025\/04\/Budget_Unisex_Classic_Fit_Round_Neck_T-shirt_PDP.jpg\",\"width\":1000,\"height\":1000},{\"@type\":\"BreadcrumbList\",\"@id\":\"https:\/\/helloschool.be\/product\/t-shirt-katoen\/#breadcrumb\",\"itemListElement\":[{\"@type\":\"ListItem\",\"position\":1,\"name\":\"Home\",\"item\":\"https:\/\/helloschool.be\/fr\/\"},{\"@type\":\"ListItem\",\"position\":2,\"name\":\"Produits\",\"item\":\"https:\/\/helloschool.be\/producten\/\"},{\"@type\":\"ListItem\",\"position\":3,\"name\":\"t-shirt en coton\"}]},{\"@type\":\"WebSite\",\"@id\":\"https:\/\/helloschool.be\/#website\",\"url\":\"https:\/\/helloschool.be\/\",\"name\":\"Helloschool\",\"description\":\"Concentrez-vous sur l\u2019enseignement, nous nous occupons du reste.\",\"potentialAction\":[{\"@type\":\"SearchAction\",\"target\":{\"@type\":\"EntryPoint\",\"urlTemplate\":\"https:\/\/helloschool.be\/?s={search_term_string}\"},\"query-input\":{\"@type\":\"PropertyValueSpecification\",\"valueRequired\":true,\"valueName\":\"search_term_string\"}}],\"inLanguage\":\"fr-FR\"}]}<\/script>\n<!-- \/ Yoast SEO plugin. -->","yoast_head_json":{"title":"t-shirt en coton - Helloschool","robots":{"index":"index","follow":"follow","max-snippet":"max-snippet:-1","max-image-preview":"max-image-preview:large","max-video-preview":"max-video-preview:-1"},"canonical":"https:\/\/helloschool.be\/product\/t-shirt-katoen\/","og_locale":"fr_FR","og_type":"article","og_title":"t-shirt en coton - Helloschool","og_description":"T-shirt confortable et styl\u00e9. Ce t-shirt est parfait pour un usage quotidien \u00e0 l'\u00e9cole, \u00e0 la salle de sport, lors de journ\u00e9es portes ouvertes ou de sorties scolaires.  Avec sa construction de poids moyen et sa coupe classique, il offre \u00e0 la fois durabilit\u00e9 et confort. Son design intemporel et sa finition de haute qualit\u00e9 le rendent polyvalent. Disponible en diff\u00e9rentes couleurs, il s'int\u00e8gre parfaitement dans l'identit\u00e9 visuelle de chaque \u00e9cole !","og_url":"https:\/\/helloschool.be\/product\/t-shirt-katoen\/","og_site_name":"Helloschool","article_modified_time":"2025-05-08T08:20:41+00:00","og_image":[{"width":1000,"height":1000,"url":"https:\/\/helloschool.be\/wp-content\/uploads\/sites\/2\/2025\/04\/Budget_Unisex_Classic_Fit_Round_Neck_T-shirt_PDP.jpg","type":"image\/jpeg"}],"twitter_card":"summary_large_image","schema":{"@context":"https:\/\/schema.org","@graph":[{"@type":"WebPage","@id":"https:\/\/helloschool.be\/product\/t-shirt-katoen\/","url":"https:\/\/helloschool.be\/product\/t-shirt-katoen\/","name":"t-shirt en coton - Helloschool","isPartOf":{"@id":"https:\/\/helloschool.be\/#website"},"primaryImageOfPage":{"@id":"https:\/\/helloschool.be\/product\/t-shirt-katoen\/#primaryimage"},"image":{"@id":"https:\/\/helloschool.be\/product\/t-shirt-katoen\/#primaryimage"},"thumbnailUrl":"https:\/\/helloschool.be\/wp-content\/uploads\/sites\/2\/2025\/04\/Budget_Unisex_Classic_Fit_Round_Neck_T-shirt_PDP.jpg","datePublished":"2025-04-03T13:27:50+00:00","dateModified":"2025-05-08T08:20:41+00:00","breadcrumb":{"@id":"https:\/\/helloschool.be\/product\/t-shirt-katoen\/#breadcrumb"},"inLanguage":"fr-FR","potentialAction":[{"@type":"ReadAction","target":["https:\/\/helloschool.be\/product\/t-shirt-katoen\/"]}]},{"@type":"ImageObject","inLanguage":"fr-FR","@id":"https:\/\/helloschool.be\/product\/t-shirt-katoen\/#primaryimage","url":"https:\/\/helloschool.be\/wp-content\/uploads\/sites\/2\/2025\/04\/Budget_Unisex_Classic_Fit_Round_Neck_T-shirt_PDP.jpg","contentUrl":"https:\/\/helloschool.be\/wp-content\/uploads\/sites\/2\/2025\/04\/Budget_Unisex_Classic_Fit_Round_Neck_T-shirt_PDP.jpg","width":1000,"height":1000},{"@type":"BreadcrumbList","@id":"https:\/\/helloschool.be\/product\/t-shirt-katoen\/#breadcrumb","itemListElement":[{"@type":"ListItem","position":1,"name":"Home","item":"https:\/\/helloschool.be\/fr\/"},{"@type":"ListItem","position":2,"name":"Produits","item":"https:\/\/helloschool.be\/producten\/"},{"@type":"ListItem","position":3,"name":"t-shirt en coton"}]},{"@type":"WebSite","@id":"https:\/\/helloschool.be\/#website","url":"https:\/\/helloschool.be\/","name":"Helloschool","description":"Concentrez-vous sur l\u2019enseignement, nous nous occupons du reste.","potentialAction":[{"@type":"SearchAction","target":{"@type":"EntryPoint","urlTemplate":"https:\/\/helloschool.be\/?s={search_term_string}"},"query-input":{"@type":"PropertyValueSpecification","valueRequired":true,"valueName":"search_term_string"}}],"inLanguage":"fr-FR"}]}},"_links":{"self":[{"href":"https:\/\/helloschool.be\/fr\/wp-json\/wp\/v2\/product\/20035","targetHints":{"allow":["GET"]}}],"collection":[{"href":"https:\/\/helloschool.be\/fr\/wp-json\/wp\/v2\/product"}],"about":[{"href":"https:\/\/helloschool.be\/fr\/wp-json\/wp\/v2\/types\/product"}],"version-history":[{"count":1,"href":"https:\/\/helloschool.be\/fr\/wp-json\/wp\/v2\/product\/20035\/revisions"}],"predecessor-version":[{"id":20042,"href":"https:\/\/helloschool.be\/fr\/wp-json\/wp\/v2\/product\/20035\/revisions\/20042"}],"wp:featuredmedia":[{"embeddable":true,"href":"https:\/\/helloschool.be\/fr\/wp-json\/wp\/v2\/media\/17967"}],"wp:attachment":[{"href":"https:\/\/helloschool.be\/fr\/wp-json\/wp\/v2\/media?parent=20035"}],"wp:term":[{"taxonomy":"product_brand","embeddable":true,"href":"https:\/\/helloschool.be\/fr\/wp-json\/wp\/v2\/product_brand?post=20035"},{"taxonomy":"product_cat","embeddable":true,"href":"https:\/\/helloschool.be\/fr\/wp-json\/wp\/v2\/product_cat?post=20035"},{"taxonomy":"product_tag","embeddable":true,"href":"https:\/\/helloschool.be\/fr\/wp-json\/wp\/v2\/product_tag?post=20035"}],"curies":[{"name":"wp","href":"https:\/\/api.w.org\/{rel}","templated":true}]}}